{"id":1200,"date":"2020-03-09T12:11:55","date_gmt":"2020-03-09T12:11:55","guid":{"rendered":"https:\/\/badaladas.gal\/?page_id=1200"},"modified":"2021-03-02T01:27:02","modified_gmt":"2021-03-02T00:27:02","slug":"a-lastra","status":"publish","type":"page","link":"https:\/\/badaladas.gal\/index.php\/a-lastra\/","title":{"rendered":"A LASTRA"},"content":{"rendered":"\t\t<div data-elementor-type=\"wp-page\" data-elementor-id=\"1200\" class=\"elementor elementor-1200\" data-elementor-settings=\"[]\">\n\t\t\t\t\t\t<div class=\"elementor-inner\">\n\t\t\t\t\t\t\t<div class=\"elementor-section-wrap\">\n\t\t\t\t\t\t\t<section class=\"elementor-section elementor-top-section elementor-element elementor-element-2403782b elementor-section-stretched elementor-section-full_width elementor-section-height-default elementor-section-height-default\" data-id=\"2403782b\" data-element_type=\"section\" data-settings=\"{&quot;stretch_section&quot;:&quot;section-stretched&quot;}\">\n\t\t\t\t\t\t<div class=\"elementor-container elementor-column-gap-default\">\n\t\t\t\t\t\t\t<div class=\"elementor-row\">\n\t\t\t\t\t<div class=\"elementor-column elementor-col-50 elementor-top-column elementor-element elementor-element-73545759\" data-id=\"73545759\" data-element_type=\"column\">\n\t\t\t<div class=\"elementor-column-wrap elementor-element-populated\">\n\t\t\t\t\t\t\t<div class=\"elementor-widget-wrap\">\n\t\t\t\t\t\t<div class=\"elementor-element elementor-element-22dda265 elementor-widget elementor-widget-image\" data-id=\"22dda265\" data-element_type=\"widget\" data-widget_type=\"image.default\">\n\t\t\t\t<div class=\"elementor-widget-container\">\n\t\t\t\t\t\t\t\t<div class=\"elementor-image\">\n\t\t\t\t\t\t\t\t\t\t\t\t<img loading=\"lazy\" decoding=\"async\" width=\"979\" height=\"734\" src=\"https:\/\/badaladas.gal\/wp-content\/uploads\/2020\/03\/P1030263-Last.jpg\" class=\"attachment-full size-full\" alt=\"\" srcset=\"https:\/\/badaladas.gal\/wp-content\/uploads\/2020\/03\/P1030263-Last.jpg 979w, https:\/\/badaladas.gal\/wp-content\/uploads\/2020\/03\/P1030263-Last-300x225.jpg 300w, https:\/\/badaladas.gal\/wp-content\/uploads\/2020\/03\/P1030263-Last-768x576.jpg 768w\" sizes=\"auto, 100vw\" \/>\t\t\t\t\t\t\t\t\t\t\t\t\t\t<\/div>\n\t\t\t\t\t\t<\/div>\n\t\t\t\t<\/div>\n\t\t\t\t\t\t<\/div>\n\t\t\t\t\t<\/div>\n\t\t<\/div>\n\t\t\t\t<div class=\"elementor-column elementor-col-50 elementor-top-column elementor-element elementor-element-d9370a1\" data-id=\"d9370a1\" data-element_type=\"column\">\n\t\t\t<div class=\"elementor-column-wrap elementor-element-populated\">\n\t\t\t\t\t\t\t<div class=\"elementor-widget-wrap\">\n\t\t\t\t\t\t<div class=\"elementor-element elementor-element-765ba27a elementor-widget elementor-widget-text-editor\" data-id=\"765ba27a\" data-element_type=\"widget\" data-widget_type=\"text-editor.default\">\n\t\t\t\t<div class=\"elementor-widget-container\">\n\t\t\t\t\t\t\t\t<div class=\"elementor-text-editor elementor-clearfix\">\n\t\t\t\t\t<p><strong><span style=\"color: #003366;\">Igrexa de San Xo\u00e1n da Lastra, no pq 136 do Cami\u00f1o Primitivo<\/span><\/strong><\/p><p><strong><span style=\"color: #003366;\">Escoita a s\u00faa camp\u00e1<\/span><\/strong><\/p>\t\t\t\t\t<\/div>\n\t\t\t\t\t\t<\/div>\n\t\t\t\t<\/div>\n\t\t\t\t<div class=\"elementor-element elementor-element-82e6c3c elementor-widget elementor-widget-text-editor\" data-id=\"82e6c3c\" data-element_type=\"widget\" data-widget_type=\"text-editor.default\">\n\t\t\t\t<div class=\"elementor-widget-container\">\n\t\t\t\t\t\t\t\t<div class=\"elementor-text-editor elementor-clearfix\">\n\t\t\t\t\t<p><strong><span style=\"color: #993300;\">Iglesia de San Juan de A Lastra, en el pk 136 del Camino Primitivo<\/span><\/strong><\/p><p><strong><span style=\"color: #993300;\">Escucha su campana<\/span><\/strong><\/p>\t\t\t\t\t<\/div>\n\t\t\t\t\t\t<\/div>\n\t\t\t\t<\/div>\n\t\t\t\t<div class=\"elementor-element elementor-element-2d0d33f elementor-widget elementor-widget-text-editor\" data-id=\"2d0d33f\" data-element_type=\"widget\" data-widget_type=\"text-editor.default\">\n\t\t\t\t<div class=\"elementor-widget-container\">\n\t\t\t\t\t\t\t\t<div class=\"elementor-text-editor elementor-clearfix\">\n\t\t\t\t\t<p><em><strong><span style=\"color: #000080;\">Saint John&#8217;s church,\u00a0 A Lastra, at kilometre 136 of the Primitive Way<\/span><\/strong><\/em><\/p><p><em><strong><span style=\"color: #000080;\">Listen to the bell<\/span><\/strong><\/em><\/p>\t\t\t\t\t<\/div>\n\t\t\t\t\t\t<\/div>\n\t\t\t\t<\/div>\n\t\t\t\t<div class=\"elementor-element elementor-element-65da1d8e elementor-widget elementor-widget-wp-widget-media_audio\" data-id=\"65da1d8e\" data-element_type=\"widget\" data-widget_type=\"wp-widget-media_audio.default\">\n\t\t\t\t<div class=\"elementor-widget-container\">\n\t\t\t<audio class=\"wp-audio-shortcode\" id=\"audio-1200-1\" preload=\"none\" style=\"width: 100%;\" controls=\"controls\"><source type=\"audio\/mpeg\" src=\"https:\/\/badaladas.gal\/wp-content\/uploads\/2021\/03\/Badaladas-A-Lastra-CateLU_0213.mp3?_=1\" \/><source type=\"audio\/mpeg\" src=\"https:\/\/badaladas.gal\/wp-content\/uploads\/2021\/03\/Badaladas-A-Lastra-CateLU_0213.mp3?_=1\" \/><a href=\"https:\/\/badaladas.gal\/wp-content\/uploads\/2021\/03\/Badaladas-A-Lastra-CateLU_0213.mp3\">https:\/\/badaladas.gal\/wp-content\/uploads\/2021\/03\/Badaladas-A-Lastra-CateLU_0213.mp3<\/a><\/audio>\t\t<\/div>\n\t\t\t\t<\/div>\n\t\t\t\t<div class=\"elementor-element elementor-element-ba972dd elementor-widget elementor-widget-yandex-maps\" data-id=\"ba972dd\" data-element_type=\"widget\" data-widget_type=\"yandex-maps.default\">\n\t\t\t\t<div class=\"elementor-widget-container\">\n\t\t\t\t\t<script>\n\t\t\tvar mihdan_elementor_yandex_map_ba972dd = {\n\t\t\t\t\"id\" : \"ba972dd\",\n\t\t\t\t\"language\" : \"en\",\n\t\t\t\t\"region\" : \"US\",\n\t\t\t\t\"lat\" : \"43.050131\",\n\t\t\t\t\"lng\" : \"-7.183920\",\n\t\t\t\t\"zoom\" : \"10\",\n\t\t\t\t\"type\" : \"map\",\n\t\t\t\t\"rulerControl\" : \"no\",\n\t\t\t\t\"searchControl\" : \"no\",\n\t\t\t\t\"trafficControl\" : \"no\",\n\t\t\t\t\"typeSelector\" : \"yes\",\n\t\t\t\t\"zoomControl\" : \"yes\",\n\t\t\t\t\"geolocationControl\" : \"no\",\n\t\t\t\t\"routeEditor\" : \"no\",\n\t\t\t\t\"fullscreenControl\" : \"no\",\n\t\t\t\t\"routeButtonControl\" : \"no\",\n\t\t\t\t\"routePanelControl\" : \"no\",\n\t\t\t\t\"disableScrollZoom\" : \"no\",\n\t\t\t\t\"disableDblClickZoom\" : \"no\",\n\t\t\t\t\"disableDrag\" : \"no\",\n\t\t\t\t\"disableLeftMouseButtonMagnifier\" : \"no\",\n\t\t\t\t\"disableRightMouseButtonMagnifier\" : \"no\",\n\t\t\t\t\"disableMultiTouch\" : \"no\",\n\t\t\t\t\"disableRouteEditor\" : \"no\",\n\t\t\t\t\"disableRuler\" : \"no\",\n\t\t\t\t\"enableObjectManager\" : \"no\",\n\t\t\t\t\"infoWindowMaxWidth\" : \"300\",\n\t\t\t\t\"locations\" : {\n    \"type\": \"FeatureCollection\",\n    \"clusterPreset\": \"islands#blueClusterIcons\",\n    \"features\": [\n        {\n            \"type\": \"Feature\",\n            \"id\": \"id_0\",\n            \"geometry\": {\n                \"type\": \"Point\",\n                \"coordinates\": [\n                    \"43.050131\",\n                    \"-7.183920\"\n                ]\n            },\n            \"properties\": {\n                \"iconCaption\": \"\",\n                \"iconContent\": \"\",\n                \"hintContent\": \"\",\n                \"balloonContentHeader\": \"Igrexa da Lastra\",\n                \"balloonContentFooter\": \"\",\n                \"balloonContentBody\": \"\"\n            },\n            \"options\": {\n                \"preset\": \"islands#darkBlueDotIcon\",\n                \"balloonIsOpened\": \"no\",\n                \"iconImage\": \"\",\n                \"iconImageWidth\": \"\",\n                \"iconImageHeight\": \"\"\n            }\n        }\n    ]\n}\t\t\t};\n\t\t<\/script>\n\t\t<div id=\"mihdan_elementor_yandex_map_ba972dd\" class=\"mihdan-elementor-yandex-maps\" style=\"height: 300px;\"><\/div>\n\t\t\t\t<\/div>\n\t\t\t\t<\/div>\n\t\t\t\t\t\t<\/div>\n\t\t\t\t\t<\/div>\n\t\t<\/div>\n\t\t\t\t\t\t\t\t<\/div>\n\t\t\t\t\t<\/div>\n\t\t<\/section>\n\t\t\t\t<section class=\"elementor-section elementor-top-section elementor-element elementor-element-288a7a42 elementor-section-stretched elementor-section-boxed elementor-section-height-default elementor-section-height-default\" data-id=\"288a7a42\" data-element_type=\"section\" data-settings=\"{&quot;stretch_section&quot;:&quot;section-stretched&quot;}\">\n\t\t\t\t\t\t<div class=\"elementor-container elementor-column-gap-default\">\n\t\t\t\t\t\t\t<div class=\"elementor-row\">\n\t\t\t\t\t<div class=\"elementor-column elementor-col-100 elementor-top-column elementor-element elementor-element-4830b545\" data-id=\"4830b545\" data-element_type=\"column\">\n\t\t\t<div class=\"elementor-column-wrap elementor-element-populated\">\n\t\t\t\t\t\t\t<div class=\"elementor-widget-wrap\">\n\t\t\t\t\t\t<div class=\"elementor-element elementor-element-21b37811 elementor-widget elementor-widget-heading\" data-id=\"21b37811\" data-element_type=\"widget\" data-widget_type=\"heading.default\">\n\t\t\t\t<div class=\"elementor-widget-container\">\n\t\t\t<h2 class=\"elementor-heading-title elementor-size-default\">A camp\u00e1 da Igrexa da Lastra<\/h2>\t\t<\/div>\n\t\t\t\t<\/div>\n\t\t\t\t<div class=\"elementor-element elementor-element-df0f6c5 elementor-widget elementor-widget-text-editor\" data-id=\"df0f6c5\" data-element_type=\"widget\" data-widget_type=\"text-editor.default\">\n\t\t\t\t<div class=\"elementor-widget-container\">\n\t\t\t\t\t\t\t\t<div class=\"elementor-text-editor elementor-clearfix\">\n\t\t\t\t\t<h4 style=\"text-align: center;\"><strong>LA CAMPANA DE LA IGLESIA DE A LASTRA \u00a0\u00a0\u00a0\u00a0\u00a0\u00a0\u00a0\u00a0\u00a0\u00a0\u00a0\u00a0\u00a0\u00a0\u00a0\u00a0\u00a0\u00a0\u00a0\u00a0\u00a0\u00a0\u00a0\u00a0\u00a0\u00a0\u00a0\u00a0\u00a0\u00a0\u00a0\u00a0 <em>A LASTRA<\/em> <em>CHURCH BELL<\/em><br \/><\/strong><\/h4>\t\t\t\t\t<\/div>\n\t\t\t\t\t\t<\/div>\n\t\t\t\t<\/div>\n\t\t\t\t\t\t<\/div>\n\t\t\t\t\t<\/div>\n\t\t<\/div>\n\t\t\t\t\t\t\t\t<\/div>\n\t\t\t\t\t<\/div>\n\t\t<\/section>\n\t\t\t\t<section class=\"elementor-section elementor-top-section elementor-element elementor-element-a2de29e elementor-section-stretched elementor-section-full_width elementor-section-height-default elementor-section-height-default\" data-id=\"a2de29e\" data-element_type=\"section\" data-settings=\"{&quot;stretch_section&quot;:&quot;section-stretched&quot;,&quot;background_background&quot;:&quot;classic&quot;,&quot;shape_divider_top&quot;:&quot;split&quot;}\">\n\t\t\t\t\t<div class=\"elementor-shape elementor-shape-top\" data-negative=\"false\">\n\t\t\t<svg xmlns=\"http:\/\/www.w3.org\/2000\/svg\" viewBox=\"0 0 1000 20\" preserveAspectRatio=\"none\">\n\t<path class=\"elementor-shape-fill\" d=\"M0,0v3c0,0,393.8,0,483.4,0c9.2,0,16.6,7.4,16.6,16.6c0-9.1,7.4-16.6,16.6-16.6C606.2,3,1000,3,1000,3V0H0z\"\/>\n<\/svg>\t\t<\/div>\n\t\t\t\t\t<div class=\"elementor-container elementor-column-gap-default\">\n\t\t\t\t\t\t\t<div class=\"elementor-row\">\n\t\t\t\t\t<div class=\"elementor-column elementor-col-100 elementor-top-column elementor-element elementor-element-6d3c2bdf\" data-id=\"6d3c2bdf\" data-element_type=\"column\">\n\t\t\t<div class=\"elementor-column-wrap elementor-element-populated\">\n\t\t\t\t\t\t\t<div class=\"elementor-widget-wrap\">\n\t\t\t\t\t\t<div class=\"elementor-element elementor-element-48a29e69 elementor-widget elementor-widget-image\" data-id=\"48a29e69\" data-element_type=\"widget\" data-widget_type=\"image.default\">\n\t\t\t\t<div class=\"elementor-widget-container\">\n\t\t\t\t\t\t\t\t<div class=\"elementor-image\">\n\t\t\t\t\t\t\t\t\t\t\t\t\t<a href=\"https:\/\/badaladas.gal\/wp-content\/uploads\/2020\/03\/P1030268-Last.jpg\" data-elementor-open-lightbox=\"yes\" data-elementor-lightbox-title=\"P1030268 Last\">\n\t\t\t\t\t\t\t<img loading=\"lazy\" decoding=\"async\" width=\"1469\" height=\"1102\" src=\"https:\/\/badaladas.gal\/wp-content\/uploads\/2020\/03\/P1030268-Last.jpg\" class=\"attachment-full size-full\" alt=\"\" srcset=\"https:\/\/badaladas.gal\/wp-content\/uploads\/2020\/03\/P1030268-Last.jpg 1469w, https:\/\/badaladas.gal\/wp-content\/uploads\/2020\/03\/P1030268-Last-300x225.jpg 300w, https:\/\/badaladas.gal\/wp-content\/uploads\/2020\/03\/P1030268-Last-1024x768.jpg 1024w, https:\/\/badaladas.gal\/wp-content\/uploads\/2020\/03\/P1030268-Last-768x576.jpg 768w\" sizes=\"auto, 100vw\" \/>\t\t\t\t\t\t\t\t<\/a>\n\t\t\t\t\t\t\t\t\t\t\t\t\t\t<\/div>\n\t\t\t\t\t\t<\/div>\n\t\t\t\t<\/div>\n\t\t\t\t<div class=\"elementor-element elementor-element-64bd4e8d gallery-spacing-custom elementor-widget elementor-widget-image-gallery\" data-id=\"64bd4e8d\" data-element_type=\"widget\" data-widget_type=\"image-gallery.default\">\n\t\t\t\t<div class=\"elementor-widget-container\">\n\t\t\t\t\t<div class=\"elementor-image-gallery\">\n\t\t\t<div id='gallery-1' class='gallery galleryid-1200 gallery-columns-2 gallery-size-full'><figure class='gallery-item'>\n\t\t\t<div class='gallery-icon landscape'>\n\t\t\t\t<a data-elementor-open-lightbox=\"yes\" data-elementor-lightbox-slideshow=\"64bd4e8d\" data-elementor-lightbox-title=\"P1030278 Last\" href='https:\/\/badaladas.gal\/wp-content\/uploads\/2020\/03\/P1030278-Last.jpg'><img loading=\"lazy\" decoding=\"async\" width=\"1459\" height=\"1102\" src=\"https:\/\/badaladas.gal\/wp-content\/uploads\/2020\/03\/P1030278-Last.jpg\" class=\"attachment-full size-full\" alt=\"\" srcset=\"https:\/\/badaladas.gal\/wp-content\/uploads\/2020\/03\/P1030278-Last.jpg 1459w, https:\/\/badaladas.gal\/wp-content\/uploads\/2020\/03\/P1030278-Last-300x227.jpg 300w, https:\/\/badaladas.gal\/wp-content\/uploads\/2020\/03\/P1030278-Last-1024x773.jpg 1024w, https:\/\/badaladas.gal\/wp-content\/uploads\/2020\/03\/P1030278-Last-768x580.jpg 768w\" sizes=\"auto, 100vw\" \/><\/a>\n\t\t\t<\/div><\/figure><figure class='gallery-item'>\n\t\t\t<div class='gallery-icon landscape'>\n\t\t\t\t<a data-elementor-open-lightbox=\"yes\" data-elementor-lightbox-slideshow=\"64bd4e8d\" data-elementor-lightbox-title=\"P1030286 Last\" href='https:\/\/badaladas.gal\/wp-content\/uploads\/2020\/03\/P1030286-Last-1.jpg'><img loading=\"lazy\" decoding=\"async\" width=\"979\" height=\"734\" src=\"https:\/\/badaladas.gal\/wp-content\/uploads\/2020\/03\/P1030286-Last-1.jpg\" class=\"attachment-full size-full\" alt=\"\" srcset=\"https:\/\/badaladas.gal\/wp-content\/uploads\/2020\/03\/P1030286-Last-1.jpg 979w, https:\/\/badaladas.gal\/wp-content\/uploads\/2020\/03\/P1030286-Last-1-300x225.jpg 300w, https:\/\/badaladas.gal\/wp-content\/uploads\/2020\/03\/P1030286-Last-1-768x576.jpg 768w\" sizes=\"auto, 100vw\" \/><\/a>\n\t\t\t<\/div><\/figure>\n\t\t<\/div>\n\t\t<\/div>\n\t\t\t\t<\/div>\n\t\t\t\t<\/div>\n\t\t\t\t<div class=\"elementor-element elementor-element-463d1d80 elementor-invisible elementor-widget elementor-widget-wp-widget-text\" data-id=\"463d1d80\" data-element_type=\"widget\" data-settings=\"{&quot;_animation&quot;:&quot;fadeIn&quot;}\" data-widget_type=\"wp-widget-text.default\">\n\t\t\t\t<div class=\"elementor-widget-container\">\n\t\t\t\t\t\t<div class=\"textwidget\"><p>Fabricante\/Manufacturer:<strong>\u00a0 JUAN M\u00aa DE LA SOTA<br \/>\n<\/strong><\/p>\n<p>Ano de fabricaci\u00f3n\/Manufacturing year:<strong>\u00a0 1888<br \/>\n<\/strong><\/p>\n<p>Altura\/Heigth:<\/p>\n<p>Di\u00e1metro\/Diameter:<\/p>\n<p>Nota musical\/Musical note:\u00a0\u00a0 <strong>Sol #\/G #<\/strong><\/p>\n<p>Estado\/Condition:\u00a0\u00a0 <strong>en uso\/in use<\/strong><\/p>\n<p>Inscrici\u00f3ns: \u00a0\u00a0<strong> JHS MARIA Y JOSE\u00a0 1888<\/strong><\/p>\n<p><strong>\u00a0\u00a0\u00a0\u00a0\u00a0\u00a0\u00a0\u00a0\u00a0\u00a0\u00a0\u00a0\u00a0\u00a0\u00a0\u00a0\u00a0\u00a0\u00a0\u00a0 \u00a0 \u00a0 \u00a0 \u00a0 Juan M\u00aa dela Sota me hizo<\/strong><\/p>\n<p><strong>\u00a0\u00a0\u00a0\u00a0\u00a0\u00a0\u00a0\u00a0\u00a0\u00a0\u00a0\u00a0\u00a0\u00a0\u00a0\u00a0\u00a0\u00a0\u00a0\u00a0\u00a0\u00a0\u00a0\u00a0\u00a0\u00a0\u00a0\u00a0\u00a0\u00a0\u00a0\u00a0\u00a0\u00a0\u00a0 \u00a0 \u00a0 \u00a0 \u00a0\u00a0 \u00a0\u00a0 LUGO<br \/>\n<\/strong><\/p>\n<p>Inscriptions:<\/p>\n<p>JHS MARIA AND JOSE 1888<\/p>\n<p>JUAN M\u00aa DE LA SOTA MADE ME<\/p>\n<p>LUGO<\/p>\n<\/div>\n\t\t\t\t<\/div>\n\t\t\t\t<\/div>\n\t\t\t\t\t\t<\/div>\n\t\t\t\t\t<\/div>\n\t\t<\/div>\n\t\t\t\t\t\t\t\t<\/div>\n\t\t\t\t\t<\/div>\n\t\t<\/section>\n\t\t\t\t<section class=\"elementor-section elementor-top-section elementor-element elementor-element-5a2f8ac3 elementor-section-boxed elementor-section-height-default elementor-section-height-default\" data-id=\"5a2f8ac3\" data-element_type=\"section\">\n\t\t\t\t\t\t<div class=\"elementor-container elementor-column-gap-default\">\n\t\t\t\t\t\t\t<div class=\"elementor-row\">\n\t\t\t\t\t\t\t\t\t<\/div>\n\t\t\t\t\t<\/div>\n\t\t<\/section>\n\t\t\t\t\t\t<\/div>\n\t\t\t\t\t\t<\/div>\n\t\t\t\t\t<\/div>\n\t\t","protected":false},"excerpt":{"rendered":"<p>Igrexa de San Xo\u00e1n da Lastra, no pq 136 do Cami\u00f1o Primitivo Escoita a s\u00faa camp\u00e1 Iglesia de San Juan de A Lastra, en el pk 136 del Camino Primitivo Escucha su campana Saint John&#8217;s church,\u00a0 A Lastra, at kilometre 136 of the Primitive Way Listen to the bell A camp\u00e1 da Igrexa da Lastra &hellip; <\/p>\n<p class=\"link-more\"><a href=\"https:\/\/badaladas.gal\/index.php\/a-lastra\/\" class=\"more-link\">Continuar leyendo<span class=\"screen-reader-text\"> &#8220;A LASTRA&#8221;<\/span><\/a><\/p>\n","protected":false},"author":2,"featured_media":0,"parent":0,"menu_order":0,"comment_status":"closed","ping_status":"closed","template":"","meta":{"footnotes":""},"class_list":["post-1200","page","type-page","status-publish","hentry"],"_links":{"self":[{"href":"https:\/\/badaladas.gal\/index.php\/wp-json\/wp\/v2\/pages\/1200","targetHints":{"allow":["GET"]}}],"collection":[{"href":"https:\/\/badaladas.gal\/index.php\/wp-json\/wp\/v2\/pages"}],"about":[{"href":"https:\/\/badaladas.gal\/index.php\/wp-json\/wp\/v2\/types\/page"}],"author":[{"embeddable":true,"href":"https:\/\/badaladas.gal\/index.php\/wp-json\/wp\/v2\/users\/2"}],"replies":[{"embeddable":true,"href":"https:\/\/badaladas.gal\/index.php\/wp-json\/wp\/v2\/comments?post=1200"}],"version-history":[{"count":39,"href":"https:\/\/badaladas.gal\/index.php\/wp-json\/wp\/v2\/pages\/1200\/revisions"}],"predecessor-version":[{"id":8303,"href":"https:\/\/badaladas.gal\/index.php\/wp-json\/wp\/v2\/pages\/1200\/revisions\/8303"}],"wp:attachment":[{"href":"https:\/\/badaladas.gal\/index.php\/wp-json\/wp\/v2\/media?parent=1200"}],"curies":[{"name":"wp","href":"https:\/\/api.w.org\/{rel}","templated":true}]}}