{"id":1307,"date":"2020-03-18T18:50:23","date_gmt":"2020-03-18T18:50:23","guid":{"rendered":"https:\/\/badaladas.gal\/?page_id=1307"},"modified":"2024-08-28T10:51:35","modified_gmt":"2024-08-28T09:51:35","slug":"a-fonsagrada","status":"publish","type":"page","link":"https:\/\/badaladas.gal\/index.php\/a-fonsagrada\/","title":{"rendered":"A FONSAGRADA"},"content":{"rendered":"\t\t<div data-elementor-type=\"wp-post\" data-elementor-id=\"1307\" class=\"elementor elementor-1307\" data-elementor-settings=\"[]\">\n\t\t\t\t\t\t<div class=\"elementor-inner\">\n\t\t\t\t\t\t\t<div class=\"elementor-section-wrap\">\n\t\t\t\t\t\t\t<section class=\"elementor-section elementor-top-section elementor-element elementor-element-7e62baf3 elementor-section-stretched elementor-section-full_width elementor-section-height-default elementor-section-height-default\" data-id=\"7e62baf3\" data-element_type=\"section\" data-settings=\"{&quot;stretch_section&quot;:&quot;section-stretched&quot;}\">\n\t\t\t\t\t\t<div class=\"elementor-container elementor-column-gap-default\">\n\t\t\t\t\t\t\t<div class=\"elementor-row\">\n\t\t\t\t\t<div class=\"elementor-column elementor-col-50 elementor-top-column elementor-element elementor-element-6932bcdd\" data-id=\"6932bcdd\" data-element_type=\"column\">\n\t\t\t<div class=\"elementor-column-wrap elementor-element-populated\">\n\t\t\t\t\t\t\t<div class=\"elementor-widget-wrap\">\n\t\t\t\t\t\t<div class=\"elementor-element elementor-element-47ec0305 elementor-widget elementor-widget-image\" data-id=\"47ec0305\" data-element_type=\"widget\" data-widget_type=\"image.default\">\n\t\t\t\t<div class=\"elementor-widget-container\">\n\t\t\t\t\t\t\t\t<div class=\"elementor-image\">\n\t\t\t\t\t\t\t\t\t\t\t\t<img loading=\"lazy\" decoding=\"async\" width=\"826\" height=\"719\" src=\"https:\/\/badaladas.gal\/wp-content\/uploads\/2020\/03\/P1030700-igr-Fons.jpg\" class=\"attachment-full size-full\" alt=\"\" srcset=\"https:\/\/badaladas.gal\/wp-content\/uploads\/2020\/03\/P1030700-igr-Fons.jpg 826w, https:\/\/badaladas.gal\/wp-content\/uploads\/2020\/03\/P1030700-igr-Fons-300x261.jpg 300w, https:\/\/badaladas.gal\/wp-content\/uploads\/2020\/03\/P1030700-igr-Fons-768x669.jpg 768w\" sizes=\"auto, 100vw\" \/>\t\t\t\t\t\t\t\t\t\t\t\t\t\t<\/div>\n\t\t\t\t\t\t<\/div>\n\t\t\t\t<\/div>\n\t\t\t\t\t\t<\/div>\n\t\t\t\t\t<\/div>\n\t\t<\/div>\n\t\t\t\t<div class=\"elementor-column elementor-col-50 elementor-top-column elementor-element elementor-element-28ec4f56\" data-id=\"28ec4f56\" data-element_type=\"column\">\n\t\t\t<div class=\"elementor-column-wrap elementor-element-populated\">\n\t\t\t\t\t\t\t<div class=\"elementor-widget-wrap\">\n\t\t\t\t\t\t<div class=\"elementor-element elementor-element-6aec2b6b elementor-widget elementor-widget-text-editor\" data-id=\"6aec2b6b\" data-element_type=\"widget\" data-widget_type=\"text-editor.default\">\n\t\t\t\t<div class=\"elementor-widget-container\">\n\t\t\t\t\t\t\t\t<div class=\"elementor-text-editor elementor-clearfix\">\n\t\t\t\t\t<p><strong><span style=\"color: #003366;\">Igrexa de Santa Mar\u00eda da Fonsagrada, no Cami\u00f1o Primitivo.<br \/><\/span><\/strong><\/p><p><strong><span style=\"color: #003366;\">Escoita as badaladas das s\u00faas camp\u00e1s<\/span><\/strong><\/p>\t\t\t\t\t<\/div>\n\t\t\t\t\t\t<\/div>\n\t\t\t\t<\/div>\n\t\t\t\t<div class=\"elementor-element elementor-element-dea33bf elementor-widget elementor-widget-text-editor\" data-id=\"dea33bf\" data-element_type=\"widget\" data-widget_type=\"text-editor.default\">\n\t\t\t\t<div class=\"elementor-widget-container\">\n\t\t\t\t\t\t\t\t<div class=\"elementor-text-editor elementor-clearfix\">\n\t\t\t\t\t<p><span style=\"color: #993300;\"><strong>Iglesia de Santa Mar\u00eda de A Fonsagrada, en el Camino Primitivo.<br \/><\/strong><\/span><\/p><p><span style=\"color: #993300;\"><strong>Escucha sus campanas<\/strong><\/span><\/p>\t\t\t\t\t<\/div>\n\t\t\t\t\t\t<\/div>\n\t\t\t\t<\/div>\n\t\t\t\t<div class=\"elementor-element elementor-element-658833a elementor-widget elementor-widget-text-editor\" data-id=\"658833a\" data-element_type=\"widget\" data-widget_type=\"text-editor.default\">\n\t\t\t\t<div class=\"elementor-widget-container\">\n\t\t\t\t\t\t\t\t<div class=\"elementor-text-editor elementor-clearfix\">\n\t\t\t\t\t<p><em><strong><span style=\"color: #000080;\">Saint Mary&#8217;s Church, A Fonsagrada, on The Primitive Way<br \/><\/span><\/strong><\/em><\/p><p><em><strong><span style=\"color: #000080;\">Listen to the bells<\/span><\/strong><\/em><\/p>\t\t\t\t\t<\/div>\n\t\t\t\t\t\t<\/div>\n\t\t\t\t<\/div>\n\t\t\t\t<div class=\"elementor-element elementor-element-3ef9e2b7 elementor-widget elementor-widget-wp-widget-media_audio\" data-id=\"3ef9e2b7\" data-element_type=\"widget\" data-widget_type=\"wp-widget-media_audio.default\">\n\t\t\t\t<div class=\"elementor-widget-container\">\n\t\t\t<audio class=\"wp-audio-shortcode\" id=\"audio-1307-1\" preload=\"none\" style=\"width: 100%;\" controls=\"controls\"><source type=\"audio\/mpeg\" src=\"https:\/\/badaladas.gal\/wp-content\/uploads\/2020\/03\/Badaladas-Fons-CateLU_0223.mp3?_=1\" \/><source type=\"audio\/mpeg\" src=\"https:\/\/badaladas.gal\/wp-content\/uploads\/2020\/03\/Badaladas-Fons-CateLU_0223.mp3?_=1\" \/><a href=\"https:\/\/badaladas.gal\/wp-content\/uploads\/2020\/03\/Badaladas-Fons-CateLU_0223.mp3\">https:\/\/badaladas.gal\/wp-content\/uploads\/2020\/03\/Badaladas-Fons-CateLU_0223.mp3<\/a><\/audio>\t\t<\/div>\n\t\t\t\t<\/div>\n\t\t\t\t<div class=\"elementor-element elementor-element-c1b2672 elementor-widget elementor-widget-yandex-maps\" data-id=\"c1b2672\" data-element_type=\"widget\" data-widget_type=\"yandex-maps.default\">\n\t\t\t\t<div class=\"elementor-widget-container\">\n\t\t\t\t\t<script>\n\t\t\tvar mihdan_elementor_yandex_map_c1b2672 = {\n\t\t\t\t\"id\" : \"c1b2672\",\n\t\t\t\t\"language\" : \"en\",\n\t\t\t\t\"region\" : \"RU\",\n\t\t\t\t\"lat\" : \"43.125736\",\n\t\t\t\t\"lng\" : \"-7.067528\",\n\t\t\t\t\"zoom\" : \"10\",\n\t\t\t\t\"type\" : \"map\",\n\t\t\t\t\"rulerControl\" : \"no\",\n\t\t\t\t\"searchControl\" : \"no\",\n\t\t\t\t\"trafficControl\" : \"no\",\n\t\t\t\t\"typeSelector\" : \"yes\",\n\t\t\t\t\"zoomControl\" : \"yes\",\n\t\t\t\t\"geolocationControl\" : \"no\",\n\t\t\t\t\"routeEditor\" : \"no\",\n\t\t\t\t\"fullscreenControl\" : \"no\",\n\t\t\t\t\"routeButtonControl\" : \"no\",\n\t\t\t\t\"routePanelControl\" : \"no\",\n\t\t\t\t\"disableScrollZoom\" : \"no\",\n\t\t\t\t\"disableDblClickZoom\" : \"no\",\n\t\t\t\t\"disableDrag\" : \"no\",\n\t\t\t\t\"disableLeftMouseButtonMagnifier\" : \"no\",\n\t\t\t\t\"disableRightMouseButtonMagnifier\" : \"no\",\n\t\t\t\t\"disableMultiTouch\" : \"no\",\n\t\t\t\t\"disableRouteEditor\" : \"no\",\n\t\t\t\t\"disableRuler\" : \"no\",\n\t\t\t\t\"enableObjectManager\" : \"no\",\n\t\t\t\t\"infoWindowMaxWidth\" : \"300\",\n\t\t\t\t\"locations\" : {\n    \"type\": \"FeatureCollection\",\n    \"clusterPreset\": \"islands#blueClusterIcons\",\n    \"features\": [\n        {\n            \"type\": \"Feature\",\n            \"id\": \"id_0\",\n            \"geometry\": {\n                \"type\": \"Point\",\n                \"coordinates\": [\n                    \"43.125736\",\n                    \"-7.067528\"\n                ]\n            },\n            \"properties\": {\n                \"iconCaption\": \"\",\n                \"iconContent\": \"\",\n                \"hintContent\": \"\",\n                \"balloonContentHeader\": \"Igrexa da Fonsagrada\",\n                \"balloonContentFooter\": \"\",\n                \"balloonContentBody\": \"\"\n            },\n            \"options\": {\n                \"preset\": \"islands#orangeDotIcon\",\n                \"balloonIsOpened\": \"no\",\n                \"iconImage\": \"\",\n                \"iconImageWidth\": \"\",\n                \"iconImageHeight\": \"\"\n            }\n        }\n    ]\n}\t\t\t};\n\t\t<\/script>\n\t\t<div id=\"mihdan_elementor_yandex_map_c1b2672\" class=\"mihdan-elementor-yandex-maps\" style=\"height: 300px;\"><\/div>\n\t\t\t\t<\/div>\n\t\t\t\t<\/div>\n\t\t\t\t\t\t<\/div>\n\t\t\t\t\t<\/div>\n\t\t<\/div>\n\t\t\t\t\t\t\t\t<\/div>\n\t\t\t\t\t<\/div>\n\t\t<\/section>\n\t\t\t\t<section class=\"elementor-section elementor-top-section elementor-element elementor-element-16111088 elementor-section-stretched elementor-section-boxed elementor-section-height-default elementor-section-height-default\" data-id=\"16111088\" data-element_type=\"section\" data-settings=\"{&quot;stretch_section&quot;:&quot;section-stretched&quot;}\">\n\t\t\t\t\t\t<div class=\"elementor-container elementor-column-gap-default\">\n\t\t\t\t\t\t\t<div class=\"elementor-row\">\n\t\t\t\t\t<div class=\"elementor-column elementor-col-100 elementor-top-column elementor-element elementor-element-5115def7\" data-id=\"5115def7\" data-element_type=\"column\">\n\t\t\t<div class=\"elementor-column-wrap elementor-element-populated\">\n\t\t\t\t\t\t\t<div class=\"elementor-widget-wrap\">\n\t\t\t\t\t\t<div class=\"elementor-element elementor-element-797091b8 elementor-widget elementor-widget-heading\" data-id=\"797091b8\" data-element_type=\"widget\" data-widget_type=\"heading.default\">\n\t\t\t\t<div class=\"elementor-widget-container\">\n\t\t\t<h2 class=\"elementor-heading-title elementor-size-default\">As camp\u00e1s da Igrexa dA Fonsagrada<\/h2>\t\t<\/div>\n\t\t\t\t<\/div>\n\t\t\t\t<div class=\"elementor-element elementor-element-068e54b elementor-widget elementor-widget-text-editor\" data-id=\"068e54b\" data-element_type=\"widget\" data-widget_type=\"text-editor.default\">\n\t\t\t\t<div class=\"elementor-widget-container\">\n\t\t\t\t\t\t\t\t<div class=\"elementor-text-editor elementor-clearfix\">\n\t\t\t\t\t<h4 style=\"text-align: center;\"><strong>LAS CAMPANAS DE LA IGLESIA DE A FONSAGRADA \u00a0\u00a0\u00a0\u00a0\u00a0\u00a0\u00a0\u00a0\u00a0\u00a0\u00a0\u00a0\u00a0\u00a0\u00a0\u00a0\u00a0\u00a0\u00a0\u00a0 <em>THE CHURCH BELLS OF A FONSAGRADA<\/em><br \/><\/strong><\/h4>\t\t\t\t\t<\/div>\n\t\t\t\t\t\t<\/div>\n\t\t\t\t<\/div>\n\t\t\t\t\t\t<\/div>\n\t\t\t\t\t<\/div>\n\t\t<\/div>\n\t\t\t\t\t\t\t\t<\/div>\n\t\t\t\t\t<\/div>\n\t\t<\/section>\n\t\t\t\t<section class=\"elementor-section elementor-top-section elementor-element elementor-element-bedc302 elementor-section-stretched elementor-section-full_width elementor-section-height-default elementor-section-height-default\" data-id=\"bedc302\" data-element_type=\"section\" data-settings=\"{&quot;stretch_section&quot;:&quot;section-stretched&quot;,&quot;background_background&quot;:&quot;classic&quot;}\">\n\t\t\t\t\t\t<div class=\"elementor-container elementor-column-gap-default\">\n\t\t\t\t\t\t\t<div class=\"elementor-row\">\n\t\t\t\t\t<div class=\"elementor-column elementor-col-50 elementor-top-column elementor-element elementor-element-758e4806\" data-id=\"758e4806\" data-element_type=\"column\">\n\t\t\t<div class=\"elementor-column-wrap elementor-element-populated\">\n\t\t\t\t\t\t\t<div class=\"elementor-widget-wrap\">\n\t\t\t\t\t\t<div class=\"elementor-element elementor-element-1b81b5b4 elementor-widget elementor-widget-image\" data-id=\"1b81b5b4\" data-element_type=\"widget\" data-widget_type=\"image.default\">\n\t\t\t\t<div class=\"elementor-widget-container\">\n\t\t\t\t\t\t\t\t<div class=\"elementor-image\">\n\t\t\t\t\t\t\t\t\t\t\t\t\t<a href=\"https:\/\/badaladas.gal\/wp-content\/uploads\/2020\/03\/P1030580-Fons-g.jpg\" data-elementor-open-lightbox=\"yes\" data-elementor-lightbox-title=\"P1030580 Fons g\">\n\t\t\t\t\t\t\t<img loading=\"lazy\" decoding=\"async\" width=\"1111\" height=\"918\" src=\"https:\/\/badaladas.gal\/wp-content\/uploads\/2020\/03\/P1030580-Fons-g.jpg\" class=\"attachment-full size-full\" alt=\"\" srcset=\"https:\/\/badaladas.gal\/wp-content\/uploads\/2020\/03\/P1030580-Fons-g.jpg 1111w, https:\/\/badaladas.gal\/wp-content\/uploads\/2020\/03\/P1030580-Fons-g-300x248.jpg 300w, https:\/\/badaladas.gal\/wp-content\/uploads\/2020\/03\/P1030580-Fons-g-1024x846.jpg 1024w, https:\/\/badaladas.gal\/wp-content\/uploads\/2020\/03\/P1030580-Fons-g-768x635.jpg 768w\" sizes=\"auto, 100vw\" \/>\t\t\t\t\t\t\t\t<\/a>\n\t\t\t\t\t\t\t\t\t\t\t\t\t\t<\/div>\n\t\t\t\t\t\t<\/div>\n\t\t\t\t<\/div>\n\t\t\t\t<div class=\"elementor-element elementor-element-65588068 gallery-spacing-custom elementor-widget elementor-widget-image-gallery\" data-id=\"65588068\" data-element_type=\"widget\" data-widget_type=\"image-gallery.default\">\n\t\t\t\t<div class=\"elementor-widget-container\">\n\t\t\t\t\t<div class=\"elementor-image-gallery\">\n\t\t\t<div id='gallery-1' class='gallery galleryid-1307 gallery-columns-2 gallery-size-full'><figure class='gallery-item'>\n\t\t\t<div class='gallery-icon landscape'>\n\t\t\t\t<a data-elementor-open-lightbox=\"yes\" data-elementor-lightbox-slideshow=\"65588068\" data-elementor-lightbox-title=\"P1030588 Fons g\" href='https:\/\/badaladas.gal\/wp-content\/uploads\/2020\/03\/P1030588-Fons-g.jpg'><img loading=\"lazy\" decoding=\"async\" width=\"1224\" height=\"918\" src=\"https:\/\/badaladas.gal\/wp-content\/uploads\/2020\/03\/P1030588-Fons-g.jpg\" class=\"attachment-full size-full\" alt=\"\" srcset=\"https:\/\/badaladas.gal\/wp-content\/uploads\/2020\/03\/P1030588-Fons-g.jpg 1224w, https:\/\/badaladas.gal\/wp-content\/uploads\/2020\/03\/P1030588-Fons-g-300x225.jpg 300w, https:\/\/badaladas.gal\/wp-content\/uploads\/2020\/03\/P1030588-Fons-g-1024x768.jpg 1024w, https:\/\/badaladas.gal\/wp-content\/uploads\/2020\/03\/P1030588-Fons-g-768x576.jpg 768w\" sizes=\"auto, 100vw\" \/><\/a>\n\t\t\t<\/div><\/figure><figure class='gallery-item'>\n\t\t\t<div class='gallery-icon landscape'>\n\t\t\t\t<a data-elementor-open-lightbox=\"yes\" data-elementor-lightbox-slideshow=\"65588068\" data-elementor-lightbox-title=\"P1030590 Fons g\" href='https:\/\/badaladas.gal\/wp-content\/uploads\/2020\/03\/P1030590-Fons-g.jpg'><img loading=\"lazy\" decoding=\"async\" width=\"1224\" height=\"918\" src=\"https:\/\/badaladas.gal\/wp-content\/uploads\/2020\/03\/P1030590-Fons-g.jpg\" class=\"attachment-full size-full\" alt=\"\" srcset=\"https:\/\/badaladas.gal\/wp-content\/uploads\/2020\/03\/P1030590-Fons-g.jpg 1224w, https:\/\/badaladas.gal\/wp-content\/uploads\/2020\/03\/P1030590-Fons-g-300x225.jpg 300w, https:\/\/badaladas.gal\/wp-content\/uploads\/2020\/03\/P1030590-Fons-g-1024x768.jpg 1024w, https:\/\/badaladas.gal\/wp-content\/uploads\/2020\/03\/P1030590-Fons-g-768x576.jpg 768w\" sizes=\"auto, 100vw\" \/><\/a>\n\t\t\t<\/div><\/figure><figure class='gallery-item'>\n\t\t\t<div class='gallery-icon landscape'>\n\t\t\t\t<a data-elementor-open-lightbox=\"yes\" data-elementor-lightbox-slideshow=\"65588068\" data-elementor-lightbox-title=\"P1030583 Fons g\" href='https:\/\/badaladas.gal\/wp-content\/uploads\/2020\/03\/P1030583-Fons-g.jpg'><img loading=\"lazy\" decoding=\"async\" width=\"979\" height=\"734\" src=\"https:\/\/badaladas.gal\/wp-content\/uploads\/2020\/03\/P1030583-Fons-g.jpg\" class=\"attachment-full size-full\" alt=\"\" srcset=\"https:\/\/badaladas.gal\/wp-content\/uploads\/2020\/03\/P1030583-Fons-g.jpg 979w, https:\/\/badaladas.gal\/wp-content\/uploads\/2020\/03\/P1030583-Fons-g-300x225.jpg 300w, https:\/\/badaladas.gal\/wp-content\/uploads\/2020\/03\/P1030583-Fons-g-768x576.jpg 768w\" sizes=\"auto, 100vw\" \/><\/a>\n\t\t\t<\/div><\/figure><figure class='gallery-item'>\n\t\t\t<div class='gallery-icon landscape'>\n\t\t\t\t<a data-elementor-open-lightbox=\"yes\" data-elementor-lightbox-slideshow=\"65588068\" data-elementor-lightbox-title=\"P1030575 Fons\" href='https:\/\/badaladas.gal\/wp-content\/uploads\/2020\/03\/P1030575-Fons.jpg'><img loading=\"lazy\" decoding=\"async\" width=\"931\" height=\"701\" src=\"https:\/\/badaladas.gal\/wp-content\/uploads\/2020\/03\/P1030575-Fons.jpg\" class=\"attachment-full size-full\" alt=\"\" srcset=\"https:\/\/badaladas.gal\/wp-content\/uploads\/2020\/03\/P1030575-Fons.jpg 931w, https:\/\/badaladas.gal\/wp-content\/uploads\/2020\/03\/P1030575-Fons-300x226.jpg 300w, https:\/\/badaladas.gal\/wp-content\/uploads\/2020\/03\/P1030575-Fons-768x578.jpg 768w\" sizes=\"auto, 100vw\" \/><\/a>\n\t\t\t<\/div><\/figure>\n\t\t<\/div>\n\t\t<\/div>\n\t\t\t\t<\/div>\n\t\t\t\t<\/div>\n\t\t\t\t<div class=\"elementor-element elementor-element-3c79c659 elementor-invisible elementor-widget elementor-widget-wp-widget-text\" data-id=\"3c79c659\" data-element_type=\"widget\" data-settings=\"{&quot;_animation&quot;:&quot;fadeIn&quot;}\" data-widget_type=\"wp-widget-text.default\">\n\t\t\t\t<div class=\"elementor-widget-container\">\n\t\t\t\t\t\t<div class=\"textwidget\"><p>Fabricante\/Manufacturer:<\/p>\n<p>Ano de fabricaci\u00f3n\/Manufacturing year:<\/p>\n<p>Altura\/Heigth:\u00a0<strong> 64 cm<br \/>\n<\/strong><\/p>\n<p>Di\u00e1metro\/Diameter:\u00a0 <strong>74 cm<br \/>\n<\/strong><\/p>\n<p>Nota musical\/Musical note:\u00a0\u00a0 <strong>Si\/B<\/strong><\/p>\n<p>Estado\/Condition:\u00a0\u00a0<strong> en uso\/in use<\/strong><\/p>\n<p>Inscrici\u00f3ns:\u00a0\u00a0\u00a0 <strong>INMACULADA CONCEPCION<\/strong><\/p>\n<p>Inscriptions: INMACULADA CONCEPCION<\/p>\n<\/div>\n\t\t\t\t<\/div>\n\t\t\t\t<\/div>\n\t\t\t\t\t\t<\/div>\n\t\t\t\t\t<\/div>\n\t\t<\/div>\n\t\t\t\t<div class=\"elementor-column elementor-col-50 elementor-top-column elementor-element elementor-element-6b8e76eb\" data-id=\"6b8e76eb\" data-element_type=\"column\">\n\t\t\t<div class=\"elementor-column-wrap elementor-element-populated\">\n\t\t\t\t\t\t\t<div class=\"elementor-widget-wrap\">\n\t\t\t\t\t\t<div class=\"elementor-element elementor-element-3eda1b0a elementor-widget elementor-widget-image\" data-id=\"3eda1b0a\" data-element_type=\"widget\" data-widget_type=\"image.default\">\n\t\t\t\t<div class=\"elementor-widget-container\">\n\t\t\t\t\t\t\t\t<div class=\"elementor-image\">\n\t\t\t\t\t\t\t\t\t\t\t\t\t<a href=\"https:\/\/badaladas.gal\/wp-content\/uploads\/2020\/03\/P1030595-Fons-p.jpg\" data-elementor-open-lightbox=\"yes\" data-elementor-lightbox-title=\"P1030595 Fons p\">\n\t\t\t\t\t\t\t<img loading=\"lazy\" decoding=\"async\" width=\"898\" height=\"705\" src=\"https:\/\/badaladas.gal\/wp-content\/uploads\/2020\/03\/P1030595-Fons-p.jpg\" class=\"attachment-full size-full\" alt=\"\" srcset=\"https:\/\/badaladas.gal\/wp-content\/uploads\/2020\/03\/P1030595-Fons-p.jpg 898w, https:\/\/badaladas.gal\/wp-content\/uploads\/2020\/03\/P1030595-Fons-p-300x236.jpg 300w, https:\/\/badaladas.gal\/wp-content\/uploads\/2020\/03\/P1030595-Fons-p-768x603.jpg 768w\" sizes=\"auto, 100vw\" \/>\t\t\t\t\t\t\t\t<\/a>\n\t\t\t\t\t\t\t\t\t\t\t\t\t\t<\/div>\n\t\t\t\t\t\t<\/div>\n\t\t\t\t<\/div>\n\t\t\t\t<div class=\"elementor-element elementor-element-4f458ca gallery-spacing-custom elementor-widget elementor-widget-image-gallery\" data-id=\"4f458ca\" data-element_type=\"widget\" data-widget_type=\"image-gallery.default\">\n\t\t\t\t<div class=\"elementor-widget-container\">\n\t\t\t\t\t<div class=\"elementor-image-gallery\">\n\t\t\t<div id='gallery-2' class='gallery galleryid-1307 gallery-columns-2 gallery-size-full'><figure class='gallery-item'>\n\t\t\t<div class='gallery-icon landscape'>\n\t\t\t\t<a data-elementor-open-lightbox=\"yes\" data-elementor-lightbox-slideshow=\"4f458ca\" data-elementor-lightbox-title=\"P1030605 Fons p\" href='https:\/\/badaladas.gal\/wp-content\/uploads\/2020\/03\/P1030605-Fons-p.jpg'><img loading=\"lazy\" decoding=\"async\" width=\"979\" height=\"734\" src=\"https:\/\/badaladas.gal\/wp-content\/uploads\/2020\/03\/P1030605-Fons-p.jpg\" class=\"attachment-full size-full\" alt=\"\" srcset=\"https:\/\/badaladas.gal\/wp-content\/uploads\/2020\/03\/P1030605-Fons-p.jpg 979w, https:\/\/badaladas.gal\/wp-content\/uploads\/2020\/03\/P1030605-Fons-p-300x225.jpg 300w, https:\/\/badaladas.gal\/wp-content\/uploads\/2020\/03\/P1030605-Fons-p-768x576.jpg 768w\" sizes=\"auto, 100vw\" \/><\/a>\n\t\t\t<\/div><\/figure><figure class='gallery-item'>\n\t\t\t<div class='gallery-icon landscape'>\n\t\t\t\t<a data-elementor-open-lightbox=\"yes\" data-elementor-lightbox-slideshow=\"4f458ca\" data-elementor-lightbox-title=\"P1030618 Fons p\" href='https:\/\/badaladas.gal\/wp-content\/uploads\/2020\/03\/P1030618-Fons-p.jpg'><img loading=\"lazy\" decoding=\"async\" width=\"1469\" height=\"1102\" src=\"https:\/\/badaladas.gal\/wp-content\/uploads\/2020\/03\/P1030618-Fons-p.jpg\" class=\"attachment-full size-full\" alt=\"\" srcset=\"https:\/\/badaladas.gal\/wp-content\/uploads\/2020\/03\/P1030618-Fons-p.jpg 1469w, https:\/\/badaladas.gal\/wp-content\/uploads\/2020\/03\/P1030618-Fons-p-300x225.jpg 300w, https:\/\/badaladas.gal\/wp-content\/uploads\/2020\/03\/P1030618-Fons-p-1024x768.jpg 1024w, https:\/\/badaladas.gal\/wp-content\/uploads\/2020\/03\/P1030618-Fons-p-768x576.jpg 768w\" sizes=\"auto, 100vw\" \/><\/a>\n\t\t\t<\/div><\/figure><figure class='gallery-item'>\n\t\t\t<div class='gallery-icon landscape'>\n\t\t\t\t<a data-elementor-open-lightbox=\"yes\" data-elementor-lightbox-slideshow=\"4f458ca\" data-elementor-lightbox-title=\"P1030620 Fons p\" href='https:\/\/badaladas.gal\/wp-content\/uploads\/2020\/03\/P1030620-Fons-p.jpg'><img loading=\"lazy\" decoding=\"async\" width=\"979\" height=\"734\" src=\"https:\/\/badaladas.gal\/wp-content\/uploads\/2020\/03\/P1030620-Fons-p.jpg\" class=\"attachment-full size-full\" alt=\"\" srcset=\"https:\/\/badaladas.gal\/wp-content\/uploads\/2020\/03\/P1030620-Fons-p.jpg 979w, https:\/\/badaladas.gal\/wp-content\/uploads\/2020\/03\/P1030620-Fons-p-300x225.jpg 300w, https:\/\/badaladas.gal\/wp-content\/uploads\/2020\/03\/P1030620-Fons-p-768x576.jpg 768w\" sizes=\"auto, 100vw\" \/><\/a>\n\t\t\t<\/div><\/figure><figure class='gallery-item'>\n\t\t\t<div class='gallery-icon landscape'>\n\t\t\t\t<a data-elementor-open-lightbox=\"yes\" data-elementor-lightbox-slideshow=\"4f458ca\" data-elementor-lightbox-title=\"P1030710 Fons p\" href='https:\/\/badaladas.gal\/wp-content\/uploads\/2020\/03\/P1030710-Fons-p.jpg'><img loading=\"lazy\" decoding=\"async\" width=\"979\" height=\"734\" src=\"https:\/\/badaladas.gal\/wp-content\/uploads\/2020\/03\/P1030710-Fons-p.jpg\" class=\"attachment-full size-full\" alt=\"\" srcset=\"https:\/\/badaladas.gal\/wp-content\/uploads\/2020\/03\/P1030710-Fons-p.jpg 979w, https:\/\/badaladas.gal\/wp-content\/uploads\/2020\/03\/P1030710-Fons-p-300x225.jpg 300w, https:\/\/badaladas.gal\/wp-content\/uploads\/2020\/03\/P1030710-Fons-p-768x576.jpg 768w\" sizes=\"auto, 100vw\" \/><\/a>\n\t\t\t<\/div><\/figure>\n\t\t<\/div>\n\t\t<\/div>\n\t\t\t\t<\/div>\n\t\t\t\t<\/div>\n\t\t\t\t<div class=\"elementor-element elementor-element-10cfe00a elementor-invisible elementor-widget elementor-widget-wp-widget-text\" data-id=\"10cfe00a\" data-element_type=\"widget\" data-settings=\"{&quot;_animation&quot;:&quot;fadeIn&quot;}\" data-widget_type=\"wp-widget-text.default\">\n\t\t\t\t<div class=\"elementor-widget-container\">\n\t\t\t\t\t\t<div class=\"textwidget\"><p>Fabricante\/Manufacturer:\u00a0 <strong>HIJOS DE CONSTANTINO LINARES\/CONSTANTINO LINARES SONS<br \/>\n<\/strong><\/p>\n<p>Ano de fabricaci\u00f3n\/Manufacturing year:\u00a0 <strong>1949<\/strong><\/p>\n<p>Altura\/Heigth:\u00a0 <strong>51 cm<br \/>\n<\/strong><\/p>\n<p>Di\u00e1metro\/Diameter:\u00a0 <strong>60 cm<br \/>\n<\/strong><\/p>\n<p>Nota musical\/Musical note:\u00a0\u00a0 <strong>Si b\/B b<\/strong><\/p>\n<p>Estado\/Condition:\u00a0\u00a0<strong> en uso\/in use<\/strong><\/p>\n<p>Inscrici\u00f3ns:\u00a0\u00a0\u00a0\u00a0\u00a0 <strong>ST<em>MA<\/em> VIRGEN DEL ROSARIO<\/strong><\/p>\n<p><strong>\u00a0\u00a0\u00a0\u00a0\u00a0\u00a0\u00a0 FUNDICION DE HIJOS DE CONSTANTINO LINARES<\/strong><\/p>\n<p><strong>\u00a0\u00a0\u00a0\u00a0\u00a0\u00a0\u00a0\u00a0\u00a0\u00a0\u00a0\u00a0 \u00a0 \u00a0 \u00a0 \u00a0 \u00a0 \u00a0 \u00a0 \u00a0 PROVEEDORES DE LA R<em>L<\/em> CASA <\/strong>(REAL CASA)<strong><br \/>\n<\/strong><\/p>\n<p><strong>\u00a0\u00a0\u00a0\u00a0\u00a0\u00a0\u00a0\u00a0\u00a0\u00a0\u00a0\u00a0\u00a0\u00a0\u00a0\u00a0\u00a0\u00a0\u00a0\u00a0\u00a0\u00a0\u00a0\u00a0\u00a0\u00a0\u00a0\u00a0\u00a0 MADRID CARABANCHEL BAJO<\/strong><\/p>\n<p><strong>\u00a0\u00a0\u00a0\u00a0\u00a0\u00a0\u00a0\u00a0\u00a0\u00a0\u00a0\u00a0\u00a0\u00a0\u00a0\u00a0\u00a0\u00a0\u00a0\u00a0\u00a0\u00a0\u00a0\u00a0\u00a0 \u00a0 \u00a0 \u00a0 \u00a0 \u00a0 \u00a0 \u00a0 \u00a0 \u00a0 \u00a0 \u00a0 \u00a0 \u00a0 \u00a0\u00a0 A\u00d1O\u00a0 1949<\/strong><\/p>\n<p>Inscriptions:\u00a0\u00a0 STMA VIRGEN DEL ROSARIO\/ROSARY&#8217;S VIRGIN SAINT<\/p>\n<p>CONSTANTINO LINARES SONS FOUNDRY<\/p>\n<p>RL\u00a0 HOUSE (ROYAL HOUSE) SUPPLIERS<\/p>\n<p>MADRID\u00a0 CARABANCHEL BAJO<\/p>\n<p>YEAR 1949<\/p>\n<\/div>\n\t\t\t\t<\/div>\n\t\t\t\t<\/div>\n\t\t\t\t\t\t<\/div>\n\t\t\t\t\t<\/div>\n\t\t<\/div>\n\t\t\t\t\t\t\t\t<\/div>\n\t\t\t\t\t<\/div>\n\t\t<\/section>\n\t\t\t\t\t\t<\/div>\n\t\t\t\t\t\t<\/div>\n\t\t\t\t\t<\/div>\n\t\t","protected":false},"excerpt":{"rendered":"<p>Igrexa de Santa Mar\u00eda da Fonsagrada, no Cami\u00f1o Primitivo. Escoita as badaladas das s\u00faas camp\u00e1s Iglesia de Santa Mar\u00eda de A Fonsagrada, en el Camino Primitivo. Escucha sus campanas Saint Mary&#8217;s Church, A Fonsagrada, on The Primitive Way Listen to the bells As camp\u00e1s da Igrexa dA Fonsagrada LAS CAMPANAS DE LA IGLESIA DE A &hellip; <\/p>\n<p class=\"link-more\"><a href=\"https:\/\/badaladas.gal\/index.php\/a-fonsagrada\/\" class=\"more-link\">Continuar leyendo<span class=\"screen-reader-text\"> &#8220;A FONSAGRADA&#8221;<\/span><\/a><\/p>\n","protected":false},"author":2,"featured_media":0,"parent":0,"menu_order":0,"comment_status":"closed","ping_status":"closed","template":"","meta":{"footnotes":""},"class_list":["post-1307","page","type-page","status-publish","hentry"],"_links":{"self":[{"href":"https:\/\/badaladas.gal\/index.php\/wp-json\/wp\/v2\/pages\/1307","targetHints":{"allow":["GET"]}}],"collection":[{"href":"https:\/\/badaladas.gal\/index.php\/wp-json\/wp\/v2\/pages"}],"about":[{"href":"https:\/\/badaladas.gal\/index.php\/wp-json\/wp\/v2\/types\/page"}],"author":[{"embeddable":true,"href":"https:\/\/badaladas.gal\/index.php\/wp-json\/wp\/v2\/users\/2"}],"replies":[{"embeddable":true,"href":"https:\/\/badaladas.gal\/index.php\/wp-json\/wp\/v2\/comments?post=1307"}],"version-history":[{"count":82,"href":"https:\/\/badaladas.gal\/index.php\/wp-json\/wp\/v2\/pages\/1307\/revisions"}],"predecessor-version":[{"id":8976,"href":"https:\/\/badaladas.gal\/index.php\/wp-json\/wp\/v2\/pages\/1307\/revisions\/8976"}],"wp:attachment":[{"href":"https:\/\/badaladas.gal\/index.php\/wp-json\/wp\/v2\/media?parent=1307"}],"curies":[{"name":"wp","href":"https:\/\/api.w.org\/{rel}","templated":true}]}}