{"id":1419,"date":"2020-03-19T01:33:35","date_gmt":"2020-03-19T01:33:35","guid":{"rendered":"https:\/\/badaladas.gal\/?page_id=1419"},"modified":"2021-07-18T11:51:28","modified_gmt":"2021-07-18T10:51:28","slug":"concello-vello-da-fonsagrada","status":"publish","type":"page","link":"https:\/\/badaladas.gal\/index.php\/concello-vello-da-fonsagrada\/","title":{"rendered":"CONCELLO VELLO DA FONSAGRADA"},"content":{"rendered":"\t\t<div data-elementor-type=\"wp-page\" data-elementor-id=\"1419\" class=\"elementor elementor-1419\" data-elementor-settings=\"[]\">\n\t\t\t\t\t\t<div class=\"elementor-inner\">\n\t\t\t\t\t\t\t<div class=\"elementor-section-wrap\">\n\t\t\t\t\t\t\t<section class=\"elementor-section elementor-top-section elementor-element elementor-element-3522b8db elementor-section-stretched elementor-section-full_width elementor-section-height-default elementor-section-height-default\" data-id=\"3522b8db\" data-element_type=\"section\" data-settings=\"{&quot;stretch_section&quot;:&quot;section-stretched&quot;}\">\n\t\t\t\t\t\t<div class=\"elementor-container elementor-column-gap-default\">\n\t\t\t\t\t\t\t<div class=\"elementor-row\">\n\t\t\t\t\t<div class=\"elementor-column elementor-col-50 elementor-top-column elementor-element elementor-element-49e8147d\" data-id=\"49e8147d\" data-element_type=\"column\">\n\t\t\t<div class=\"elementor-column-wrap elementor-element-populated\">\n\t\t\t\t\t\t\t<div class=\"elementor-widget-wrap\">\n\t\t\t\t\t\t<div class=\"elementor-element elementor-element-2f9e4ab4 elementor-widget elementor-widget-image\" data-id=\"2f9e4ab4\" data-element_type=\"widget\" data-widget_type=\"image.default\">\n\t\t\t\t<div class=\"elementor-widget-container\">\n\t\t\t\t\t\t\t\t<div class=\"elementor-image\">\n\t\t\t\t\t\t\t\t\t\t\t\t<img loading=\"lazy\" decoding=\"async\" width=\"944\" height=\"734\" src=\"https:\/\/badaladas.gal\/wp-content\/uploads\/2020\/03\/P1030677-Ccello-Fons.jpg\" class=\"attachment-full size-full\" alt=\"\" srcset=\"https:\/\/badaladas.gal\/wp-content\/uploads\/2020\/03\/P1030677-Ccello-Fons.jpg 944w, https:\/\/badaladas.gal\/wp-content\/uploads\/2020\/03\/P1030677-Ccello-Fons-300x233.jpg 300w, https:\/\/badaladas.gal\/wp-content\/uploads\/2020\/03\/P1030677-Ccello-Fons-768x597.jpg 768w\" sizes=\"auto, 100vw\" \/>\t\t\t\t\t\t\t\t\t\t\t\t\t\t<\/div>\n\t\t\t\t\t\t<\/div>\n\t\t\t\t<\/div>\n\t\t\t\t\t\t<\/div>\n\t\t\t\t\t<\/div>\n\t\t<\/div>\n\t\t\t\t<div class=\"elementor-column elementor-col-50 elementor-top-column elementor-element elementor-element-6d5edd94\" data-id=\"6d5edd94\" data-element_type=\"column\">\n\t\t\t<div class=\"elementor-column-wrap elementor-element-populated\">\n\t\t\t\t\t\t\t<div class=\"elementor-widget-wrap\">\n\t\t\t\t\t\t<div class=\"elementor-element elementor-element-4eab0ca5 elementor-widget elementor-widget-text-editor\" data-id=\"4eab0ca5\" data-element_type=\"widget\" data-widget_type=\"text-editor.default\">\n\t\t\t\t<div class=\"elementor-widget-container\">\n\t\t\t\t\t\t\t\t<div class=\"elementor-text-editor elementor-clearfix\">\n\t\t\t\t\t<p><span style=\"color: #003366;\"><strong>Edificio do antigo concello da Fonsagrada na r\u00faa Bur\u00f3n, no Cami\u00f1o Primitivo<\/strong><\/span><\/p><p><span style=\"color: #003366;\"><strong>A camp\u00e1 non disp\u00f3n de ning\u00fan aparello para poder tocala<\/strong><\/span><\/p>\t\t\t\t\t<\/div>\n\t\t\t\t\t\t<\/div>\n\t\t\t\t<\/div>\n\t\t\t\t<div class=\"elementor-element elementor-element-f654393 elementor-widget elementor-widget-text-editor\" data-id=\"f654393\" data-element_type=\"widget\" data-widget_type=\"text-editor.default\">\n\t\t\t\t<div class=\"elementor-widget-container\">\n\t\t\t\t\t\t\t\t<div class=\"elementor-text-editor elementor-clearfix\">\n\t\t\t\t\t<p><strong><span style=\"color: #993300;\">Edificio del antiguo ayuntamiento de A Fonsagrada en la calle Bur\u00f3n, en el Camino Primitivo<\/span><\/strong><\/p><p><strong><span style=\"color: #993300;\">La campana no dispone de ning\u00fan dispositivo para poder tocarla<\/span><\/strong><\/p>\t\t\t\t\t<\/div>\n\t\t\t\t\t\t<\/div>\n\t\t\t\t<\/div>\n\t\t\t\t<div class=\"elementor-element elementor-element-0e8a97f elementor-widget elementor-widget-text-editor\" data-id=\"0e8a97f\" data-element_type=\"widget\" data-widget_type=\"text-editor.default\">\n\t\t\t\t<div class=\"elementor-widget-container\">\n\t\t\t\t\t\t\t\t<div class=\"elementor-text-editor elementor-clearfix\">\n\t\t\t\t\t<p><span style=\"color: #000080;\"><em><strong>A Fonsagrada old town hall in Bur\u00f3n Street, on the Primitive Way<br \/><\/strong><\/em><\/span><\/p><p><em><strong><span style=\"color: #000080;\">There isn&#8217;t any bell rope to play it<\/span><\/strong><\/em><\/p>\t\t\t\t\t<\/div>\n\t\t\t\t\t\t<\/div>\n\t\t\t\t<\/div>\n\t\t\t\t<div class=\"elementor-element elementor-element-786b150 elementor-widget elementor-widget-yandex-maps\" data-id=\"786b150\" data-element_type=\"widget\" data-widget_type=\"yandex-maps.default\">\n\t\t\t\t<div class=\"elementor-widget-container\">\n\t\t\t\t\t<script>\n\t\t\tvar mihdan_elementor_yandex_map_786b150 = {\n\t\t\t\t\"id\" : \"786b150\",\n\t\t\t\t\"language\" : \"en\",\n\t\t\t\t\"region\" : \"US\",\n\t\t\t\t\"lat\" : \"43.126438\",\n\t\t\t\t\"lng\" : \"-7.067386\",\n\t\t\t\t\"zoom\" : \"15\",\n\t\t\t\t\"type\" : \"map\",\n\t\t\t\t\"rulerControl\" : \"no\",\n\t\t\t\t\"searchControl\" : \"no\",\n\t\t\t\t\"trafficControl\" : \"no\",\n\t\t\t\t\"typeSelector\" : \"yes\",\n\t\t\t\t\"zoomControl\" : \"yes\",\n\t\t\t\t\"geolocationControl\" : \"no\",\n\t\t\t\t\"routeEditor\" : \"no\",\n\t\t\t\t\"fullscreenControl\" : \"no\",\n\t\t\t\t\"routeButtonControl\" : \"no\",\n\t\t\t\t\"routePanelControl\" : \"no\",\n\t\t\t\t\"disableScrollZoom\" : \"no\",\n\t\t\t\t\"disableDblClickZoom\" : \"no\",\n\t\t\t\t\"disableDrag\" : \"no\",\n\t\t\t\t\"disableLeftMouseButtonMagnifier\" : \"no\",\n\t\t\t\t\"disableRightMouseButtonMagnifier\" : \"no\",\n\t\t\t\t\"disableMultiTouch\" : \"no\",\n\t\t\t\t\"disableRouteEditor\" : \"no\",\n\t\t\t\t\"disableRuler\" : \"no\",\n\t\t\t\t\"enableObjectManager\" : \"no\",\n\t\t\t\t\"infoWindowMaxWidth\" : \"300\",\n\t\t\t\t\"locations\" : {\n    \"type\": \"FeatureCollection\",\n    \"clusterPreset\": \"islands#blueClusterIcons\",\n    \"features\": [\n        {\n            \"type\": \"Feature\",\n            \"id\": \"id_0\",\n            \"geometry\": {\n                \"type\": \"Point\",\n                \"coordinates\": [\n                    \"43.126438\",\n                    \"-7.067386\"\n                ]\n            },\n            \"properties\": {\n                \"iconCaption\": \"\",\n                \"iconContent\": \"\",\n                \"hintContent\": \"\",\n                \"balloonContentHeader\": \"CONCELLO VELLO DA FONSAGRADA\",\n                \"balloonContentFooter\": \"\",\n                \"balloonContentBody\": \"\"\n            },\n            \"options\": {\n                \"preset\": \"islands#darkOrangeDotIcon\",\n                \"balloonIsOpened\": \"yes\",\n                \"iconImage\": \"\",\n                \"iconImageWidth\": \"\",\n                \"iconImageHeight\": \"\"\n            }\n        }\n    ]\n}\t\t\t};\n\t\t<\/script>\n\t\t<div id=\"mihdan_elementor_yandex_map_786b150\" class=\"mihdan-elementor-yandex-maps\" style=\"height: 300px;\"><\/div>\n\t\t\t\t<\/div>\n\t\t\t\t<\/div>\n\t\t\t\t\t\t<\/div>\n\t\t\t\t\t<\/div>\n\t\t<\/div>\n\t\t\t\t\t\t\t\t<\/div>\n\t\t\t\t\t<\/div>\n\t\t<\/section>\n\t\t\t\t<section class=\"elementor-section elementor-top-section elementor-element elementor-element-247f51 elementor-section-stretched elementor-section-boxed elementor-section-height-default elementor-section-height-default\" data-id=\"247f51\" data-element_type=\"section\" data-settings=\"{&quot;stretch_section&quot;:&quot;section-stretched&quot;}\">\n\t\t\t\t\t\t<div class=\"elementor-container elementor-column-gap-default\">\n\t\t\t\t\t\t\t<div class=\"elementor-row\">\n\t\t\t\t\t<div class=\"elementor-column elementor-col-100 elementor-top-column elementor-element elementor-element-473a38b0\" data-id=\"473a38b0\" data-element_type=\"column\">\n\t\t\t<div class=\"elementor-column-wrap elementor-element-populated\">\n\t\t\t\t\t\t\t<div class=\"elementor-widget-wrap\">\n\t\t\t\t\t\t<div class=\"elementor-element elementor-element-5f34fada elementor-widget elementor-widget-heading\" data-id=\"5f34fada\" data-element_type=\"widget\" data-widget_type=\"heading.default\">\n\t\t\t\t<div class=\"elementor-widget-container\">\n\t\t\t<h2 class=\"elementor-heading-title elementor-size-default\">A CAMP\u00c1 DO CONCELLO VELLO DA FONSAGRADA<\/h2>\t\t<\/div>\n\t\t\t\t<\/div>\n\t\t\t\t<div class=\"elementor-element elementor-element-2484a03 elementor-widget elementor-widget-text-editor\" data-id=\"2484a03\" data-element_type=\"widget\" data-widget_type=\"text-editor.default\">\n\t\t\t\t<div class=\"elementor-widget-container\">\n\t\t\t\t\t\t\t\t<div class=\"elementor-text-editor elementor-clearfix\">\n\t\t\t\t\t<h5 style=\"text-align: center;\"><strong>LA CAMPANA DEL ANTIGUO AYUNTAMIENTO DE A FONSAGRADA \u00a0 \u00a0 \u00a0 \u00a0 \u00a0\u00a0 <em>a fonsagrada old town hall bell<\/em><br \/><\/strong><\/h5>\t\t\t\t\t<\/div>\n\t\t\t\t\t\t<\/div>\n\t\t\t\t<\/div>\n\t\t\t\t\t\t<\/div>\n\t\t\t\t\t<\/div>\n\t\t<\/div>\n\t\t\t\t\t\t\t\t<\/div>\n\t\t\t\t\t<\/div>\n\t\t<\/section>\n\t\t\t\t<section class=\"elementor-section elementor-top-section elementor-element elementor-element-3cccff76 elementor-section-stretched elementor-section-full_width elementor-section-height-default elementor-section-height-default\" data-id=\"3cccff76\" data-element_type=\"section\" data-settings=\"{&quot;stretch_section&quot;:&quot;section-stretched&quot;,&quot;background_background&quot;:&quot;classic&quot;}\">\n\t\t\t\t\t\t<div class=\"elementor-container elementor-column-gap-default\">\n\t\t\t\t\t\t\t<div class=\"elementor-row\">\n\t\t\t\t\t<div class=\"elementor-column elementor-col-100 elementor-top-column elementor-element elementor-element-4ea3340f\" data-id=\"4ea3340f\" data-element_type=\"column\">\n\t\t\t<div class=\"elementor-column-wrap elementor-element-populated\">\n\t\t\t\t\t\t\t<div class=\"elementor-widget-wrap\">\n\t\t\t\t\t\t<div class=\"elementor-element elementor-element-1c8fde22 elementor-widget elementor-widget-image\" data-id=\"1c8fde22\" data-element_type=\"widget\" data-widget_type=\"image.default\">\n\t\t\t\t<div class=\"elementor-widget-container\">\n\t\t\t\t\t\t\t\t<div class=\"elementor-image\">\n\t\t\t\t\t\t\t\t\t\t\t\t\t<a href=\"https:\/\/badaladas.gal\/wp-content\/uploads\/2020\/03\/P1030692-Ccello-Fons.jpg\" data-elementor-open-lightbox=\"yes\" data-elementor-lightbox-title=\"P1030692 Ccello Fons\">\n\t\t\t\t\t\t\t<img loading=\"lazy\" decoding=\"async\" width=\"979\" height=\"734\" src=\"https:\/\/badaladas.gal\/wp-content\/uploads\/2020\/03\/P1030692-Ccello-Fons.jpg\" class=\"attachment-full size-full\" alt=\"\" srcset=\"https:\/\/badaladas.gal\/wp-content\/uploads\/2020\/03\/P1030692-Ccello-Fons.jpg 979w, https:\/\/badaladas.gal\/wp-content\/uploads\/2020\/03\/P1030692-Ccello-Fons-300x225.jpg 300w, https:\/\/badaladas.gal\/wp-content\/uploads\/2020\/03\/P1030692-Ccello-Fons-768x576.jpg 768w\" sizes=\"auto, 100vw\" \/>\t\t\t\t\t\t\t\t<\/a>\n\t\t\t\t\t\t\t\t\t\t\t\t\t\t<\/div>\n\t\t\t\t\t\t<\/div>\n\t\t\t\t<\/div>\n\t\t\t\t<div class=\"elementor-element elementor-element-77416bbe gallery-spacing-custom elementor-widget elementor-widget-image-gallery\" data-id=\"77416bbe\" data-element_type=\"widget\" data-widget_type=\"image-gallery.default\">\n\t\t\t\t<div class=\"elementor-widget-container\">\n\t\t\t\t\t<div class=\"elementor-image-gallery\">\n\t\t\t<div id='gallery-1' class='gallery galleryid-1419 gallery-columns-2 gallery-size-full'><figure class='gallery-item'>\n\t\t\t<div class='gallery-icon landscape'>\n\t\t\t\t<a data-elementor-open-lightbox=\"yes\" data-elementor-lightbox-slideshow=\"77416bbe\" data-elementor-lightbox-title=\"P1030696 Ccello Fons\" href='https:\/\/badaladas.gal\/wp-content\/uploads\/2020\/03\/P1030696-Ccello-Fons.jpg'><img loading=\"lazy\" decoding=\"async\" width=\"979\" height=\"734\" src=\"https:\/\/badaladas.gal\/wp-content\/uploads\/2020\/03\/P1030696-Ccello-Fons.jpg\" class=\"attachment-full size-full\" alt=\"\" srcset=\"https:\/\/badaladas.gal\/wp-content\/uploads\/2020\/03\/P1030696-Ccello-Fons.jpg 979w, https:\/\/badaladas.gal\/wp-content\/uploads\/2020\/03\/P1030696-Ccello-Fons-300x225.jpg 300w, https:\/\/badaladas.gal\/wp-content\/uploads\/2020\/03\/P1030696-Ccello-Fons-768x576.jpg 768w\" sizes=\"auto, 100vw\" \/><\/a>\n\t\t\t<\/div><\/figure><figure class='gallery-item'>\n\t\t\t<div class='gallery-icon landscape'>\n\t\t\t\t<a data-elementor-open-lightbox=\"yes\" data-elementor-lightbox-slideshow=\"77416bbe\" data-elementor-lightbox-title=\"P1030681 Ccello Fons\" href='https:\/\/badaladas.gal\/wp-content\/uploads\/2020\/03\/P1030681-Ccello-Fons.jpg'><img loading=\"lazy\" decoding=\"async\" width=\"979\" height=\"734\" src=\"https:\/\/badaladas.gal\/wp-content\/uploads\/2020\/03\/P1030681-Ccello-Fons.jpg\" class=\"attachment-full size-full\" alt=\"\" srcset=\"https:\/\/badaladas.gal\/wp-content\/uploads\/2020\/03\/P1030681-Ccello-Fons.jpg 979w, https:\/\/badaladas.gal\/wp-content\/uploads\/2020\/03\/P1030681-Ccello-Fons-300x225.jpg 300w, https:\/\/badaladas.gal\/wp-content\/uploads\/2020\/03\/P1030681-Ccello-Fons-768x576.jpg 768w\" sizes=\"auto, 100vw\" \/><\/a>\n\t\t\t<\/div><\/figure><figure class='gallery-item'>\n\t\t\t<div class='gallery-icon landscape'>\n\t\t\t\t<a data-elementor-open-lightbox=\"yes\" data-elementor-lightbox-slideshow=\"77416bbe\" data-elementor-lightbox-title=\"P1030676 Ccello fons\" href='https:\/\/badaladas.gal\/wp-content\/uploads\/2020\/07\/P1030676-Ccello-fons.jpg'><img loading=\"lazy\" decoding=\"async\" width=\"1157\" height=\"868\" src=\"https:\/\/badaladas.gal\/wp-content\/uploads\/2020\/07\/P1030676-Ccello-fons.jpg\" class=\"attachment-full size-full\" alt=\"\" srcset=\"https:\/\/badaladas.gal\/wp-content\/uploads\/2020\/07\/P1030676-Ccello-fons.jpg 1157w, https:\/\/badaladas.gal\/wp-content\/uploads\/2020\/07\/P1030676-Ccello-fons-300x225.jpg 300w, https:\/\/badaladas.gal\/wp-content\/uploads\/2020\/07\/P1030676-Ccello-fons-1024x768.jpg 1024w, https:\/\/badaladas.gal\/wp-content\/uploads\/2020\/07\/P1030676-Ccello-fons-768x576.jpg 768w\" sizes=\"auto, 100vw\" \/><\/a>\n\t\t\t<\/div><\/figure><figure class='gallery-item'>\n\t\t\t<div class='gallery-icon landscape'>\n\t\t\t\t<a data-elementor-open-lightbox=\"yes\" data-elementor-lightbox-slideshow=\"77416bbe\" data-elementor-lightbox-title=\"P1040414 Ccello Fons\" href='https:\/\/badaladas.gal\/wp-content\/uploads\/2020\/07\/P1040414-Ccello-Fons.jpg'><img loading=\"lazy\" decoding=\"async\" width=\"1094\" height=\"822\" src=\"https:\/\/badaladas.gal\/wp-content\/uploads\/2020\/07\/P1040414-Ccello-Fons.jpg\" class=\"attachment-full size-full\" alt=\"\" aria-describedby=\"gallery-1-4553\" srcset=\"https:\/\/badaladas.gal\/wp-content\/uploads\/2020\/07\/P1040414-Ccello-Fons.jpg 1094w, https:\/\/badaladas.gal\/wp-content\/uploads\/2020\/07\/P1040414-Ccello-Fons-300x225.jpg 300w, https:\/\/badaladas.gal\/wp-content\/uploads\/2020\/07\/P1040414-Ccello-Fons-1024x769.jpg 1024w, https:\/\/badaladas.gal\/wp-content\/uploads\/2020\/07\/P1040414-Ccello-Fons-768x577.jpg 768w\" sizes=\"auto, 100vw\" \/><\/a>\n\t\t\t<\/div>\n\t\t\t\t<figcaption class='wp-caption-text gallery-caption' id='gallery-1-4553'>\n\t\t\t\tReloxo de Viuda de Mur\u00faa. F\u00f3ra de uso\n\t\t\t\t<\/figcaption><\/figure>\n\t\t<\/div>\n\t\t<\/div>\n\t\t\t\t<\/div>\n\t\t\t\t<\/div>\n\t\t\t\t<div class=\"elementor-element elementor-element-63692df4 elementor-invisible elementor-widget elementor-widget-wp-widget-text\" data-id=\"63692df4\" data-element_type=\"widget\" data-settings=\"{&quot;_animation&quot;:&quot;fadeIn&quot;}\" data-widget_type=\"wp-widget-text.default\">\n\t\t\t\t<div class=\"elementor-widget-container\">\n\t\t\t\t\t\t<div class=\"textwidget\"><p>Fabricante\/Manufacturer:<\/p>\n<p>Ano de fabricaci\u00f3n\/Manufacturing year:\u00a0<strong> 1894<\/strong><\/p>\n<p>Altura\/Heigth:<\/p>\n<p>Di\u00e1metro\/Diameter:<\/p>\n<p>Nota musical\/Musical note:<\/p>\n<p>Estado\/:<\/p>\n<p>Inscrici\u00f3ns\/Inscriptions: \u00a0\u00a0 <strong>A\u00d1O DE 1894 <\/strong>\/ Year 1894<\/p>\n<\/div>\n\t\t\t\t<\/div>\n\t\t\t\t<\/div>\n\t\t\t\t\t\t<\/div>\n\t\t\t\t\t<\/div>\n\t\t<\/div>\n\t\t\t\t\t\t\t\t<\/div>\n\t\t\t\t\t<\/div>\n\t\t<\/section>\n\t\t\t\t<section class=\"elementor-section elementor-top-section elementor-element elementor-element-1f88a755 elementor-section-boxed elementor-section-height-default elementor-section-height-default\" data-id=\"1f88a755\" data-element_type=\"section\">\n\t\t\t\t\t\t<div class=\"elementor-container elementor-column-gap-default\">\n\t\t\t\t\t\t\t<div class=\"elementor-row\">\n\t\t\t\t\t\t\t\t\t<\/div>\n\t\t\t\t\t<\/div>\n\t\t<\/section>\n\t\t\t\t\t\t<\/div>\n\t\t\t\t\t\t<\/div>\n\t\t\t\t\t<\/div>\n\t\t","protected":false},"excerpt":{"rendered":"<p>Edificio do antigo concello da Fonsagrada na r\u00faa Bur\u00f3n, no Cami\u00f1o Primitivo A camp\u00e1 non disp\u00f3n de ning\u00fan aparello para poder tocala Edificio del antiguo ayuntamiento de A Fonsagrada en la calle Bur\u00f3n, en el Camino Primitivo La campana no dispone de ning\u00fan dispositivo para poder tocarla A Fonsagrada old town hall in Bur\u00f3n Street, &hellip; <\/p>\n<p class=\"link-more\"><a href=\"https:\/\/badaladas.gal\/index.php\/concello-vello-da-fonsagrada\/\" class=\"more-link\">Continuar leyendo<span class=\"screen-reader-text\"> &#8220;CONCELLO VELLO DA FONSAGRADA&#8221;<\/span><\/a><\/p>\n","protected":false},"author":2,"featured_media":0,"parent":0,"menu_order":0,"comment_status":"closed","ping_status":"closed","template":"","meta":{"footnotes":""},"class_list":["post-1419","page","type-page","status-publish","hentry"],"_links":{"self":[{"href":"https:\/\/badaladas.gal\/index.php\/wp-json\/wp\/v2\/pages\/1419","targetHints":{"allow":["GET"]}}],"collection":[{"href":"https:\/\/badaladas.gal\/index.php\/wp-json\/wp\/v2\/pages"}],"about":[{"href":"https:\/\/badaladas.gal\/index.php\/wp-json\/wp\/v2\/types\/page"}],"author":[{"embeddable":true,"href":"https:\/\/badaladas.gal\/index.php\/wp-json\/wp\/v2\/users\/2"}],"replies":[{"embeddable":true,"href":"https:\/\/badaladas.gal\/index.php\/wp-json\/wp\/v2\/comments?post=1419"}],"version-history":[{"count":43,"href":"https:\/\/badaladas.gal\/index.php\/wp-json\/wp\/v2\/pages\/1419\/revisions"}],"predecessor-version":[{"id":8432,"href":"https:\/\/badaladas.gal\/index.php\/wp-json\/wp\/v2\/pages\/1419\/revisions\/8432"}],"wp:attachment":[{"href":"https:\/\/badaladas.gal\/index.php\/wp-json\/wp\/v2\/media?parent=1419"}],"curies":[{"name":"wp","href":"https:\/\/api.w.org\/{rel}","templated":true}]}}