{"id":159,"date":"2020-02-20T10:11:09","date_gmt":"2020-02-20T10:11:09","guid":{"rendered":"https:\/\/badaladas.gal\/?page_id=159"},"modified":"2021-07-18T12:25:45","modified_gmt":"2021-07-18T11:25:45","slug":"__trashed-5","status":"publish","type":"page","link":"https:\/\/badaladas.gal\/index.php\/__trashed-5\/","title":{"rendered":"MELIDE SANTA MAR\u00cdA"},"content":{"rendered":"\t\t<div data-elementor-type=\"wp-post\" data-elementor-id=\"159\" class=\"elementor elementor-159\" data-elementor-settings=\"[]\">\n\t\t\t\t\t\t<div class=\"elementor-inner\">\n\t\t\t\t\t\t\t<div class=\"elementor-section-wrap\">\n\t\t\t\t\t\t\t<section class=\"elementor-section elementor-top-section elementor-element elementor-element-72b7af36 elementor-section-stretched elementor-section-full_width elementor-section-height-default elementor-section-height-default\" data-id=\"72b7af36\" data-element_type=\"section\" data-settings=\"{&quot;stretch_section&quot;:&quot;section-stretched&quot;}\">\n\t\t\t\t\t\t<div class=\"elementor-container elementor-column-gap-default\">\n\t\t\t\t\t\t\t<div class=\"elementor-row\">\n\t\t\t\t\t<div class=\"elementor-column elementor-col-50 elementor-top-column elementor-element elementor-element-6c8f9446\" data-id=\"6c8f9446\" data-element_type=\"column\">\n\t\t\t<div class=\"elementor-column-wrap elementor-element-populated\">\n\t\t\t\t\t\t\t<div class=\"elementor-widget-wrap\">\n\t\t\t\t\t\t<div class=\"elementor-element elementor-element-767ece18 elementor-widget elementor-widget-image\" data-id=\"767ece18\" data-element_type=\"widget\" data-widget_type=\"image.default\">\n\t\t\t\t<div class=\"elementor-widget-container\">\n\t\t\t\t\t\t\t\t<div class=\"elementor-image\">\n\t\t\t\t\t\t\t\t\t\t\t\t<img loading=\"lazy\" decoding=\"async\" width=\"2448\" height=\"1836\" src=\"https:\/\/badaladas.gal\/wp-content\/uploads\/2020\/02\/P1020159-igr-Mel-S-Maria.jpg\" class=\"attachment-full size-full\" alt=\"\" srcset=\"https:\/\/badaladas.gal\/wp-content\/uploads\/2020\/02\/P1020159-igr-Mel-S-Maria.jpg 2448w, https:\/\/badaladas.gal\/wp-content\/uploads\/2020\/02\/P1020159-igr-Mel-S-Maria-300x225.jpg 300w, https:\/\/badaladas.gal\/wp-content\/uploads\/2020\/02\/P1020159-igr-Mel-S-Maria-1024x768.jpg 1024w, https:\/\/badaladas.gal\/wp-content\/uploads\/2020\/02\/P1020159-igr-Mel-S-Maria-768x576.jpg 768w, https:\/\/badaladas.gal\/wp-content\/uploads\/2020\/02\/P1020159-igr-Mel-S-Maria-1536x1152.jpg 1536w, https:\/\/badaladas.gal\/wp-content\/uploads\/2020\/02\/P1020159-igr-Mel-S-Maria-2048x1536.jpg 2048w\" sizes=\"auto, 100vw\" \/>\t\t\t\t\t\t\t\t\t\t\t\t\t\t<\/div>\n\t\t\t\t\t\t<\/div>\n\t\t\t\t<\/div>\n\t\t\t\t<div class=\"elementor-element elementor-element-704654b elementor-widget elementor-widget-image\" data-id=\"704654b\" data-element_type=\"widget\" data-widget_type=\"image.default\">\n\t\t\t\t<div class=\"elementor-widget-container\">\n\t\t\t\t\t\t\t\t<div class=\"elementor-image\">\n\t\t\t\t\t\t\t\t\t\t\t\t<img loading=\"lazy\" decoding=\"async\" width=\"2448\" height=\"1435\" src=\"https:\/\/badaladas.gal\/wp-content\/uploads\/2020\/05\/P1020163-igr-Mel-S-Maria.jpg\" class=\"attachment-full size-full\" alt=\"\" srcset=\"https:\/\/badaladas.gal\/wp-content\/uploads\/2020\/05\/P1020163-igr-Mel-S-Maria.jpg 2448w, https:\/\/badaladas.gal\/wp-content\/uploads\/2020\/05\/P1020163-igr-Mel-S-Maria-300x176.jpg 300w, https:\/\/badaladas.gal\/wp-content\/uploads\/2020\/05\/P1020163-igr-Mel-S-Maria-1024x600.jpg 1024w, https:\/\/badaladas.gal\/wp-content\/uploads\/2020\/05\/P1020163-igr-Mel-S-Maria-768x450.jpg 768w, https:\/\/badaladas.gal\/wp-content\/uploads\/2020\/05\/P1020163-igr-Mel-S-Maria-1536x900.jpg 1536w, https:\/\/badaladas.gal\/wp-content\/uploads\/2020\/05\/P1020163-igr-Mel-S-Maria-2048x1201.jpg 2048w\" sizes=\"auto, 100vw\" \/>\t\t\t\t\t\t\t\t\t\t\t\t\t\t<\/div>\n\t\t\t\t\t\t<\/div>\n\t\t\t\t<\/div>\n\t\t\t\t\t\t<\/div>\n\t\t\t\t\t<\/div>\n\t\t<\/div>\n\t\t\t\t<div class=\"elementor-column elementor-col-50 elementor-top-column elementor-element elementor-element-19b7b8aa\" data-id=\"19b7b8aa\" data-element_type=\"column\">\n\t\t\t<div class=\"elementor-column-wrap elementor-element-populated\">\n\t\t\t\t\t\t\t<div class=\"elementor-widget-wrap\">\n\t\t\t\t\t\t<div class=\"elementor-element elementor-element-7cb2015 elementor-widget elementor-widget-text-editor\" data-id=\"7cb2015\" data-element_type=\"widget\" data-widget_type=\"text-editor.default\">\n\t\t\t\t<div class=\"elementor-widget-container\">\n\t\t\t\t\t\t\t\t<div class=\"elementor-text-editor elementor-clearfix\">\n\t\t\t\t\t<p><strong><span style=\"color: #003366;\">A igrexa rom\u00e1nica de\u00a0 Santa Mar\u00eda de Melide, catalogada como Monumento Nacional, est\u00e1 no punto quilom\u00e9trico 51,562 do Cami\u00f1o Franc\u00e9s. Escoita as s\u00faas camp\u00e1s<\/span><\/strong><\/p>\t\t\t\t\t<\/div>\n\t\t\t\t\t\t<\/div>\n\t\t\t\t<\/div>\n\t\t\t\t<div class=\"elementor-element elementor-element-96b3659 elementor-widget elementor-widget-text-editor\" data-id=\"96b3659\" data-element_type=\"widget\" data-widget_type=\"text-editor.default\">\n\t\t\t\t<div class=\"elementor-widget-container\">\n\t\t\t\t\t\t\t\t<div class=\"elementor-text-editor elementor-clearfix\">\n\t\t\t\t\t<p><strong><span style=\"color: #993300;\">La iglesia rom\u00e1nica de Santa Mar\u00eda de Melide, catalogada como Monumento Nacional, est\u00e1 en el punto kilom\u00e9trico 51,562 del Camino de Santiago<\/span><\/strong><\/p><p><strong><span style=\"color: #993300;\">Escucha sus campanas<\/span><\/strong><\/p>\t\t\t\t\t<\/div>\n\t\t\t\t\t\t<\/div>\n\t\t\t\t<\/div>\n\t\t\t\t<div class=\"elementor-element elementor-element-91fdf60 elementor-widget elementor-widget-text-editor\" data-id=\"91fdf60\" data-element_type=\"widget\" data-widget_type=\"text-editor.default\">\n\t\t\t\t<div class=\"elementor-widget-container\">\n\t\t\t\t\t\t\t\t<div class=\"elementor-text-editor elementor-clearfix\">\n\t\t\t\t\t<p><em><strong><span style=\"color: #000080;\">Saint Mary&#8217;s\u00a0 Romanesque church,\u00a0 in Melide, listed as a National Monument, is at\u00a0 kilometre 51,562 of the Saint James Way<\/span><\/strong><\/em><\/p><p><em><strong><span style=\"color: #000080;\">Listen to the bells<\/span><\/strong><\/em><\/p>\t\t\t\t\t<\/div>\n\t\t\t\t\t\t<\/div>\n\t\t\t\t<\/div>\n\t\t\t\t<div class=\"elementor-element elementor-element-25e9df88 elementor-widget elementor-widget-wp-widget-media_audio\" data-id=\"25e9df88\" data-element_type=\"widget\" data-widget_type=\"wp-widget-media_audio.default\">\n\t\t\t\t<div class=\"elementor-widget-container\">\n\t\t\t<audio class=\"wp-audio-shortcode\" id=\"audio-159-1\" preload=\"none\" style=\"width: 100%;\" controls=\"controls\"><source type=\"audio\/mpeg\" src=\"https:\/\/badaladas.gal\/wp-content\/uploads\/2020\/04\/Badaladas-Melide-Sta-Maria.mp3?_=1\" \/><source type=\"audio\/mpeg\" src=\"https:\/\/badaladas.gal\/wp-content\/uploads\/2020\/04\/Badaladas-Melide-Sta-Maria.mp3?_=1\" \/><a href=\"https:\/\/badaladas.gal\/wp-content\/uploads\/2020\/04\/Badaladas-Melide-Sta-Maria.mp3\">https:\/\/badaladas.gal\/wp-content\/uploads\/2020\/04\/Badaladas-Melide-Sta-Maria.mp3<\/a><\/audio>\t\t<\/div>\n\t\t\t\t<\/div>\n\t\t\t\t<div class=\"elementor-element elementor-element-3b2cfbb elementor-widget elementor-widget-yandex-maps\" data-id=\"3b2cfbb\" data-element_type=\"widget\" data-widget_type=\"yandex-maps.default\">\n\t\t\t\t<div class=\"elementor-widget-container\">\n\t\t\t\t\t<script>\n\t\t\tvar mihdan_elementor_yandex_map_3b2cfbb = {\n\t\t\t\t\"id\" : \"3b2cfbb\",\n\t\t\t\t\"language\" : \"en\",\n\t\t\t\t\"region\" : \"US\",\n\t\t\t\t\"lat\" : \"42.911383\",\n\t\t\t\t\"lng\" : \"-8.025250\",\n\t\t\t\t\"zoom\" : \"14\",\n\t\t\t\t\"type\" : \"map\",\n\t\t\t\t\"rulerControl\" : \"no\",\n\t\t\t\t\"searchControl\" : \"no\",\n\t\t\t\t\"trafficControl\" : \"no\",\n\t\t\t\t\"typeSelector\" : \"yes\",\n\t\t\t\t\"zoomControl\" : \"yes\",\n\t\t\t\t\"geolocationControl\" : \"no\",\n\t\t\t\t\"routeEditor\" : \"no\",\n\t\t\t\t\"fullscreenControl\" : \"no\",\n\t\t\t\t\"routeButtonControl\" : \"no\",\n\t\t\t\t\"routePanelControl\" : \"no\",\n\t\t\t\t\"disableScrollZoom\" : \"no\",\n\t\t\t\t\"disableDblClickZoom\" : \"no\",\n\t\t\t\t\"disableDrag\" : \"no\",\n\t\t\t\t\"disableLeftMouseButtonMagnifier\" : \"no\",\n\t\t\t\t\"disableRightMouseButtonMagnifier\" : \"no\",\n\t\t\t\t\"disableMultiTouch\" : \"no\",\n\t\t\t\t\"disableRouteEditor\" : \"no\",\n\t\t\t\t\"disableRuler\" : \"no\",\n\t\t\t\t\"enableObjectManager\" : \"no\",\n\t\t\t\t\"infoWindowMaxWidth\" : \"300\",\n\t\t\t\t\"locations\" : {\n    \"type\": \"FeatureCollection\",\n    \"clusterPreset\": \"islands#blueClusterIcons\",\n    \"features\": [\n        {\n            \"type\": \"Feature\",\n            \"id\": \"id_0\",\n            \"geometry\": {\n                \"type\": \"Point\",\n                \"coordinates\": [\n                    \"42.911383\",\n                    \"-8.025250\"\n                ]\n            },\n            \"properties\": {\n                \"iconCaption\": \"\",\n                \"iconContent\": \"\",\n                \"hintContent\": \"\",\n                \"balloonContentHeader\": \"Igrexa de Santa Mar\u00eda (Melide)\",\n                \"balloonContentFooter\": \"\",\n                \"balloonContentBody\": \"\"\n            },\n            \"options\": {\n                \"preset\": \"islands#darkGreenDotIcon\",\n                \"balloonIsOpened\": \"no\",\n                \"iconImage\": \"\",\n                \"iconImageWidth\": \"\",\n                \"iconImageHeight\": \"\"\n            }\n        }\n    ]\n}\t\t\t};\n\t\t<\/script>\n\t\t<div id=\"mihdan_elementor_yandex_map_3b2cfbb\" class=\"mihdan-elementor-yandex-maps\" style=\"height: 300px;\"><\/div>\n\t\t\t\t<\/div>\n\t\t\t\t<\/div>\n\t\t\t\t\t\t<\/div>\n\t\t\t\t\t<\/div>\n\t\t<\/div>\n\t\t\t\t\t\t\t\t<\/div>\n\t\t\t\t\t<\/div>\n\t\t<\/section>\n\t\t\t\t<section class=\"elementor-section elementor-top-section elementor-element elementor-element-2bde6e80 elementor-section-stretched elementor-section-boxed elementor-section-height-default elementor-section-height-default\" data-id=\"2bde6e80\" data-element_type=\"section\" data-settings=\"{&quot;stretch_section&quot;:&quot;section-stretched&quot;}\">\n\t\t\t\t\t\t<div class=\"elementor-container elementor-column-gap-default\">\n\t\t\t\t\t\t\t<div class=\"elementor-row\">\n\t\t\t\t\t<div class=\"elementor-column elementor-col-100 elementor-top-column elementor-element elementor-element-43b00185\" data-id=\"43b00185\" data-element_type=\"column\">\n\t\t\t<div class=\"elementor-column-wrap elementor-element-populated\">\n\t\t\t\t\t\t\t<div class=\"elementor-widget-wrap\">\n\t\t\t\t\t\t<div class=\"elementor-element elementor-element-ca43079 elementor-widget elementor-widget-heading\" data-id=\"ca43079\" data-element_type=\"widget\" data-widget_type=\"heading.default\">\n\t\t\t\t<div class=\"elementor-widget-container\">\n\t\t\t<h2 class=\"elementor-heading-title elementor-size-default\">As camp\u00e1s da Igrexa de SANTA MAR\u00cdA<\/h2>\t\t<\/div>\n\t\t\t\t<\/div>\n\t\t\t\t<div class=\"elementor-element elementor-element-95fa1f9 elementor-widget elementor-widget-text-editor\" data-id=\"95fa1f9\" data-element_type=\"widget\" data-widget_type=\"text-editor.default\">\n\t\t\t\t<div class=\"elementor-widget-container\">\n\t\t\t\t\t\t\t\t<div class=\"elementor-text-editor elementor-clearfix\">\n\t\t\t\t\t<h4 style=\"text-align: center;\"><strong>LAS CAMPANAS DE LA IGLESIA DE SANTA MAR\u00cdA \u00a0\u00a0\u00a0\u00a0\u00a0\u00a0\u00a0\u00a0\u00a0\u00a0\u00a0\u00a0\u00a0\u00a0\u00a0\u00a0\u00a0\u00a0\u00a0\u00a0\u00a0\u00a0\u00a0\u00a0\u00a0\u00a0\u00a0\u00a0\u00a0\u00a0\u00a0 <em>SAINT MARY&#8217;S CHURCH BELLS<\/em><br \/><\/strong><\/h4>\t\t\t\t\t<\/div>\n\t\t\t\t\t\t<\/div>\n\t\t\t\t<\/div>\n\t\t\t\t\t\t<\/div>\n\t\t\t\t\t<\/div>\n\t\t<\/div>\n\t\t\t\t\t\t\t\t<\/div>\n\t\t\t\t\t<\/div>\n\t\t<\/section>\n\t\t\t\t<section class=\"elementor-section elementor-top-section elementor-element elementor-element-30a85c60 elementor-section-stretched elementor-section-full_width elementor-section-height-default elementor-section-height-default\" data-id=\"30a85c60\" data-element_type=\"section\" data-settings=\"{&quot;stretch_section&quot;:&quot;section-stretched&quot;,&quot;background_background&quot;:&quot;classic&quot;}\">\n\t\t\t\t\t\t<div class=\"elementor-container elementor-column-gap-default\">\n\t\t\t\t\t\t\t<div class=\"elementor-row\">\n\t\t\t\t\t<div class=\"elementor-column elementor-col-50 elementor-top-column elementor-element elementor-element-12c39971\" data-id=\"12c39971\" data-element_type=\"column\">\n\t\t\t<div class=\"elementor-column-wrap elementor-element-populated\">\n\t\t\t\t\t\t\t<div class=\"elementor-widget-wrap\">\n\t\t\t\t\t\t<div class=\"elementor-element elementor-element-91049a5 elementor-widget elementor-widget-image\" data-id=\"91049a5\" data-element_type=\"widget\" data-widget_type=\"image.default\">\n\t\t\t\t<div class=\"elementor-widget-container\">\n\t\t\t\t\t\t\t\t<div class=\"elementor-image\">\n\t\t\t\t\t\t\t\t\t\t\t\t\t<a href=\"https:\/\/badaladas.gal\/wp-content\/uploads\/2020\/02\/P1020172-Mel-S-Maria-g-scaled.jpg\" data-elementor-open-lightbox=\"yes\" data-elementor-lightbox-title=\"P1020172 Mel S Maria g\">\n\t\t\t\t\t\t\t<img loading=\"lazy\" decoding=\"async\" width=\"2560\" height=\"1920\" src=\"https:\/\/badaladas.gal\/wp-content\/uploads\/2020\/02\/P1020172-Mel-S-Maria-g-scaled.jpg\" class=\"attachment-full size-full\" alt=\"\" srcset=\"https:\/\/badaladas.gal\/wp-content\/uploads\/2020\/02\/P1020172-Mel-S-Maria-g-scaled.jpg 2560w, https:\/\/badaladas.gal\/wp-content\/uploads\/2020\/02\/P1020172-Mel-S-Maria-g-300x225.jpg 300w, https:\/\/badaladas.gal\/wp-content\/uploads\/2020\/02\/P1020172-Mel-S-Maria-g-1024x768.jpg 1024w, https:\/\/badaladas.gal\/wp-content\/uploads\/2020\/02\/P1020172-Mel-S-Maria-g-768x576.jpg 768w, https:\/\/badaladas.gal\/wp-content\/uploads\/2020\/02\/P1020172-Mel-S-Maria-g-1536x1152.jpg 1536w, https:\/\/badaladas.gal\/wp-content\/uploads\/2020\/02\/P1020172-Mel-S-Maria-g-2048x1536.jpg 2048w\" sizes=\"auto, 100vw\" \/>\t\t\t\t\t\t\t\t<\/a>\n\t\t\t\t\t\t\t\t\t\t\t\t\t\t<\/div>\n\t\t\t\t\t\t<\/div>\n\t\t\t\t<\/div>\n\t\t\t\t<div class=\"elementor-element elementor-element-15f018e6 gallery-spacing-custom elementor-widget elementor-widget-image-gallery\" data-id=\"15f018e6\" data-element_type=\"widget\" data-widget_type=\"image-gallery.default\">\n\t\t\t\t<div class=\"elementor-widget-container\">\n\t\t\t\t\t<div class=\"elementor-image-gallery\">\n\t\t\t<div id='gallery-1' class='gallery galleryid-159 gallery-columns-2 gallery-size-full'><figure class='gallery-item'>\n\t\t\t<div class='gallery-icon landscape'>\n\t\t\t\t<a data-elementor-open-lightbox=\"yes\" data-elementor-lightbox-slideshow=\"15f018e6\" data-elementor-lightbox-title=\"P1020200 Mel S Maria g\" href='https:\/\/badaladas.gal\/wp-content\/uploads\/2020\/02\/P1020200-Mel-S-Maria-g-scaled.jpg'><img loading=\"lazy\" decoding=\"async\" width=\"2560\" height=\"1920\" src=\"https:\/\/badaladas.gal\/wp-content\/uploads\/2020\/02\/P1020200-Mel-S-Maria-g-scaled.jpg\" class=\"attachment-full size-full\" alt=\"\" srcset=\"https:\/\/badaladas.gal\/wp-content\/uploads\/2020\/02\/P1020200-Mel-S-Maria-g-scaled.jpg 2560w, https:\/\/badaladas.gal\/wp-content\/uploads\/2020\/02\/P1020200-Mel-S-Maria-g-300x225.jpg 300w, https:\/\/badaladas.gal\/wp-content\/uploads\/2020\/02\/P1020200-Mel-S-Maria-g-1024x768.jpg 1024w, https:\/\/badaladas.gal\/wp-content\/uploads\/2020\/02\/P1020200-Mel-S-Maria-g-768x576.jpg 768w, https:\/\/badaladas.gal\/wp-content\/uploads\/2020\/02\/P1020200-Mel-S-Maria-g-1536x1152.jpg 1536w, https:\/\/badaladas.gal\/wp-content\/uploads\/2020\/02\/P1020200-Mel-S-Maria-g-2048x1536.jpg 2048w\" sizes=\"auto, 100vw\" \/><\/a>\n\t\t\t<\/div><\/figure><figure class='gallery-item'>\n\t\t\t<div class='gallery-icon landscape'>\n\t\t\t\t<a data-elementor-open-lightbox=\"yes\" data-elementor-lightbox-slideshow=\"15f018e6\" data-elementor-lightbox-title=\"P1020192 Mel S Maria g\" href='https:\/\/badaladas.gal\/wp-content\/uploads\/2020\/02\/P1020192-Mel-S-Maria-g.jpg'><img loading=\"lazy\" decoding=\"async\" width=\"1224\" height=\"918\" src=\"https:\/\/badaladas.gal\/wp-content\/uploads\/2020\/02\/P1020192-Mel-S-Maria-g.jpg\" class=\"attachment-full size-full\" alt=\"\" srcset=\"https:\/\/badaladas.gal\/wp-content\/uploads\/2020\/02\/P1020192-Mel-S-Maria-g.jpg 1224w, https:\/\/badaladas.gal\/wp-content\/uploads\/2020\/02\/P1020192-Mel-S-Maria-g-300x225.jpg 300w, https:\/\/badaladas.gal\/wp-content\/uploads\/2020\/02\/P1020192-Mel-S-Maria-g-1024x768.jpg 1024w, https:\/\/badaladas.gal\/wp-content\/uploads\/2020\/02\/P1020192-Mel-S-Maria-g-768x576.jpg 768w\" sizes=\"auto, 100vw\" \/><\/a>\n\t\t\t<\/div><\/figure>\n\t\t<\/div>\n\t\t<\/div>\n\t\t\t\t<\/div>\n\t\t\t\t<\/div>\n\t\t\t\t<div class=\"elementor-element elementor-element-afe410 elementor-invisible elementor-widget elementor-widget-wp-widget-text\" data-id=\"afe410\" data-element_type=\"widget\" data-settings=\"{&quot;_animation&quot;:&quot;fadeIn&quot;}\" data-widget_type=\"wp-widget-text.default\">\n\t\t\t\t<div class=\"elementor-widget-container\">\n\t\t\t\t\t\t<div class=\"textwidget\"><p>Fabricante\/Manufacturer:<\/p>\n<p>Ano de fabricaci\u00f3n\/Manufacturing year:<\/p>\n<p>Altura\/Heigth:<\/p>\n<p>Di\u00e1metro\/Diameter:<\/p>\n<p>Nota musical\/Musical note:\u00a0\u00a0 <strong>Mi b\/E b<\/strong><\/p>\n<p>Estado\/Condition:\u00a0\u00a0<strong> en uso\/in use<br \/>\n<\/strong><\/p>\n<p>Inscrici\u00f3ns: <strong>\u00a0 \u00a0 \u00a0\u00a0 JHS MARIA\u00a0 A\u00d1O DE &#8230;<\/strong><\/p>\n<p><strong>ME HICIERON SIENDO CURA D<em>N<\/em>. FRANCISCO PICHIN<br \/>\n<\/strong><\/p>\n<p>Inscriptions: JHS, MARY<\/p>\n<p>YEAR &#8230;.<\/p>\n<p>THEY MADE ME BEING A PRIEST FRANCISCO PICH\u00cdN<\/p>\n<\/div>\n\t\t\t\t<\/div>\n\t\t\t\t<\/div>\n\t\t\t\t\t\t<\/div>\n\t\t\t\t\t<\/div>\n\t\t<\/div>\n\t\t\t\t<div class=\"elementor-column elementor-col-50 elementor-top-column elementor-element elementor-element-1d4073c4\" data-id=\"1d4073c4\" data-element_type=\"column\">\n\t\t\t<div class=\"elementor-column-wrap elementor-element-populated\">\n\t\t\t\t\t\t\t<div class=\"elementor-widget-wrap\">\n\t\t\t\t\t\t<div class=\"elementor-element elementor-element-3ef1fabc elementor-widget elementor-widget-image\" data-id=\"3ef1fabc\" data-element_type=\"widget\" data-widget_type=\"image.default\">\n\t\t\t\t<div class=\"elementor-widget-container\">\n\t\t\t\t\t\t\t\t<div class=\"elementor-image\">\n\t\t\t\t\t\t\t\t\t\t\t\t\t<a href=\"https:\/\/badaladas.gal\/wp-content\/uploads\/2020\/02\/P1020210-Mel-S-Maria-p.jpg\" data-elementor-open-lightbox=\"yes\" data-elementor-lightbox-title=\"P1020210 Mel S Maria p\">\n\t\t\t\t\t\t\t<img loading=\"lazy\" decoding=\"async\" width=\"2448\" height=\"1836\" src=\"https:\/\/badaladas.gal\/wp-content\/uploads\/2020\/02\/P1020210-Mel-S-Maria-p.jpg\" class=\"attachment-full size-full\" alt=\"\" srcset=\"https:\/\/badaladas.gal\/wp-content\/uploads\/2020\/02\/P1020210-Mel-S-Maria-p.jpg 2448w, https:\/\/badaladas.gal\/wp-content\/uploads\/2020\/02\/P1020210-Mel-S-Maria-p-300x225.jpg 300w, https:\/\/badaladas.gal\/wp-content\/uploads\/2020\/02\/P1020210-Mel-S-Maria-p-1024x768.jpg 1024w, https:\/\/badaladas.gal\/wp-content\/uploads\/2020\/02\/P1020210-Mel-S-Maria-p-768x576.jpg 768w, https:\/\/badaladas.gal\/wp-content\/uploads\/2020\/02\/P1020210-Mel-S-Maria-p-1536x1152.jpg 1536w, https:\/\/badaladas.gal\/wp-content\/uploads\/2020\/02\/P1020210-Mel-S-Maria-p-2048x1536.jpg 2048w\" sizes=\"auto, 100vw\" \/>\t\t\t\t\t\t\t\t<\/a>\n\t\t\t\t\t\t\t\t\t\t\t\t\t\t<\/div>\n\t\t\t\t\t\t<\/div>\n\t\t\t\t<\/div>\n\t\t\t\t<div class=\"elementor-element elementor-element-66823f4c gallery-spacing-custom elementor-widget elementor-widget-image-gallery\" data-id=\"66823f4c\" data-element_type=\"widget\" data-widget_type=\"image-gallery.default\">\n\t\t\t\t<div class=\"elementor-widget-container\">\n\t\t\t\t\t<div class=\"elementor-image-gallery\">\n\t\t\t<div id='gallery-2' class='gallery galleryid-159 gallery-columns-2 gallery-size-full'><figure class='gallery-item'>\n\t\t\t<div class='gallery-icon landscape'>\n\t\t\t\t<a data-elementor-open-lightbox=\"yes\" data-elementor-lightbox-slideshow=\"66823f4c\" data-elementor-lightbox-title=\"P1020207 Mel S Maria p\" href='https:\/\/badaladas.gal\/wp-content\/uploads\/2020\/02\/P1020207-Mel-S-Maria-p-scaled.jpg'><img loading=\"lazy\" decoding=\"async\" width=\"2560\" height=\"1920\" src=\"https:\/\/badaladas.gal\/wp-content\/uploads\/2020\/02\/P1020207-Mel-S-Maria-p-scaled.jpg\" class=\"attachment-full size-full\" alt=\"\" srcset=\"https:\/\/badaladas.gal\/wp-content\/uploads\/2020\/02\/P1020207-Mel-S-Maria-p-scaled.jpg 2560w, https:\/\/badaladas.gal\/wp-content\/uploads\/2020\/02\/P1020207-Mel-S-Maria-p-300x225.jpg 300w, https:\/\/badaladas.gal\/wp-content\/uploads\/2020\/02\/P1020207-Mel-S-Maria-p-1024x768.jpg 1024w, https:\/\/badaladas.gal\/wp-content\/uploads\/2020\/02\/P1020207-Mel-S-Maria-p-768x576.jpg 768w, https:\/\/badaladas.gal\/wp-content\/uploads\/2020\/02\/P1020207-Mel-S-Maria-p-1536x1152.jpg 1536w, https:\/\/badaladas.gal\/wp-content\/uploads\/2020\/02\/P1020207-Mel-S-Maria-p-2048x1536.jpg 2048w\" sizes=\"auto, 100vw\" \/><\/a>\n\t\t\t<\/div><\/figure><figure class='gallery-item'>\n\t\t\t<div class='gallery-icon landscape'>\n\t\t\t\t<a data-elementor-open-lightbox=\"yes\" data-elementor-lightbox-slideshow=\"66823f4c\" data-elementor-lightbox-title=\"P1020193 Mel S Maria p\" href='https:\/\/badaladas.gal\/wp-content\/uploads\/2020\/02\/P1020193-Mel-S-Maria-p.jpg'><img loading=\"lazy\" decoding=\"async\" width=\"2448\" height=\"1836\" src=\"https:\/\/badaladas.gal\/wp-content\/uploads\/2020\/02\/P1020193-Mel-S-Maria-p.jpg\" class=\"attachment-full size-full\" alt=\"\" srcset=\"https:\/\/badaladas.gal\/wp-content\/uploads\/2020\/02\/P1020193-Mel-S-Maria-p.jpg 2448w, https:\/\/badaladas.gal\/wp-content\/uploads\/2020\/02\/P1020193-Mel-S-Maria-p-300x225.jpg 300w, https:\/\/badaladas.gal\/wp-content\/uploads\/2020\/02\/P1020193-Mel-S-Maria-p-1024x768.jpg 1024w, https:\/\/badaladas.gal\/wp-content\/uploads\/2020\/02\/P1020193-Mel-S-Maria-p-768x576.jpg 768w, https:\/\/badaladas.gal\/wp-content\/uploads\/2020\/02\/P1020193-Mel-S-Maria-p-1536x1152.jpg 1536w, https:\/\/badaladas.gal\/wp-content\/uploads\/2020\/02\/P1020193-Mel-S-Maria-p-2048x1536.jpg 2048w\" sizes=\"auto, 100vw\" \/><\/a>\n\t\t\t<\/div><\/figure>\n\t\t<\/div>\n\t\t<\/div>\n\t\t\t\t<\/div>\n\t\t\t\t<\/div>\n\t\t\t\t<div class=\"elementor-element elementor-element-48dd2718 elementor-invisible elementor-widget elementor-widget-wp-widget-text\" data-id=\"48dd2718\" data-element_type=\"widget\" data-settings=\"{&quot;_animation&quot;:&quot;fadeIn&quot;}\" data-widget_type=\"wp-widget-text.default\">\n\t\t\t\t<div class=\"elementor-widget-container\">\n\t\t\t\t\t\t<div class=\"textwidget\"><p>Fabricante\/Manufacturer:<\/p>\n<p>Ano de fabricaci\u00f3n\/Manufacturing year:<\/p>\n<p>Altura\/Heigth:<\/p>\n<p>Di\u00e1metro\/Diameter:<\/p>\n<p>Nota musical\/Musical note:\u00a0\u00a0 <strong>Si b\/B b<\/strong><\/p>\n<p>Estado\/Condition:\u00a0\u00a0<strong> en uso\/in use<\/strong><\/p>\n<p>&nbsp;<\/p>\n<p>Inscrici\u00f3ns: \u00a0<strong>\u00a0 IHS M\u00aa. Y JOSE\u00a0 A\u00d1O &#8230;<\/strong><\/p>\n<p><strong>S<em>T\u00aa<\/em>. M<em>\u00aa<\/em>. DE MELLID<br \/>\n<\/strong><\/p>\n<p>Inscriptions:\u00a0\u00a0\u00a0 IHS, MARY AND JOSEPH<\/p>\n<p>YEAR&#8230;.<\/p>\n<p>SANTA MAR\u00cdA DE MELIDE<\/p>\n<\/div>\n\t\t\t\t<\/div>\n\t\t\t\t<\/div>\n\t\t\t\t\t\t<\/div>\n\t\t\t\t\t<\/div>\n\t\t<\/div>\n\t\t\t\t\t\t\t\t<\/div>\n\t\t\t\t\t<\/div>\n\t\t<\/section>\n\t\t\t\t<section class=\"elementor-section elementor-top-section elementor-element elementor-element-4a5d0672 elementor-section-boxed elementor-section-height-default elementor-section-height-default\" data-id=\"4a5d0672\" data-element_type=\"section\">\n\t\t\t\t\t\t<div class=\"elementor-container elementor-column-gap-default\">\n\t\t\t\t\t\t\t<div class=\"elementor-row\">\n\t\t\t\t\t\t\t\t\t<\/div>\n\t\t\t\t\t<\/div>\n\t\t<\/section>\n\t\t\t\t\t\t<\/div>\n\t\t\t\t\t\t<\/div>\n\t\t\t\t\t<\/div>\n\t\t","protected":false},"excerpt":{"rendered":"<p>A igrexa rom\u00e1nica de\u00a0 Santa Mar\u00eda de Melide, catalogada como Monumento Nacional, est\u00e1 no punto quilom\u00e9trico 51,562 do Cami\u00f1o Franc\u00e9s. Escoita as s\u00faas camp\u00e1s La iglesia rom\u00e1nica de Santa Mar\u00eda de Melide, catalogada como Monumento Nacional, est\u00e1 en el punto kilom\u00e9trico 51,562 del Camino de Santiago Escucha sus campanas Saint Mary&#8217;s\u00a0 Romanesque church,\u00a0 in Melide, &hellip; <\/p>\n<p class=\"link-more\"><a href=\"https:\/\/badaladas.gal\/index.php\/__trashed-5\/\" class=\"more-link\">Continuar leyendo<span class=\"screen-reader-text\"> &#8220;MELIDE SANTA MAR\u00cdA&#8221;<\/span><\/a><\/p>\n","protected":false},"author":2,"featured_media":0,"parent":0,"menu_order":0,"comment_status":"closed","ping_status":"closed","template":"","meta":{"footnotes":""},"class_list":["post-159","page","type-page","status-publish","hentry"],"_links":{"self":[{"href":"https:\/\/badaladas.gal\/index.php\/wp-json\/wp\/v2\/pages\/159","targetHints":{"allow":["GET"]}}],"collection":[{"href":"https:\/\/badaladas.gal\/index.php\/wp-json\/wp\/v2\/pages"}],"about":[{"href":"https:\/\/badaladas.gal\/index.php\/wp-json\/wp\/v2\/types\/page"}],"author":[{"embeddable":true,"href":"https:\/\/badaladas.gal\/index.php\/wp-json\/wp\/v2\/users\/2"}],"replies":[{"embeddable":true,"href":"https:\/\/badaladas.gal\/index.php\/wp-json\/wp\/v2\/comments?post=159"}],"version-history":[{"count":46,"href":"https:\/\/badaladas.gal\/index.php\/wp-json\/wp\/v2\/pages\/159\/revisions"}],"predecessor-version":[{"id":8463,"href":"https:\/\/badaladas.gal\/index.php\/wp-json\/wp\/v2\/pages\/159\/revisions\/8463"}],"wp:attachment":[{"href":"https:\/\/badaladas.gal\/index.php\/wp-json\/wp\/v2\/media?parent=159"}],"curies":[{"name":"wp","href":"https:\/\/api.w.org\/{rel}","templated":true}]}}