{"id":2257,"date":"2020-04-05T18:43:27","date_gmt":"2020-04-05T18:43:27","guid":{"rendered":"https:\/\/badaladas.gal\/?page_id=2257"},"modified":"2025-05-23T00:09:55","modified_gmt":"2025-05-22T23:09:55","slug":"santa-irene","status":"publish","type":"page","link":"https:\/\/badaladas.gal\/index.php\/santa-irene\/","title":{"rendered":"CAPELA DE SANTA IRENE"},"content":{"rendered":"\t\t<div data-elementor-type=\"wp-page\" data-elementor-id=\"2257\" class=\"elementor elementor-2257\" data-elementor-settings=\"[]\">\n\t\t\t\t\t\t<div class=\"elementor-inner\">\n\t\t\t\t\t\t\t<div class=\"elementor-section-wrap\">\n\t\t\t\t\t\t\t<section class=\"elementor-section elementor-top-section elementor-element elementor-element-32c4b6a5 elementor-section-stretched elementor-section-full_width elementor-section-height-default elementor-section-height-default\" data-id=\"32c4b6a5\" data-element_type=\"section\" data-settings=\"{&quot;stretch_section&quot;:&quot;section-stretched&quot;}\">\n\t\t\t\t\t\t<div class=\"elementor-container elementor-column-gap-default\">\n\t\t\t\t\t\t\t<div class=\"elementor-row\">\n\t\t\t\t\t<div class=\"elementor-column elementor-col-50 elementor-top-column elementor-element elementor-element-43f7925b\" data-id=\"43f7925b\" data-element_type=\"column\">\n\t\t\t<div class=\"elementor-column-wrap elementor-element-populated\">\n\t\t\t\t\t\t\t<div class=\"elementor-widget-wrap\">\n\t\t\t\t\t\t<div class=\"elementor-element elementor-element-5dd96a3b elementor-widget elementor-widget-image\" data-id=\"5dd96a3b\" data-element_type=\"widget\" data-widget_type=\"image.default\">\n\t\t\t\t<div class=\"elementor-widget-container\">\n\t\t\t\t\t\t\t\t<div class=\"elementor-image\">\n\t\t\t\t\t\t\t\t\t\t\t\t<img loading=\"lazy\" decoding=\"async\" width=\"996\" height=\"645\" src=\"https:\/\/badaladas.gal\/wp-content\/uploads\/2020\/04\/DSC07188-igr-S-Iren.jpg\" class=\"attachment-full size-full\" alt=\"\" srcset=\"https:\/\/badaladas.gal\/wp-content\/uploads\/2020\/04\/DSC07188-igr-S-Iren.jpg 996w, https:\/\/badaladas.gal\/wp-content\/uploads\/2020\/04\/DSC07188-igr-S-Iren-300x194.jpg 300w, https:\/\/badaladas.gal\/wp-content\/uploads\/2020\/04\/DSC07188-igr-S-Iren-768x497.jpg 768w\" sizes=\"auto, 100vw\" \/>\t\t\t\t\t\t\t\t\t\t\t\t\t\t<\/div>\n\t\t\t\t\t\t<\/div>\n\t\t\t\t<\/div>\n\t\t\t\t\t\t<\/div>\n\t\t\t\t\t<\/div>\n\t\t<\/div>\n\t\t\t\t<div class=\"elementor-column elementor-col-50 elementor-top-column elementor-element elementor-element-1656e2c9\" data-id=\"1656e2c9\" data-element_type=\"column\">\n\t\t\t<div class=\"elementor-column-wrap elementor-element-populated\">\n\t\t\t\t\t\t\t<div class=\"elementor-widget-wrap\">\n\t\t\t\t\t\t<div class=\"elementor-element elementor-element-4ceafa7f elementor-widget elementor-widget-text-editor\" data-id=\"4ceafa7f\" data-element_type=\"widget\" data-widget_type=\"text-editor.default\">\n\t\t\t\t<div class=\"elementor-widget-container\">\n\t\t\t\t\t\t\t\t<div class=\"elementor-text-editor elementor-clearfix\">\n\t\t\t\t\t<p><strong><span style=\"color: #003366;\">A capela de Santa Irene est\u00e1 no concello do Pino, no punto quilom\u00e9trico 22,644 do Cami\u00f1o de Santiago.<\/span><\/strong><\/p><p><strong><span style=\"color: #003366;\">Escoita as badaladas da s\u00faa camp\u00e1.<\/span><\/strong><\/p>\t\t\t\t\t<\/div>\n\t\t\t\t\t\t<\/div>\n\t\t\t\t<\/div>\n\t\t\t\t<div class=\"elementor-element elementor-element-ca020ba elementor-widget elementor-widget-text-editor\" data-id=\"ca020ba\" data-element_type=\"widget\" data-widget_type=\"text-editor.default\">\n\t\t\t\t<div class=\"elementor-widget-container\">\n\t\t\t\t\t\t\t\t<div class=\"elementor-text-editor elementor-clearfix\">\n\t\t\t\t\t<p><strong><span style=\"color: #993300;\">La capilla de Santa Irene est\u00e1\u00a0 en el ayuntamiento de de O Pino, en el punto kilom\u00e9trico 22,644 del Camino de Santiago.<\/span><\/strong><\/p><p><strong><span style=\"color: #993300;\">Escucha su campana.<\/span><\/strong><\/p>\t\t\t\t\t<\/div>\n\t\t\t\t\t\t<\/div>\n\t\t\t\t<\/div>\n\t\t\t\t<div class=\"elementor-element elementor-element-7ea69d5 elementor-widget elementor-widget-text-editor\" data-id=\"7ea69d5\" data-element_type=\"widget\" data-widget_type=\"text-editor.default\">\n\t\t\t\t<div class=\"elementor-widget-container\">\n\t\t\t\t\t\t\t\t<div class=\"elementor-text-editor elementor-clearfix\">\n\t\t\t\t\t<p><em><strong><span style=\"color: #000080;\">Saint Irene&#8217;s chapel is placed in O Pino township, at kilometre 22,644 of the St James Way<\/span><\/strong><\/em><\/p><p><em><strong><span style=\"color: #000080;\">Listen to the\u00a0 bell<\/span><\/strong><\/em><\/p>\t\t\t\t\t<\/div>\n\t\t\t\t\t\t<\/div>\n\t\t\t\t<\/div>\n\t\t\t\t<div class=\"elementor-element elementor-element-aedb7d2 elementor-widget elementor-widget-wp-widget-media_audio\" data-id=\"aedb7d2\" data-element_type=\"widget\" data-widget_type=\"wp-widget-media_audio.default\">\n\t\t\t\t<div class=\"elementor-widget-container\">\n\t\t\t<audio class=\"wp-audio-shortcode\" id=\"audio-2257-1\" preload=\"none\" style=\"width: 100%;\" controls=\"controls\"><source type=\"audio\/mpeg\" src=\"https:\/\/badaladas.gal\/wp-content\/uploads\/2020\/04\/Badaladas-Sta-Irene-CateLU_0150.mp3?_=1\" \/><source type=\"audio\/mpeg\" src=\"https:\/\/badaladas.gal\/wp-content\/uploads\/2020\/04\/Badaladas-Sta-Irene-CateLU_0150.mp3?_=1\" \/><a href=\"https:\/\/badaladas.gal\/wp-content\/uploads\/2020\/04\/Badaladas-Sta-Irene-CateLU_0150.mp3\">https:\/\/badaladas.gal\/wp-content\/uploads\/2020\/04\/Badaladas-Sta-Irene-CateLU_0150.mp3<\/a><\/audio>\t\t<\/div>\n\t\t\t\t<\/div>\n\t\t\t\t<div class=\"elementor-element elementor-element-7fd326e1 elementor-widget elementor-widget-yandex-maps\" data-id=\"7fd326e1\" data-element_type=\"widget\" data-widget_type=\"yandex-maps.default\">\n\t\t\t\t<div class=\"elementor-widget-container\">\n\t\t\t\t\t<script>\n\t\t\tvar mihdan_elementor_yandex_map_7fd326e1 = {\n\t\t\t\t\"id\" : \"7fd326e1\",\n\t\t\t\t\"language\" : \"en\",\n\t\t\t\t\"region\" : \"US\",\n\t\t\t\t\"lat\" : \"42.916905\",\n\t\t\t\t\"lng\" : \"-8.330683\",\n\t\t\t\t\"zoom\" : \"11\",\n\t\t\t\t\"type\" : \"map\",\n\t\t\t\t\"rulerControl\" : \"no\",\n\t\t\t\t\"searchControl\" : \"no\",\n\t\t\t\t\"trafficControl\" : \"no\",\n\t\t\t\t\"typeSelector\" : \"yes\",\n\t\t\t\t\"zoomControl\" : \"yes\",\n\t\t\t\t\"geolocationControl\" : \"no\",\n\t\t\t\t\"routeEditor\" : \"no\",\n\t\t\t\t\"fullscreenControl\" : \"no\",\n\t\t\t\t\"routeButtonControl\" : \"no\",\n\t\t\t\t\"routePanelControl\" : \"no\",\n\t\t\t\t\"disableScrollZoom\" : \"no\",\n\t\t\t\t\"disableDblClickZoom\" : \"no\",\n\t\t\t\t\"disableDrag\" : \"no\",\n\t\t\t\t\"disableLeftMouseButtonMagnifier\" : \"no\",\n\t\t\t\t\"disableRightMouseButtonMagnifier\" : \"no\",\n\t\t\t\t\"disableMultiTouch\" : \"no\",\n\t\t\t\t\"disableRouteEditor\" : \"no\",\n\t\t\t\t\"disableRuler\" : \"no\",\n\t\t\t\t\"enableObjectManager\" : \"no\",\n\t\t\t\t\"infoWindowMaxWidth\" : \"300\",\n\t\t\t\t\"locations\" : {\n    \"type\": \"FeatureCollection\",\n    \"clusterPreset\": \"islands#blueClusterIcons\",\n    \"features\": [\n        {\n            \"type\": \"Feature\",\n            \"id\": \"id_0\",\n            \"geometry\": {\n                \"type\": \"Point\",\n                \"coordinates\": [\n                    \"42.916905\",\n                    \"-8.330683\"\n                ]\n            },\n            \"properties\": {\n                \"iconCaption\": \"\",\n                \"iconContent\": \"\",\n                \"hintContent\": \"\",\n                \"balloonContentHeader\": \"Capela de Santa Irene\",\n                \"balloonContentFooter\": \"\",\n                \"balloonContentBody\": \"\"\n            },\n            \"options\": {\n                \"preset\": \"islands#oliveDotIcon\",\n                \"balloonIsOpened\": \"no\",\n                \"iconImage\": \"\",\n                \"iconImageWidth\": \"\",\n                \"iconImageHeight\": \"\"\n            }\n        }\n    ]\n}\t\t\t};\n\t\t<\/script>\n\t\t<div id=\"mihdan_elementor_yandex_map_7fd326e1\" class=\"mihdan-elementor-yandex-maps\" style=\"height: 300px;\"><\/div>\n\t\t\t\t<\/div>\n\t\t\t\t<\/div>\n\t\t\t\t\t\t<\/div>\n\t\t\t\t\t<\/div>\n\t\t<\/div>\n\t\t\t\t\t\t\t\t<\/div>\n\t\t\t\t\t<\/div>\n\t\t<\/section>\n\t\t\t\t<section class=\"elementor-section elementor-top-section elementor-element elementor-element-23921b5 elementor-section-stretched elementor-section-boxed elementor-section-height-default elementor-section-height-default\" data-id=\"23921b5\" data-element_type=\"section\" data-settings=\"{&quot;stretch_section&quot;:&quot;section-stretched&quot;}\">\n\t\t\t\t\t\t<div class=\"elementor-container elementor-column-gap-default\">\n\t\t\t\t\t\t\t<div class=\"elementor-row\">\n\t\t\t\t\t<div class=\"elementor-column elementor-col-100 elementor-top-column elementor-element elementor-element-1fa88f5d\" data-id=\"1fa88f5d\" data-element_type=\"column\">\n\t\t\t<div class=\"elementor-column-wrap elementor-element-populated\">\n\t\t\t\t\t\t\t<div class=\"elementor-widget-wrap\">\n\t\t\t\t\t\t<div class=\"elementor-element elementor-element-498baab8 elementor-widget elementor-widget-heading\" data-id=\"498baab8\" data-element_type=\"widget\" data-widget_type=\"heading.default\">\n\t\t\t\t<div class=\"elementor-widget-container\">\n\t\t\t<h2 class=\"elementor-heading-title elementor-size-default\">As camp\u00e1s da capela de Santa Irene<\/h2>\t\t<\/div>\n\t\t\t\t<\/div>\n\t\t\t\t<div class=\"elementor-element elementor-element-3477997 elementor-widget elementor-widget-text-editor\" data-id=\"3477997\" data-element_type=\"widget\" data-widget_type=\"text-editor.default\">\n\t\t\t\t<div class=\"elementor-widget-container\">\n\t\t\t\t\t\t\t\t<div class=\"elementor-text-editor elementor-clearfix\">\n\t\t\t\t\t<h4 style=\"text-align: center;\"><strong>LA CAMPANA DE LA CAPILLA DE SANTA IRENE \u00a0\u00a0\u00a0\u00a0\u00a0\u00a0\u00a0\u00a0\u00a0\u00a0\u00a0\u00a0\u00a0\u00a0\u00a0\u00a0\u00a0\u00a0\u00a0\u00a0\u00a0\u00a0\u00a0\u00a0\u00a0\u00a0\u00a0\u00a0\u00a0\u00a0\u00a0\u00a0<em> SAINT IRENE&#8217;S CHAPEL BELL<\/em><br \/><\/strong><\/h4>\t\t\t\t\t<\/div>\n\t\t\t\t\t\t<\/div>\n\t\t\t\t<\/div>\n\t\t\t\t\t\t<\/div>\n\t\t\t\t\t<\/div>\n\t\t<\/div>\n\t\t\t\t\t\t\t\t<\/div>\n\t\t\t\t\t<\/div>\n\t\t<\/section>\n\t\t\t\t<section class=\"elementor-section elementor-top-section elementor-element elementor-element-65510543 elementor-section-stretched elementor-section-full_width elementor-section-height-default elementor-section-height-default\" data-id=\"65510543\" data-element_type=\"section\" data-settings=\"{&quot;stretch_section&quot;:&quot;section-stretched&quot;,&quot;background_background&quot;:&quot;classic&quot;}\">\n\t\t\t\t\t\t<div class=\"elementor-container elementor-column-gap-default\">\n\t\t\t\t\t\t\t<div class=\"elementor-row\">\n\t\t\t\t\t<div class=\"elementor-column elementor-col-100 elementor-top-column elementor-element elementor-element-4e0ffda5\" data-id=\"4e0ffda5\" data-element_type=\"column\">\n\t\t\t<div class=\"elementor-column-wrap elementor-element-populated\">\n\t\t\t\t\t\t\t<div class=\"elementor-widget-wrap\">\n\t\t\t\t\t\t<div class=\"elementor-element elementor-element-651f9463 elementor-widget elementor-widget-image\" data-id=\"651f9463\" data-element_type=\"widget\" data-widget_type=\"image.default\">\n\t\t\t\t<div class=\"elementor-widget-container\">\n\t\t\t\t\t\t\t\t<div class=\"elementor-image\">\n\t\t\t\t\t\t\t\t\t\t\t\t\t<a href=\"https:\/\/badaladas.gal\/wp-content\/uploads\/2020\/04\/P1000867-S-Iren.jpg\" data-elementor-open-lightbox=\"yes\" data-elementor-lightbox-title=\"P1000867 S Iren\">\n\t\t\t\t\t\t\t<img loading=\"lazy\" decoding=\"async\" width=\"2250\" height=\"1725\" src=\"https:\/\/badaladas.gal\/wp-content\/uploads\/2020\/04\/P1000867-S-Iren.jpg\" class=\"attachment-full size-full\" alt=\"\" srcset=\"https:\/\/badaladas.gal\/wp-content\/uploads\/2020\/04\/P1000867-S-Iren.jpg 2250w, https:\/\/badaladas.gal\/wp-content\/uploads\/2020\/04\/P1000867-S-Iren-300x230.jpg 300w, https:\/\/badaladas.gal\/wp-content\/uploads\/2020\/04\/P1000867-S-Iren-1024x785.jpg 1024w, https:\/\/badaladas.gal\/wp-content\/uploads\/2020\/04\/P1000867-S-Iren-768x589.jpg 768w, https:\/\/badaladas.gal\/wp-content\/uploads\/2020\/04\/P1000867-S-Iren-1536x1178.jpg 1536w, https:\/\/badaladas.gal\/wp-content\/uploads\/2020\/04\/P1000867-S-Iren-2048x1570.jpg 2048w\" sizes=\"auto, 100vw\" \/>\t\t\t\t\t\t\t\t<\/a>\n\t\t\t\t\t\t\t\t\t\t\t\t\t\t<\/div>\n\t\t\t\t\t\t<\/div>\n\t\t\t\t<\/div>\n\t\t\t\t<div class=\"elementor-element elementor-element-11535342 gallery-spacing-custom elementor-widget elementor-widget-image-gallery\" data-id=\"11535342\" data-element_type=\"widget\" data-widget_type=\"image-gallery.default\">\n\t\t\t\t<div class=\"elementor-widget-container\">\n\t\t\t\t\t<div class=\"elementor-image-gallery\">\n\t\t\t<div id='gallery-1' class='gallery galleryid-2257 gallery-columns-2 gallery-size-full'><figure class='gallery-item'>\n\t\t\t<div class='gallery-icon landscape'>\n\t\t\t\t<a data-elementor-open-lightbox=\"yes\" data-elementor-lightbox-slideshow=\"11535342\" data-elementor-lightbox-title=\"P1000865 S Iren\" href='https:\/\/badaladas.gal\/wp-content\/uploads\/2020\/04\/P1000865-S-Iren.jpg'><img loading=\"lazy\" decoding=\"async\" width=\"1958\" height=\"1469\" src=\"https:\/\/badaladas.gal\/wp-content\/uploads\/2020\/04\/P1000865-S-Iren.jpg\" class=\"attachment-full size-full\" alt=\"\" srcset=\"https:\/\/badaladas.gal\/wp-content\/uploads\/2020\/04\/P1000865-S-Iren.jpg 1958w, https:\/\/badaladas.gal\/wp-content\/uploads\/2020\/04\/P1000865-S-Iren-300x225.jpg 300w, https:\/\/badaladas.gal\/wp-content\/uploads\/2020\/04\/P1000865-S-Iren-1024x768.jpg 1024w, https:\/\/badaladas.gal\/wp-content\/uploads\/2020\/04\/P1000865-S-Iren-768x576.jpg 768w, https:\/\/badaladas.gal\/wp-content\/uploads\/2020\/04\/P1000865-S-Iren-1536x1152.jpg 1536w\" sizes=\"auto, 100vw\" \/><\/a>\n\t\t\t<\/div><\/figure><figure class='gallery-item'>\n\t\t\t<div class='gallery-icon landscape'>\n\t\t\t\t<a data-elementor-open-lightbox=\"yes\" data-elementor-lightbox-slideshow=\"11535342\" data-elementor-lightbox-title=\"P1000871 igr S Iren\" href='https:\/\/badaladas.gal\/wp-content\/uploads\/2020\/04\/P1000871-igr-S-Iren.jpg'><img loading=\"lazy\" decoding=\"async\" width=\"1862\" height=\"1357\" src=\"https:\/\/badaladas.gal\/wp-content\/uploads\/2020\/04\/P1000871-igr-S-Iren.jpg\" class=\"attachment-full size-full\" alt=\"\" srcset=\"https:\/\/badaladas.gal\/wp-content\/uploads\/2020\/04\/P1000871-igr-S-Iren.jpg 1862w, https:\/\/badaladas.gal\/wp-content\/uploads\/2020\/04\/P1000871-igr-S-Iren-300x219.jpg 300w, https:\/\/badaladas.gal\/wp-content\/uploads\/2020\/04\/P1000871-igr-S-Iren-1024x746.jpg 1024w, https:\/\/badaladas.gal\/wp-content\/uploads\/2020\/04\/P1000871-igr-S-Iren-768x560.jpg 768w, https:\/\/badaladas.gal\/wp-content\/uploads\/2020\/04\/P1000871-igr-S-Iren-1536x1119.jpg 1536w\" sizes=\"auto, 100vw\" \/><\/a>\n\t\t\t<\/div><\/figure>\n\t\t<\/div>\n\t\t<\/div>\n\t\t\t\t<\/div>\n\t\t\t\t<\/div>\n\t\t\t\t<div class=\"elementor-element elementor-element-1f2ada61 elementor-invisible elementor-widget elementor-widget-wp-widget-text\" data-id=\"1f2ada61\" data-element_type=\"widget\" data-settings=\"{&quot;_animation&quot;:&quot;fadeIn&quot;}\" data-widget_type=\"wp-widget-text.default\">\n\t\t\t\t<div class=\"elementor-widget-container\">\n\t\t\t\t\t\t<div class=\"textwidget\"><p>Fabricante\/Manufacturer:<\/p>\n<p>Ano de fabricaci\u00f3n\/Manufacturing year:<\/p>\n<p>Altura\/Heigth:<\/p>\n<p>Di\u00e1metro\/Diameter:<\/p>\n<p>Nota musical\/Musical note:\u00a0\u00a0 <strong>Do #\/C #<\/strong><\/p>\n<p>Estado\/Condition:<\/p>\n<p>Inscrici\u00f3ns: <strong>Sen inscrici\u00f3ns<\/strong><\/p>\n<p>Inscriptions: There aren&#8217;t<\/p>\n<\/div>\n\t\t\t\t<\/div>\n\t\t\t\t<\/div>\n\t\t\t\t\t\t<\/div>\n\t\t\t\t\t<\/div>\n\t\t<\/div>\n\t\t\t\t\t\t\t\t<\/div>\n\t\t\t\t\t<\/div>\n\t\t<\/section>\n\t\t\t\t<section class=\"elementor-section elementor-top-section elementor-element elementor-element-570583d4 elementor-section-boxed elementor-section-height-default elementor-section-height-default\" data-id=\"570583d4\" data-element_type=\"section\">\n\t\t\t\t\t\t<div class=\"elementor-container elementor-column-gap-default\">\n\t\t\t\t\t\t\t<div class=\"elementor-row\">\n\t\t\t\t\t\t\t\t\t<\/div>\n\t\t\t\t\t<\/div>\n\t\t<\/section>\n\t\t\t\t\t\t<\/div>\n\t\t\t\t\t\t<\/div>\n\t\t\t\t\t<\/div>\n\t\t","protected":false},"excerpt":{"rendered":"<p>A capela de Santa Irene est\u00e1 no concello do Pino, no punto quilom\u00e9trico 22,644 do Cami\u00f1o de Santiago. Escoita as badaladas da s\u00faa camp\u00e1. La capilla de Santa Irene est\u00e1\u00a0 en el ayuntamiento de de O Pino, en el punto kilom\u00e9trico 22,644 del Camino de Santiago. Escucha su campana. Saint Irene&#8217;s chapel is placed in &hellip; <\/p>\n<p class=\"link-more\"><a href=\"https:\/\/badaladas.gal\/index.php\/santa-irene\/\" class=\"more-link\">Continuar leyendo<span class=\"screen-reader-text\"> &#8220;CAPELA DE SANTA IRENE&#8221;<\/span><\/a><\/p>\n","protected":false},"author":2,"featured_media":0,"parent":0,"menu_order":0,"comment_status":"closed","ping_status":"closed","template":"","meta":{"footnotes":""},"class_list":["post-2257","page","type-page","status-publish","hentry"],"_links":{"self":[{"href":"https:\/\/badaladas.gal\/index.php\/wp-json\/wp\/v2\/pages\/2257","targetHints":{"allow":["GET"]}}],"collection":[{"href":"https:\/\/badaladas.gal\/index.php\/wp-json\/wp\/v2\/pages"}],"about":[{"href":"https:\/\/badaladas.gal\/index.php\/wp-json\/wp\/v2\/types\/page"}],"author":[{"embeddable":true,"href":"https:\/\/badaladas.gal\/index.php\/wp-json\/wp\/v2\/users\/2"}],"replies":[{"embeddable":true,"href":"https:\/\/badaladas.gal\/index.php\/wp-json\/wp\/v2\/comments?post=2257"}],"version-history":[{"count":37,"href":"https:\/\/badaladas.gal\/index.php\/wp-json\/wp\/v2\/pages\/2257\/revisions"}],"predecessor-version":[{"id":9024,"href":"https:\/\/badaladas.gal\/index.php\/wp-json\/wp\/v2\/pages\/2257\/revisions\/9024"}],"wp:attachment":[{"href":"https:\/\/badaladas.gal\/index.php\/wp-json\/wp\/v2\/media?parent=2257"}],"curies":[{"name":"wp","href":"https:\/\/api.w.org\/{rel}","templated":true}]}}