{"id":247,"date":"2020-02-17T13:57:05","date_gmt":"2020-02-17T13:57:05","guid":{"rendered":"https:\/\/badaladas.gal\/?page_id=247"},"modified":"2025-03-04T02:27:46","modified_gmt":"2025-03-04T01:27:46","slug":"fonfria","status":"publish","type":"page","link":"https:\/\/badaladas.gal\/index.php\/fonfria\/","title":{"rendered":"FONFR\u00cdA"},"content":{"rendered":"\t\t<div data-elementor-type=\"wp-page\" data-elementor-id=\"247\" class=\"elementor elementor-247\" data-elementor-settings=\"[]\">\n\t\t\t\t\t\t<div class=\"elementor-inner\">\n\t\t\t\t\t\t\t<div class=\"elementor-section-wrap\">\n\t\t\t\t\t\t\t<section class=\"elementor-section elementor-top-section elementor-element elementor-element-3a67d69f elementor-section-stretched elementor-section-full_width elementor-section-height-default elementor-section-height-default\" data-id=\"3a67d69f\" data-element_type=\"section\" data-settings=\"{&quot;stretch_section&quot;:&quot;section-stretched&quot;}\">\n\t\t\t\t\t\t<div class=\"elementor-container elementor-column-gap-default\">\n\t\t\t\t\t\t\t<div class=\"elementor-row\">\n\t\t\t\t\t<div class=\"elementor-column elementor-col-50 elementor-top-column elementor-element elementor-element-5603ae7b\" data-id=\"5603ae7b\" data-element_type=\"column\">\n\t\t\t<div class=\"elementor-column-wrap elementor-element-populated\">\n\t\t\t\t\t\t\t<div class=\"elementor-widget-wrap\">\n\t\t\t\t\t\t<div class=\"elementor-element elementor-element-35cfa780 elementor-widget elementor-widget-image\" data-id=\"35cfa780\" data-element_type=\"widget\" data-widget_type=\"image.default\">\n\t\t\t\t<div class=\"elementor-widget-container\">\n\t\t\t\t\t\t\t\t<div class=\"elementor-image\">\n\t\t\t\t\t\t\t\t\t\t\t\t<img loading=\"lazy\" decoding=\"async\" width=\"2448\" height=\"1836\" src=\"https:\/\/badaladas.gal\/wp-content\/uploads\/2020\/02\/igrexa-Fonfria-pic.jpg\" class=\"attachment-full size-full\" alt=\"\" srcset=\"https:\/\/badaladas.gal\/wp-content\/uploads\/2020\/02\/igrexa-Fonfria-pic.jpg 2448w, https:\/\/badaladas.gal\/wp-content\/uploads\/2020\/02\/igrexa-Fonfria-pic-300x225.jpg 300w, https:\/\/badaladas.gal\/wp-content\/uploads\/2020\/02\/igrexa-Fonfria-pic-1024x768.jpg 1024w, https:\/\/badaladas.gal\/wp-content\/uploads\/2020\/02\/igrexa-Fonfria-pic-768x576.jpg 768w, https:\/\/badaladas.gal\/wp-content\/uploads\/2020\/02\/igrexa-Fonfria-pic-1536x1152.jpg 1536w, https:\/\/badaladas.gal\/wp-content\/uploads\/2020\/02\/igrexa-Fonfria-pic-2048x1536.jpg 2048w\" sizes=\"auto, 100vw\" \/>\t\t\t\t\t\t\t\t\t\t\t\t\t\t<\/div>\n\t\t\t\t\t\t<\/div>\n\t\t\t\t<\/div>\n\t\t\t\t\t\t<\/div>\n\t\t\t\t\t<\/div>\n\t\t<\/div>\n\t\t\t\t<div class=\"elementor-column elementor-col-50 elementor-top-column elementor-element elementor-element-6ea5f788\" data-id=\"6ea5f788\" data-element_type=\"column\">\n\t\t\t<div class=\"elementor-column-wrap elementor-element-populated\">\n\t\t\t\t\t\t\t<div class=\"elementor-widget-wrap\">\n\t\t\t\t\t\t<div class=\"elementor-element elementor-element-676a93c elementor-widget elementor-widget-text-editor\" data-id=\"676a93c\" data-element_type=\"widget\" data-widget_type=\"text-editor.default\">\n\t\t\t\t<div class=\"elementor-widget-container\">\n\t\t\t\t\t\t\t\t<div class=\"elementor-text-editor elementor-clearfix\">\n\t\t\t\t\t<p><strong><span style=\"color: #003366;\">Igrexa de San Xo\u00e1n de Fonfr\u00eda, en Pedrafita do Cebreiro.<\/span><\/strong><\/p><p><strong><span style=\"color: #003366;\">Escoita as badaladas das camp\u00e1s.<\/span><\/strong><\/p>\t\t\t\t\t<\/div>\n\t\t\t\t\t\t<\/div>\n\t\t\t\t<\/div>\n\t\t\t\t<div class=\"elementor-element elementor-element-b36a3b3 elementor-widget elementor-widget-text-editor\" data-id=\"b36a3b3\" data-element_type=\"widget\" data-widget_type=\"text-editor.default\">\n\t\t\t\t<div class=\"elementor-widget-container\">\n\t\t\t\t\t\t\t\t<div class=\"elementor-text-editor elementor-clearfix\">\n\t\t\t\t\t<p><strong><span style=\"color: #993300;\">Iglesia de San Xo\u00e1n de Fonfr\u00eda, en Pedrafita do Cebreiro.<\/span><\/strong><\/p><p><strong><span style=\"color: #993300;\">Escucha las campanadas.<\/span><\/strong><\/p>\t\t\t\t\t<\/div>\n\t\t\t\t\t\t<\/div>\n\t\t\t\t<\/div>\n\t\t\t\t<div class=\"elementor-element elementor-element-73812ed elementor-widget elementor-widget-text-editor\" data-id=\"73812ed\" data-element_type=\"widget\" data-widget_type=\"text-editor.default\">\n\t\t\t\t<div class=\"elementor-widget-container\">\n\t\t\t\t\t\t\t\t<div class=\"elementor-text-editor elementor-clearfix\">\n\t\t\t\t\t<p><strong><em><span style=\"color: #000080;\">San Xo\u00e1n de Fonfr\u00eda church, in Pedrafita do Cebreiro<br \/><\/span><\/em><\/strong><\/p><p><strong><em><span style=\"color: #000080;\">Listen to the bells<\/span><\/em><\/strong><\/p>\t\t\t\t\t<\/div>\n\t\t\t\t\t\t<\/div>\n\t\t\t\t<\/div>\n\t\t\t\t<div class=\"elementor-element elementor-element-c3a5def elementor-widget elementor-widget-wp-widget-media_audio\" data-id=\"c3a5def\" data-element_type=\"widget\" data-widget_type=\"wp-widget-media_audio.default\">\n\t\t\t\t<div class=\"elementor-widget-container\">\n\t\t\t<audio class=\"wp-audio-shortcode\" id=\"audio-247-1\" preload=\"none\" style=\"width: 100%;\" controls=\"controls\"><source type=\"audio\/mpeg\" src=\"https:\/\/badaladas.gal\/wp-content\/uploads\/2020\/02\/badaladas-Fonfria.mp3?_=1\" \/><source type=\"audio\/mpeg\" src=\"https:\/\/badaladas.gal\/wp-content\/uploads\/2020\/02\/badaladas-Fonfria.mp3?_=1\" \/><a href=\"https:\/\/badaladas.gal\/wp-content\/uploads\/2020\/02\/badaladas-Fonfria.mp3\">https:\/\/badaladas.gal\/wp-content\/uploads\/2020\/02\/badaladas-Fonfria.mp3<\/a><\/audio>\t\t<\/div>\n\t\t\t\t<\/div>\n\t\t\t\t<div class=\"elementor-element elementor-element-10fc215 elementor-widget elementor-widget-yandex-maps\" data-id=\"10fc215\" data-element_type=\"widget\" data-widget_type=\"yandex-maps.default\">\n\t\t\t\t<div class=\"elementor-widget-container\">\n\t\t\t\t\t<script>\n\t\t\tvar mihdan_elementor_yandex_map_10fc215 = {\n\t\t\t\t\"id\" : \"10fc215\",\n\t\t\t\t\"language\" : \"en\",\n\t\t\t\t\"region\" : \"US\",\n\t\t\t\t\"lat\" : \"42.731109\",\n\t\t\t\t\"lng\" : \"-7.157652\",\n\t\t\t\t\"zoom\" : \"10\",\n\t\t\t\t\"type\" : \"map\",\n\t\t\t\t\"rulerControl\" : \"no\",\n\t\t\t\t\"searchControl\" : \"no\",\n\t\t\t\t\"trafficControl\" : \"no\",\n\t\t\t\t\"typeSelector\" : \"yes\",\n\t\t\t\t\"zoomControl\" : \"yes\",\n\t\t\t\t\"geolocationControl\" : \"no\",\n\t\t\t\t\"routeEditor\" : \"no\",\n\t\t\t\t\"fullscreenControl\" : \"no\",\n\t\t\t\t\"routeButtonControl\" : \"no\",\n\t\t\t\t\"routePanelControl\" : \"no\",\n\t\t\t\t\"disableScrollZoom\" : \"no\",\n\t\t\t\t\"disableDblClickZoom\" : \"no\",\n\t\t\t\t\"disableDrag\" : \"no\",\n\t\t\t\t\"disableLeftMouseButtonMagnifier\" : \"no\",\n\t\t\t\t\"disableRightMouseButtonMagnifier\" : \"no\",\n\t\t\t\t\"disableMultiTouch\" : \"no\",\n\t\t\t\t\"disableRouteEditor\" : \"no\",\n\t\t\t\t\"disableRuler\" : \"no\",\n\t\t\t\t\"enableObjectManager\" : \"no\",\n\t\t\t\t\"infoWindowMaxWidth\" : \"300\",\n\t\t\t\t\"locations\" : {\n    \"type\": \"FeatureCollection\",\n    \"clusterPreset\": \"islands#blueClusterIcons\",\n    \"features\": [\n        {\n            \"type\": \"Feature\",\n            \"id\": \"id_0\",\n            \"geometry\": {\n                \"type\": \"Point\",\n                \"coordinates\": [\n                    \"42.731109\",\n                    \"-7.157652\"\n                ]\n            },\n            \"properties\": {\n                \"iconCaption\": \"\",\n                \"iconContent\": \"\",\n                \"hintContent\": \"\",\n                \"balloonContentHeader\": \"Igrexa de Fonfr\u00eda\",\n                \"balloonContentFooter\": \"\",\n                \"balloonContentBody\": \"\"\n            },\n            \"options\": {\n                \"preset\": \"islands#nightDotIcon\",\n                \"balloonIsOpened\": \"no\",\n                \"iconImage\": \"\",\n                \"iconImageWidth\": \"\",\n                \"iconImageHeight\": \"\"\n            }\n        }\n    ]\n}\t\t\t};\n\t\t<\/script>\n\t\t<div id=\"mihdan_elementor_yandex_map_10fc215\" class=\"mihdan-elementor-yandex-maps\" style=\"height: 300px;\"><\/div>\n\t\t\t\t<\/div>\n\t\t\t\t<\/div>\n\t\t\t\t\t\t<\/div>\n\t\t\t\t\t<\/div>\n\t\t<\/div>\n\t\t\t\t\t\t\t\t<\/div>\n\t\t\t\t\t<\/div>\n\t\t<\/section>\n\t\t\t\t<section class=\"elementor-section elementor-top-section elementor-element elementor-element-2cf38092 elementor-section-stretched elementor-section-boxed elementor-section-height-default elementor-section-height-default\" data-id=\"2cf38092\" data-element_type=\"section\" data-settings=\"{&quot;stretch_section&quot;:&quot;section-stretched&quot;}\">\n\t\t\t\t\t\t<div class=\"elementor-container elementor-column-gap-default\">\n\t\t\t\t\t\t\t<div class=\"elementor-row\">\n\t\t\t\t\t<div class=\"elementor-column elementor-col-100 elementor-top-column elementor-element elementor-element-7408c3f8\" data-id=\"7408c3f8\" data-element_type=\"column\">\n\t\t\t<div class=\"elementor-column-wrap elementor-element-populated\">\n\t\t\t\t\t\t\t<div class=\"elementor-widget-wrap\">\n\t\t\t\t\t\t<div class=\"elementor-element elementor-element-3ff09c9 elementor-widget elementor-widget-heading\" data-id=\"3ff09c9\" data-element_type=\"widget\" data-widget_type=\"heading.default\">\n\t\t\t\t<div class=\"elementor-widget-container\">\n\t\t\t<h2 class=\"elementor-heading-title elementor-size-default\">As camp\u00e1s da Igrexa de FONFR\u00cdA<\/h2>\t\t<\/div>\n\t\t\t\t<\/div>\n\t\t\t\t<div class=\"elementor-element elementor-element-b288f2e elementor-widget elementor-widget-text-editor\" data-id=\"b288f2e\" data-element_type=\"widget\" data-widget_type=\"text-editor.default\">\n\t\t\t\t<div class=\"elementor-widget-container\">\n\t\t\t\t\t\t\t\t<div class=\"elementor-text-editor elementor-clearfix\">\n\t\t\t\t\t<h4 style=\"text-align: center;\"><strong>LAS CAMPANAS DE LA IGLESIA DE FONFR\u00cdA \u00a0\u00a0\u00a0\u00a0\u00a0\u00a0\u00a0\u00a0\u00a0\u00a0\u00a0\u00a0\u00a0\u00a0\u00a0\u00a0\u00a0\u00a0\u00a0\u00a0\u00a0\u00a0\u00a0\u00a0\u00a0\u00a0\u00a0\u00a0\u00a0\u00a0\u00a0\u00a0 <em>FONFR\u00cdA CHURCH BELLS<\/em><br \/><\/strong><\/h4>\t\t\t\t\t<\/div>\n\t\t\t\t\t\t<\/div>\n\t\t\t\t<\/div>\n\t\t\t\t\t\t<\/div>\n\t\t\t\t\t<\/div>\n\t\t<\/div>\n\t\t\t\t\t\t\t\t<\/div>\n\t\t\t\t\t<\/div>\n\t\t<\/section>\n\t\t\t\t<section class=\"elementor-section elementor-top-section elementor-element elementor-element-243016c elementor-section-stretched elementor-section-full_width elementor-section-height-default elementor-section-height-default\" data-id=\"243016c\" data-element_type=\"section\" data-settings=\"{&quot;stretch_section&quot;:&quot;section-stretched&quot;,&quot;background_background&quot;:&quot;classic&quot;}\">\n\t\t\t\t\t\t<div class=\"elementor-container elementor-column-gap-default\">\n\t\t\t\t\t\t\t<div class=\"elementor-row\">\n\t\t\t\t\t<div class=\"elementor-column elementor-col-50 elementor-top-column elementor-element elementor-element-2d9e5cb7\" data-id=\"2d9e5cb7\" data-element_type=\"column\">\n\t\t\t<div class=\"elementor-column-wrap elementor-element-populated\">\n\t\t\t\t\t\t\t<div class=\"elementor-widget-wrap\">\n\t\t\t\t\t\t<div class=\"elementor-element elementor-element-5296dc12 elementor-widget elementor-widget-image\" data-id=\"5296dc12\" data-element_type=\"widget\" data-widget_type=\"image.default\">\n\t\t\t\t<div class=\"elementor-widget-container\">\n\t\t\t\t\t\t\t\t<div class=\"elementor-image\">\n\t\t\t\t\t\t\t\t\t\t\t\t\t<a href=\"https:\/\/badaladas.gal\/wp-content\/uploads\/2020\/03\/P1010115-Fonf-g.jpg\" data-elementor-open-lightbox=\"yes\" data-elementor-lightbox-title=\"P1010115 Fonf g\">\n\t\t\t\t\t\t\t<img loading=\"lazy\" decoding=\"async\" width=\"1371\" height=\"1028\" src=\"https:\/\/badaladas.gal\/wp-content\/uploads\/2020\/03\/P1010115-Fonf-g.jpg\" class=\"attachment-full size-full\" alt=\"\" srcset=\"https:\/\/badaladas.gal\/wp-content\/uploads\/2020\/03\/P1010115-Fonf-g.jpg 1371w, https:\/\/badaladas.gal\/wp-content\/uploads\/2020\/03\/P1010115-Fonf-g-300x225.jpg 300w, https:\/\/badaladas.gal\/wp-content\/uploads\/2020\/03\/P1010115-Fonf-g-1024x768.jpg 1024w, https:\/\/badaladas.gal\/wp-content\/uploads\/2020\/03\/P1010115-Fonf-g-768x576.jpg 768w\" sizes=\"auto, 100vw\" \/>\t\t\t\t\t\t\t\t<\/a>\n\t\t\t\t\t\t\t\t\t\t\t\t\t\t<\/div>\n\t\t\t\t\t\t<\/div>\n\t\t\t\t<\/div>\n\t\t\t\t<div class=\"elementor-element elementor-element-7dee7e72 gallery-spacing-custom elementor-widget elementor-widget-image-gallery\" data-id=\"7dee7e72\" data-element_type=\"widget\" data-widget_type=\"image-gallery.default\">\n\t\t\t\t<div class=\"elementor-widget-container\">\n\t\t\t\t\t<div class=\"elementor-image-gallery\">\n\t\t\t<div id='gallery-1' class='gallery galleryid-247 gallery-columns-2 gallery-size-full'><figure class='gallery-item'>\n\t\t\t<div class='gallery-icon landscape'>\n\t\t\t\t<a data-elementor-open-lightbox=\"yes\" data-elementor-lightbox-slideshow=\"7dee7e72\" data-elementor-lightbox-title=\"P1010118 Fonf g\" href='https:\/\/badaladas.gal\/wp-content\/uploads\/2020\/03\/P1010118-Fonf-g.jpg'><img loading=\"lazy\" decoding=\"async\" width=\"2448\" height=\"1836\" src=\"https:\/\/badaladas.gal\/wp-content\/uploads\/2020\/03\/P1010118-Fonf-g.jpg\" class=\"attachment-full size-full\" alt=\"\" srcset=\"https:\/\/badaladas.gal\/wp-content\/uploads\/2020\/03\/P1010118-Fonf-g.jpg 2448w, https:\/\/badaladas.gal\/wp-content\/uploads\/2020\/03\/P1010118-Fonf-g-300x225.jpg 300w, https:\/\/badaladas.gal\/wp-content\/uploads\/2020\/03\/P1010118-Fonf-g-1024x768.jpg 1024w, https:\/\/badaladas.gal\/wp-content\/uploads\/2020\/03\/P1010118-Fonf-g-768x576.jpg 768w, https:\/\/badaladas.gal\/wp-content\/uploads\/2020\/03\/P1010118-Fonf-g-1536x1152.jpg 1536w, https:\/\/badaladas.gal\/wp-content\/uploads\/2020\/03\/P1010118-Fonf-g-2048x1536.jpg 2048w\" sizes=\"auto, 100vw\" \/><\/a>\n\t\t\t<\/div><\/figure><figure class='gallery-item'>\n\t\t\t<div class='gallery-icon landscape'>\n\t\t\t\t<a data-elementor-open-lightbox=\"yes\" data-elementor-lightbox-slideshow=\"7dee7e72\" data-elementor-lightbox-title=\"P1010118 rec Fonf g\" href='https:\/\/badaladas.gal\/wp-content\/uploads\/2020\/03\/P1010118-rec-Fonf-g.jpg'><img loading=\"lazy\" decoding=\"async\" width=\"1416\" height=\"1336\" src=\"https:\/\/badaladas.gal\/wp-content\/uploads\/2020\/03\/P1010118-rec-Fonf-g.jpg\" class=\"attachment-full size-full\" alt=\"\" srcset=\"https:\/\/badaladas.gal\/wp-content\/uploads\/2020\/03\/P1010118-rec-Fonf-g.jpg 1416w, https:\/\/badaladas.gal\/wp-content\/uploads\/2020\/03\/P1010118-rec-Fonf-g-300x283.jpg 300w, https:\/\/badaladas.gal\/wp-content\/uploads\/2020\/03\/P1010118-rec-Fonf-g-1024x966.jpg 1024w, https:\/\/badaladas.gal\/wp-content\/uploads\/2020\/03\/P1010118-rec-Fonf-g-768x725.jpg 768w\" sizes=\"auto, 100vw\" \/><\/a>\n\t\t\t<\/div><\/figure><figure class='gallery-item'>\n\t\t\t<div class='gallery-icon landscape'>\n\t\t\t\t<a data-elementor-open-lightbox=\"yes\" data-elementor-lightbox-slideshow=\"7dee7e72\" data-elementor-lightbox-title=\"P1010125 Fonf g\" href='https:\/\/badaladas.gal\/wp-content\/uploads\/2020\/03\/P1010125-Fonf-g.jpg'><img loading=\"lazy\" decoding=\"async\" width=\"2448\" height=\"1836\" src=\"https:\/\/badaladas.gal\/wp-content\/uploads\/2020\/03\/P1010125-Fonf-g.jpg\" class=\"attachment-full size-full\" alt=\"\" srcset=\"https:\/\/badaladas.gal\/wp-content\/uploads\/2020\/03\/P1010125-Fonf-g.jpg 2448w, https:\/\/badaladas.gal\/wp-content\/uploads\/2020\/03\/P1010125-Fonf-g-300x225.jpg 300w, https:\/\/badaladas.gal\/wp-content\/uploads\/2020\/03\/P1010125-Fonf-g-1024x768.jpg 1024w, https:\/\/badaladas.gal\/wp-content\/uploads\/2020\/03\/P1010125-Fonf-g-768x576.jpg 768w, https:\/\/badaladas.gal\/wp-content\/uploads\/2020\/03\/P1010125-Fonf-g-1536x1152.jpg 1536w, https:\/\/badaladas.gal\/wp-content\/uploads\/2020\/03\/P1010125-Fonf-g-2048x1536.jpg 2048w\" sizes=\"auto, 100vw\" \/><\/a>\n\t\t\t<\/div><\/figure><figure class='gallery-item'>\n\t\t\t<div class='gallery-icon landscape'>\n\t\t\t\t<a data-elementor-open-lightbox=\"yes\" data-elementor-lightbox-slideshow=\"7dee7e72\" data-elementor-lightbox-title=\"P1010130 Fonf g\" href='https:\/\/badaladas.gal\/wp-content\/uploads\/2020\/03\/P1010130-Fonf-g.jpg'><img loading=\"lazy\" decoding=\"async\" width=\"1371\" height=\"1028\" src=\"https:\/\/badaladas.gal\/wp-content\/uploads\/2020\/03\/P1010130-Fonf-g.jpg\" class=\"attachment-full size-full\" alt=\"\" srcset=\"https:\/\/badaladas.gal\/wp-content\/uploads\/2020\/03\/P1010130-Fonf-g.jpg 1371w, https:\/\/badaladas.gal\/wp-content\/uploads\/2020\/03\/P1010130-Fonf-g-300x225.jpg 300w, https:\/\/badaladas.gal\/wp-content\/uploads\/2020\/03\/P1010130-Fonf-g-1024x768.jpg 1024w, https:\/\/badaladas.gal\/wp-content\/uploads\/2020\/03\/P1010130-Fonf-g-768x576.jpg 768w\" sizes=\"auto, 100vw\" \/><\/a>\n\t\t\t<\/div><\/figure>\n\t\t<\/div>\n\t\t<\/div>\n\t\t\t\t<\/div>\n\t\t\t\t<\/div>\n\t\t\t\t<div class=\"elementor-element elementor-element-522ba5c elementor-invisible elementor-widget elementor-widget-wp-widget-text\" data-id=\"522ba5c\" data-element_type=\"widget\" data-settings=\"{&quot;_animation&quot;:&quot;fadeIn&quot;}\" data-widget_type=\"wp-widget-text.default\">\n\t\t\t\t<div class=\"elementor-widget-container\">\n\t\t\t\t\t\t<div class=\"textwidget\"><p>Fabricante\/Manufacturer:<\/p>\n<p>Ano de fabricaci\u00f3n\/Manufacturing year: <strong>\u00a0 1819<br \/>\n<\/strong><\/p>\n<p>Altura\/Heigth:<\/p>\n<p>Di\u00e1metro\/Diameter:<\/p>\n<p>Nota musical\/Musical note: <strong>\u00a0 Re\/D<br \/>\n<\/strong><\/p>\n<p>Estado\/Condition:\u00a0<strong> en uso\/in use<br \/>\n<\/strong><\/p>\n<p>Inscrici\u00f3ns:\u00a0<strong>\u00a0 JHS MARIA Y JOSE SANTA BARBARA ORATE PRONOBIS\u00a0\u00a0<\/strong><\/p>\n<p><strong>\u00a0\u00a0\u00a0\u00a0\u00a0\u00a0\u00a0\u00a0\u00a0\u00a0\u00a0\u00a0\u00a0\u00a0\u00a0\u00a0\u00a0\u00a0\u00a0\u00a0\u00a0\u00a0\u00a0\u00a0\u00a0\u00a0\u00a0\u00a0\u00a0\u00a0\u00a0\u00a0\u00a0\u00a0\u00a0\u00a0\u00a0\u00a0\u00a0\u00a0\u00a0\u00a0\u00a0\u00a0\u00a0\u00a0\u00a0\u00a0\u00a0\u00a0\u00a0\u00a0\u00a0\u00a0\u00a0\u00a0\u00a0\u00a0\u00a0\u00a0\u00a0\u00a0\u00a0\u00a0\u00a0\u00a0\u00a0\u00a0\u00a0\u00a0 A\u00d1O D 1819<\/strong><\/p>\n<p>Inscriptions: JHS, MARY AND JOSEPH<\/p>\n<p>SAINT BARBRA, PRAY FOR US<\/p>\n<p>YEAR 1819<\/p>\n<\/div>\n\t\t\t\t<\/div>\n\t\t\t\t<\/div>\n\t\t\t\t\t\t<\/div>\n\t\t\t\t\t<\/div>\n\t\t<\/div>\n\t\t\t\t<div class=\"elementor-column elementor-col-50 elementor-top-column elementor-element elementor-element-47e92ba3\" data-id=\"47e92ba3\" data-element_type=\"column\">\n\t\t\t<div class=\"elementor-column-wrap elementor-element-populated\">\n\t\t\t\t\t\t\t<div class=\"elementor-widget-wrap\">\n\t\t\t\t\t\t<div class=\"elementor-element elementor-element-359242a1 elementor-widget elementor-widget-image\" data-id=\"359242a1\" data-element_type=\"widget\" data-widget_type=\"image.default\">\n\t\t\t\t<div class=\"elementor-widget-container\">\n\t\t\t\t\t\t\t\t<div class=\"elementor-image\">\n\t\t\t\t\t\t\t\t\t\t\t\t\t<a href=\"https:\/\/badaladas.gal\/wp-content\/uploads\/2020\/03\/P1010135-Fonf-p.jpg\" data-elementor-open-lightbox=\"yes\" data-elementor-lightbox-title=\"P1010135 Fonf p\">\n\t\t\t\t\t\t\t<img loading=\"lazy\" decoding=\"async\" width=\"1469\" height=\"1102\" src=\"https:\/\/badaladas.gal\/wp-content\/uploads\/2020\/03\/P1010135-Fonf-p.jpg\" class=\"attachment-full size-full\" alt=\"\" srcset=\"https:\/\/badaladas.gal\/wp-content\/uploads\/2020\/03\/P1010135-Fonf-p.jpg 1469w, https:\/\/badaladas.gal\/wp-content\/uploads\/2020\/03\/P1010135-Fonf-p-300x225.jpg 300w, https:\/\/badaladas.gal\/wp-content\/uploads\/2020\/03\/P1010135-Fonf-p-1024x768.jpg 1024w, https:\/\/badaladas.gal\/wp-content\/uploads\/2020\/03\/P1010135-Fonf-p-768x576.jpg 768w\" sizes=\"auto, 100vw\" \/>\t\t\t\t\t\t\t\t<\/a>\n\t\t\t\t\t\t\t\t\t\t\t\t\t\t<\/div>\n\t\t\t\t\t\t<\/div>\n\t\t\t\t<\/div>\n\t\t\t\t<div class=\"elementor-element elementor-element-750775a6 gallery-spacing-custom elementor-widget elementor-widget-image-gallery\" data-id=\"750775a6\" data-element_type=\"widget\" data-widget_type=\"image-gallery.default\">\n\t\t\t\t<div class=\"elementor-widget-container\">\n\t\t\t\t\t<div class=\"elementor-image-gallery\">\n\t\t\t<div id='gallery-2' class='gallery galleryid-247 gallery-columns-2 gallery-size-full'><figure class='gallery-item'>\n\t\t\t<div class='gallery-icon landscape'>\n\t\t\t\t<a data-elementor-open-lightbox=\"yes\" data-elementor-lightbox-slideshow=\"750775a6\" data-elementor-lightbox-title=\"P1010143 Fonf p\" href='https:\/\/badaladas.gal\/wp-content\/uploads\/2020\/03\/P1010143-Fonf-p.jpg'><img loading=\"lazy\" decoding=\"async\" width=\"979\" height=\"734\" src=\"https:\/\/badaladas.gal\/wp-content\/uploads\/2020\/03\/P1010143-Fonf-p.jpg\" class=\"attachment-full size-full\" alt=\"\" srcset=\"https:\/\/badaladas.gal\/wp-content\/uploads\/2020\/03\/P1010143-Fonf-p.jpg 979w, https:\/\/badaladas.gal\/wp-content\/uploads\/2020\/03\/P1010143-Fonf-p-300x225.jpg 300w, https:\/\/badaladas.gal\/wp-content\/uploads\/2020\/03\/P1010143-Fonf-p-768x576.jpg 768w\" sizes=\"auto, 100vw\" \/><\/a>\n\t\t\t<\/div><\/figure><figure class='gallery-item'>\n\t\t\t<div class='gallery-icon landscape'>\n\t\t\t\t<a data-elementor-open-lightbox=\"yes\" data-elementor-lightbox-slideshow=\"750775a6\" data-elementor-lightbox-title=\"P1010147 Fonf p\" href='https:\/\/badaladas.gal\/wp-content\/uploads\/2020\/03\/P1010147-Fonf-p.jpg'><img loading=\"lazy\" decoding=\"async\" width=\"979\" height=\"734\" src=\"https:\/\/badaladas.gal\/wp-content\/uploads\/2020\/03\/P1010147-Fonf-p.jpg\" class=\"attachment-full size-full\" alt=\"\" srcset=\"https:\/\/badaladas.gal\/wp-content\/uploads\/2020\/03\/P1010147-Fonf-p.jpg 979w, https:\/\/badaladas.gal\/wp-content\/uploads\/2020\/03\/P1010147-Fonf-p-300x225.jpg 300w, https:\/\/badaladas.gal\/wp-content\/uploads\/2020\/03\/P1010147-Fonf-p-768x576.jpg 768w\" sizes=\"auto, 100vw\" \/><\/a>\n\t\t\t<\/div><\/figure>\n\t\t<\/div>\n\t\t<\/div>\n\t\t\t\t<\/div>\n\t\t\t\t<\/div>\n\t\t\t\t<div class=\"elementor-element elementor-element-190c5cf5 elementor-invisible elementor-widget elementor-widget-wp-widget-text\" data-id=\"190c5cf5\" data-element_type=\"widget\" data-settings=\"{&quot;_animation&quot;:&quot;fadeIn&quot;}\" data-widget_type=\"wp-widget-text.default\">\n\t\t\t\t<div class=\"elementor-widget-container\">\n\t\t\t\t\t\t<div class=\"textwidget\"><p>Fabricante\/Manufacturer:<\/p>\n<p>Ano de fabricaci\u00f3n\/Manufacturing year:<\/p>\n<p>Altura\/Heigth:<\/p>\n<p>Di\u00e1metro\/Diameter:<\/p>\n<p>Nota musical\/Musical note:\u00a0\u00a0 <strong>Do#\/C#<\/strong><\/p>\n<p>Estado\/Condition:\u00a0 <strong>en uso\/in use<br \/>\n<\/strong><\/p>\n<p>Inscrici\u00f3ns: \u00a0<strong> MARIA Y JOSE\u00a0 <\/strong>(resto ilexible)<strong><br \/>\n<\/strong><\/p>\n<p>Inscriptions:\u00a0 MARY AND JOSEPH &#8230;.(unreadable)<\/p>\n<\/div>\n\t\t\t\t<\/div>\n\t\t\t\t<\/div>\n\t\t\t\t\t\t<\/div>\n\t\t\t\t\t<\/div>\n\t\t<\/div>\n\t\t\t\t\t\t\t\t<\/div>\n\t\t\t\t\t<\/div>\n\t\t<\/section>\n\t\t\t\t<section class=\"elementor-section elementor-top-section elementor-element elementor-element-63aa42d elementor-section-boxed elementor-section-height-default elementor-section-height-default\" data-id=\"63aa42d\" data-element_type=\"section\">\n\t\t\t\t\t\t<div class=\"elementor-container elementor-column-gap-default\">\n\t\t\t\t\t\t\t<div class=\"elementor-row\">\n\t\t\t\t\t\t\t\t\t<\/div>\n\t\t\t\t\t<\/div>\n\t\t<\/section>\n\t\t\t\t\t\t<\/div>\n\t\t\t\t\t\t<\/div>\n\t\t\t\t\t<\/div>\n\t\t","protected":false},"excerpt":{"rendered":"<p>Igrexa de San Xo\u00e1n de Fonfr\u00eda, en Pedrafita do Cebreiro. Escoita as badaladas das camp\u00e1s. Iglesia de San Xo\u00e1n de Fonfr\u00eda, en Pedrafita do Cebreiro. Escucha las campanadas. San Xo\u00e1n de Fonfr\u00eda church, in Pedrafita do Cebreiro Listen to the bells As camp\u00e1s da Igrexa de FONFR\u00cdA LAS CAMPANAS DE LA IGLESIA DE FONFR\u00cdA \u00a0\u00a0\u00a0\u00a0\u00a0\u00a0\u00a0\u00a0\u00a0\u00a0\u00a0\u00a0\u00a0\u00a0\u00a0\u00a0\u00a0\u00a0\u00a0\u00a0\u00a0\u00a0\u00a0\u00a0\u00a0\u00a0\u00a0\u00a0\u00a0\u00a0\u00a0\u00a0 &hellip; <\/p>\n<p class=\"link-more\"><a href=\"https:\/\/badaladas.gal\/index.php\/fonfria\/\" class=\"more-link\">Continuar leyendo<span class=\"screen-reader-text\"> &#8220;FONFR\u00cdA&#8221;<\/span><\/a><\/p>\n","protected":false},"author":2,"featured_media":0,"parent":0,"menu_order":0,"comment_status":"closed","ping_status":"closed","template":"","meta":{"footnotes":""},"class_list":["post-247","page","type-page","status-publish","hentry"],"_links":{"self":[{"href":"https:\/\/badaladas.gal\/index.php\/wp-json\/wp\/v2\/pages\/247","targetHints":{"allow":["GET"]}}],"collection":[{"href":"https:\/\/badaladas.gal\/index.php\/wp-json\/wp\/v2\/pages"}],"about":[{"href":"https:\/\/badaladas.gal\/index.php\/wp-json\/wp\/v2\/types\/page"}],"author":[{"embeddable":true,"href":"https:\/\/badaladas.gal\/index.php\/wp-json\/wp\/v2\/users\/2"}],"replies":[{"embeddable":true,"href":"https:\/\/badaladas.gal\/index.php\/wp-json\/wp\/v2\/comments?post=247"}],"version-history":[{"count":50,"href":"https:\/\/badaladas.gal\/index.php\/wp-json\/wp\/v2\/pages\/247\/revisions"}],"predecessor-version":[{"id":9008,"href":"https:\/\/badaladas.gal\/index.php\/wp-json\/wp\/v2\/pages\/247\/revisions\/9008"}],"wp:attachment":[{"href":"https:\/\/badaladas.gal\/index.php\/wp-json\/wp\/v2\/media?parent=247"}],"curies":[{"name":"wp","href":"https:\/\/api.w.org\/{rel}","templated":true}]}}