{"id":281,"date":"2020-02-20T11:12:21","date_gmt":"2020-02-20T11:12:21","guid":{"rendered":"https:\/\/badaladas.gal\/?page_id=281"},"modified":"2020-11-01T19:34:02","modified_gmt":"2020-11-01T18:34:02","slug":"san-xil","status":"publish","type":"page","link":"https:\/\/badaladas.gal\/index.php\/san-xil\/","title":{"rendered":"SAN XIL"},"content":{"rendered":"\t\t<div data-elementor-type=\"wp-page\" data-elementor-id=\"281\" class=\"elementor elementor-281\" data-elementor-settings=\"[]\">\n\t\t\t\t\t\t<div class=\"elementor-inner\">\n\t\t\t\t\t\t\t<div class=\"elementor-section-wrap\">\n\t\t\t\t\t\t\t<section class=\"elementor-section elementor-top-section elementor-element elementor-element-49523428 elementor-section-stretched elementor-section-full_width elementor-section-height-default elementor-section-height-default\" data-id=\"49523428\" data-element_type=\"section\" data-settings=\"{&quot;stretch_section&quot;:&quot;section-stretched&quot;}\">\n\t\t\t\t\t\t<div class=\"elementor-container elementor-column-gap-default\">\n\t\t\t\t\t\t\t<div class=\"elementor-row\">\n\t\t\t\t\t<div class=\"elementor-column elementor-col-50 elementor-top-column elementor-element elementor-element-5309a182\" data-id=\"5309a182\" data-element_type=\"column\">\n\t\t\t<div class=\"elementor-column-wrap elementor-element-populated\">\n\t\t\t\t\t\t\t<div class=\"elementor-widget-wrap\">\n\t\t\t\t\t\t<div class=\"elementor-element elementor-element-517ac7f6 elementor-widget elementor-widget-image\" data-id=\"517ac7f6\" data-element_type=\"widget\" data-widget_type=\"image.default\">\n\t\t\t\t<div class=\"elementor-widget-container\">\n\t\t\t\t\t\t\t\t<div class=\"elementor-image\">\n\t\t\t\t\t\t\t\t\t\t\t\t<img loading=\"lazy\" decoding=\"async\" width=\"2088\" height=\"1816\" src=\"https:\/\/badaladas.gal\/wp-content\/uploads\/2020\/05\/DSC06938-Xil.jpg\" class=\"attachment-full size-full\" alt=\"\" srcset=\"https:\/\/badaladas.gal\/wp-content\/uploads\/2020\/05\/DSC06938-Xil.jpg 2088w, https:\/\/badaladas.gal\/wp-content\/uploads\/2020\/05\/DSC06938-Xil-300x261.jpg 300w, https:\/\/badaladas.gal\/wp-content\/uploads\/2020\/05\/DSC06938-Xil-1024x891.jpg 1024w, https:\/\/badaladas.gal\/wp-content\/uploads\/2020\/05\/DSC06938-Xil-768x668.jpg 768w, https:\/\/badaladas.gal\/wp-content\/uploads\/2020\/05\/DSC06938-Xil-1536x1336.jpg 1536w, https:\/\/badaladas.gal\/wp-content\/uploads\/2020\/05\/DSC06938-Xil-2048x1781.jpg 2048w\" sizes=\"auto, 100vw\" \/>\t\t\t\t\t\t\t\t\t\t\t\t\t\t<\/div>\n\t\t\t\t\t\t<\/div>\n\t\t\t\t<\/div>\n\t\t\t\t\t\t<\/div>\n\t\t\t\t\t<\/div>\n\t\t<\/div>\n\t\t\t\t<div class=\"elementor-column elementor-col-50 elementor-top-column elementor-element elementor-element-688f05e3\" data-id=\"688f05e3\" data-element_type=\"column\">\n\t\t\t<div class=\"elementor-column-wrap elementor-element-populated\">\n\t\t\t\t\t\t\t<div class=\"elementor-widget-wrap\">\n\t\t\t\t\t\t<div class=\"elementor-element elementor-element-871ad73 elementor-widget elementor-widget-text-editor\" data-id=\"871ad73\" data-element_type=\"widget\" data-widget_type=\"text-editor.default\">\n\t\t\t\t<div class=\"elementor-widget-container\">\n\t\t\t\t\t\t\t\t<div class=\"elementor-text-editor elementor-clearfix\">\n\t\t\t\t\t<p><span style=\"color: #003366;\"><strong>Igrexa de San Xil de Carballo, no punto quilom\u00e9trico 127,770 do Cami\u00f1o Franc\u00e9s<\/strong><\/span><\/p><p><span style=\"color: #003366;\"><strong>Escoita as badaladas da camp\u00e1 de San Xil<\/strong><\/span><\/p>\t\t\t\t\t<\/div>\n\t\t\t\t\t\t<\/div>\n\t\t\t\t<\/div>\n\t\t\t\t<div class=\"elementor-element elementor-element-ed965b5 elementor-widget elementor-widget-text-editor\" data-id=\"ed965b5\" data-element_type=\"widget\" data-widget_type=\"text-editor.default\">\n\t\t\t\t<div class=\"elementor-widget-container\">\n\t\t\t\t\t\t\t\t<div class=\"elementor-text-editor elementor-clearfix\">\n\t\t\t\t\t<p><strong><span style=\"color: #993300;\">Iglesia de San Xil de Carballo, en el punto kilom\u00e9trico 127,770 del Camino Franc\u00e9s<\/span><\/strong><\/p><p><strong><span style=\"color: #993300;\">Escucha la campana\u00a0 de San Xil<\/span><\/strong><\/p>\t\t\t\t\t<\/div>\n\t\t\t\t\t\t<\/div>\n\t\t\t\t<\/div>\n\t\t\t\t<div class=\"elementor-element elementor-element-3736073 elementor-widget elementor-widget-text-editor\" data-id=\"3736073\" data-element_type=\"widget\" data-widget_type=\"text-editor.default\">\n\t\t\t\t<div class=\"elementor-widget-container\">\n\t\t\t\t\t\t\t\t<div class=\"elementor-text-editor elementor-clearfix\">\n\t\t\t\t\t<p><em><strong><span style=\"color: #000080;\">Saint Xil de Carballo church, at kilometre\u00a0 127,770 of the French Way<\/span><\/strong><\/em><\/p><p><em><strong><span style=\"color: #000080;\">Listen to the bell<\/span><\/strong><\/em><\/p>\t\t\t\t\t<\/div>\n\t\t\t\t\t\t<\/div>\n\t\t\t\t<\/div>\n\t\t\t\t<div class=\"elementor-element elementor-element-57b37fd0 elementor-widget elementor-widget-wp-widget-media_audio\" data-id=\"57b37fd0\" data-element_type=\"widget\" data-widget_type=\"wp-widget-media_audio.default\">\n\t\t\t\t<div class=\"elementor-widget-container\">\n\t\t\t<audio class=\"wp-audio-shortcode\" id=\"audio-281-1\" preload=\"none\" style=\"width: 100%;\" controls=\"controls\"><source type=\"audio\/mpeg\" src=\"https:\/\/badaladas.gal\/wp-content\/uploads\/2020\/02\/Badaladas-San-Xil-CateLU_0159.mp3?_=1\" \/><source type=\"audio\/mpeg\" src=\"https:\/\/badaladas.gal\/wp-content\/uploads\/2020\/02\/Badaladas-San-Xil-CateLU_0159.mp3?_=1\" \/><a href=\"https:\/\/badaladas.gal\/wp-content\/uploads\/2020\/02\/Badaladas-San-Xil-CateLU_0159.mp3\">https:\/\/badaladas.gal\/wp-content\/uploads\/2020\/02\/Badaladas-San-Xil-CateLU_0159.mp3<\/a><\/audio>\t\t<\/div>\n\t\t\t\t<\/div>\n\t\t\t\t<div class=\"elementor-element elementor-element-05f2aa9 elementor-widget elementor-widget-yandex-maps\" data-id=\"05f2aa9\" data-element_type=\"widget\" data-widget_type=\"yandex-maps.default\">\n\t\t\t\t<div class=\"elementor-widget-container\">\n\t\t\t\t\t<script>\n\t\t\tvar mihdan_elementor_yandex_map_05f2aa9 = {\n\t\t\t\t\"id\" : \"05f2aa9\",\n\t\t\t\t\"language\" : \"en\",\n\t\t\t\t\"region\" : \"US\",\n\t\t\t\t\"lat\" : \"42.765811\",\n\t\t\t\t\"lng\" : \"-7.270639\",\n\t\t\t\t\"zoom\" : \"10\",\n\t\t\t\t\"type\" : \"map\",\n\t\t\t\t\"rulerControl\" : \"no\",\n\t\t\t\t\"searchControl\" : \"no\",\n\t\t\t\t\"trafficControl\" : \"no\",\n\t\t\t\t\"typeSelector\" : \"yes\",\n\t\t\t\t\"zoomControl\" : \"yes\",\n\t\t\t\t\"geolocationControl\" : \"no\",\n\t\t\t\t\"routeEditor\" : \"no\",\n\t\t\t\t\"fullscreenControl\" : \"no\",\n\t\t\t\t\"routeButtonControl\" : \"no\",\n\t\t\t\t\"routePanelControl\" : \"no\",\n\t\t\t\t\"disableScrollZoom\" : \"no\",\n\t\t\t\t\"disableDblClickZoom\" : \"no\",\n\t\t\t\t\"disableDrag\" : \"no\",\n\t\t\t\t\"disableLeftMouseButtonMagnifier\" : \"no\",\n\t\t\t\t\"disableRightMouseButtonMagnifier\" : \"no\",\n\t\t\t\t\"disableMultiTouch\" : \"no\",\n\t\t\t\t\"disableRouteEditor\" : \"no\",\n\t\t\t\t\"disableRuler\" : \"no\",\n\t\t\t\t\"enableObjectManager\" : \"no\",\n\t\t\t\t\"infoWindowMaxWidth\" : \"300\",\n\t\t\t\t\"locations\" : {\n    \"type\": \"FeatureCollection\",\n    \"clusterPreset\": \"islands#blueClusterIcons\",\n    \"features\": [\n        {\n            \"type\": \"Feature\",\n            \"id\": \"id_0\",\n            \"geometry\": {\n                \"type\": \"Point\",\n                \"coordinates\": [\n                    \"42.765811\",\n                    \"-7.270639\"\n                ]\n            },\n            \"properties\": {\n                \"iconCaption\": \"\",\n                \"iconContent\": \"\",\n                \"hintContent\": \"\",\n                \"balloonContentHeader\": \"Igrexa de San Xil\",\n                \"balloonContentFooter\": \"\",\n                \"balloonContentBody\": \"\"\n            },\n            \"options\": {\n                \"preset\": \"islands#lightBlueDotIcon\",\n                \"balloonIsOpened\": \"no\",\n                \"iconImage\": \"\",\n                \"iconImageWidth\": \"\",\n                \"iconImageHeight\": \"\"\n            }\n        }\n    ]\n}\t\t\t};\n\t\t<\/script>\n\t\t<div id=\"mihdan_elementor_yandex_map_05f2aa9\" class=\"mihdan-elementor-yandex-maps\" style=\"height: 300px;\"><\/div>\n\t\t\t\t<\/div>\n\t\t\t\t<\/div>\n\t\t\t\t\t\t<\/div>\n\t\t\t\t\t<\/div>\n\t\t<\/div>\n\t\t\t\t\t\t\t\t<\/div>\n\t\t\t\t\t<\/div>\n\t\t<\/section>\n\t\t\t\t<section class=\"elementor-section elementor-top-section elementor-element elementor-element-36174729 elementor-section-stretched elementor-section-boxed elementor-section-height-default elementor-section-height-default\" data-id=\"36174729\" data-element_type=\"section\" data-settings=\"{&quot;stretch_section&quot;:&quot;section-stretched&quot;}\">\n\t\t\t\t\t\t<div class=\"elementor-container elementor-column-gap-default\">\n\t\t\t\t\t\t\t<div class=\"elementor-row\">\n\t\t\t\t\t<div class=\"elementor-column elementor-col-100 elementor-top-column elementor-element elementor-element-e7aa9c6\" data-id=\"e7aa9c6\" data-element_type=\"column\">\n\t\t\t<div class=\"elementor-column-wrap elementor-element-populated\">\n\t\t\t\t\t\t\t<div class=\"elementor-widget-wrap\">\n\t\t\t\t\t\t<div class=\"elementor-element elementor-element-7678ca15 elementor-widget elementor-widget-heading\" data-id=\"7678ca15\" data-element_type=\"widget\" data-widget_type=\"heading.default\">\n\t\t\t\t<div class=\"elementor-widget-container\">\n\t\t\t<h2 class=\"elementor-heading-title elementor-size-default\">A camp\u00e1 da Igrexa de San Xil<\/h2>\t\t<\/div>\n\t\t\t\t<\/div>\n\t\t\t\t<div class=\"elementor-element elementor-element-c85694a elementor-widget elementor-widget-text-editor\" data-id=\"c85694a\" data-element_type=\"widget\" data-widget_type=\"text-editor.default\">\n\t\t\t\t<div class=\"elementor-widget-container\">\n\t\t\t\t\t\t\t\t<div class=\"elementor-text-editor elementor-clearfix\">\n\t\t\t\t\t<h4 style=\"text-align: center;\"><strong>LA CAMPANA DE LA IGLESIA DE SAN XIL \u00a0\u00a0\u00a0\u00a0\u00a0\u00a0\u00a0\u00a0\u00a0\u00a0\u00a0\u00a0\u00a0\u00a0\u00a0\u00a0\u00a0\u00a0\u00a0\u00a0\u00a0\u00a0\u00a0\u00a0\u00a0\u00a0\u00a0\u00a0\u00a0\u00a0\u00a0\u00a0 <em>SAN XIL CHURCH BELL<\/em><br \/><\/strong><\/h4>\t\t\t\t\t<\/div>\n\t\t\t\t\t\t<\/div>\n\t\t\t\t<\/div>\n\t\t\t\t\t\t<\/div>\n\t\t\t\t\t<\/div>\n\t\t<\/div>\n\t\t\t\t\t\t\t\t<\/div>\n\t\t\t\t\t<\/div>\n\t\t<\/section>\n\t\t\t\t<section class=\"elementor-section elementor-top-section elementor-element elementor-element-73f338a elementor-section-stretched elementor-section-full_width elementor-section-height-default elementor-section-height-default\" data-id=\"73f338a\" data-element_type=\"section\" data-settings=\"{&quot;stretch_section&quot;:&quot;section-stretched&quot;,&quot;background_background&quot;:&quot;classic&quot;}\">\n\t\t\t\t\t\t<div class=\"elementor-container elementor-column-gap-default\">\n\t\t\t\t\t\t\t<div class=\"elementor-row\">\n\t\t\t\t\t<div class=\"elementor-column elementor-col-100 elementor-top-column elementor-element elementor-element-cc897e4\" data-id=\"cc897e4\" data-element_type=\"column\">\n\t\t\t<div class=\"elementor-column-wrap elementor-element-populated\">\n\t\t\t\t\t\t\t<div class=\"elementor-widget-wrap\">\n\t\t\t\t\t\t<div class=\"elementor-element elementor-element-5d9dcf2f elementor-widget elementor-widget-image\" data-id=\"5d9dcf2f\" data-element_type=\"widget\" data-widget_type=\"image.default\">\n\t\t\t\t<div class=\"elementor-widget-container\">\n\t\t\t\t\t\t\t\t<div class=\"elementor-image\">\n\t\t\t\t\t\t\t\t\t\t\t\t\t<a href=\"https:\/\/badaladas.gal\/wp-content\/uploads\/2020\/02\/P1010201-Xil.jpg\" data-elementor-open-lightbox=\"yes\" data-elementor-lightbox-title=\"P1010201 Xil\">\n\t\t\t\t\t\t\t<img loading=\"lazy\" decoding=\"async\" width=\"2448\" height=\"1836\" src=\"https:\/\/badaladas.gal\/wp-content\/uploads\/2020\/02\/P1010201-Xil.jpg\" class=\"attachment-full size-full\" alt=\"\" srcset=\"https:\/\/badaladas.gal\/wp-content\/uploads\/2020\/02\/P1010201-Xil.jpg 2448w, https:\/\/badaladas.gal\/wp-content\/uploads\/2020\/02\/P1010201-Xil-300x225.jpg 300w, https:\/\/badaladas.gal\/wp-content\/uploads\/2020\/02\/P1010201-Xil-1024x768.jpg 1024w, https:\/\/badaladas.gal\/wp-content\/uploads\/2020\/02\/P1010201-Xil-768x576.jpg 768w, https:\/\/badaladas.gal\/wp-content\/uploads\/2020\/02\/P1010201-Xil-1536x1152.jpg 1536w, https:\/\/badaladas.gal\/wp-content\/uploads\/2020\/02\/P1010201-Xil-2048x1536.jpg 2048w\" sizes=\"auto, 100vw\" \/>\t\t\t\t\t\t\t\t<\/a>\n\t\t\t\t\t\t\t\t\t\t\t\t\t\t<\/div>\n\t\t\t\t\t\t<\/div>\n\t\t\t\t<\/div>\n\t\t\t\t<div class=\"elementor-element elementor-element-35021add gallery-spacing-custom elementor-widget elementor-widget-image-gallery\" data-id=\"35021add\" data-element_type=\"widget\" data-widget_type=\"image-gallery.default\">\n\t\t\t\t<div class=\"elementor-widget-container\">\n\t\t\t\t\t<div class=\"elementor-image-gallery\">\n\t\t\t<div id='gallery-1' class='gallery galleryid-281 gallery-columns-2 gallery-size-full'><figure class='gallery-item'>\n\t\t\t<div class='gallery-icon landscape'>\n\t\t\t\t<a data-elementor-open-lightbox=\"yes\" data-elementor-lightbox-slideshow=\"35021add\" data-elementor-lightbox-title=\"P1010199 Xil\" href='https:\/\/badaladas.gal\/wp-content\/uploads\/2020\/03\/P1010199-Xil.jpg'><img loading=\"lazy\" decoding=\"async\" width=\"1224\" height=\"918\" src=\"https:\/\/badaladas.gal\/wp-content\/uploads\/2020\/03\/P1010199-Xil.jpg\" class=\"attachment-full size-full\" alt=\"\" srcset=\"https:\/\/badaladas.gal\/wp-content\/uploads\/2020\/03\/P1010199-Xil.jpg 1224w, https:\/\/badaladas.gal\/wp-content\/uploads\/2020\/03\/P1010199-Xil-300x225.jpg 300w, https:\/\/badaladas.gal\/wp-content\/uploads\/2020\/03\/P1010199-Xil-1024x768.jpg 1024w, https:\/\/badaladas.gal\/wp-content\/uploads\/2020\/03\/P1010199-Xil-768x576.jpg 768w\" sizes=\"auto, 100vw\" \/><\/a>\n\t\t\t<\/div><\/figure><figure class='gallery-item'>\n\t\t\t<div class='gallery-icon landscape'>\n\t\t\t\t<a data-elementor-open-lightbox=\"yes\" data-elementor-lightbox-slideshow=\"35021add\" data-elementor-lightbox-title=\"P1010204 Xil 2\" href='https:\/\/badaladas.gal\/wp-content\/uploads\/2020\/02\/P1010204-Xil-2.jpg'><img loading=\"lazy\" decoding=\"async\" width=\"979\" height=\"734\" src=\"https:\/\/badaladas.gal\/wp-content\/uploads\/2020\/02\/P1010204-Xil-2.jpg\" class=\"attachment-full size-full\" alt=\"\" srcset=\"https:\/\/badaladas.gal\/wp-content\/uploads\/2020\/02\/P1010204-Xil-2.jpg 979w, https:\/\/badaladas.gal\/wp-content\/uploads\/2020\/02\/P1010204-Xil-2-300x225.jpg 300w, https:\/\/badaladas.gal\/wp-content\/uploads\/2020\/02\/P1010204-Xil-2-768x576.jpg 768w\" sizes=\"auto, 100vw\" \/><\/a>\n\t\t\t<\/div><\/figure><figure class='gallery-item'>\n\t\t\t<div class='gallery-icon landscape'>\n\t\t\t\t<a data-elementor-open-lightbox=\"yes\" data-elementor-lightbox-slideshow=\"35021add\" data-elementor-lightbox-title=\"P1010206 Xil\" href='https:\/\/badaladas.gal\/wp-content\/uploads\/2020\/02\/P1010206-Xil.jpg'><img loading=\"lazy\" decoding=\"async\" width=\"2176\" height=\"1836\" src=\"https:\/\/badaladas.gal\/wp-content\/uploads\/2020\/02\/P1010206-Xil.jpg\" class=\"attachment-full size-full\" alt=\"\" aria-describedby=\"gallery-1-460\" srcset=\"https:\/\/badaladas.gal\/wp-content\/uploads\/2020\/02\/P1010206-Xil.jpg 2176w, https:\/\/badaladas.gal\/wp-content\/uploads\/2020\/02\/P1010206-Xil-300x253.jpg 300w, https:\/\/badaladas.gal\/wp-content\/uploads\/2020\/02\/P1010206-Xil-1024x864.jpg 1024w, https:\/\/badaladas.gal\/wp-content\/uploads\/2020\/02\/P1010206-Xil-768x648.jpg 768w, https:\/\/badaladas.gal\/wp-content\/uploads\/2020\/02\/P1010206-Xil-1536x1296.jpg 1536w, https:\/\/badaladas.gal\/wp-content\/uploads\/2020\/02\/P1010206-Xil-2048x1728.jpg 2048w\" sizes=\"auto, 100vw\" \/><\/a>\n\t\t\t<\/div>\n\t\t\t\t<figcaption class='wp-caption-text gallery-caption' id='gallery-1-460'>\n\t\t\t\tUnha boa colleita de millo\/Buena cosecha de ma\u00edz\/Good harvest of corn\n\t\t\t\t<\/figcaption><\/figure><figure class='gallery-item'>\n\t\t\t<div class='gallery-icon landscape'>\n\t\t\t\t<a data-elementor-open-lightbox=\"yes\" data-elementor-lightbox-slideshow=\"35021add\" data-elementor-lightbox-title=\"P1010201 Xil 2\" href='https:\/\/badaladas.gal\/wp-content\/uploads\/2020\/04\/P1010201-Xil-2.jpg'><img loading=\"lazy\" decoding=\"async\" width=\"523\" height=\"428\" src=\"https:\/\/badaladas.gal\/wp-content\/uploads\/2020\/04\/P1010201-Xil-2.jpg\" class=\"attachment-full size-full\" alt=\"\" srcset=\"https:\/\/badaladas.gal\/wp-content\/uploads\/2020\/04\/P1010201-Xil-2.jpg 523w, https:\/\/badaladas.gal\/wp-content\/uploads\/2020\/04\/P1010201-Xil-2-300x246.jpg 300w\" sizes=\"auto, 100vw\" \/><\/a>\n\t\t\t<\/div><\/figure>\n\t\t<\/div>\n\t\t<\/div>\n\t\t\t\t<\/div>\n\t\t\t\t<\/div>\n\t\t\t\t<div class=\"elementor-element elementor-element-1221a540 elementor-invisible elementor-widget elementor-widget-wp-widget-text\" data-id=\"1221a540\" data-element_type=\"widget\" data-settings=\"{&quot;_animation&quot;:&quot;fadeIn&quot;}\" data-widget_type=\"wp-widget-text.default\">\n\t\t\t\t<div class=\"elementor-widget-container\">\n\t\t\t\t\t\t<div class=\"textwidget\"><p>Fabricante\/Manufacturer:<\/p>\n<p>Ano de fabricaci\u00f3n\/Manufacturing year:<\/p>\n<p>Altura\/Heigth:<\/p>\n<p>Di\u00e1metro\/Diameter:<\/p>\n<p>Nota musical\/Musical note:\u00a0<strong> \u00a0\u00a0 Lab\/Ab<\/strong><\/p>\n<p>Estado\/Condition:\u00a0\u00a0 <strong>en uso\/in use<\/strong><\/p>\n<p>Inscrici\u00f3ns \u00e1 vista:<strong> \u00a0 \u00a0\u00a0 I h S\u00a0\u00a0\u00a0\u00a0\u00a0\u00a0\u00a0\u00a0\u00a0 <\/strong>(sen acceso \u00e1 camp\u00e1)<\/p>\n<p>Inscriptions:\u00a0\u00a0 I h S \u00a0 (without any access to the bell)<\/p>\n<\/div>\n\t\t\t\t<\/div>\n\t\t\t\t<\/div>\n\t\t\t\t\t\t<\/div>\n\t\t\t\t\t<\/div>\n\t\t<\/div>\n\t\t\t\t\t\t\t\t<\/div>\n\t\t\t\t\t<\/div>\n\t\t<\/section>\n\t\t\t\t<section class=\"elementor-section elementor-top-section elementor-element elementor-element-3e9b0e62 elementor-section-boxed elementor-section-height-default elementor-section-height-default\" data-id=\"3e9b0e62\" data-element_type=\"section\">\n\t\t\t\t\t\t<div class=\"elementor-container elementor-column-gap-default\">\n\t\t\t\t\t\t\t<div class=\"elementor-row\">\n\t\t\t\t\t\t\t\t\t<\/div>\n\t\t\t\t\t<\/div>\n\t\t<\/section>\n\t\t\t\t\t\t<\/div>\n\t\t\t\t\t\t<\/div>\n\t\t\t\t\t<\/div>\n\t\t","protected":false},"excerpt":{"rendered":"<p>Igrexa de San Xil de Carballo, no punto quilom\u00e9trico 127,770 do Cami\u00f1o Franc\u00e9s Escoita as badaladas da camp\u00e1 de San Xil Iglesia de San Xil de Carballo, en el punto kilom\u00e9trico 127,770 del Camino Franc\u00e9s Escucha la campana\u00a0 de San Xil Saint Xil de Carballo church, at kilometre\u00a0 127,770 of the French Way Listen to &hellip; <\/p>\n<p class=\"link-more\"><a href=\"https:\/\/badaladas.gal\/index.php\/san-xil\/\" class=\"more-link\">Continuar leyendo<span class=\"screen-reader-text\"> &#8220;SAN XIL&#8221;<\/span><\/a><\/p>\n","protected":false},"author":2,"featured_media":0,"parent":0,"menu_order":0,"comment_status":"closed","ping_status":"closed","template":"","meta":{"footnotes":""},"class_list":["post-281","page","type-page","status-publish","hentry"],"_links":{"self":[{"href":"https:\/\/badaladas.gal\/index.php\/wp-json\/wp\/v2\/pages\/281","targetHints":{"allow":["GET"]}}],"collection":[{"href":"https:\/\/badaladas.gal\/index.php\/wp-json\/wp\/v2\/pages"}],"about":[{"href":"https:\/\/badaladas.gal\/index.php\/wp-json\/wp\/v2\/types\/page"}],"author":[{"embeddable":true,"href":"https:\/\/badaladas.gal\/index.php\/wp-json\/wp\/v2\/users\/2"}],"replies":[{"embeddable":true,"href":"https:\/\/badaladas.gal\/index.php\/wp-json\/wp\/v2\/comments?post=281"}],"version-history":[{"count":52,"href":"https:\/\/badaladas.gal\/index.php\/wp-json\/wp\/v2\/pages\/281\/revisions"}],"predecessor-version":[{"id":7031,"href":"https:\/\/badaladas.gal\/index.php\/wp-json\/wp\/v2\/pages\/281\/revisions\/7031"}],"wp:attachment":[{"href":"https:\/\/badaladas.gal\/index.php\/wp-json\/wp\/v2\/media?parent=281"}],"curies":[{"name":"wp","href":"https:\/\/api.w.org\/{rel}","templated":true}]}}