{"id":3574,"date":"2020-05-18T10:46:58","date_gmt":"2020-05-18T10:46:58","guid":{"rendered":"https:\/\/badaladas.gal\/?page_id=3574"},"modified":"2024-06-16T10:23:54","modified_gmt":"2024-06-16T09:23:54","slug":"estatisticas","status":"publish","type":"page","link":"https:\/\/badaladas.gal\/index.php\/estatisticas\/","title":{"rendered":"ANTIG\u00dcIDADE DAS CAMP\u00c1S\/ANTIG\u00dcEDAD DE LAS CAMPANAS\/BELLS AGE"},"content":{"rendered":"\t\t<div data-elementor-type=\"wp-post\" data-elementor-id=\"3574\" class=\"elementor elementor-3574\" data-elementor-settings=\"[]\">\n\t\t\t\t\t\t<div class=\"elementor-inner\">\n\t\t\t\t\t\t\t<div class=\"elementor-section-wrap\">\n\t\t\t\t\t\t\t<section class=\"elementor-section elementor-top-section elementor-element elementor-element-5144bc5e elementor-section-stretched elementor-section-full_width elementor-section-height-default elementor-section-height-default\" data-id=\"5144bc5e\" data-element_type=\"section\" data-settings=\"{&quot;stretch_section&quot;:&quot;section-stretched&quot;}\">\n\t\t\t\t\t\t<div class=\"elementor-container elementor-column-gap-default\">\n\t\t\t\t\t\t\t<div class=\"elementor-row\">\n\t\t\t\t\t<div class=\"elementor-column elementor-col-50 elementor-top-column elementor-element elementor-element-1e2e1e81\" data-id=\"1e2e1e81\" data-element_type=\"column\">\n\t\t\t<div class=\"elementor-column-wrap elementor-element-populated\">\n\t\t\t\t\t\t\t<div class=\"elementor-widget-wrap\">\n\t\t\t\t\t\t<div class=\"elementor-element elementor-element-7f4d022d elementor-widget elementor-widget-image\" data-id=\"7f4d022d\" data-element_type=\"widget\" data-widget_type=\"image.default\">\n\t\t\t\t<div class=\"elementor-widget-container\">\n\t\t\t\t\t\t\t\t<div class=\"elementor-image\">\n\t\t\t\t\t\t\t\t\t\t\t\t<img decoding=\"async\" src=\"https:\/\/badaladas.gal\/wp-content\/uploads\/2020\/01\/Captura-de-pantalla-2020-01-09-a-las-11.59.27.png\" title=\"\" alt=\"\" \/>\t\t\t\t\t\t\t\t\t\t\t\t\t\t<\/div>\n\t\t\t\t\t\t<\/div>\n\t\t\t\t<\/div>\n\t\t\t\t<div class=\"elementor-element elementor-element-95c964b gallery-spacing-custom elementor-widget elementor-widget-image-gallery\" data-id=\"95c964b\" data-element_type=\"widget\" data-widget_type=\"image-gallery.default\">\n\t\t\t\t<div class=\"elementor-widget-container\">\n\t\t\t\t\t<div class=\"elementor-image-gallery\">\n\t\t\t<div id='gallery-1' class='gallery galleryid-3574 gallery-columns-1 gallery-size-full'><figure class='gallery-item'>\n\t\t\t<div class='gallery-icon landscape'>\n\t\t\t\t<a data-elementor-open-lightbox=\"yes\" data-elementor-lightbox-slideshow=\"95c964b\" data-elementor-lightbox-title=\"Estatisticas\" href='https:\/\/badaladas.gal\/wp-content\/uploads\/2020\/10\/Estatisticas-1.png'><img loading=\"lazy\" decoding=\"async\" width=\"1208\" height=\"905\" src=\"https:\/\/badaladas.gal\/wp-content\/uploads\/2020\/10\/Estatisticas-1.png\" class=\"attachment-full size-full\" alt=\"\" srcset=\"https:\/\/badaladas.gal\/wp-content\/uploads\/2020\/10\/Estatisticas-1.png 1208w, https:\/\/badaladas.gal\/wp-content\/uploads\/2020\/10\/Estatisticas-1-300x225.png 300w, https:\/\/badaladas.gal\/wp-content\/uploads\/2020\/10\/Estatisticas-1-1024x767.png 1024w, https:\/\/badaladas.gal\/wp-content\/uploads\/2020\/10\/Estatisticas-1-768x575.png 768w\" sizes=\"auto, 100vw\" \/><\/a>\n\t\t\t<\/div><\/figure>\n\t\t<\/div>\n\t\t<\/div>\n\t\t\t\t<\/div>\n\t\t\t\t<\/div>\n\t\t\t\t<div class=\"elementor-element elementor-element-d9a0948 gallery-spacing-custom elementor-widget elementor-widget-image-gallery\" data-id=\"d9a0948\" data-element_type=\"widget\" data-widget_type=\"image-gallery.default\">\n\t\t\t\t<div class=\"elementor-widget-container\">\n\t\t\t\t\t<div class=\"elementor-image-gallery\">\n\t\t\t<div id='gallery-2' class='gallery galleryid-3574 gallery-columns-1 gallery-size-full'><figure class='gallery-item'>\n\t\t\t<div class='gallery-icon landscape'>\n\t\t\t\t<a data-elementor-open-lightbox=\"yes\" data-elementor-lightbox-slideshow=\"d9a0948\" data-elementor-lightbox-title=\"Estatisticas\" href='https:\/\/badaladas.gal\/wp-content\/uploads\/2020\/10\/Estatisticas-2.png'><img loading=\"lazy\" decoding=\"async\" width=\"1208\" height=\"905\" src=\"https:\/\/badaladas.gal\/wp-content\/uploads\/2020\/10\/Estatisticas-2.png\" class=\"attachment-full size-full\" alt=\"\" srcset=\"https:\/\/badaladas.gal\/wp-content\/uploads\/2020\/10\/Estatisticas-2.png 1208w, https:\/\/badaladas.gal\/wp-content\/uploads\/2020\/10\/Estatisticas-2-300x225.png 300w, https:\/\/badaladas.gal\/wp-content\/uploads\/2020\/10\/Estatisticas-2-1024x767.png 1024w, https:\/\/badaladas.gal\/wp-content\/uploads\/2020\/10\/Estatisticas-2-768x575.png 768w\" sizes=\"auto, 100vw\" \/><\/a>\n\t\t\t<\/div><\/figure>\n\t\t<\/div>\n\t\t<\/div>\n\t\t\t\t<\/div>\n\t\t\t\t<\/div>\n\t\t\t\t<div class=\"elementor-element elementor-element-f2f3a92 gallery-spacing-custom elementor-widget elementor-widget-image-gallery\" data-id=\"f2f3a92\" data-element_type=\"widget\" data-widget_type=\"image-gallery.default\">\n\t\t\t\t<div class=\"elementor-widget-container\">\n\t\t\t\t\t<div class=\"elementor-image-gallery\">\n\t\t\t<div id='gallery-3' class='gallery galleryid-3574 gallery-columns-1 gallery-size-full'><figure class='gallery-item'>\n\t\t\t<div class='gallery-icon landscape'>\n\t\t\t\t<a data-elementor-open-lightbox=\"yes\" data-elementor-lightbox-slideshow=\"f2f3a92\" data-elementor-lightbox-title=\"Estatisticas\" href='https:\/\/badaladas.gal\/wp-content\/uploads\/2020\/10\/Estatisticas-3.png'><img loading=\"lazy\" decoding=\"async\" width=\"1208\" height=\"905\" src=\"https:\/\/badaladas.gal\/wp-content\/uploads\/2020\/10\/Estatisticas-3.png\" class=\"attachment-full size-full\" alt=\"\" srcset=\"https:\/\/badaladas.gal\/wp-content\/uploads\/2020\/10\/Estatisticas-3.png 1208w, https:\/\/badaladas.gal\/wp-content\/uploads\/2020\/10\/Estatisticas-3-300x225.png 300w, https:\/\/badaladas.gal\/wp-content\/uploads\/2020\/10\/Estatisticas-3-1024x767.png 1024w, https:\/\/badaladas.gal\/wp-content\/uploads\/2020\/10\/Estatisticas-3-768x575.png 768w\" sizes=\"auto, 100vw\" \/><\/a>\n\t\t\t<\/div><\/figure>\n\t\t<\/div>\n\t\t<\/div>\n\t\t\t\t<\/div>\n\t\t\t\t<\/div>\n\t\t\t\t\t\t<\/div>\n\t\t\t\t\t<\/div>\n\t\t<\/div>\n\t\t\t\t<div class=\"elementor-column elementor-col-50 elementor-top-column elementor-element elementor-element-d0f4197\" data-id=\"d0f4197\" data-element_type=\"column\">\n\t\t\t<div class=\"elementor-column-wrap elementor-element-populated\">\n\t\t\t\t\t\t\t<div class=\"elementor-widget-wrap\">\n\t\t\t\t\t\t<div class=\"elementor-element elementor-element-13176fe3 elementor-widget elementor-widget-text-editor\" data-id=\"13176fe3\" data-element_type=\"widget\" data-widget_type=\"text-editor.default\">\n\t\t\t\t<div class=\"elementor-widget-container\">\n\t\t\t\t\t\t\t\t<div class=\"elementor-text-editor elementor-clearfix\">\n\t\t\t\t\t<p><span style=\"color: #003366;\"><strong>A antig\u00fcidade das camp\u00e1s actuais que hai nos cami\u00f1os Franc\u00e9s e Primitivo en Galicia vai dende o ano 1380, aproximadamente, ata 2008. Nesta gr\u00e1fica vemos\u00a0 a s\u00faa distribuci\u00f3n por s\u00e9culos. A maior parte foron fundidas no s\u00e9culo XIX.<\/strong><\/span><\/p><p><span style=\"color: #003366;\"><strong>As camp\u00e1s m\u00e1is antigas dos cami\u00f1os Franc\u00e9s e Primitivo en Galicia son:<\/strong><\/span><\/p><p><strong><span style=\"color: #003366;\">\u00a0\u00a0 &#8211; Ano 1380 (c\u00e1lculo aproximado),\u00a0<a style=\"color: #003366;\" href=\"https:\/\/badaladas.gal\/index.php\/catedral-de-santiago\/\"> <span style=\"text-decoration: underline;\">camp\u00e1 pequena da capela de Santa Mar\u00eda da catedral de Santiago.<\/span><\/a><\/span><\/strong><\/p><p><strong><span style=\"color: #003366;\">\u00a0\u00a0 -Ano 1541\u00a0 <a style=\"color: #003366;\" href=\"https:\/\/badaladas.gal\/index.php\/catedral-de-santiago\/\"><span style=\"text-decoration: underline;\">camp\u00e1 Vacante da torre da catedral de Santiago.<\/span><\/a><\/span><\/strong><\/p><p><strong><span style=\"color: #003366;\">\u00a0\u00a0 -Ano 1550 (c\u00e1lculo aproximado),\u00a0 <a style=\"color: #003366;\" href=\"https:\/\/badaladas.gal\/index.php\/catedral-de-santiago\/\"><span style=\"text-decoration: underline;\">camp\u00e1 de sinais Laus Deo da catedral de Santiago.<\/span><\/a><\/span><\/strong><\/p><p><span style=\"color: #003366;\"><strong>\u00a0\u00a0 &#8211; Ano 1577\u00a0 <span style=\"color: #003366;\"><a style=\"color: #003366;\" href=\"https:\/\/badaladas.gal\/index.php\/catedral-de-lugo\/\"><span style=\"text-decoration: underline;\">catedral de Lugo. Camp\u00e1 das Horas.<\/span><\/a><\/span><\/strong><\/span><\/p><p><span style=\"color: #003366;\"><strong>\u00a0\u00a0 &#8211; Ano 1615\u00a0 i<a style=\"color: #003366;\" href=\"https:\/\/badaladas.gal\/index.php\/elementor-622\/\"><span style=\"text-decoration: underline;\">grexa de Padornelo. Camp\u00e1 pequena.<\/span><\/a><\/strong><\/span><\/p><p><span style=\"color: #003366;\"><strong>\u00a0\u00a0 -Ano 1671 \u00a0 <span style=\"text-decoration: underline;\"><a style=\"color: #003366; text-decoration: underline;\" href=\"https:\/\/badaladas.gal\/index.php\/catedral-de-santiago\/\">d\u00faas camp\u00e1s do campanil da catedral de Santiago.<\/a><\/span><\/strong><\/span><\/p><p><span style=\"color: #003366;\"><strong>\u00a0\u00a0 -Ano 1672\u00a0<span style=\"color: #003366;\"><a style=\"color: #003366;\" href=\"https:\/\/badaladas.gal\/index.php\/catedral-de-santiago\/\"> <span style=\"text-decoration: underline;\">Camp\u00e1 das \u00c1nimas da torre da catedral de Santiago.<\/span><\/a><\/span><\/strong><\/span><\/p><p><span style=\"color: #003366;\"><strong>\u00a0\u00a0 -Ano 1675\u00a0 <a style=\"color: #003366;\" href=\"https:\/\/badaladas.gal\/index.php\/catedral-de-santiago\/\"><span style=\"text-decoration: underline;\">camp\u00e1s Santiago Maior e San Luis da torre da catedral de Santiago.<\/span><\/a><\/strong><\/span><\/p><p><span style=\"color: #003366;\"><strong>\u00a0\u00a0 &#8211; Ano 1688\u00a0 I<a style=\"color: #003366;\" href=\"https:\/\/badaladas.gal\/index.php\/ferreiros\/\"><span style=\"text-decoration: underline;\">grexa de Ferreiros. Camp\u00e1 pequena.\u00a0 <\/span><\/a><br \/><\/strong><\/span><\/p><p><strong><span style=\"color: #003366;\">As camp\u00e1s m\u00e1is recentes dos cami\u00f1os Franc\u00e9s e Primitivo en Galicia son:<\/span><\/strong><\/p><p><strong><span style=\"color: #003366;\">\u00a0 -Ano 2008\u00a0 <a style=\"color: #003366;\" href=\"https:\/\/badaladas.gal\/index.php\/linares-2\/\"><span style=\"text-decoration: underline;\">Igrexa de Li\u00f1ares. Camp\u00e1 grande.<\/span><\/a><\/span><\/strong><\/p><p><strong><span style=\"color: #003366;\">\u00a0 &#8211; Ano 2003\u00a0 <a style=\"color: #003366;\" href=\"https:\/\/badaladas.gal\/index.php\/san-xoan-do-alto\/\"><span style=\"text-decoration: underline;\">Igrexa de San Xo\u00e1n do Alto. Camp\u00e1 grande.<\/span><\/a><\/span><\/strong><\/p><p><span style=\"color: #003366;\"><strong>\u00a0 &#8211; Ano 2000\u00a0 <span style=\"text-decoration: underline;\"><a style=\"color: #003366; text-decoration: underline;\" href=\"https:\/\/badaladas.gal\/index.php\/calvor\/\">Igrexa de Calvor. Camp\u00e1 grande.<\/a><\/span><\/strong><\/span><\/p><p><strong><span style=\"color: #003366;\">\u00a0<\/span><\/strong><\/p>\t\t\t\t\t<\/div>\n\t\t\t\t\t\t<\/div>\n\t\t\t\t<\/div>\n\t\t\t\t<div class=\"elementor-element elementor-element-699f18d elementor-widget elementor-widget-text-editor\" data-id=\"699f18d\" data-element_type=\"widget\" data-widget_type=\"text-editor.default\">\n\t\t\t\t<div class=\"elementor-widget-container\">\n\t\t\t\t\t\t\t\t<div class=\"elementor-text-editor elementor-clearfix\">\n\t\t\t\t\t<p><span style=\"color: #993300;\"><strong>La antig\u00fcedad de las campanas de los caminos Franc\u00e9s y Primitivo oscila entre el a\u00f1o 1380 (a\u00f1o aproximado) y\u00a0 2008. En esta gr\u00e1fica vemos su distribuci\u00f3n por siglos. La mayor parte fueron fundidas en el XIX.<\/strong><\/span><\/p><p><span style=\"color: #993300;\"><strong>Las campanas m\u00e1s antiguas de los caminos Franc\u00e9s y Primitivo en Galicia son:<\/strong><\/span><\/p><p><span style=\"color: #993300;\"><strong>\u00a0\u00a0 -A\u00f1o 1380 (c\u00e1lculo aproximado), <a style=\"color: #993300;\" href=\"https:\/\/badaladas.gal\/index.php\/catedral-de-santiago\/\"><span style=\"text-decoration: underline;\">campana peque\u00f1a de la capilla de Santa Mar\u00eda de la catedral de Santiago.<\/span><\/a><\/strong><\/span><\/p><p><strong><span style=\"color: #993300;\">\u00a0\u00a0 -A\u00f1o 1541\u00a0 <a style=\"color: #993300;\" href=\"https:\/\/badaladas.gal\/index.php\/catedral-de-santiago\/\"><span style=\"text-decoration: underline;\">campana Vacante de la torre de la catedral de Santiago.<\/span><\/a><\/span><\/strong><\/p><p><span style=\"color: #993300;\"><strong>\u00a0\u00a0 -A\u00f1o 1550 (c\u00e1lculo aproximado), C<a style=\"color: #993300;\" href=\"https:\/\/badaladas.gal\/index.php\/catedral-de-santiago\/\"><span style=\"text-decoration: underline;\">ampana de Se\u00f1ales Laus Deo de la catedral de Santiago.<\/span><\/a><\/strong><\/span><\/p><p><span style=\"color: #993300;\"><strong>\u00a0\u00a0 &#8211; A\u00f1o 1577 <a href=\"https:\/\/badaladas.gal\/index.php\/catedral-de-lugo\/\"><span style=\"text-decoration: underline;\"><span style=\"color: #993300; text-decoration: underline;\">catedral de Lugo. Campana de las Horas.<\/span><\/span><\/a><\/strong><\/span><\/p><p><span style=\"color: #993300;\"><strong>\u00a0\u00a0 &#8211; A\u00f1o 1615 <a style=\"color: #993300;\" href=\"https:\/\/badaladas.gal\/index.php\/elementor-622\/\"><span style=\"text-decoration: underline;\">Iglesia de Padornelo. Campana peque\u00f1a.<\/span><\/a><\/strong><\/span><\/p><p><span style=\"color: #993300;\"><strong>\u00a0\u00a0 -A\u00f1o 1671 dos<\/strong><a style=\"color: #993300;\" href=\"https:\/\/badaladas.gal\/index.php\/catedral-de-santiago\/\"><span style=\"text-decoration: underline;\"><strong> campanas del campanil de la catedral de Santiago.<\/strong><\/span><\/a><\/span><\/p><p><span style=\"color: #993300;\"><strong>\u00a0\u00a0 -A\u00f1o 1672\u00a0<span style=\"color: #993300;\"> <a style=\"color: #993300;\" href=\"https:\/\/badaladas.gal\/index.php\/catedral-de-santiago\/\"><span style=\"text-decoration: underline;\">campana de As \u00c1nimas de la torre de la catedral de Santiago.<\/span><\/a><\/span><br \/><\/strong><\/span><\/p><p><span style=\"color: #993300;\"><strong>\u00a0\u00a0 -A\u00f1o 1675\u00a0 <span style=\"color: #993300;\"><a style=\"color: #993300;\" href=\"https:\/\/badaladas.gal\/index.php\/catedral-de-santiago\/\">c<span style=\"text-decoration: underline;\">ampanas Santiago Mayor y San Luis de la torre de la catedral de Santiago.<\/span><\/a><\/span><\/strong><\/span><\/p><p><span style=\"color: #993300;\"><strong>\u00a0\u00a0 &#8211; A\u00f1o 1688 <a style=\"color: #993300;\" href=\"https:\/\/badaladas.gal\/index.php\/ferreiros\/\"><span style=\"text-decoration: underline;\">Iglesia de Ferreiros. Campana peque\u00f1a.<\/span><\/a><\/strong><\/span><\/p><p><strong><span style=\"color: #993300;\">Las campanas m\u00e1s recientes de los caminos Franc\u00e9s y Primitivo en Galicia son:<\/span><\/strong><\/p><p><strong><span style=\"color: #993300;\">\u00a0\u00a0 -A\u00f1o 2008\u00a0 <span style=\"text-decoration: underline;\"><a style=\"color: #993300; text-decoration: underline;\" href=\"https:\/\/badaladas.gal\/index.php\/linares-2\/\">Iglesia de Li\u00f1ares. Campana grande.<\/a><\/span><\/span><\/strong><\/p><p>\u00a0<strong><span style=\"color: #993300;\">\u00a0 -A\u00f1o 2003\u00a0 <span style=\"text-decoration: underline;\"><a style=\"color: #993300; text-decoration: underline;\" href=\"https:\/\/badaladas.gal\/index.php\/san-xoan-do-alto\/\">Iglesia de San Xo\u00e1n do Alto. Campana grande.<\/a><\/span><\/span><\/strong><\/p><p><strong><span style=\"color: #993300;\">\u00a0\u00a0 -A\u00f1o 2000\u00a0 <span style=\"text-decoration: underline;\"><a style=\"color: #993300; text-decoration: underline;\" href=\"https:\/\/badaladas.gal\/index.php\/calvor\/\">Iglesia de Calvor. Campana grande.<\/a><\/span><\/span><\/strong><\/p><p><strong><span style=\"color: #993300;\">\u00a0<\/span><\/strong><\/p>\t\t\t\t\t<\/div>\n\t\t\t\t\t\t<\/div>\n\t\t\t\t<\/div>\n\t\t\t\t<div class=\"elementor-element elementor-element-90df173 elementor-widget elementor-widget-text-editor\" data-id=\"90df173\" data-element_type=\"widget\" data-widget_type=\"text-editor.default\">\n\t\t\t\t<div class=\"elementor-widget-container\">\n\t\t\t\t\t\t\t\t<div class=\"elementor-text-editor elementor-clearfix\">\n\t\t\t\t\t<p><span style=\"color: #000080;\"><em><strong>The age of French and Primitive Way bells ranges from 1380 (approximate year) to 2008. In this chart, we can see centuries distribution. Most of them were melted in the 19th century.<\/strong><\/em><\/span><\/p>\n<p><span style=\"color: #000080;\"><em><strong>The oldest bells of the French and PrimitiveWay in Galicia are:<\/strong><\/em><\/span><\/p>\n<p><strong><em><span style=\"color: #000080;\">&nbsp;&nbsp; -Year 1380 (approximate year),&nbsp; <span style=\"text-decoration: underline;\">small bell of the Saint Mary Chapel in Santiago cathedral.<\/span><\/span><\/em><\/strong><\/p>\n<p><em><strong><span style=\"color: #000080;\">&nbsp;&nbsp; -Year 1541 <span style=\"text-decoration: underline;\"><a style=\"color: #000080; text-decoration: underline;\" href=\"https:\/\/badaladas.gal\/index.php\/catedral-de-santiago\/\">Vacant bell of the Santiago cathedral tower.<\/a><\/span><\/span><\/strong><\/em><\/p>\n<p><em><strong><span style=\"color: #000080;\">&nbsp;&nbsp; -Year 1550 (approximate year), <a style=\"color: #000080;\" href=\"https:\/\/badaladas.gal\/index.php\/catedral-de-santiago\/\"><span style=\"text-decoration: underline;\">Signs Bell, Laus Deo, in the Santiago cathedral.<\/span><\/a><\/span><\/strong><\/em><\/p>\n<p><span style=\"color: #000080;\"><em><strong>&nbsp;&nbsp; &#8211; Year 1577 <a style=\"color: #000080;\" href=\"https:\/\/badaladas.gal\/index.php\/catedral-de-lugo\/\"><span style=\"text-decoration: underline;\">Lugo cathedral. Hours Bell.<\/span><\/a><\/strong><\/em><\/span><\/p>\n<p><span style=\"color: #000080;\"><em><strong>&nbsp;&nbsp; &#8211; Year 1615 <a style=\"color: #000080;\" href=\"https:\/\/badaladas.gal\/index.php\/elementor-622\/\"><span style=\"text-decoration: underline;\">Padornelo&#8217;s church. Small bell.<\/span><\/a><\/strong><\/em><\/span><\/p>\n<p><em><strong><span style=\"color: #000080;\">&nbsp;&nbsp; -Year 1671&nbsp; <span style=\"text-decoration: underline;\">two bells of the Santiago cathedral campanile.<\/span><\/span><\/strong><\/em><\/p>\n<p><em><strong><span style=\"color: #000080;\">&nbsp; &nbsp;&nbsp; -Year 1672&nbsp; <span style=\"text-decoration: underline;\">Souls Bell, in the tower of the Santiago cathedral.<\/span><\/span><\/strong><\/em><\/p>\n<p><em><strong><span style=\"color: #000080;\">&nbsp;&nbsp; -Year 1675&nbsp; <span style=\"text-decoration: underline;\">Great Saint James and Saint Louis bells, in the Santiago cathedral tower.<\/span><\/span><\/strong><\/em><\/p>\n<p><span style=\"color: #000080;\"><em><strong>&nbsp;&nbsp; &#8211; Year 1688 <a style=\"color: #000080;\" href=\"https:\/\/badaladas.gal\/index.php\/ferreiros\/\"><span style=\"text-decoration: underline;\">Ferreiros church. Small bell.<\/span><\/a><\/strong><\/em><\/span><\/p>\n<p><em><strong><span style=\"color: #000080;\">The most recent bells of the French and Primitive Ways in Galicia are:<\/span><\/strong><\/em><\/p>\n<p>&nbsp;<em><strong><span style=\"color: #000080;\">&nbsp; -Year 2008&nbsp; <a style=\"color: #000080;\" href=\"https:\/\/badaladas.gal\/index.php\/linares-2\/\"><span style=\"text-decoration: underline;\">Li\u00f1ares church. Big bell.<\/span><\/a><\/span><\/strong><\/em><\/p>\n<p>&nbsp;&nbsp;<em><strong><span style=\"color: #000080;\"> -Year 2003&nbsp; <a style=\"color: #000080;\" href=\"https:\/\/badaladas.gal\/index.php\/san-xoan-do-alto\/\"><span style=\"text-decoration: underline;\">San Xo\u00e1n do Alto church. Big bell.<\/span><\/a><\/span><\/strong><\/em><\/p>\n<p><em><strong><span style=\"color: #000080;\">&nbsp;&nbsp; -Year 2000 <a style=\"color: #000080;\" href=\"https:\/\/badaladas.gal\/index.php\/calvor\/\"><span style=\"text-decoration: underline;\">Calvor church. Big bell.<\/span><\/a><\/span><\/strong><\/em><\/p>\n<p><em><strong><span style=\"color: #000080;\">&nbsp;<\/span><\/strong><\/em><\/p>\t\t\t\t\t<\/div>\n\t\t\t\t\t\t<\/div>\n\t\t\t\t<\/div>\n\t\t\t\t\t\t<\/div>\n\t\t\t\t\t<\/div>\n\t\t<\/div>\n\t\t\t\t\t\t\t\t<\/div>\n\t\t\t\t\t<\/div>\n\t\t<\/section>\n\t\t\t\t<section class=\"elementor-section elementor-top-section elementor-element elementor-element-77289b4b elementor-section-boxed elementor-section-height-default elementor-section-height-default\" data-id=\"77289b4b\" data-element_type=\"section\">\n\t\t\t\t\t\t<div class=\"elementor-container elementor-column-gap-default\">\n\t\t\t\t\t\t\t<div class=\"elementor-row\">\n\t\t\t\t\t\t\t\t\t<\/div>\n\t\t\t\t\t<\/div>\n\t\t<\/section>\n\t\t\t\t\t\t<\/div>\n\t\t\t\t\t\t<\/div>\n\t\t\t\t\t<\/div>\n\t\t","protected":false},"excerpt":{"rendered":"<p>A antig\u00fcidade das camp\u00e1s actuais que hai nos cami\u00f1os Franc\u00e9s e Primitivo en Galicia vai dende o ano 1380, aproximadamente, ata 2008. Nesta gr\u00e1fica vemos\u00a0 a s\u00faa distribuci\u00f3n por s\u00e9culos. A maior parte foron fundidas no s\u00e9culo XIX. As camp\u00e1s m\u00e1is antigas dos cami\u00f1os Franc\u00e9s e Primitivo en Galicia son: \u00a0\u00a0 &#8211; Ano 1380 (c\u00e1lculo &hellip; <\/p>\n<p class=\"link-more\"><a href=\"https:\/\/badaladas.gal\/index.php\/estatisticas\/\" class=\"more-link\">Continuar leyendo<span class=\"screen-reader-text\"> &#8220;ANTIG\u00dcIDADE DAS CAMP\u00c1S\/ANTIG\u00dcEDAD DE LAS CAMPANAS\/BELLS AGE&#8221;<\/span><\/a><\/p>\n","protected":false},"author":2,"featured_media":0,"parent":0,"menu_order":0,"comment_status":"closed","ping_status":"closed","template":"","meta":{"footnotes":""},"class_list":["post-3574","page","type-page","status-publish","hentry"],"_links":{"self":[{"href":"https:\/\/badaladas.gal\/index.php\/wp-json\/wp\/v2\/pages\/3574","targetHints":{"allow":["GET"]}}],"collection":[{"href":"https:\/\/badaladas.gal\/index.php\/wp-json\/wp\/v2\/pages"}],"about":[{"href":"https:\/\/badaladas.gal\/index.php\/wp-json\/wp\/v2\/types\/page"}],"author":[{"embeddable":true,"href":"https:\/\/badaladas.gal\/index.php\/wp-json\/wp\/v2\/users\/2"}],"replies":[{"embeddable":true,"href":"https:\/\/badaladas.gal\/index.php\/wp-json\/wp\/v2\/comments?post=3574"}],"version-history":[{"count":134,"href":"https:\/\/badaladas.gal\/index.php\/wp-json\/wp\/v2\/pages\/3574\/revisions"}],"predecessor-version":[{"id":8961,"href":"https:\/\/badaladas.gal\/index.php\/wp-json\/wp\/v2\/pages\/3574\/revisions\/8961"}],"wp:attachment":[{"href":"https:\/\/badaladas.gal\/index.php\/wp-json\/wp\/v2\/media?parent=3574"}],"curies":[{"name":"wp","href":"https:\/\/api.w.org\/{rel}","templated":true}]}}