{"id":4567,"date":"2020-08-01T23:34:33","date_gmt":"2020-08-01T23:34:33","guid":{"rendered":"https:\/\/badaladas.gal\/?page_id=4567"},"modified":"2020-10-27T13:39:06","modified_gmt":"2020-10-27T13:39:06","slug":"renche","status":"publish","type":"page","link":"https:\/\/badaladas.gal\/index.php\/renche\/","title":{"rendered":"RENCHE"},"content":{"rendered":"\t\t<div data-elementor-type=\"wp-page\" data-elementor-id=\"4567\" class=\"elementor elementor-4567\" data-elementor-settings=\"[]\">\n\t\t\t\t\t\t<div class=\"elementor-inner\">\n\t\t\t\t\t\t\t<div class=\"elementor-section-wrap\">\n\t\t\t\t\t\t\t<section class=\"elementor-section elementor-top-section elementor-element elementor-element-7b5dba12 elementor-section-stretched elementor-section-full_width elementor-section-height-default elementor-section-height-default\" data-id=\"7b5dba12\" data-element_type=\"section\" data-settings=\"{&quot;stretch_section&quot;:&quot;section-stretched&quot;}\">\n\t\t\t\t\t\t<div class=\"elementor-container elementor-column-gap-default\">\n\t\t\t\t\t\t\t<div class=\"elementor-row\">\n\t\t\t\t\t<div class=\"elementor-column elementor-col-50 elementor-top-column elementor-element elementor-element-7ed04ed2\" data-id=\"7ed04ed2\" data-element_type=\"column\">\n\t\t\t<div class=\"elementor-column-wrap elementor-element-populated\">\n\t\t\t\t\t\t\t<div class=\"elementor-widget-wrap\">\n\t\t\t\t\t\t<div class=\"elementor-element elementor-element-7aff540d elementor-widget elementor-widget-image\" data-id=\"7aff540d\" data-element_type=\"widget\" data-widget_type=\"image.default\">\n\t\t\t\t<div class=\"elementor-widget-container\">\n\t\t\t\t\t\t\t\t<div class=\"elementor-image\">\n\t\t\t\t\t\t\t\t\t\t\t\t<img loading=\"lazy\" decoding=\"async\" width=\"1194\" height=\"896\" src=\"https:\/\/badaladas.gal\/wp-content\/uploads\/2020\/08\/DSC07050-igr-Renche.jpg\" class=\"attachment-full size-full\" alt=\"\" srcset=\"https:\/\/badaladas.gal\/wp-content\/uploads\/2020\/08\/DSC07050-igr-Renche.jpg 1194w, https:\/\/badaladas.gal\/wp-content\/uploads\/2020\/08\/DSC07050-igr-Renche-300x225.jpg 300w, https:\/\/badaladas.gal\/wp-content\/uploads\/2020\/08\/DSC07050-igr-Renche-1024x768.jpg 1024w, https:\/\/badaladas.gal\/wp-content\/uploads\/2020\/08\/DSC07050-igr-Renche-768x576.jpg 768w\" sizes=\"auto, 100vw\" \/>\t\t\t\t\t\t\t\t\t\t\t\t\t\t<\/div>\n\t\t\t\t\t\t<\/div>\n\t\t\t\t<\/div>\n\t\t\t\t\t\t<\/div>\n\t\t\t\t\t<\/div>\n\t\t<\/div>\n\t\t\t\t<div class=\"elementor-column elementor-col-50 elementor-top-column elementor-element elementor-element-72f7268d\" data-id=\"72f7268d\" data-element_type=\"column\">\n\t\t\t<div class=\"elementor-column-wrap elementor-element-populated\">\n\t\t\t\t\t\t\t<div class=\"elementor-widget-wrap\">\n\t\t\t\t\t\t<div class=\"elementor-element elementor-element-5093bdd1 elementor-widget elementor-widget-text-editor\" data-id=\"5093bdd1\" data-element_type=\"widget\" data-widget_type=\"text-editor.default\">\n\t\t\t\t<div class=\"elementor-widget-container\">\n\t\t\t\t\t\t\t\t<div class=\"elementor-text-editor elementor-clearfix\">\n\t\t\t\t\t<p><strong><span style=\"color: #003366;\">A igrexa de Renche est\u00e1 no punto kilom\u00e9trico 133,176 do Cami\u00f1o Franc\u00e9s<\/span><\/strong><\/p><p><strong><span style=\"color: #003366;\">Escoita as s\u00faa camp\u00e1 pequena<br \/><\/span><\/strong><\/p>\t\t\t\t\t<\/div>\n\t\t\t\t\t\t<\/div>\n\t\t\t\t<\/div>\n\t\t\t\t<div class=\"elementor-element elementor-element-61317c1 elementor-widget elementor-widget-text-editor\" data-id=\"61317c1\" data-element_type=\"widget\" data-widget_type=\"text-editor.default\">\n\t\t\t\t<div class=\"elementor-widget-container\">\n\t\t\t\t\t\t\t\t<div class=\"elementor-text-editor elementor-clearfix\">\n\t\t\t\t\t<p><span style=\"color: #993300;\"><strong>La iglesia de Renche est\u00e1 en el kil\u00f3metro 133,176 del Camino Franc\u00e9s<\/strong><\/span><\/p><p><span style=\"color: #993300;\"><strong>Escucha su campana peque\u00f1a<br \/><\/strong><\/span><\/p>\t\t\t\t\t<\/div>\n\t\t\t\t\t\t<\/div>\n\t\t\t\t<\/div>\n\t\t\t\t<div class=\"elementor-element elementor-element-a51853b elementor-widget elementor-widget-text-editor\" data-id=\"a51853b\" data-element_type=\"widget\" data-widget_type=\"text-editor.default\">\n\t\t\t\t<div class=\"elementor-widget-container\">\n\t\t\t\t\t\t\t\t<div class=\"elementor-text-editor elementor-clearfix\">\n\t\t\t\t\t<p><em><strong><span style=\"color: #000080;\">Renche Church is at kilometre 133,176 of the French Way<\/span><\/strong><\/em><\/p><p><em><strong><span style=\"color: #000080;\">Listen to the small\u00a0 bell<\/span><\/strong><\/em><\/p>\t\t\t\t\t<\/div>\n\t\t\t\t\t\t<\/div>\n\t\t\t\t<\/div>\n\t\t\t\t<div class=\"elementor-element elementor-element-283fce28 elementor-widget elementor-widget-wp-widget-media_audio\" data-id=\"283fce28\" data-element_type=\"widget\" data-widget_type=\"wp-widget-media_audio.default\">\n\t\t\t\t<div class=\"elementor-widget-container\">\n\t\t\t<audio class=\"wp-audio-shortcode\" id=\"audio-4567-1\" preload=\"none\" style=\"width: 100%;\" controls=\"controls\"><source type=\"audio\/mpeg\" src=\"https:\/\/badaladas.gal\/wp-content\/uploads\/2020\/09\/CateLU_0256-badaladas-Renche.mp3?_=1\" \/><source type=\"audio\/mpeg\" src=\"https:\/\/badaladas.gal\/wp-content\/uploads\/2020\/09\/CateLU_0256-badaladas-Renche.mp3?_=1\" \/><a href=\"https:\/\/badaladas.gal\/wp-content\/uploads\/2020\/09\/CateLU_0256-badaladas-Renche.mp3\">https:\/\/badaladas.gal\/wp-content\/uploads\/2020\/09\/CateLU_0256-badaladas-Renche.mp3<\/a><\/audio>\t\t<\/div>\n\t\t\t\t<\/div>\n\t\t\t\t<div class=\"elementor-element elementor-element-68e6dd51 elementor-widget elementor-widget-yandex-maps\" data-id=\"68e6dd51\" data-element_type=\"widget\" data-widget_type=\"yandex-maps.default\">\n\t\t\t\t<div class=\"elementor-widget-container\">\n\t\t\t\t\t<script>\n\t\t\tvar mihdan_elementor_yandex_map_68e6dd51 = {\n\t\t\t\t\"id\" : \"68e6dd51\",\n\t\t\t\t\"language\" : \"en\",\n\t\t\t\t\"region\" : \"US\",\n\t\t\t\t\"lat\" : \"42.740136\",\n\t\t\t\t\"lng\" : \"-7.290821\",\n\t\t\t\t\"zoom\" : \"11\",\n\t\t\t\t\"type\" : \"map\",\n\t\t\t\t\"rulerControl\" : \"no\",\n\t\t\t\t\"searchControl\" : \"no\",\n\t\t\t\t\"trafficControl\" : \"no\",\n\t\t\t\t\"typeSelector\" : \"yes\",\n\t\t\t\t\"zoomControl\" : \"yes\",\n\t\t\t\t\"geolocationControl\" : \"no\",\n\t\t\t\t\"routeEditor\" : \"no\",\n\t\t\t\t\"fullscreenControl\" : \"no\",\n\t\t\t\t\"routeButtonControl\" : \"no\",\n\t\t\t\t\"routePanelControl\" : \"no\",\n\t\t\t\t\"disableScrollZoom\" : \"no\",\n\t\t\t\t\"disableDblClickZoom\" : \"no\",\n\t\t\t\t\"disableDrag\" : \"no\",\n\t\t\t\t\"disableLeftMouseButtonMagnifier\" : \"no\",\n\t\t\t\t\"disableRightMouseButtonMagnifier\" : \"no\",\n\t\t\t\t\"disableMultiTouch\" : \"no\",\n\t\t\t\t\"disableRouteEditor\" : \"no\",\n\t\t\t\t\"disableRuler\" : \"no\",\n\t\t\t\t\"enableObjectManager\" : \"no\",\n\t\t\t\t\"infoWindowMaxWidth\" : \"300\",\n\t\t\t\t\"locations\" : {\n    \"type\": \"FeatureCollection\",\n    \"clusterPreset\": \"islands#blueClusterIcons\",\n    \"features\": [\n        {\n            \"type\": \"Feature\",\n            \"id\": \"id_0\",\n            \"geometry\": {\n                \"type\": \"Point\",\n                \"coordinates\": [\n                    \"42.740136\",\n                    \"-7.290821\"\n                ]\n            },\n            \"properties\": {\n                \"iconCaption\": \"\",\n                \"iconContent\": \"\",\n                \"hintContent\": \"\",\n                \"balloonContentHeader\": \"Igrexa de Renche\",\n                \"balloonContentFooter\": \"\",\n                \"balloonContentBody\": \"\"\n            },\n            \"options\": {\n                \"preset\": \"islands#lightBlueDotIcon\",\n                \"balloonIsOpened\": \"no\",\n                \"iconImage\": \"\",\n                \"iconImageWidth\": \"\",\n                \"iconImageHeight\": \"\"\n            }\n        }\n    ]\n}\t\t\t};\n\t\t<\/script>\n\t\t<div id=\"mihdan_elementor_yandex_map_68e6dd51\" class=\"mihdan-elementor-yandex-maps\" style=\"height: 300px;\"><\/div>\n\t\t\t\t<\/div>\n\t\t\t\t<\/div>\n\t\t\t\t\t\t<\/div>\n\t\t\t\t\t<\/div>\n\t\t<\/div>\n\t\t\t\t\t\t\t\t<\/div>\n\t\t\t\t\t<\/div>\n\t\t<\/section>\n\t\t\t\t<section class=\"elementor-section elementor-top-section elementor-element elementor-element-25b0959c elementor-section-stretched elementor-section-boxed elementor-section-height-default elementor-section-height-default\" data-id=\"25b0959c\" data-element_type=\"section\" data-settings=\"{&quot;stretch_section&quot;:&quot;section-stretched&quot;}\">\n\t\t\t\t\t\t<div class=\"elementor-container elementor-column-gap-default\">\n\t\t\t\t\t\t\t<div class=\"elementor-row\">\n\t\t\t\t\t<div class=\"elementor-column elementor-col-100 elementor-top-column elementor-element elementor-element-64eab07e\" data-id=\"64eab07e\" data-element_type=\"column\">\n\t\t\t<div class=\"elementor-column-wrap elementor-element-populated\">\n\t\t\t\t\t\t\t<div class=\"elementor-widget-wrap\">\n\t\t\t\t\t\t<div class=\"elementor-element elementor-element-4b1ae4ba elementor-widget elementor-widget-heading\" data-id=\"4b1ae4ba\" data-element_type=\"widget\" data-widget_type=\"heading.default\">\n\t\t\t\t<div class=\"elementor-widget-container\">\n\t\t\t<h2 class=\"elementor-heading-title elementor-size-default\">As camp\u00e1s da Igrexa de Renche<\/h2>\t\t<\/div>\n\t\t\t\t<\/div>\n\t\t\t\t<div class=\"elementor-element elementor-element-74daba1 elementor-widget elementor-widget-text-editor\" data-id=\"74daba1\" data-element_type=\"widget\" data-widget_type=\"text-editor.default\">\n\t\t\t\t<div class=\"elementor-widget-container\">\n\t\t\t\t\t\t\t\t<div class=\"elementor-text-editor elementor-clearfix\">\n\t\t\t\t\t<h4 style=\"text-align: center;\"><strong>LAS CAMPANAS DE LA IGLESIA DE RENCHE \u00a0\u00a0\u00a0\u00a0\u00a0\u00a0\u00a0\u00a0\u00a0\u00a0\u00a0\u00a0\u00a0\u00a0\u00a0\u00a0\u00a0\u00a0\u00a0\u00a0\u00a0\u00a0\u00a0\u00a0\u00a0\u00a0\u00a0\u00a0\u00a0\u00a0\u00a0\u00a0 <em>RENCHE CHURCH BELLS<\/em><br \/><\/strong><\/h4>\t\t\t\t\t<\/div>\n\t\t\t\t\t\t<\/div>\n\t\t\t\t<\/div>\n\t\t\t\t\t\t<\/div>\n\t\t\t\t\t<\/div>\n\t\t<\/div>\n\t\t\t\t\t\t\t\t<\/div>\n\t\t\t\t\t<\/div>\n\t\t<\/section>\n\t\t\t\t<section class=\"elementor-section elementor-top-section elementor-element elementor-element-61764dd3 elementor-section-stretched elementor-section-full_width elementor-section-height-default elementor-section-height-default\" data-id=\"61764dd3\" data-element_type=\"section\" data-settings=\"{&quot;stretch_section&quot;:&quot;section-stretched&quot;,&quot;background_background&quot;:&quot;classic&quot;}\">\n\t\t\t\t\t\t<div class=\"elementor-container elementor-column-gap-default\">\n\t\t\t\t\t\t\t<div class=\"elementor-row\">\n\t\t\t\t\t<div class=\"elementor-column elementor-col-50 elementor-top-column elementor-element elementor-element-6cda2f38\" data-id=\"6cda2f38\" data-element_type=\"column\">\n\t\t\t<div class=\"elementor-column-wrap elementor-element-populated\">\n\t\t\t\t\t\t\t<div class=\"elementor-widget-wrap\">\n\t\t\t\t\t\t<div class=\"elementor-element elementor-element-110f81b7 elementor-widget elementor-widget-image\" data-id=\"110f81b7\" data-element_type=\"widget\" data-widget_type=\"image.default\">\n\t\t\t\t<div class=\"elementor-widget-container\">\n\t\t\t\t\t\t\t\t<div class=\"elementor-image\">\n\t\t\t\t\t\t\t\t\t\t\t\t\t<a href=\"https:\/\/badaladas.gal\/wp-content\/uploads\/2020\/09\/P1040440-Renche-g.jpg\" data-elementor-open-lightbox=\"yes\" data-elementor-lightbox-title=\"P1040440 Renche g\">\n\t\t\t\t\t\t\t<img loading=\"lazy\" decoding=\"async\" width=\"1164\" height=\"884\" src=\"https:\/\/badaladas.gal\/wp-content\/uploads\/2020\/09\/P1040440-Renche-g.jpg\" class=\"attachment-full size-full\" alt=\"\" srcset=\"https:\/\/badaladas.gal\/wp-content\/uploads\/2020\/09\/P1040440-Renche-g.jpg 1164w, https:\/\/badaladas.gal\/wp-content\/uploads\/2020\/09\/P1040440-Renche-g-300x228.jpg 300w, https:\/\/badaladas.gal\/wp-content\/uploads\/2020\/09\/P1040440-Renche-g-1024x778.jpg 1024w, https:\/\/badaladas.gal\/wp-content\/uploads\/2020\/09\/P1040440-Renche-g-768x583.jpg 768w\" sizes=\"auto, 100vw\" \/>\t\t\t\t\t\t\t\t<\/a>\n\t\t\t\t\t\t\t\t\t\t\t\t\t\t<\/div>\n\t\t\t\t\t\t<\/div>\n\t\t\t\t<\/div>\n\t\t\t\t<div class=\"elementor-element elementor-element-510bed8a gallery-spacing-custom elementor-widget elementor-widget-image-gallery\" data-id=\"510bed8a\" data-element_type=\"widget\" data-widget_type=\"image-gallery.default\">\n\t\t\t\t<div class=\"elementor-widget-container\">\n\t\t\t\t\t<div class=\"elementor-image-gallery\">\n\t\t\t<div id='gallery-1' class='gallery galleryid-4567 gallery-columns-2 gallery-size-full'><figure class='gallery-item'>\n\t\t\t<div class='gallery-icon landscape'>\n\t\t\t\t<a data-elementor-open-lightbox=\"yes\" data-elementor-lightbox-slideshow=\"510bed8a\" data-elementor-lightbox-title=\"P1040442 Renche g\" href='https:\/\/badaladas.gal\/wp-content\/uploads\/2020\/09\/P1040442-Renche-g.jpg'><img loading=\"lazy\" decoding=\"async\" width=\"1224\" height=\"918\" src=\"https:\/\/badaladas.gal\/wp-content\/uploads\/2020\/09\/P1040442-Renche-g.jpg\" class=\"attachment-full size-full\" alt=\"\" srcset=\"https:\/\/badaladas.gal\/wp-content\/uploads\/2020\/09\/P1040442-Renche-g.jpg 1224w, https:\/\/badaladas.gal\/wp-content\/uploads\/2020\/09\/P1040442-Renche-g-300x225.jpg 300w, https:\/\/badaladas.gal\/wp-content\/uploads\/2020\/09\/P1040442-Renche-g-1024x768.jpg 1024w, https:\/\/badaladas.gal\/wp-content\/uploads\/2020\/09\/P1040442-Renche-g-768x576.jpg 768w\" sizes=\"auto, 100vw\" \/><\/a>\n\t\t\t<\/div><\/figure><figure class='gallery-item'>\n\t\t\t<div class='gallery-icon landscape'>\n\t\t\t\t<a data-elementor-open-lightbox=\"yes\" data-elementor-lightbox-slideshow=\"510bed8a\" data-elementor-lightbox-title=\"P1040450 Renche g\" href='https:\/\/badaladas.gal\/wp-content\/uploads\/2020\/09\/P1040450-Renche-g.jpg'><img loading=\"lazy\" decoding=\"async\" width=\"1077\" height=\"808\" src=\"https:\/\/badaladas.gal\/wp-content\/uploads\/2020\/09\/P1040450-Renche-g.jpg\" class=\"attachment-full size-full\" alt=\"\" srcset=\"https:\/\/badaladas.gal\/wp-content\/uploads\/2020\/09\/P1040450-Renche-g.jpg 1077w, https:\/\/badaladas.gal\/wp-content\/uploads\/2020\/09\/P1040450-Renche-g-300x225.jpg 300w, https:\/\/badaladas.gal\/wp-content\/uploads\/2020\/09\/P1040450-Renche-g-1024x768.jpg 1024w, https:\/\/badaladas.gal\/wp-content\/uploads\/2020\/09\/P1040450-Renche-g-768x576.jpg 768w\" sizes=\"auto, 100vw\" \/><\/a>\n\t\t\t<\/div><\/figure>\n\t\t<\/div>\n\t\t<\/div>\n\t\t\t\t<\/div>\n\t\t\t\t<\/div>\n\t\t\t\t<div class=\"elementor-element elementor-element-c3baf21 elementor-invisible elementor-widget elementor-widget-wp-widget-text\" data-id=\"c3baf21\" data-element_type=\"widget\" data-settings=\"{&quot;_animation&quot;:&quot;fadeIn&quot;}\" data-widget_type=\"wp-widget-text.default\">\n\t\t\t\t<div class=\"elementor-widget-container\">\n\t\t\t\t\t\t<div class=\"textwidget\"><p>Fabricante\/Manufacturer:<\/p>\n<p>Ano de fabricaci\u00f3n\/Manufacturing year:\u00a0\u00a0 <strong>1878<\/strong><\/p>\n<p>Altura\/Heigth:<\/p>\n<p>Di\u00e1metro\/Diameter:<\/p>\n<p>Nota musical\/Musical note:<\/p>\n<p>Estado\/Condition:\u00a0 <strong>raxada\/cracked<\/strong><\/p>\n<p>Inscrici\u00f3ns:\u00a0\u00a0 <strong>JHS SANTA BARBARA ORA PRONOBIS\u00a0 A\u00d1O 1878<\/strong><\/p>\n<p>Inscriptions: JHS<\/p>\n<p>SAINT BARBRA,\u00a0 PRAY FOR US<\/p>\n<p>YEAR 1878<\/p>\n<\/div>\n\t\t\t\t<\/div>\n\t\t\t\t<\/div>\n\t\t\t\t\t\t<\/div>\n\t\t\t\t\t<\/div>\n\t\t<\/div>\n\t\t\t\t<div class=\"elementor-column elementor-col-50 elementor-top-column elementor-element elementor-element-370e4f68\" data-id=\"370e4f68\" data-element_type=\"column\">\n\t\t\t<div class=\"elementor-column-wrap elementor-element-populated\">\n\t\t\t\t\t\t\t<div class=\"elementor-widget-wrap\">\n\t\t\t\t\t\t<div class=\"elementor-element elementor-element-15452168 elementor-widget elementor-widget-image\" data-id=\"15452168\" data-element_type=\"widget\" data-widget_type=\"image.default\">\n\t\t\t\t<div class=\"elementor-widget-container\">\n\t\t\t\t\t\t\t\t<div class=\"elementor-image\">\n\t\t\t\t\t\t\t\t\t\t\t\t\t<a href=\"https:\/\/badaladas.gal\/wp-content\/uploads\/2020\/09\/P1040453-Renche-p.jpg\" data-elementor-open-lightbox=\"yes\" data-elementor-lightbox-title=\"P1040453 Renche p\">\n\t\t\t\t\t\t\t<img loading=\"lazy\" decoding=\"async\" width=\"1067\" height=\"810\" src=\"https:\/\/badaladas.gal\/wp-content\/uploads\/2020\/09\/P1040453-Renche-p.jpg\" class=\"attachment-full size-full\" alt=\"\" srcset=\"https:\/\/badaladas.gal\/wp-content\/uploads\/2020\/09\/P1040453-Renche-p.jpg 1067w, https:\/\/badaladas.gal\/wp-content\/uploads\/2020\/09\/P1040453-Renche-p-300x228.jpg 300w, https:\/\/badaladas.gal\/wp-content\/uploads\/2020\/09\/P1040453-Renche-p-1024x777.jpg 1024w, https:\/\/badaladas.gal\/wp-content\/uploads\/2020\/09\/P1040453-Renche-p-768x583.jpg 768w\" sizes=\"auto, 100vw\" \/>\t\t\t\t\t\t\t\t<\/a>\n\t\t\t\t\t\t\t\t\t\t\t\t\t\t<\/div>\n\t\t\t\t\t\t<\/div>\n\t\t\t\t<\/div>\n\t\t\t\t<div class=\"elementor-element elementor-element-776c7f9b gallery-spacing-custom elementor-widget elementor-widget-image-gallery\" data-id=\"776c7f9b\" data-element_type=\"widget\" data-widget_type=\"image-gallery.default\">\n\t\t\t\t<div class=\"elementor-widget-container\">\n\t\t\t\t\t<div class=\"elementor-image-gallery\">\n\t\t\t<div id='gallery-2' class='gallery galleryid-4567 gallery-columns-2 gallery-size-full'><figure class='gallery-item'>\n\t\t\t<div class='gallery-icon landscape'>\n\t\t\t\t<a data-elementor-open-lightbox=\"yes\" data-elementor-lightbox-slideshow=\"776c7f9b\" data-elementor-lightbox-title=\"P1040462 Renche p\" href='https:\/\/badaladas.gal\/wp-content\/uploads\/2020\/09\/P1040462-Renche-p.jpg'><img loading=\"lazy\" decoding=\"async\" width=\"1224\" height=\"918\" src=\"https:\/\/badaladas.gal\/wp-content\/uploads\/2020\/09\/P1040462-Renche-p.jpg\" class=\"attachment-full size-full\" alt=\"\" srcset=\"https:\/\/badaladas.gal\/wp-content\/uploads\/2020\/09\/P1040462-Renche-p.jpg 1224w, https:\/\/badaladas.gal\/wp-content\/uploads\/2020\/09\/P1040462-Renche-p-300x225.jpg 300w, https:\/\/badaladas.gal\/wp-content\/uploads\/2020\/09\/P1040462-Renche-p-1024x768.jpg 1024w, https:\/\/badaladas.gal\/wp-content\/uploads\/2020\/09\/P1040462-Renche-p-768x576.jpg 768w\" sizes=\"auto, 100vw\" \/><\/a>\n\t\t\t<\/div><\/figure><figure class='gallery-item'>\n\t\t\t<div class='gallery-icon landscape'>\n\t\t\t\t<a data-elementor-open-lightbox=\"yes\" data-elementor-lightbox-slideshow=\"776c7f9b\" data-elementor-lightbox-title=\"P1040469 Renche p\" href='https:\/\/badaladas.gal\/wp-content\/uploads\/2020\/09\/P1040469-Renche-p.jpg'><img loading=\"lazy\" decoding=\"async\" width=\"1077\" height=\"808\" src=\"https:\/\/badaladas.gal\/wp-content\/uploads\/2020\/09\/P1040469-Renche-p.jpg\" class=\"attachment-full size-full\" alt=\"\" srcset=\"https:\/\/badaladas.gal\/wp-content\/uploads\/2020\/09\/P1040469-Renche-p.jpg 1077w, https:\/\/badaladas.gal\/wp-content\/uploads\/2020\/09\/P1040469-Renche-p-300x225.jpg 300w, https:\/\/badaladas.gal\/wp-content\/uploads\/2020\/09\/P1040469-Renche-p-1024x768.jpg 1024w, https:\/\/badaladas.gal\/wp-content\/uploads\/2020\/09\/P1040469-Renche-p-768x576.jpg 768w\" sizes=\"auto, 100vw\" \/><\/a>\n\t\t\t<\/div><\/figure>\n\t\t<\/div>\n\t\t<\/div>\n\t\t\t\t<\/div>\n\t\t\t\t<\/div>\n\t\t\t\t<div class=\"elementor-element elementor-element-7c8f351 elementor-invisible elementor-widget elementor-widget-wp-widget-text\" data-id=\"7c8f351\" data-element_type=\"widget\" data-settings=\"{&quot;_animation&quot;:&quot;fadeIn&quot;}\" data-widget_type=\"wp-widget-text.default\">\n\t\t\t\t<div class=\"elementor-widget-container\">\n\t\t\t\t\t\t<div class=\"textwidget\"><p>Fabricante\/Manufacturer:\u00a0\u00a0 <strong>ANTONIO BLANCO<\/strong><\/p>\n<p>Ano de fabricaci\u00f3n\/Manufacturing year:\u00a0\u00a0<strong> 1953<\/strong><\/p>\n<p>Altura\/Heigth:<\/p>\n<p>Di\u00e1metro\/Diameter:<\/p>\n<p>Nota musical\/Musical note:<\/p>\n<p>Estado\/Condition:\u00a0\u00a0<strong> en uso\/in use<\/strong><\/p>\n<p>Inscrici\u00f3ns:\u00a0\u00a0<strong> JHS Y MARIA\u00a0\u00a0 A\u00d1O DE 1953<\/strong><\/p>\n<p><strong>\u00a0\u00a0\u00a0\u00a0\u00a0\u00a0\u00a0\u00a0\u00a0\u00a0\u00a0\u00a0\u00a0\u00a0\u00a0\u00a0\u00a0\u00a0\u00a0\u00a0\u00a0\u00a0\u00a0\u00a0\u00a0\u00a0\u00a0\u00a0\u00a0\u00a0\u00a0\u00a0\u00a0\u00a0\u00a0\u00a0\u00a0\u00a0\u00a0\u00a0\u00a0\u00a0\u00a0\u00a0 S. BARBARA<\/strong><\/p>\n<p><strong>FUNDICION DE CAMPANAS ANTONIO BLANCO MONFORTE<\/strong><\/p>\n<p>Inscriptions: JHS AND MARY<\/p>\n<p>YEAR 1953<\/p>\n<p>SAINT BARBRA<\/p>\n<p>ANTONIO BLANCO BELLS FOUNDRY<\/p>\n<p>MONFORTE<\/p>\n<\/div>\n\t\t\t\t<\/div>\n\t\t\t\t<\/div>\n\t\t\t\t\t\t<\/div>\n\t\t\t\t\t<\/div>\n\t\t<\/div>\n\t\t\t\t\t\t\t\t<\/div>\n\t\t\t\t\t<\/div>\n\t\t<\/section>\n\t\t\t\t<section class=\"elementor-section elementor-top-section elementor-element elementor-element-22f0d151 elementor-section-boxed elementor-section-height-default elementor-section-height-default\" data-id=\"22f0d151\" data-element_type=\"section\">\n\t\t\t\t\t\t<div class=\"elementor-container elementor-column-gap-default\">\n\t\t\t\t\t\t\t<div class=\"elementor-row\">\n\t\t\t\t\t\t\t\t\t<\/div>\n\t\t\t\t\t<\/div>\n\t\t<\/section>\n\t\t\t\t\t\t<\/div>\n\t\t\t\t\t\t<\/div>\n\t\t\t\t\t<\/div>\n\t\t","protected":false},"excerpt":{"rendered":"<p>A igrexa de Renche est\u00e1 no punto kilom\u00e9trico 133,176 do Cami\u00f1o Franc\u00e9s Escoita as s\u00faa camp\u00e1 pequena La iglesia de Renche est\u00e1 en el kil\u00f3metro 133,176 del Camino Franc\u00e9s Escucha su campana peque\u00f1a Renche Church is at kilometre 133,176 of the French Way Listen to the small\u00a0 bell As camp\u00e1s da Igrexa de Renche LAS &hellip; <\/p>\n<p class=\"link-more\"><a href=\"https:\/\/badaladas.gal\/index.php\/renche\/\" class=\"more-link\">Continuar leyendo<span class=\"screen-reader-text\"> &#8220;RENCHE&#8221;<\/span><\/a><\/p>\n","protected":false},"author":2,"featured_media":0,"parent":0,"menu_order":0,"comment_status":"closed","ping_status":"closed","template":"","meta":{"footnotes":""},"class_list":["post-4567","page","type-page","status-publish","hentry"],"_links":{"self":[{"href":"https:\/\/badaladas.gal\/index.php\/wp-json\/wp\/v2\/pages\/4567","targetHints":{"allow":["GET"]}}],"collection":[{"href":"https:\/\/badaladas.gal\/index.php\/wp-json\/wp\/v2\/pages"}],"about":[{"href":"https:\/\/badaladas.gal\/index.php\/wp-json\/wp\/v2\/types\/page"}],"author":[{"embeddable":true,"href":"https:\/\/badaladas.gal\/index.php\/wp-json\/wp\/v2\/users\/2"}],"replies":[{"embeddable":true,"href":"https:\/\/badaladas.gal\/index.php\/wp-json\/wp\/v2\/comments?post=4567"}],"version-history":[{"count":38,"href":"https:\/\/badaladas.gal\/index.php\/wp-json\/wp\/v2\/pages\/4567\/revisions"}],"predecessor-version":[{"id":6788,"href":"https:\/\/badaladas.gal\/index.php\/wp-json\/wp\/v2\/pages\/4567\/revisions\/6788"}],"wp:attachment":[{"href":"https:\/\/badaladas.gal\/index.php\/wp-json\/wp\/v2\/media?parent=4567"}],"curies":[{"name":"wp","href":"https:\/\/api.w.org\/{rel}","templated":true}]}}