{"id":4711,"date":"2020-08-30T13:02:09","date_gmt":"2020-08-30T13:02:09","guid":{"rendered":"https:\/\/badaladas.gal\/?page_id=4711"},"modified":"2021-07-18T11:46:45","modified_gmt":"2021-07-18T10:46:45","slug":"castroverde","status":"publish","type":"page","link":"https:\/\/badaladas.gal\/index.php\/castroverde\/","title":{"rendered":"CASTROVERDE"},"content":{"rendered":"\t\t<div data-elementor-type=\"wp-page\" data-elementor-id=\"4711\" class=\"elementor elementor-4711\" data-elementor-settings=\"[]\">\n\t\t\t\t\t\t<div class=\"elementor-inner\">\n\t\t\t\t\t\t\t<div class=\"elementor-section-wrap\">\n\t\t\t\t\t\t\t<section class=\"elementor-section elementor-top-section elementor-element elementor-element-31d070aa elementor-section-stretched elementor-section-full_width elementor-section-height-default elementor-section-height-default\" data-id=\"31d070aa\" data-element_type=\"section\" data-settings=\"{&quot;stretch_section&quot;:&quot;section-stretched&quot;}\">\n\t\t\t\t\t\t<div class=\"elementor-container elementor-column-gap-default\">\n\t\t\t\t\t\t\t<div class=\"elementor-row\">\n\t\t\t\t\t<div class=\"elementor-column elementor-col-50 elementor-top-column elementor-element elementor-element-24320a5b\" data-id=\"24320a5b\" data-element_type=\"column\">\n\t\t\t<div class=\"elementor-column-wrap elementor-element-populated\">\n\t\t\t\t\t\t\t<div class=\"elementor-widget-wrap\">\n\t\t\t\t\t\t<div class=\"elementor-element elementor-element-2ae865db elementor-widget elementor-widget-image\" data-id=\"2ae865db\" data-element_type=\"widget\" data-widget_type=\"image.default\">\n\t\t\t\t<div class=\"elementor-widget-container\">\n\t\t\t\t\t\t\t\t<div class=\"elementor-image\">\n\t\t\t\t\t\t\t\t\t\t\t\t<img loading=\"lazy\" decoding=\"async\" width=\"759\" height=\"707\" src=\"https:\/\/badaladas.gal\/wp-content\/uploads\/2020\/08\/P1040717-igr-Castrov.jpg\" class=\"attachment-full size-full\" alt=\"\" srcset=\"https:\/\/badaladas.gal\/wp-content\/uploads\/2020\/08\/P1040717-igr-Castrov.jpg 759w, https:\/\/badaladas.gal\/wp-content\/uploads\/2020\/08\/P1040717-igr-Castrov-300x279.jpg 300w\" sizes=\"auto, 100vw\" \/>\t\t\t\t\t\t\t\t\t\t\t\t\t\t<\/div>\n\t\t\t\t\t\t<\/div>\n\t\t\t\t<\/div>\n\t\t\t\t\t\t<\/div>\n\t\t\t\t\t<\/div>\n\t\t<\/div>\n\t\t\t\t<div class=\"elementor-column elementor-col-50 elementor-top-column elementor-element elementor-element-7f3752bb\" data-id=\"7f3752bb\" data-element_type=\"column\">\n\t\t\t<div class=\"elementor-column-wrap elementor-element-populated\">\n\t\t\t\t\t\t\t<div class=\"elementor-widget-wrap\">\n\t\t\t\t\t\t<div class=\"elementor-element elementor-element-68badac4 elementor-widget elementor-widget-text-editor\" data-id=\"68badac4\" data-element_type=\"widget\" data-widget_type=\"text-editor.default\">\n\t\t\t\t<div class=\"elementor-widget-container\">\n\t\t\t\t\t\t\t\t<div class=\"elementor-text-editor elementor-clearfix\">\n\t\t\t\t\t<p><strong><span style=\"color: #003366;\">A igrexa de Santiago de Castroverde est\u00e1 no Cami\u00f1o Primitivo<\/span><\/strong><\/p><p><strong><span style=\"color: #003366;\">Escoita as s\u00faas camp\u00e1s<\/span><\/strong><\/p>\t\t\t\t\t<\/div>\n\t\t\t\t\t\t<\/div>\n\t\t\t\t<\/div>\n\t\t\t\t<div class=\"elementor-element elementor-element-4feecc3 elementor-widget elementor-widget-text-editor\" data-id=\"4feecc3\" data-element_type=\"widget\" data-widget_type=\"text-editor.default\">\n\t\t\t\t<div class=\"elementor-widget-container\">\n\t\t\t\t\t\t\t\t<div class=\"elementor-text-editor elementor-clearfix\">\n\t\t\t\t\t<p><strong><span style=\"color: #993300;\">La iglesia de Santiago de Castroverde est\u00e1 en el Camino Primitivo<\/span><\/strong><\/p><p><strong><span style=\"color: #993300;\">Escucha sus campanas<\/span><\/strong><\/p>\t\t\t\t\t<\/div>\n\t\t\t\t\t\t<\/div>\n\t\t\t\t<\/div>\n\t\t\t\t<div class=\"elementor-element elementor-element-d95692f elementor-widget elementor-widget-text-editor\" data-id=\"d95692f\" data-element_type=\"widget\" data-widget_type=\"text-editor.default\">\n\t\t\t\t<div class=\"elementor-widget-container\">\n\t\t\t\t\t\t\t\t<div class=\"elementor-text-editor elementor-clearfix\">\n\t\t\t\t\t<p><em><strong><span style=\"color: #000080;\">Santiago&#8217;s church, in Castroverde, is placed on the Primitive Way<\/span><\/strong><\/em><\/p><p><em><strong><span style=\"color: #000080;\">Listen to the bells<\/span><\/strong><\/em><\/p>\t\t\t\t\t<\/div>\n\t\t\t\t\t\t<\/div>\n\t\t\t\t<\/div>\n\t\t\t\t<div class=\"elementor-element elementor-element-5aac97bd elementor-widget elementor-widget-wp-widget-media_audio\" data-id=\"5aac97bd\" data-element_type=\"widget\" data-widget_type=\"wp-widget-media_audio.default\">\n\t\t\t\t<div class=\"elementor-widget-container\">\n\t\t\t<audio class=\"wp-audio-shortcode\" id=\"audio-4711-1\" preload=\"none\" style=\"width: 100%;\" controls=\"controls\"><source type=\"audio\/mpeg\" src=\"https:\/\/badaladas.gal\/wp-content\/uploads\/2020\/09\/CateLU_0252-Castrov-badaladas.mp3?_=1\" \/><source type=\"audio\/mpeg\" src=\"https:\/\/badaladas.gal\/wp-content\/uploads\/2020\/09\/CateLU_0252-Castrov-badaladas.mp3?_=1\" \/><a href=\"https:\/\/badaladas.gal\/wp-content\/uploads\/2020\/09\/CateLU_0252-Castrov-badaladas.mp3\">https:\/\/badaladas.gal\/wp-content\/uploads\/2020\/09\/CateLU_0252-Castrov-badaladas.mp3<\/a><\/audio>\t\t<\/div>\n\t\t\t\t<\/div>\n\t\t\t\t<div class=\"elementor-element elementor-element-6c423905 elementor-widget elementor-widget-yandex-maps\" data-id=\"6c423905\" data-element_type=\"widget\" data-widget_type=\"yandex-maps.default\">\n\t\t\t\t<div class=\"elementor-widget-container\">\n\t\t\t\t\t<script>\n\t\t\tvar mihdan_elementor_yandex_map_6c423905 = {\n\t\t\t\t\"id\" : \"6c423905\",\n\t\t\t\t\"language\" : \"en\",\n\t\t\t\t\"region\" : \"US\",\n\t\t\t\t\"lat\" : \"43.029422\",\n\t\t\t\t\"lng\" : \"-7.327144\",\n\t\t\t\t\"zoom\" : \"14\",\n\t\t\t\t\"type\" : \"map\",\n\t\t\t\t\"rulerControl\" : \"no\",\n\t\t\t\t\"searchControl\" : \"no\",\n\t\t\t\t\"trafficControl\" : \"no\",\n\t\t\t\t\"typeSelector\" : \"yes\",\n\t\t\t\t\"zoomControl\" : \"yes\",\n\t\t\t\t\"geolocationControl\" : \"no\",\n\t\t\t\t\"routeEditor\" : \"no\",\n\t\t\t\t\"fullscreenControl\" : \"no\",\n\t\t\t\t\"routeButtonControl\" : \"no\",\n\t\t\t\t\"routePanelControl\" : \"no\",\n\t\t\t\t\"disableScrollZoom\" : \"no\",\n\t\t\t\t\"disableDblClickZoom\" : \"no\",\n\t\t\t\t\"disableDrag\" : \"no\",\n\t\t\t\t\"disableLeftMouseButtonMagnifier\" : \"no\",\n\t\t\t\t\"disableRightMouseButtonMagnifier\" : \"no\",\n\t\t\t\t\"disableMultiTouch\" : \"no\",\n\t\t\t\t\"disableRouteEditor\" : \"no\",\n\t\t\t\t\"disableRuler\" : \"no\",\n\t\t\t\t\"enableObjectManager\" : \"no\",\n\t\t\t\t\"infoWindowMaxWidth\" : \"300\",\n\t\t\t\t\"locations\" : {\n    \"type\": \"FeatureCollection\",\n    \"clusterPreset\": \"islands#blueClusterIcons\",\n    \"features\": [\n        {\n            \"type\": \"Feature\",\n            \"id\": \"id_0\",\n            \"geometry\": {\n                \"type\": \"Point\",\n                \"coordinates\": [\n                    \"43.2483942\",\n                    \"-7.5850112\"\n                ]\n            },\n            \"properties\": {\n                \"iconCaption\": \"\",\n                \"iconContent\": \"\",\n                \"hintContent\": \"\",\n                \"balloonContentHeader\": \"Igrexa S. Xo\u00e1n de Sistallo\",\n                \"balloonContentFooter\": \"\",\n                \"balloonContentBody\": \"\"\n            },\n            \"options\": {\n                \"preset\": \"islands#redDotIcon\",\n                \"balloonIsOpened\": \"no\",\n                \"iconImage\": \"\",\n                \"iconImageWidth\": \"\",\n                \"iconImageHeight\": \"\"\n            }\n        },\n        {\n            \"type\": \"Feature\",\n            \"id\": \"id_1\",\n            \"geometry\": {\n                \"type\": \"Point\",\n                \"coordinates\": [\n                    \"43.029422\",\n                    \"-7.327144\"\n                ]\n            },\n            \"properties\": {\n                \"iconCaption\": \"\",\n                \"iconContent\": \"\",\n                \"hintContent\": \"\",\n                \"balloonContentHeader\": \"Igrexa de Castroverde\",\n                \"balloonContentFooter\": \"\",\n                \"balloonContentBody\": \"\"\n            },\n            \"options\": {\n                \"preset\": \"islands#redDotIcon\",\n                \"balloonIsOpened\": \"no\",\n                \"iconImage\": \"\",\n                \"iconImageWidth\": \"\",\n                \"iconImageHeight\": \"\"\n            }\n        }\n    ]\n}\t\t\t};\n\t\t<\/script>\n\t\t<div id=\"mihdan_elementor_yandex_map_6c423905\" class=\"mihdan-elementor-yandex-maps\" style=\"height: 300px;\"><\/div>\n\t\t\t\t<\/div>\n\t\t\t\t<\/div>\n\t\t\t\t\t\t<\/div>\n\t\t\t\t\t<\/div>\n\t\t<\/div>\n\t\t\t\t\t\t\t\t<\/div>\n\t\t\t\t\t<\/div>\n\t\t<\/section>\n\t\t\t\t<section class=\"elementor-section elementor-top-section elementor-element elementor-element-db4fa8c elementor-section-stretched elementor-section-boxed elementor-section-height-default elementor-section-height-default\" data-id=\"db4fa8c\" data-element_type=\"section\" data-settings=\"{&quot;stretch_section&quot;:&quot;section-stretched&quot;}\">\n\t\t\t\t\t\t<div class=\"elementor-container elementor-column-gap-default\">\n\t\t\t\t\t\t\t<div class=\"elementor-row\">\n\t\t\t\t\t<div class=\"elementor-column elementor-col-100 elementor-top-column elementor-element elementor-element-8663cf8\" data-id=\"8663cf8\" data-element_type=\"column\">\n\t\t\t<div class=\"elementor-column-wrap elementor-element-populated\">\n\t\t\t\t\t\t\t<div class=\"elementor-widget-wrap\">\n\t\t\t\t\t\t<div class=\"elementor-element elementor-element-49d85644 elementor-widget elementor-widget-heading\" data-id=\"49d85644\" data-element_type=\"widget\" data-widget_type=\"heading.default\">\n\t\t\t\t<div class=\"elementor-widget-container\">\n\t\t\t<h2 class=\"elementor-heading-title elementor-size-default\">As camp\u00e1s da Igrexa de Castroverde<\/h2>\t\t<\/div>\n\t\t\t\t<\/div>\n\t\t\t\t<div class=\"elementor-element elementor-element-424c9ed elementor-widget elementor-widget-text-editor\" data-id=\"424c9ed\" data-element_type=\"widget\" data-widget_type=\"text-editor.default\">\n\t\t\t\t<div class=\"elementor-widget-container\">\n\t\t\t\t\t\t\t\t<div class=\"elementor-text-editor elementor-clearfix\">\n\t\t\t\t\t<h4 style=\"text-align: center;\"><strong>LAS CAMPANAS DE LA IGLESIA DE CASTROVERDE \u00a0\u00a0\u00a0\u00a0\u00a0\u00a0\u00a0\u00a0\u00a0\u00a0\u00a0\u00a0\u00a0\u00a0\u00a0\u00a0\u00a0\u00a0\u00a0\u00a0\u00a0\u00a0\u00a0\u00a0\u00a0\u00a0\u00a0\u00a0\u00a0\u00a0\u00a0<em> CASTROVERDE CHURCH BELLS<\/em><br \/><\/strong><\/h4>\t\t\t\t\t<\/div>\n\t\t\t\t\t\t<\/div>\n\t\t\t\t<\/div>\n\t\t\t\t\t\t<\/div>\n\t\t\t\t\t<\/div>\n\t\t<\/div>\n\t\t\t\t\t\t\t\t<\/div>\n\t\t\t\t\t<\/div>\n\t\t<\/section>\n\t\t\t\t<section class=\"elementor-section elementor-top-section elementor-element elementor-element-17632c74 elementor-section-stretched elementor-section-full_width elementor-section-height-default elementor-section-height-default\" data-id=\"17632c74\" data-element_type=\"section\" data-settings=\"{&quot;stretch_section&quot;:&quot;section-stretched&quot;,&quot;background_background&quot;:&quot;classic&quot;,&quot;shape_divider_top&quot;:&quot;split&quot;}\">\n\t\t\t\t\t<div class=\"elementor-shape elementor-shape-top\" data-negative=\"false\">\n\t\t\t<svg xmlns=\"http:\/\/www.w3.org\/2000\/svg\" viewBox=\"0 0 1000 20\" preserveAspectRatio=\"none\">\n\t<path class=\"elementor-shape-fill\" d=\"M0,0v3c0,0,393.8,0,483.4,0c9.2,0,16.6,7.4,16.6,16.6c0-9.1,7.4-16.6,16.6-16.6C606.2,3,1000,3,1000,3V0H0z\"\/>\n<\/svg>\t\t<\/div>\n\t\t\t\t\t<div class=\"elementor-container elementor-column-gap-default\">\n\t\t\t\t\t\t\t<div class=\"elementor-row\">\n\t\t\t\t\t<div class=\"elementor-column elementor-col-50 elementor-top-column elementor-element elementor-element-33317d1f\" data-id=\"33317d1f\" data-element_type=\"column\">\n\t\t\t<div class=\"elementor-column-wrap elementor-element-populated\">\n\t\t\t\t\t\t\t<div class=\"elementor-widget-wrap\">\n\t\t\t\t\t\t<div class=\"elementor-element elementor-element-5ebb1d70 elementor-widget elementor-widget-image\" data-id=\"5ebb1d70\" data-element_type=\"widget\" data-widget_type=\"image.default\">\n\t\t\t\t<div class=\"elementor-widget-container\">\n\t\t\t\t\t\t\t\t<div class=\"elementor-image\">\n\t\t\t\t\t\t\t\t\t\t\t\t\t<a href=\"https:\/\/badaladas.gal\/wp-content\/uploads\/2020\/08\/P1040719-g-Castrov.jpg\" data-elementor-open-lightbox=\"yes\" data-elementor-lightbox-title=\"P1040719 g Castrov\">\n\t\t\t\t\t\t\t<img loading=\"lazy\" decoding=\"async\" width=\"1158\" height=\"869\" src=\"https:\/\/badaladas.gal\/wp-content\/uploads\/2020\/08\/P1040719-g-Castrov.jpg\" class=\"attachment-full size-full\" alt=\"\" srcset=\"https:\/\/badaladas.gal\/wp-content\/uploads\/2020\/08\/P1040719-g-Castrov.jpg 1158w, https:\/\/badaladas.gal\/wp-content\/uploads\/2020\/08\/P1040719-g-Castrov-300x225.jpg 300w, https:\/\/badaladas.gal\/wp-content\/uploads\/2020\/08\/P1040719-g-Castrov-1024x768.jpg 1024w, https:\/\/badaladas.gal\/wp-content\/uploads\/2020\/08\/P1040719-g-Castrov-768x576.jpg 768w\" sizes=\"auto, 100vw\" \/>\t\t\t\t\t\t\t\t<\/a>\n\t\t\t\t\t\t\t\t\t\t\t\t\t\t<\/div>\n\t\t\t\t\t\t<\/div>\n\t\t\t\t<\/div>\n\t\t\t\t<div class=\"elementor-element elementor-element-199f9765 gallery-spacing-custom elementor-widget elementor-widget-image-gallery\" data-id=\"199f9765\" data-element_type=\"widget\" data-widget_type=\"image-gallery.default\">\n\t\t\t\t<div class=\"elementor-widget-container\">\n\t\t\t\t\t<div class=\"elementor-image-gallery\">\n\t\t\t<div id='gallery-1' class='gallery galleryid-4711 gallery-columns-2 gallery-size-full'><figure class='gallery-item'>\n\t\t\t<div class='gallery-icon landscape'>\n\t\t\t\t<a data-elementor-open-lightbox=\"yes\" data-elementor-lightbox-slideshow=\"199f9765\" data-elementor-lightbox-title=\"P1040720 g Castrov\" href='https:\/\/badaladas.gal\/wp-content\/uploads\/2020\/09\/P1040720-g-Castrov.jpg'><img loading=\"lazy\" decoding=\"async\" width=\"1077\" height=\"808\" src=\"https:\/\/badaladas.gal\/wp-content\/uploads\/2020\/09\/P1040720-g-Castrov.jpg\" class=\"attachment-full size-full\" alt=\"\" srcset=\"https:\/\/badaladas.gal\/wp-content\/uploads\/2020\/09\/P1040720-g-Castrov.jpg 1077w, https:\/\/badaladas.gal\/wp-content\/uploads\/2020\/09\/P1040720-g-Castrov-300x225.jpg 300w, https:\/\/badaladas.gal\/wp-content\/uploads\/2020\/09\/P1040720-g-Castrov-1024x768.jpg 1024w, https:\/\/badaladas.gal\/wp-content\/uploads\/2020\/09\/P1040720-g-Castrov-768x576.jpg 768w\" sizes=\"auto, 100vw\" \/><\/a>\n\t\t\t<\/div><\/figure><figure class='gallery-item'>\n\t\t\t<div class='gallery-icon landscape'>\n\t\t\t\t<a data-elementor-open-lightbox=\"yes\" data-elementor-lightbox-slideshow=\"199f9765\" data-elementor-lightbox-title=\"P1040708 g Castrov\" href='https:\/\/badaladas.gal\/wp-content\/uploads\/2020\/09\/P1040708-g-Castrov.jpg'><img loading=\"lazy\" decoding=\"async\" width=\"979\" height=\"734\" src=\"https:\/\/badaladas.gal\/wp-content\/uploads\/2020\/09\/P1040708-g-Castrov.jpg\" class=\"attachment-full size-full\" alt=\"\" srcset=\"https:\/\/badaladas.gal\/wp-content\/uploads\/2020\/09\/P1040708-g-Castrov.jpg 979w, https:\/\/badaladas.gal\/wp-content\/uploads\/2020\/09\/P1040708-g-Castrov-300x225.jpg 300w, https:\/\/badaladas.gal\/wp-content\/uploads\/2020\/09\/P1040708-g-Castrov-768x576.jpg 768w\" sizes=\"auto, 100vw\" \/><\/a>\n\t\t\t<\/div><\/figure><figure class='gallery-item'>\n\t\t\t<div class='gallery-icon landscape'>\n\t\t\t\t<a data-elementor-open-lightbox=\"yes\" data-elementor-lightbox-slideshow=\"199f9765\" data-elementor-lightbox-title=\"P1040701 g Castrov\" href='https:\/\/badaladas.gal\/wp-content\/uploads\/2020\/09\/P1040701-g-Castrov-1.jpg'><img loading=\"lazy\" decoding=\"async\" width=\"1126\" height=\"845\" src=\"https:\/\/badaladas.gal\/wp-content\/uploads\/2020\/09\/P1040701-g-Castrov-1.jpg\" class=\"attachment-full size-full\" alt=\"\" srcset=\"https:\/\/badaladas.gal\/wp-content\/uploads\/2020\/09\/P1040701-g-Castrov-1.jpg 1126w, https:\/\/badaladas.gal\/wp-content\/uploads\/2020\/09\/P1040701-g-Castrov-1-300x225.jpg 300w, https:\/\/badaladas.gal\/wp-content\/uploads\/2020\/09\/P1040701-g-Castrov-1-1024x768.jpg 1024w, https:\/\/badaladas.gal\/wp-content\/uploads\/2020\/09\/P1040701-g-Castrov-1-768x576.jpg 768w\" sizes=\"auto, 100vw\" \/><\/a>\n\t\t\t<\/div><\/figure><figure class='gallery-item'>\n\t\t\t<div class='gallery-icon landscape'>\n\t\t\t\t<a data-elementor-open-lightbox=\"yes\" data-elementor-lightbox-slideshow=\"199f9765\" data-elementor-lightbox-title=\"P1040701 g Castrov 2\" href='https:\/\/badaladas.gal\/wp-content\/uploads\/2020\/09\/P1040701-g-Castrov-2.jpg'><img loading=\"lazy\" decoding=\"async\" width=\"1412\" height=\"1059\" src=\"https:\/\/badaladas.gal\/wp-content\/uploads\/2020\/09\/P1040701-g-Castrov-2.jpg\" class=\"attachment-full size-full\" alt=\"\" srcset=\"https:\/\/badaladas.gal\/wp-content\/uploads\/2020\/09\/P1040701-g-Castrov-2.jpg 1412w, https:\/\/badaladas.gal\/wp-content\/uploads\/2020\/09\/P1040701-g-Castrov-2-300x225.jpg 300w, https:\/\/badaladas.gal\/wp-content\/uploads\/2020\/09\/P1040701-g-Castrov-2-1024x768.jpg 1024w, https:\/\/badaladas.gal\/wp-content\/uploads\/2020\/09\/P1040701-g-Castrov-2-768x576.jpg 768w\" sizes=\"auto, 100vw\" \/><\/a>\n\t\t\t<\/div><\/figure>\n\t\t<\/div>\n\t\t<\/div>\n\t\t\t\t<\/div>\n\t\t\t\t<\/div>\n\t\t\t\t<div class=\"elementor-element elementor-element-e1dcd56 elementor-invisible elementor-widget elementor-widget-wp-widget-text\" data-id=\"e1dcd56\" data-element_type=\"widget\" data-settings=\"{&quot;_animation&quot;:&quot;fadeIn&quot;}\" data-widget_type=\"wp-widget-text.default\">\n\t\t\t\t<div class=\"elementor-widget-container\">\n\t\t\t\t\t\t<div class=\"textwidget\"><p>Fabricante\/Manufacturer:<\/p>\n<p>Ano de fabricaci\u00f3n\/Manufacturing year:<strong> \u00a0 1902<br \/>\n<\/strong><\/p>\n<p>Altura\/Heigth:<\/p>\n<p>Di\u00e1metro\/Diameter:<\/p>\n<p>Nota musical\/Musical note:\u00a0 <strong>Sib\/Bb<\/strong><\/p>\n<p>Estado\/Condition:\u00a0\u00a0<strong> en uso\/in use<\/strong><\/p>\n<p>Inscrici\u00f3ns:<strong> \u00a0\u00a0 JHS MARIA Y JOSE\u00a0 A\u00d1O 1902<br \/>\n<\/strong><\/p>\n<p><strong>HIZOSE SIENDO PARROCO Y ARCIPRESTE EL L<em>CDO <\/em>D. ANTONIO DOMINGO FERREIRO<\/strong><\/p>\n<p>Inscriptions:\u00a0 JHS MARY AND JOSEPH<\/p>\n<p>YEAR 1902<\/p>\n<p>IT WAS MADE IN TIMES OF THE PRIEST AND ARCHPRIEST, THE GRADUATE MR. ANTONIO DOMINGO FERREIRO<\/p>\n<\/div>\n\t\t\t\t<\/div>\n\t\t\t\t<\/div>\n\t\t\t\t\t\t<\/div>\n\t\t\t\t\t<\/div>\n\t\t<\/div>\n\t\t\t\t<div class=\"elementor-column elementor-col-50 elementor-top-column elementor-element elementor-element-43e203d8\" data-id=\"43e203d8\" data-element_type=\"column\">\n\t\t\t<div class=\"elementor-column-wrap elementor-element-populated\">\n\t\t\t\t\t\t\t<div class=\"elementor-widget-wrap\">\n\t\t\t\t\t\t<div class=\"elementor-element elementor-element-a5d0058 elementor-widget elementor-widget-image\" data-id=\"a5d0058\" data-element_type=\"widget\" data-widget_type=\"image.default\">\n\t\t\t\t<div class=\"elementor-widget-container\">\n\t\t\t\t\t\t\t\t<div class=\"elementor-image\">\n\t\t\t\t\t\t\t\t\t\t\t\t\t<a href=\"https:\/\/badaladas.gal\/wp-content\/uploads\/2020\/09\/P1040726-p-Castrov.jpg\" data-elementor-open-lightbox=\"yes\" data-elementor-lightbox-title=\"P1040726 p Castrov\">\n\t\t\t\t\t\t\t<img loading=\"lazy\" decoding=\"async\" width=\"1165\" height=\"874\" src=\"https:\/\/badaladas.gal\/wp-content\/uploads\/2020\/09\/P1040726-p-Castrov.jpg\" class=\"attachment-full size-full\" alt=\"\" srcset=\"https:\/\/badaladas.gal\/wp-content\/uploads\/2020\/09\/P1040726-p-Castrov.jpg 1165w, https:\/\/badaladas.gal\/wp-content\/uploads\/2020\/09\/P1040726-p-Castrov-300x225.jpg 300w, https:\/\/badaladas.gal\/wp-content\/uploads\/2020\/09\/P1040726-p-Castrov-1024x768.jpg 1024w, https:\/\/badaladas.gal\/wp-content\/uploads\/2020\/09\/P1040726-p-Castrov-768x576.jpg 768w\" sizes=\"auto, 100vw\" \/>\t\t\t\t\t\t\t\t<\/a>\n\t\t\t\t\t\t\t\t\t\t\t\t\t\t<\/div>\n\t\t\t\t\t\t<\/div>\n\t\t\t\t<\/div>\n\t\t\t\t<div class=\"elementor-element elementor-element-478862ab gallery-spacing-custom elementor-widget elementor-widget-image-gallery\" data-id=\"478862ab\" data-element_type=\"widget\" data-widget_type=\"image-gallery.default\">\n\t\t\t\t<div class=\"elementor-widget-container\">\n\t\t\t\t\t<div class=\"elementor-image-gallery\">\n\t\t\t<div id='gallery-2' class='gallery galleryid-4711 gallery-columns-2 gallery-size-full'><figure class='gallery-item'>\n\t\t\t<div class='gallery-icon landscape'>\n\t\t\t\t<a data-elementor-open-lightbox=\"yes\" data-elementor-lightbox-slideshow=\"478862ab\" data-elementor-lightbox-title=\"P1040712 p Castrov\" href='https:\/\/badaladas.gal\/wp-content\/uploads\/2020\/09\/P1040712-p-Castrov.jpg'><img loading=\"lazy\" decoding=\"async\" width=\"979\" height=\"734\" src=\"https:\/\/badaladas.gal\/wp-content\/uploads\/2020\/09\/P1040712-p-Castrov.jpg\" class=\"attachment-full size-full\" alt=\"\" srcset=\"https:\/\/badaladas.gal\/wp-content\/uploads\/2020\/09\/P1040712-p-Castrov.jpg 979w, https:\/\/badaladas.gal\/wp-content\/uploads\/2020\/09\/P1040712-p-Castrov-300x225.jpg 300w, https:\/\/badaladas.gal\/wp-content\/uploads\/2020\/09\/P1040712-p-Castrov-768x576.jpg 768w\" sizes=\"auto, 100vw\" \/><\/a>\n\t\t\t<\/div><\/figure><figure class='gallery-item'>\n\t\t\t<div class='gallery-icon landscape'>\n\t\t\t\t<a data-elementor-open-lightbox=\"yes\" data-elementor-lightbox-slideshow=\"478862ab\" data-elementor-lightbox-title=\"P1040713 p Castrov\" href='https:\/\/badaladas.gal\/wp-content\/uploads\/2020\/09\/P1040713-p-Castrov.jpg'><img loading=\"lazy\" decoding=\"async\" width=\"917\" height=\"688\" src=\"https:\/\/badaladas.gal\/wp-content\/uploads\/2020\/09\/P1040713-p-Castrov.jpg\" class=\"attachment-full size-full\" alt=\"\" srcset=\"https:\/\/badaladas.gal\/wp-content\/uploads\/2020\/09\/P1040713-p-Castrov.jpg 917w, https:\/\/badaladas.gal\/wp-content\/uploads\/2020\/09\/P1040713-p-Castrov-300x225.jpg 300w, https:\/\/badaladas.gal\/wp-content\/uploads\/2020\/09\/P1040713-p-Castrov-768x576.jpg 768w\" sizes=\"auto, 100vw\" \/><\/a>\n\t\t\t<\/div><\/figure><figure class='gallery-item'>\n\t\t\t<div class='gallery-icon landscape'>\n\t\t\t\t<a data-elementor-open-lightbox=\"yes\" data-elementor-lightbox-slideshow=\"478862ab\" data-elementor-lightbox-title=\"P1040727 p Castrov\" href='https:\/\/badaladas.gal\/wp-content\/uploads\/2020\/09\/P1040727-p-Castrov.jpg'><img loading=\"lazy\" decoding=\"async\" width=\"979\" height=\"734\" src=\"https:\/\/badaladas.gal\/wp-content\/uploads\/2020\/09\/P1040727-p-Castrov.jpg\" class=\"attachment-full size-full\" alt=\"\" srcset=\"https:\/\/badaladas.gal\/wp-content\/uploads\/2020\/09\/P1040727-p-Castrov.jpg 979w, https:\/\/badaladas.gal\/wp-content\/uploads\/2020\/09\/P1040727-p-Castrov-300x225.jpg 300w, https:\/\/badaladas.gal\/wp-content\/uploads\/2020\/09\/P1040727-p-Castrov-768x576.jpg 768w\" sizes=\"auto, 100vw\" \/><\/a>\n\t\t\t<\/div><\/figure><figure class='gallery-item'>\n\t\t\t<div class='gallery-icon landscape'>\n\t\t\t\t<a data-elementor-open-lightbox=\"yes\" data-elementor-lightbox-slideshow=\"478862ab\" data-elementor-lightbox-title=\"P1040716 p Castrov\" href='https:\/\/badaladas.gal\/wp-content\/uploads\/2020\/09\/P1040716-p-Castrov.jpg'><img loading=\"lazy\" decoding=\"async\" width=\"881\" height=\"721\" src=\"https:\/\/badaladas.gal\/wp-content\/uploads\/2020\/09\/P1040716-p-Castrov.jpg\" class=\"attachment-full size-full\" alt=\"\" srcset=\"https:\/\/badaladas.gal\/wp-content\/uploads\/2020\/09\/P1040716-p-Castrov.jpg 881w, https:\/\/badaladas.gal\/wp-content\/uploads\/2020\/09\/P1040716-p-Castrov-300x246.jpg 300w, https:\/\/badaladas.gal\/wp-content\/uploads\/2020\/09\/P1040716-p-Castrov-768x629.jpg 768w\" sizes=\"auto, 100vw\" \/><\/a>\n\t\t\t<\/div><\/figure>\n\t\t<\/div>\n\t\t<\/div>\n\t\t\t\t<\/div>\n\t\t\t\t<\/div>\n\t\t\t\t<div class=\"elementor-element elementor-element-7308af1 elementor-invisible elementor-widget elementor-widget-wp-widget-text\" data-id=\"7308af1\" data-element_type=\"widget\" data-settings=\"{&quot;_animation&quot;:&quot;fadeIn&quot;}\" data-widget_type=\"wp-widget-text.default\">\n\t\t\t\t<div class=\"elementor-widget-container\">\n\t\t\t\t\t\t<div class=\"textwidget\"><p>Fabricante\/Manufacturer:<\/p>\n<p>Ano de fabricaci\u00f3n\/Manufacturing year:<strong> \u00a0 1846<br \/>\n<\/strong><\/p>\n<p>Altura\/Heigth:<\/p>\n<p>Di\u00e1metro\/Diameter:<\/p>\n<p>Nota musical\/Musical note:\u00a0 <strong>Fa\/F<\/strong><\/p>\n<p>Estado\/Condition:\u00a0\u00a0<strong> en uso\/in use<\/strong><\/p>\n<p>Inscrici\u00f3ns:<strong> \u00a0\u00a0 IHS MARIA Y JOSE A\u00d1O DE 1846<br \/>\n<\/strong><\/p>\n<p>Inscriptions:\u00a0\u00a0 IHS MARY AND JOSEPH<\/p>\n<p>YEAR 1846<\/p>\n<\/div>\n\t\t\t\t<\/div>\n\t\t\t\t<\/div>\n\t\t\t\t\t\t<\/div>\n\t\t\t\t\t<\/div>\n\t\t<\/div>\n\t\t\t\t\t\t\t\t<\/div>\n\t\t\t\t\t<\/div>\n\t\t<\/section>\n\t\t\t\t<section class=\"elementor-section elementor-top-section elementor-element elementor-element-4cb5fe2b elementor-section-boxed elementor-section-height-default elementor-section-height-default\" data-id=\"4cb5fe2b\" data-element_type=\"section\">\n\t\t\t\t\t\t<div class=\"elementor-container elementor-column-gap-default\">\n\t\t\t\t\t\t\t<div class=\"elementor-row\">\n\t\t\t\t\t\t\t\t\t<\/div>\n\t\t\t\t\t<\/div>\n\t\t<\/section>\n\t\t\t\t\t\t<\/div>\n\t\t\t\t\t\t<\/div>\n\t\t\t\t\t<\/div>\n\t\t","protected":false},"excerpt":{"rendered":"<p>A igrexa de Santiago de Castroverde est\u00e1 no Cami\u00f1o Primitivo Escoita as s\u00faas camp\u00e1s La iglesia de Santiago de Castroverde est\u00e1 en el Camino Primitivo Escucha sus campanas Santiago&#8217;s church, in Castroverde, is placed on the Primitive Way Listen to the bells As camp\u00e1s da Igrexa de Castroverde LAS CAMPANAS DE LA IGLESIA DE CASTROVERDE &hellip; <\/p>\n<p class=\"link-more\"><a href=\"https:\/\/badaladas.gal\/index.php\/castroverde\/\" class=\"more-link\">Continuar leyendo<span class=\"screen-reader-text\"> &#8220;CASTROVERDE&#8221;<\/span><\/a><\/p>\n","protected":false},"author":2,"featured_media":0,"parent":0,"menu_order":0,"comment_status":"closed","ping_status":"closed","template":"","meta":{"footnotes":""},"class_list":["post-4711","page","type-page","status-publish","hentry"],"_links":{"self":[{"href":"https:\/\/badaladas.gal\/index.php\/wp-json\/wp\/v2\/pages\/4711","targetHints":{"allow":["GET"]}}],"collection":[{"href":"https:\/\/badaladas.gal\/index.php\/wp-json\/wp\/v2\/pages"}],"about":[{"href":"https:\/\/badaladas.gal\/index.php\/wp-json\/wp\/v2\/types\/page"}],"author":[{"embeddable":true,"href":"https:\/\/badaladas.gal\/index.php\/wp-json\/wp\/v2\/users\/2"}],"replies":[{"embeddable":true,"href":"https:\/\/badaladas.gal\/index.php\/wp-json\/wp\/v2\/comments?post=4711"}],"version-history":[{"count":32,"href":"https:\/\/badaladas.gal\/index.php\/wp-json\/wp\/v2\/pages\/4711\/revisions"}],"predecessor-version":[{"id":8423,"href":"https:\/\/badaladas.gal\/index.php\/wp-json\/wp\/v2\/pages\/4711\/revisions\/8423"}],"wp:attachment":[{"href":"https:\/\/badaladas.gal\/index.php\/wp-json\/wp\/v2\/media?parent=4711"}],"curies":[{"name":"wp","href":"https:\/\/api.w.org\/{rel}","templated":true}]}}