{"id":4821,"date":"2020-09-09T23:58:58","date_gmt":"2020-09-09T23:58:58","guid":{"rendered":"https:\/\/badaladas.gal\/?page_id=4821"},"modified":"2020-10-27T13:32:27","modified_gmt":"2020-10-27T13:32:27","slug":"san-cristovo-do-real","status":"publish","type":"page","link":"https:\/\/badaladas.gal\/index.php\/san-cristovo-do-real\/","title":{"rendered":"SAN CRISTOVO DO REAL"},"content":{"rendered":"\t\t<div data-elementor-type=\"wp-page\" data-elementor-id=\"4821\" class=\"elementor elementor-4821\" data-elementor-settings=\"[]\">\n\t\t\t\t\t\t<div class=\"elementor-inner\">\n\t\t\t\t\t\t\t<div class=\"elementor-section-wrap\">\n\t\t\t\t\t\t\t<section class=\"elementor-section elementor-top-section elementor-element elementor-element-8acaa18 elementor-section-boxed elementor-section-height-default elementor-section-height-default\" data-id=\"8acaa18\" data-element_type=\"section\">\n\t\t\t\t\t\t<div class=\"elementor-container elementor-column-gap-default\">\n\t\t\t\t\t\t\t<div class=\"elementor-row\">\n\t\t\t\t\t<div class=\"elementor-column elementor-col-100 elementor-top-column elementor-element elementor-element-ce0046e\" data-id=\"ce0046e\" data-element_type=\"column\">\n\t\t\t<div class=\"elementor-column-wrap\">\n\t\t\t\t\t\t\t<div class=\"elementor-widget-wrap\">\n\t\t\t\t\t\t\t\t<\/div>\n\t\t\t\t\t<\/div>\n\t\t<\/div>\n\t\t\t\t\t\t\t\t<\/div>\n\t\t\t\t\t<\/div>\n\t\t<\/section>\n\t\t\t\t<section class=\"elementor-section elementor-top-section elementor-element elementor-element-15507729 elementor-section-stretched elementor-section-full_width elementor-section-height-default elementor-section-height-default\" data-id=\"15507729\" data-element_type=\"section\" data-settings=\"{&quot;stretch_section&quot;:&quot;section-stretched&quot;}\">\n\t\t\t\t\t\t<div class=\"elementor-container elementor-column-gap-default\">\n\t\t\t\t\t\t\t<div class=\"elementor-row\">\n\t\t\t\t\t<div class=\"elementor-column elementor-col-50 elementor-top-column elementor-element elementor-element-329fdc5d\" data-id=\"329fdc5d\" data-element_type=\"column\">\n\t\t\t<div class=\"elementor-column-wrap elementor-element-populated\">\n\t\t\t\t\t\t\t<div class=\"elementor-widget-wrap\">\n\t\t\t\t\t\t<div class=\"elementor-element elementor-element-68fc5ef5 elementor-widget elementor-widget-image\" data-id=\"68fc5ef5\" data-element_type=\"widget\" data-widget_type=\"image.default\">\n\t\t\t\t<div class=\"elementor-widget-container\">\n\t\t\t\t\t\t\t\t<div class=\"elementor-image\">\n\t\t\t\t\t\t\t\t\t\t\t\t<img loading=\"lazy\" decoding=\"async\" width=\"1216\" height=\"912\" src=\"https:\/\/badaladas.gal\/wp-content\/uploads\/2020\/09\/P1040476-igr-Cristobo.jpg\" class=\"attachment-full size-full\" alt=\"\" srcset=\"https:\/\/badaladas.gal\/wp-content\/uploads\/2020\/09\/P1040476-igr-Cristobo.jpg 1216w, https:\/\/badaladas.gal\/wp-content\/uploads\/2020\/09\/P1040476-igr-Cristobo-300x225.jpg 300w, https:\/\/badaladas.gal\/wp-content\/uploads\/2020\/09\/P1040476-igr-Cristobo-1024x768.jpg 1024w, https:\/\/badaladas.gal\/wp-content\/uploads\/2020\/09\/P1040476-igr-Cristobo-768x576.jpg 768w\" sizes=\"auto, 100vw\" \/>\t\t\t\t\t\t\t\t\t\t\t\t\t\t<\/div>\n\t\t\t\t\t\t<\/div>\n\t\t\t\t<\/div>\n\t\t\t\t\t\t<\/div>\n\t\t\t\t\t<\/div>\n\t\t<\/div>\n\t\t\t\t<div class=\"elementor-column elementor-col-50 elementor-top-column elementor-element elementor-element-3a82d629\" data-id=\"3a82d629\" data-element_type=\"column\">\n\t\t\t<div class=\"elementor-column-wrap elementor-element-populated\">\n\t\t\t\t\t\t\t<div class=\"elementor-widget-wrap\">\n\t\t\t\t\t\t<div class=\"elementor-element elementor-element-6a9a68f elementor-widget elementor-widget-text-editor\" data-id=\"6a9a68f\" data-element_type=\"widget\" data-widget_type=\"text-editor.default\">\n\t\t\t\t<div class=\"elementor-widget-container\">\n\t\t\t\t\t\t\t\t<div class=\"elementor-text-editor elementor-clearfix\">\n\t\t\t\t\t<p><strong><span style=\"color: #003366;\">A igrexa de San Cristovo do Real est\u00e1 no Cami\u00f1o Franc\u00e9s, no punto quilom\u00e9trico 134,900<\/span><\/strong><\/p><p><strong><span style=\"color: #003366;\">Podes escoitar as s\u00faas camp\u00e1s<\/span><\/strong><\/p>\t\t\t\t\t<\/div>\n\t\t\t\t\t\t<\/div>\n\t\t\t\t<\/div>\n\t\t\t\t<div class=\"elementor-element elementor-element-52354d9 elementor-widget elementor-widget-text-editor\" data-id=\"52354d9\" data-element_type=\"widget\" data-widget_type=\"text-editor.default\">\n\t\t\t\t<div class=\"elementor-widget-container\">\n\t\t\t\t\t\t\t\t<div class=\"elementor-text-editor elementor-clearfix\">\n\t\t\t\t\t<p><strong><span style=\"color: #993300;\">La iglesia de San Cristovo do Real est\u00e1 en el Camino Franc\u00e9s, en el punto kilom\u00e9trico 134,900<\/span><\/strong><\/p><p><strong><span style=\"color: #993300;\">Puedes escuchar sus campanas<\/span><\/strong><\/p>\t\t\t\t\t<\/div>\n\t\t\t\t\t\t<\/div>\n\t\t\t\t<\/div>\n\t\t\t\t<div class=\"elementor-element elementor-element-affa5ef elementor-widget elementor-widget-text-editor\" data-id=\"affa5ef\" data-element_type=\"widget\" data-widget_type=\"text-editor.default\">\n\t\t\t\t<div class=\"elementor-widget-container\">\n\t\t\t\t\t\t\t\t<div class=\"elementor-text-editor elementor-clearfix\">\n\t\t\t\t\t<p><em><strong><span style=\"color: #000080;\">San Cristovo do Real church is on the French Way, at kilometre point 134,900<\/span><\/strong><\/em><\/p><p><em><strong><span style=\"color: #000080;\">Listen to the bells<\/span><\/strong><\/em><\/p>\t\t\t\t\t<\/div>\n\t\t\t\t\t\t<\/div>\n\t\t\t\t<\/div>\n\t\t\t\t<div class=\"elementor-element elementor-element-1352f231 elementor-widget elementor-widget-wp-widget-media_audio\" data-id=\"1352f231\" data-element_type=\"widget\" data-widget_type=\"wp-widget-media_audio.default\">\n\t\t\t\t<div class=\"elementor-widget-container\">\n\t\t\t<audio class=\"wp-audio-shortcode\" id=\"audio-4821-1\" preload=\"none\" style=\"width: 100%;\" controls=\"controls\"><source type=\"audio\/mpeg\" src=\"https:\/\/badaladas.gal\/wp-content\/uploads\/2020\/09\/CateLU_0260-Badaladas-S-Cristob.mp3?_=1\" \/><source type=\"audio\/mpeg\" src=\"https:\/\/badaladas.gal\/wp-content\/uploads\/2020\/09\/CateLU_0260-Badaladas-S-Cristob.mp3?_=1\" \/><a href=\"https:\/\/badaladas.gal\/wp-content\/uploads\/2020\/09\/CateLU_0260-Badaladas-S-Cristob.mp3\">https:\/\/badaladas.gal\/wp-content\/uploads\/2020\/09\/CateLU_0260-Badaladas-S-Cristob.mp3<\/a><\/audio>\t\t<\/div>\n\t\t\t\t<\/div>\n\t\t\t\t<div class=\"elementor-element elementor-element-2bfe7105 elementor-widget elementor-widget-yandex-maps\" data-id=\"2bfe7105\" data-element_type=\"widget\" data-widget_type=\"yandex-maps.default\">\n\t\t\t\t<div class=\"elementor-widget-container\">\n\t\t\t\t\t<script>\n\t\t\tvar mihdan_elementor_yandex_map_2bfe7105 = {\n\t\t\t\t\"id\" : \"2bfe7105\",\n\t\t\t\t\"language\" : \"en\",\n\t\t\t\t\"region\" : \"US\",\n\t\t\t\t\"lat\" : \"42.740473\",\n\t\t\t\t\"lng\" : \"-7.272604\",\n\t\t\t\t\"zoom\" : \"11\",\n\t\t\t\t\"type\" : \"map\",\n\t\t\t\t\"rulerControl\" : \"no\",\n\t\t\t\t\"searchControl\" : \"no\",\n\t\t\t\t\"trafficControl\" : \"no\",\n\t\t\t\t\"typeSelector\" : \"yes\",\n\t\t\t\t\"zoomControl\" : \"yes\",\n\t\t\t\t\"geolocationControl\" : \"no\",\n\t\t\t\t\"routeEditor\" : \"no\",\n\t\t\t\t\"fullscreenControl\" : \"no\",\n\t\t\t\t\"routeButtonControl\" : \"no\",\n\t\t\t\t\"routePanelControl\" : \"no\",\n\t\t\t\t\"disableScrollZoom\" : \"no\",\n\t\t\t\t\"disableDblClickZoom\" : \"no\",\n\t\t\t\t\"disableDrag\" : \"no\",\n\t\t\t\t\"disableLeftMouseButtonMagnifier\" : \"no\",\n\t\t\t\t\"disableRightMouseButtonMagnifier\" : \"no\",\n\t\t\t\t\"disableMultiTouch\" : \"no\",\n\t\t\t\t\"disableRouteEditor\" : \"no\",\n\t\t\t\t\"disableRuler\" : \"no\",\n\t\t\t\t\"enableObjectManager\" : \"no\",\n\t\t\t\t\"infoWindowMaxWidth\" : \"300\",\n\t\t\t\t\"locations\" : {\n    \"type\": \"FeatureCollection\",\n    \"clusterPreset\": \"islands#blueClusterIcons\",\n    \"features\": [\n        {\n            \"type\": \"Feature\",\n            \"id\": \"id_0\",\n            \"geometry\": {\n                \"type\": \"Point\",\n                \"coordinates\": [\n                    \"42.740473\",\n                    \"-7.272604\"\n                ]\n            },\n            \"properties\": {\n                \"iconCaption\": \"\",\n                \"iconContent\": \"\",\n                \"hintContent\": \"\",\n                \"balloonContentHeader\": \"Igrexa de San Cristovo do Real\",\n                \"balloonContentFooter\": \"\",\n                \"balloonContentBody\": \"\"\n            },\n            \"options\": {\n                \"preset\": \"islands#lightBlueDotIcon\",\n                \"balloonIsOpened\": \"no\",\n                \"iconImage\": \"\",\n                \"iconImageWidth\": \"\",\n                \"iconImageHeight\": \"\"\n            }\n        }\n    ]\n}\t\t\t};\n\t\t<\/script>\n\t\t<div id=\"mihdan_elementor_yandex_map_2bfe7105\" class=\"mihdan-elementor-yandex-maps\" style=\"height: 300px;\"><\/div>\n\t\t\t\t<\/div>\n\t\t\t\t<\/div>\n\t\t\t\t\t\t<\/div>\n\t\t\t\t\t<\/div>\n\t\t<\/div>\n\t\t\t\t\t\t\t\t<\/div>\n\t\t\t\t\t<\/div>\n\t\t<\/section>\n\t\t\t\t<section class=\"elementor-section elementor-top-section elementor-element elementor-element-423230ec elementor-section-stretched elementor-section-boxed elementor-section-height-default elementor-section-height-default\" data-id=\"423230ec\" data-element_type=\"section\" data-settings=\"{&quot;stretch_section&quot;:&quot;section-stretched&quot;}\">\n\t\t\t\t\t\t<div class=\"elementor-container elementor-column-gap-default\">\n\t\t\t\t\t\t\t<div class=\"elementor-row\">\n\t\t\t\t\t<div class=\"elementor-column elementor-col-100 elementor-top-column elementor-element elementor-element-4d88af90\" data-id=\"4d88af90\" data-element_type=\"column\">\n\t\t\t<div class=\"elementor-column-wrap elementor-element-populated\">\n\t\t\t\t\t\t\t<div class=\"elementor-widget-wrap\">\n\t\t\t\t\t\t<div class=\"elementor-element elementor-element-65b84ebc elementor-widget elementor-widget-heading\" data-id=\"65b84ebc\" data-element_type=\"widget\" data-widget_type=\"heading.default\">\n\t\t\t\t<div class=\"elementor-widget-container\">\n\t\t\t<h2 class=\"elementor-heading-title elementor-size-default\">As camp\u00e1s da Igrexa de SAN CRISTOVO DO REAL<\/h2>\t\t<\/div>\n\t\t\t\t<\/div>\n\t\t\t\t<div class=\"elementor-element elementor-element-c65fd0f elementor-widget elementor-widget-text-editor\" data-id=\"c65fd0f\" data-element_type=\"widget\" data-widget_type=\"text-editor.default\">\n\t\t\t\t<div class=\"elementor-widget-container\">\n\t\t\t\t\t\t\t\t<div class=\"elementor-text-editor elementor-clearfix\">\n\t\t\t\t\t<h4 style=\"text-align: center;\"><strong>LAS CAMPANAS DE LA IGLESIA DE SAN CRISTOVO DO REAL <\/strong><strong>\u00a0\u00a0\u00a0\u00a0\u00a0\u00a0\u00a0\u00a0\u00a0 <em>SAN CRISTOVO DO REAL CHURCH BELLS<\/em><br \/><\/strong><\/h4>\t\t\t\t\t<\/div>\n\t\t\t\t\t\t<\/div>\n\t\t\t\t<\/div>\n\t\t\t\t\t\t<\/div>\n\t\t\t\t\t<\/div>\n\t\t<\/div>\n\t\t\t\t\t\t\t\t<\/div>\n\t\t\t\t\t<\/div>\n\t\t<\/section>\n\t\t\t\t<section class=\"elementor-section elementor-top-section elementor-element elementor-element-5d0d0ee0 elementor-section-stretched elementor-section-full_width elementor-section-height-default elementor-section-height-default\" data-id=\"5d0d0ee0\" data-element_type=\"section\" data-settings=\"{&quot;stretch_section&quot;:&quot;section-stretched&quot;,&quot;background_background&quot;:&quot;classic&quot;}\">\n\t\t\t\t\t\t<div class=\"elementor-container elementor-column-gap-default\">\n\t\t\t\t\t\t\t<div class=\"elementor-row\">\n\t\t\t\t\t<div class=\"elementor-column elementor-col-50 elementor-top-column elementor-element elementor-element-49a2dddb\" data-id=\"49a2dddb\" data-element_type=\"column\">\n\t\t\t<div class=\"elementor-column-wrap elementor-element-populated\">\n\t\t\t\t\t\t\t<div class=\"elementor-widget-wrap\">\n\t\t\t\t\t\t<div class=\"elementor-element elementor-element-75ec0922 elementor-widget elementor-widget-image\" data-id=\"75ec0922\" data-element_type=\"widget\" data-widget_type=\"image.default\">\n\t\t\t\t<div class=\"elementor-widget-container\">\n\t\t\t\t\t\t\t\t<div class=\"elementor-image\">\n\t\t\t\t\t\t\t\t\t\t\t\t\t<a href=\"https:\/\/badaladas.gal\/wp-content\/uploads\/2020\/09\/P1040480-S-Crist-g.jpg\" data-elementor-open-lightbox=\"yes\" data-elementor-lightbox-title=\"P1040480 S Crist g\">\n\t\t\t\t\t\t\t<img loading=\"lazy\" decoding=\"async\" width=\"957\" height=\"718\" src=\"https:\/\/badaladas.gal\/wp-content\/uploads\/2020\/09\/P1040480-S-Crist-g.jpg\" class=\"attachment-full size-full\" alt=\"\" srcset=\"https:\/\/badaladas.gal\/wp-content\/uploads\/2020\/09\/P1040480-S-Crist-g.jpg 957w, https:\/\/badaladas.gal\/wp-content\/uploads\/2020\/09\/P1040480-S-Crist-g-300x225.jpg 300w, https:\/\/badaladas.gal\/wp-content\/uploads\/2020\/09\/P1040480-S-Crist-g-768x576.jpg 768w\" sizes=\"auto, 100vw\" \/>\t\t\t\t\t\t\t\t<\/a>\n\t\t\t\t\t\t\t\t\t\t\t\t\t\t<\/div>\n\t\t\t\t\t\t<\/div>\n\t\t\t\t<\/div>\n\t\t\t\t<div class=\"elementor-element elementor-element-36e0057f gallery-spacing-custom elementor-widget elementor-widget-image-gallery\" data-id=\"36e0057f\" data-element_type=\"widget\" data-widget_type=\"image-gallery.default\">\n\t\t\t\t<div class=\"elementor-widget-container\">\n\t\t\t\t\t<div class=\"elementor-image-gallery\">\n\t\t\t<div id='gallery-1' class='gallery galleryid-4821 gallery-columns-2 gallery-size-full'><figure class='gallery-item'>\n\t\t\t<div class='gallery-icon landscape'>\n\t\t\t\t<a data-elementor-open-lightbox=\"yes\" data-elementor-lightbox-slideshow=\"36e0057f\" data-elementor-lightbox-title=\"P1040483 S Crist g\" href='https:\/\/badaladas.gal\/wp-content\/uploads\/2020\/09\/P1040483-S-Crist-g.jpg'><img loading=\"lazy\" decoding=\"async\" width=\"1077\" height=\"808\" src=\"https:\/\/badaladas.gal\/wp-content\/uploads\/2020\/09\/P1040483-S-Crist-g.jpg\" class=\"attachment-full size-full\" alt=\"\" srcset=\"https:\/\/badaladas.gal\/wp-content\/uploads\/2020\/09\/P1040483-S-Crist-g.jpg 1077w, https:\/\/badaladas.gal\/wp-content\/uploads\/2020\/09\/P1040483-S-Crist-g-300x225.jpg 300w, https:\/\/badaladas.gal\/wp-content\/uploads\/2020\/09\/P1040483-S-Crist-g-1024x768.jpg 1024w, https:\/\/badaladas.gal\/wp-content\/uploads\/2020\/09\/P1040483-S-Crist-g-768x576.jpg 768w\" sizes=\"auto, 100vw\" \/><\/a>\n\t\t\t<\/div><\/figure><figure class='gallery-item'>\n\t\t\t<div class='gallery-icon landscape'>\n\t\t\t\t<a data-elementor-open-lightbox=\"yes\" data-elementor-lightbox-slideshow=\"36e0057f\" data-elementor-lightbox-title=\"P1040485 S Crist g\" href='https:\/\/badaladas.gal\/wp-content\/uploads\/2020\/09\/P1040485-S-Crist-g.jpg'><img loading=\"lazy\" decoding=\"async\" width=\"993\" height=\"745\" src=\"https:\/\/badaladas.gal\/wp-content\/uploads\/2020\/09\/P1040485-S-Crist-g.jpg\" class=\"attachment-full size-full\" alt=\"\" srcset=\"https:\/\/badaladas.gal\/wp-content\/uploads\/2020\/09\/P1040485-S-Crist-g.jpg 993w, https:\/\/badaladas.gal\/wp-content\/uploads\/2020\/09\/P1040485-S-Crist-g-300x225.jpg 300w, https:\/\/badaladas.gal\/wp-content\/uploads\/2020\/09\/P1040485-S-Crist-g-768x576.jpg 768w\" sizes=\"auto, 100vw\" \/><\/a>\n\t\t\t<\/div><\/figure><figure class='gallery-item'>\n\t\t\t<div class='gallery-icon landscape'>\n\t\t\t\t<a data-elementor-open-lightbox=\"yes\" data-elementor-lightbox-slideshow=\"36e0057f\" data-elementor-lightbox-title=\"P1040489 S Crist g\" href='https:\/\/badaladas.gal\/wp-content\/uploads\/2020\/09\/P1040489-S-Crist-g.jpg'><img loading=\"lazy\" decoding=\"async\" width=\"979\" height=\"734\" src=\"https:\/\/badaladas.gal\/wp-content\/uploads\/2020\/09\/P1040489-S-Crist-g.jpg\" class=\"attachment-full size-full\" alt=\"\" srcset=\"https:\/\/badaladas.gal\/wp-content\/uploads\/2020\/09\/P1040489-S-Crist-g.jpg 979w, https:\/\/badaladas.gal\/wp-content\/uploads\/2020\/09\/P1040489-S-Crist-g-300x225.jpg 300w, https:\/\/badaladas.gal\/wp-content\/uploads\/2020\/09\/P1040489-S-Crist-g-768x576.jpg 768w\" sizes=\"auto, 100vw\" \/><\/a>\n\t\t\t<\/div><\/figure><figure class='gallery-item'>\n\t\t\t<div class='gallery-icon landscape'>\n\t\t\t\t<a data-elementor-open-lightbox=\"yes\" data-elementor-lightbox-slideshow=\"36e0057f\" data-elementor-lightbox-title=\"P1040495 S Crist g\" href='https:\/\/badaladas.gal\/wp-content\/uploads\/2020\/09\/P1040495-S-Crist-g.jpg'><img loading=\"lazy\" decoding=\"async\" width=\"1108\" height=\"814\" src=\"https:\/\/badaladas.gal\/wp-content\/uploads\/2020\/09\/P1040495-S-Crist-g.jpg\" class=\"attachment-full size-full\" alt=\"\" srcset=\"https:\/\/badaladas.gal\/wp-content\/uploads\/2020\/09\/P1040495-S-Crist-g.jpg 1108w, https:\/\/badaladas.gal\/wp-content\/uploads\/2020\/09\/P1040495-S-Crist-g-300x220.jpg 300w, https:\/\/badaladas.gal\/wp-content\/uploads\/2020\/09\/P1040495-S-Crist-g-1024x752.jpg 1024w, https:\/\/badaladas.gal\/wp-content\/uploads\/2020\/09\/P1040495-S-Crist-g-768x564.jpg 768w\" sizes=\"auto, 100vw\" \/><\/a>\n\t\t\t<\/div><\/figure><figure class='gallery-item'>\n\t\t\t<div class='gallery-icon landscape'>\n\t\t\t\t<a data-elementor-open-lightbox=\"yes\" data-elementor-lightbox-slideshow=\"36e0057f\" data-elementor-lightbox-title=\"P1040498 S Crist g\" href='https:\/\/badaladas.gal\/wp-content\/uploads\/2020\/09\/P1040498-S-Crist-g.jpg'><img loading=\"lazy\" decoding=\"async\" width=\"979\" height=\"734\" src=\"https:\/\/badaladas.gal\/wp-content\/uploads\/2020\/09\/P1040498-S-Crist-g.jpg\" class=\"attachment-full size-full\" alt=\"\" srcset=\"https:\/\/badaladas.gal\/wp-content\/uploads\/2020\/09\/P1040498-S-Crist-g.jpg 979w, https:\/\/badaladas.gal\/wp-content\/uploads\/2020\/09\/P1040498-S-Crist-g-300x225.jpg 300w, https:\/\/badaladas.gal\/wp-content\/uploads\/2020\/09\/P1040498-S-Crist-g-768x576.jpg 768w\" sizes=\"auto, 100vw\" \/><\/a>\n\t\t\t<\/div><\/figure><figure class='gallery-item'>\n\t\t\t<div class='gallery-icon landscape'>\n\t\t\t\t<a data-elementor-open-lightbox=\"yes\" data-elementor-lightbox-slideshow=\"36e0057f\" data-elementor-lightbox-title=\"P1040500 SCrist g\" href='https:\/\/badaladas.gal\/wp-content\/uploads\/2020\/09\/P1040500-SCrist-g.jpg'><img loading=\"lazy\" decoding=\"async\" width=\"979\" height=\"734\" src=\"https:\/\/badaladas.gal\/wp-content\/uploads\/2020\/09\/P1040500-SCrist-g.jpg\" class=\"attachment-full size-full\" alt=\"\" srcset=\"https:\/\/badaladas.gal\/wp-content\/uploads\/2020\/09\/P1040500-SCrist-g.jpg 979w, https:\/\/badaladas.gal\/wp-content\/uploads\/2020\/09\/P1040500-SCrist-g-300x225.jpg 300w, https:\/\/badaladas.gal\/wp-content\/uploads\/2020\/09\/P1040500-SCrist-g-768x576.jpg 768w\" sizes=\"auto, 100vw\" \/><\/a>\n\t\t\t<\/div><\/figure>\n\t\t<\/div>\n\t\t<\/div>\n\t\t\t\t<\/div>\n\t\t\t\t<\/div>\n\t\t\t\t<div class=\"elementor-element elementor-element-e9f3a12 elementor-invisible elementor-widget elementor-widget-wp-widget-text\" data-id=\"e9f3a12\" data-element_type=\"widget\" data-settings=\"{&quot;_animation&quot;:&quot;fadeIn&quot;}\" data-widget_type=\"wp-widget-text.default\">\n\t\t\t\t<div class=\"elementor-widget-container\">\n\t\t\t\t\t\t<div class=\"textwidget\"><p>Fabricante\/Manufacturer:\u00a0 <strong>GENARO BLANCO<\/strong><\/p>\n<p>Ano de fabricaci\u00f3n\/Manufacturing year:\u00a0 <strong>1878<\/strong><\/p>\n<p>Altura\/Heigth: <strong>65 cm<br \/>\n<\/strong><\/p>\n<p>Di\u00e1metro\/Diameter:\u00a0 <strong>74 cm<br \/>\n<\/strong><\/p>\n<p>Nota musical\/Musical note:\u00a0 <strong>Fa\/F<\/strong><\/p>\n<p>Estado\/Condition:\u00a0\u00a0<strong> en uso\/in use<\/strong><\/p>\n<p>Inscrici\u00f3ns:\u00a0\u00a0\u00a0\u00a0\u00a0 <strong>JHS MARIA Y JOSE SAN CRYSTOBAL ROGAD POR NOSOTROS\u00a0 A\u00d1O D 1878<\/strong><\/p>\n<p><strong>\u00a0\u00a0\u00a0\u00a0\u00a0\u00a0\u00a0 HICOSE SD<em>O<\/em> CURA D<em>N<\/em> NICOLAS L RAMOS LOPEZ\u00a0 GENARO BLANCO ME HYZO<\/strong><strong> \u00a0\u00a0\u00a0\u00a0\u00a0\u00a0\u00a0\u00a0\u00a0\u00a0\u00a0\u00a0 <\/strong><\/p>\n<p>Inscriptions:\u00a0\u00a0 JHS, MARY AND JOSEPH<\/p>\n<p>SAINT CRISTOBAL, PRAY FOR US<\/p>\n<p>YEAR 1878<\/p>\n<p>MADE BEING A PRIEST NICOL\u00c1S L. RAMOS L\u00d3PEZ<\/p>\n<p>GENARO BLANCO MADE ME<\/p>\n<\/div>\n\t\t\t\t<\/div>\n\t\t\t\t<\/div>\n\t\t\t\t\t\t<\/div>\n\t\t\t\t\t<\/div>\n\t\t<\/div>\n\t\t\t\t<div class=\"elementor-column elementor-col-50 elementor-top-column elementor-element elementor-element-2054a598\" data-id=\"2054a598\" data-element_type=\"column\">\n\t\t\t<div class=\"elementor-column-wrap elementor-element-populated\">\n\t\t\t\t\t\t\t<div class=\"elementor-widget-wrap\">\n\t\t\t\t\t\t<div class=\"elementor-element elementor-element-75b19af2 elementor-widget elementor-widget-image\" data-id=\"75b19af2\" data-element_type=\"widget\" data-widget_type=\"image.default\">\n\t\t\t\t<div class=\"elementor-widget-container\">\n\t\t\t\t\t\t\t\t<div class=\"elementor-image\">\n\t\t\t\t\t\t\t\t\t\t\t\t\t<a href=\"https:\/\/badaladas.gal\/wp-content\/uploads\/2020\/09\/P1040511-S-Crist-p.jpg\" data-elementor-open-lightbox=\"yes\" data-elementor-lightbox-title=\"P1040511 S Crist p\">\n\t\t\t\t\t\t\t<img loading=\"lazy\" decoding=\"async\" width=\"933\" height=\"700\" src=\"https:\/\/badaladas.gal\/wp-content\/uploads\/2020\/09\/P1040511-S-Crist-p.jpg\" class=\"attachment-full size-full\" alt=\"\" srcset=\"https:\/\/badaladas.gal\/wp-content\/uploads\/2020\/09\/P1040511-S-Crist-p.jpg 933w, https:\/\/badaladas.gal\/wp-content\/uploads\/2020\/09\/P1040511-S-Crist-p-300x225.jpg 300w, https:\/\/badaladas.gal\/wp-content\/uploads\/2020\/09\/P1040511-S-Crist-p-768x576.jpg 768w\" sizes=\"auto, 100vw\" \/>\t\t\t\t\t\t\t\t<\/a>\n\t\t\t\t\t\t\t\t\t\t\t\t\t\t<\/div>\n\t\t\t\t\t\t<\/div>\n\t\t\t\t<\/div>\n\t\t\t\t<div class=\"elementor-element elementor-element-1c0f5717 gallery-spacing-custom elementor-widget elementor-widget-image-gallery\" data-id=\"1c0f5717\" data-element_type=\"widget\" data-widget_type=\"image-gallery.default\">\n\t\t\t\t<div class=\"elementor-widget-container\">\n\t\t\t\t\t<div class=\"elementor-image-gallery\">\n\t\t\t<div id='gallery-2' class='gallery galleryid-4821 gallery-columns-2 gallery-size-full'><figure class='gallery-item'>\n\t\t\t<div class='gallery-icon landscape'>\n\t\t\t\t<a data-elementor-open-lightbox=\"yes\" data-elementor-lightbox-slideshow=\"1c0f5717\" data-elementor-lightbox-title=\"P1040527 S Crist p\" href='https:\/\/badaladas.gal\/wp-content\/uploads\/2020\/09\/P1040527-S-Crist-p.jpg'><img loading=\"lazy\" decoding=\"async\" width=\"979\" height=\"734\" src=\"https:\/\/badaladas.gal\/wp-content\/uploads\/2020\/09\/P1040527-S-Crist-p.jpg\" class=\"attachment-full size-full\" alt=\"\" srcset=\"https:\/\/badaladas.gal\/wp-content\/uploads\/2020\/09\/P1040527-S-Crist-p.jpg 979w, https:\/\/badaladas.gal\/wp-content\/uploads\/2020\/09\/P1040527-S-Crist-p-300x225.jpg 300w, https:\/\/badaladas.gal\/wp-content\/uploads\/2020\/09\/P1040527-S-Crist-p-768x576.jpg 768w\" sizes=\"auto, 100vw\" \/><\/a>\n\t\t\t<\/div><\/figure><figure class='gallery-item'>\n\t\t\t<div class='gallery-icon landscape'>\n\t\t\t\t<a data-elementor-open-lightbox=\"yes\" data-elementor-lightbox-slideshow=\"1c0f5717\" data-elementor-lightbox-title=\"P1040533 S Crist p\" href='https:\/\/badaladas.gal\/wp-content\/uploads\/2020\/09\/P1040533-S-Crist-p.jpg'><img loading=\"lazy\" decoding=\"async\" width=\"1180\" height=\"885\" src=\"https:\/\/badaladas.gal\/wp-content\/uploads\/2020\/09\/P1040533-S-Crist-p.jpg\" class=\"attachment-full size-full\" alt=\"\" srcset=\"https:\/\/badaladas.gal\/wp-content\/uploads\/2020\/09\/P1040533-S-Crist-p.jpg 1180w, https:\/\/badaladas.gal\/wp-content\/uploads\/2020\/09\/P1040533-S-Crist-p-300x225.jpg 300w, https:\/\/badaladas.gal\/wp-content\/uploads\/2020\/09\/P1040533-S-Crist-p-1024x768.jpg 1024w, https:\/\/badaladas.gal\/wp-content\/uploads\/2020\/09\/P1040533-S-Crist-p-768x576.jpg 768w\" sizes=\"auto, 100vw\" \/><\/a>\n\t\t\t<\/div><\/figure>\n\t\t<\/div>\n\t\t<\/div>\n\t\t\t\t<\/div>\n\t\t\t\t<\/div>\n\t\t\t\t<div class=\"elementor-element elementor-element-9801ba5 elementor-invisible elementor-widget elementor-widget-wp-widget-text\" data-id=\"9801ba5\" data-element_type=\"widget\" data-settings=\"{&quot;_animation&quot;:&quot;fadeIn&quot;}\" data-widget_type=\"wp-widget-text.default\">\n\t\t\t\t<div class=\"elementor-widget-container\">\n\t\t\t\t\t\t<div class=\"textwidget\"><p>Fabricante\/Manufacturer:\u00a0 <strong>JUAN MAR\u00cdA DE LA SOTA<\/strong><\/p>\n<p>Ano de fabricaci\u00f3n\/Manufacturing year:\u00a0 <strong>1895<\/strong><\/p>\n<p>Altura\/Heigth:\u00a0 <strong>56 cm<br \/>\n<\/strong><\/p>\n<p>Di\u00e1metro\/Diameter:\u00a0\u00a0 <strong>62 cm<br \/>\n<\/strong><\/p>\n<p>Nota musical\/Musical note:\u00a0\u00a0 <strong>Mib\/Eb<\/strong><\/p>\n<p>Estado\/Condition:\u00a0\u00a0<strong> en uso\/in use<\/strong><\/p>\n<p>Inscrici\u00f3ns:\u00a0\u00a0\u00a0\u00a0\u00a0 <strong>JHS MARIA Y JOSE\u00a0 A\u00d1O D 1895\u00a0 Juan M\u00aa de la Sota me hizo LUGO<\/strong><strong> \u00a0\u00a0\u00a0\u00a0\u00a0\u00a0\u00a0\u00a0\u00a0\u00a0\u00a0\u00a0 <\/strong><\/p>\n<p>Inscriptions:\u00a0 JHS, MARY AND JOSEPH<\/p>\n<p>YEAR 1895<\/p>\n<p>JUAN MAR\u00cdA DE LA SOTA MADE ME<\/p>\n<p>LUGO<\/p>\n<\/div>\n\t\t\t\t<\/div>\n\t\t\t\t<\/div>\n\t\t\t\t\t\t<\/div>\n\t\t\t\t\t<\/div>\n\t\t<\/div>\n\t\t\t\t\t\t\t\t<\/div>\n\t\t\t\t\t<\/div>\n\t\t<\/section>\n\t\t\t\t<section class=\"elementor-section elementor-top-section elementor-element elementor-element-5cedae04 elementor-section-boxed elementor-section-height-default elementor-section-height-default\" data-id=\"5cedae04\" data-element_type=\"section\">\n\t\t\t\t\t\t<div class=\"elementor-container elementor-column-gap-default\">\n\t\t\t\t\t\t\t<div class=\"elementor-row\">\n\t\t\t\t\t\t\t\t\t<\/div>\n\t\t\t\t\t<\/div>\n\t\t<\/section>\n\t\t\t\t\t\t<\/div>\n\t\t\t\t\t\t<\/div>\n\t\t\t\t\t<\/div>\n\t\t","protected":false},"excerpt":{"rendered":"<p>A igrexa de San Cristovo do Real est\u00e1 no Cami\u00f1o Franc\u00e9s, no punto quilom\u00e9trico 134,900 Podes escoitar as s\u00faas camp\u00e1s La iglesia de San Cristovo do Real est\u00e1 en el Camino Franc\u00e9s, en el punto kilom\u00e9trico 134,900 Puedes escuchar sus campanas San Cristovo do Real church is on the French Way, at kilometre point 134,900 &hellip; <\/p>\n<p class=\"link-more\"><a href=\"https:\/\/badaladas.gal\/index.php\/san-cristovo-do-real\/\" class=\"more-link\">Continuar leyendo<span class=\"screen-reader-text\"> &#8220;SAN CRISTOVO DO REAL&#8221;<\/span><\/a><\/p>\n","protected":false},"author":2,"featured_media":0,"parent":0,"menu_order":0,"comment_status":"closed","ping_status":"closed","template":"","meta":{"footnotes":""},"class_list":["post-4821","page","type-page","status-publish","hentry"],"_links":{"self":[{"href":"https:\/\/badaladas.gal\/index.php\/wp-json\/wp\/v2\/pages\/4821","targetHints":{"allow":["GET"]}}],"collection":[{"href":"https:\/\/badaladas.gal\/index.php\/wp-json\/wp\/v2\/pages"}],"about":[{"href":"https:\/\/badaladas.gal\/index.php\/wp-json\/wp\/v2\/types\/page"}],"author":[{"embeddable":true,"href":"https:\/\/badaladas.gal\/index.php\/wp-json\/wp\/v2\/users\/2"}],"replies":[{"embeddable":true,"href":"https:\/\/badaladas.gal\/index.php\/wp-json\/wp\/v2\/comments?post=4821"}],"version-history":[{"count":44,"href":"https:\/\/badaladas.gal\/index.php\/wp-json\/wp\/v2\/pages\/4821\/revisions"}],"predecessor-version":[{"id":6787,"href":"https:\/\/badaladas.gal\/index.php\/wp-json\/wp\/v2\/pages\/4821\/revisions\/6787"}],"wp:attachment":[{"href":"https:\/\/badaladas.gal\/index.php\/wp-json\/wp\/v2\/media?parent=4821"}],"curies":[{"name":"wp","href":"https:\/\/api.w.org\/{rel}","templated":true}]}}