{"id":6434,"date":"2020-10-20T23:42:17","date_gmt":"2020-10-20T23:42:17","guid":{"rendered":"https:\/\/badaladas.gal\/?page_id=6434"},"modified":"2020-10-23T00:04:40","modified_gmt":"2020-10-23T00:04:40","slug":"montan","status":"publish","type":"page","link":"https:\/\/badaladas.gal\/index.php\/montan\/","title":{"rendered":"MONT\u00c1N"},"content":{"rendered":"\t\t<div data-elementor-type=\"wp-page\" data-elementor-id=\"6434\" class=\"elementor elementor-6434\" data-elementor-settings=\"[]\">\n\t\t\t\t\t\t<div class=\"elementor-inner\">\n\t\t\t\t\t\t\t<div class=\"elementor-section-wrap\">\n\t\t\t\t\t\t\t<section class=\"elementor-section elementor-top-section elementor-element elementor-element-5c90e3c3 elementor-section-stretched elementor-section-full_width elementor-section-height-default elementor-section-height-default\" data-id=\"5c90e3c3\" data-element_type=\"section\" data-settings=\"{&quot;stretch_section&quot;:&quot;section-stretched&quot;}\">\n\t\t\t\t\t\t<div class=\"elementor-container elementor-column-gap-default\">\n\t\t\t\t\t\t\t<div class=\"elementor-row\">\n\t\t\t\t\t<div class=\"elementor-column elementor-col-50 elementor-top-column elementor-element elementor-element-9b2c739\" data-id=\"9b2c739\" data-element_type=\"column\">\n\t\t\t<div class=\"elementor-column-wrap elementor-element-populated\">\n\t\t\t\t\t\t\t<div class=\"elementor-widget-wrap\">\n\t\t\t\t\t\t<div class=\"elementor-element elementor-element-3bee10e5 elementor-widget elementor-widget-image\" data-id=\"3bee10e5\" data-element_type=\"widget\" data-widget_type=\"image.default\">\n\t\t\t\t<div class=\"elementor-widget-container\">\n\t\t\t\t\t\t\t\t<div class=\"elementor-image\">\n\t\t\t\t\t\t\t\t\t\t\t\t<img loading=\"lazy\" decoding=\"async\" width=\"726\" height=\"968\" src=\"https:\/\/badaladas.gal\/wp-content\/uploads\/2020\/10\/igr-Montan-rotated.jpg\" class=\"attachment-full size-full\" alt=\"\" srcset=\"https:\/\/badaladas.gal\/wp-content\/uploads\/2020\/10\/igr-Montan-rotated.jpg 726w, https:\/\/badaladas.gal\/wp-content\/uploads\/2020\/10\/igr-Montan-225x300.jpg 225w\" sizes=\"auto, 100vw\" \/>\t\t\t\t\t\t\t\t\t\t\t\t\t\t<\/div>\n\t\t\t\t\t\t<\/div>\n\t\t\t\t<\/div>\n\t\t\t\t\t\t<\/div>\n\t\t\t\t\t<\/div>\n\t\t<\/div>\n\t\t\t\t<div class=\"elementor-column elementor-col-50 elementor-top-column elementor-element elementor-element-5d32322e\" data-id=\"5d32322e\" data-element_type=\"column\">\n\t\t\t<div class=\"elementor-column-wrap elementor-element-populated\">\n\t\t\t\t\t\t\t<div class=\"elementor-widget-wrap\">\n\t\t\t\t\t\t<div class=\"elementor-element elementor-element-2fe7cd06 elementor-widget elementor-widget-text-editor\" data-id=\"2fe7cd06\" data-element_type=\"widget\" data-widget_type=\"text-editor.default\">\n\t\t\t\t<div class=\"elementor-widget-container\">\n\t\t\t\t\t\t\t\t<div class=\"elementor-text-editor elementor-clearfix\">\n\t\t\t\t\t<p><span style=\"color: #003366;\"><strong>A<strong> ig<\/strong>rexa de Mont\u00e1n est\u00e1 no quil\u00f3metro 125 do Cami\u00f1o Franc\u00e9s<\/strong><\/span><\/p><p><span style=\"color: #003366;\"><strong>Escoita a camp\u00e1 grande da igrexa de Mont\u00e1n<\/strong><\/span><\/p>\t\t\t\t\t<\/div>\n\t\t\t\t\t\t<\/div>\n\t\t\t\t<\/div>\n\t\t\t\t<div class=\"elementor-element elementor-element-8b72260 elementor-widget elementor-widget-text-editor\" data-id=\"8b72260\" data-element_type=\"widget\" data-widget_type=\"text-editor.default\">\n\t\t\t\t<div class=\"elementor-widget-container\">\n\t\t\t\t\t\t\t\t<div class=\"elementor-text-editor elementor-clearfix\">\n\t\t\t\t\t<p><strong><span style=\"color: #993300;\">La iglesia de Mont\u00e1n est\u00e1 en el kil\u00f3metro 125 del Camino Franc\u00e9s<\/span><\/strong><\/p><p><strong><span style=\"color: #993300;\">Escucha la campana grande de la iglesia de Mont\u00e1n<\/span><\/strong><\/p>\t\t\t\t\t<\/div>\n\t\t\t\t\t\t<\/div>\n\t\t\t\t<\/div>\n\t\t\t\t<div class=\"elementor-element elementor-element-846d341 elementor-widget elementor-widget-text-editor\" data-id=\"846d341\" data-element_type=\"widget\" data-widget_type=\"text-editor.default\">\n\t\t\t\t<div class=\"elementor-widget-container\">\n\t\t\t\t\t\t\t\t<div class=\"elementor-text-editor elementor-clearfix\">\n\t\t\t\t\t<p><strong><em><span style=\"color: #000080;\">Mont\u00e1n church is at kilometre 125 of the French Way<\/span><\/em><\/strong><\/p><p><strong><em><span style=\"color: #000080;\"> Listen to the big bell<\/span><\/em><\/strong><\/p>\t\t\t\t\t<\/div>\n\t\t\t\t\t\t<\/div>\n\t\t\t\t<\/div>\n\t\t\t\t<div class=\"elementor-element elementor-element-631aebcd elementor-widget elementor-widget-wp-widget-media_audio\" data-id=\"631aebcd\" data-element_type=\"widget\" data-widget_type=\"wp-widget-media_audio.default\">\n\t\t\t\t<div class=\"elementor-widget-container\">\n\t\t\t<audio class=\"wp-audio-shortcode\" id=\"audio-6434-1\" preload=\"none\" style=\"width: 100%;\" controls=\"controls\"><source type=\"audio\/mpeg\" src=\"https:\/\/badaladas.gal\/wp-content\/uploads\/2020\/10\/Badaladas-Montan-CateLU_0158.mp3?_=1\" \/><source type=\"audio\/mpeg\" src=\"https:\/\/badaladas.gal\/wp-content\/uploads\/2020\/10\/Badaladas-Montan-CateLU_0158.mp3?_=1\" \/><a href=\"https:\/\/badaladas.gal\/wp-content\/uploads\/2020\/10\/Badaladas-Montan-CateLU_0158.mp3\">https:\/\/badaladas.gal\/wp-content\/uploads\/2020\/10\/Badaladas-Montan-CateLU_0158.mp3<\/a><\/audio>\t\t<\/div>\n\t\t\t\t<\/div>\n\t\t\t\t<div class=\"elementor-element elementor-element-1d85e78e elementor-widget elementor-widget-yandex-maps\" data-id=\"1d85e78e\" data-element_type=\"widget\" data-widget_type=\"yandex-maps.default\">\n\t\t\t\t<div class=\"elementor-widget-container\">\n\t\t\t\t\t<script>\n\t\t\tvar mihdan_elementor_yandex_map_1d85e78e = {\n\t\t\t\t\"id\" : \"1d85e78e\",\n\t\t\t\t\"language\" : \"en\",\n\t\t\t\t\"region\" : \"US\",\n\t\t\t\t\"lat\" : \"42.766590\",\n\t\t\t\t\"lng\" : \"-7.297377\",\n\t\t\t\t\"zoom\" : \"11\",\n\t\t\t\t\"type\" : \"map\",\n\t\t\t\t\"rulerControl\" : \"no\",\n\t\t\t\t\"searchControl\" : \"no\",\n\t\t\t\t\"trafficControl\" : \"no\",\n\t\t\t\t\"typeSelector\" : \"yes\",\n\t\t\t\t\"zoomControl\" : \"yes\",\n\t\t\t\t\"geolocationControl\" : \"no\",\n\t\t\t\t\"routeEditor\" : \"no\",\n\t\t\t\t\"fullscreenControl\" : \"no\",\n\t\t\t\t\"routeButtonControl\" : \"no\",\n\t\t\t\t\"routePanelControl\" : \"no\",\n\t\t\t\t\"disableScrollZoom\" : \"no\",\n\t\t\t\t\"disableDblClickZoom\" : \"no\",\n\t\t\t\t\"disableDrag\" : \"no\",\n\t\t\t\t\"disableLeftMouseButtonMagnifier\" : \"no\",\n\t\t\t\t\"disableRightMouseButtonMagnifier\" : \"no\",\n\t\t\t\t\"disableMultiTouch\" : \"no\",\n\t\t\t\t\"disableRouteEditor\" : \"no\",\n\t\t\t\t\"disableRuler\" : \"no\",\n\t\t\t\t\"enableObjectManager\" : \"no\",\n\t\t\t\t\"infoWindowMaxWidth\" : \"300\",\n\t\t\t\t\"locations\" : {\n    \"type\": \"FeatureCollection\",\n    \"clusterPreset\": \"islands#blueClusterIcons\",\n    \"features\": [\n        {\n            \"type\": \"Feature\",\n            \"id\": \"id_0\",\n            \"geometry\": {\n                \"type\": \"Point\",\n                \"coordinates\": [\n                    \"42.766590\",\n                    \"-7.297377\"\n                ]\n            },\n            \"properties\": {\n                \"iconCaption\": \"\",\n                \"iconContent\": \"\",\n                \"hintContent\": \"\",\n                \"balloonContentHeader\": \"Igrexa de Mont\u00e1n\",\n                \"balloonContentFooter\": \"\",\n                \"balloonContentBody\": \"\"\n            },\n            \"options\": {\n                \"preset\": \"islands#lightBlueDotIcon\",\n                \"balloonIsOpened\": \"no\",\n                \"iconImage\": \"\",\n                \"iconImageWidth\": \"\",\n                \"iconImageHeight\": \"\"\n            }\n        }\n    ]\n}\t\t\t};\n\t\t<\/script>\n\t\t<div id=\"mihdan_elementor_yandex_map_1d85e78e\" class=\"mihdan-elementor-yandex-maps\" style=\"height: 300px;\"><\/div>\n\t\t\t\t<\/div>\n\t\t\t\t<\/div>\n\t\t\t\t\t\t<\/div>\n\t\t\t\t\t<\/div>\n\t\t<\/div>\n\t\t\t\t\t\t\t\t<\/div>\n\t\t\t\t\t<\/div>\n\t\t<\/section>\n\t\t\t\t<section class=\"elementor-section elementor-top-section elementor-element elementor-element-40c4cecd elementor-section-stretched elementor-section-boxed elementor-section-height-default elementor-section-height-default\" data-id=\"40c4cecd\" data-element_type=\"section\" data-settings=\"{&quot;stretch_section&quot;:&quot;section-stretched&quot;}\">\n\t\t\t\t\t\t<div class=\"elementor-container elementor-column-gap-default\">\n\t\t\t\t\t\t\t<div class=\"elementor-row\">\n\t\t\t\t\t<div class=\"elementor-column elementor-col-100 elementor-top-column elementor-element elementor-element-66464121\" data-id=\"66464121\" data-element_type=\"column\">\n\t\t\t<div class=\"elementor-column-wrap elementor-element-populated\">\n\t\t\t\t\t\t\t<div class=\"elementor-widget-wrap\">\n\t\t\t\t\t\t<div class=\"elementor-element elementor-element-48d5b3bb elementor-widget elementor-widget-heading\" data-id=\"48d5b3bb\" data-element_type=\"widget\" data-widget_type=\"heading.default\">\n\t\t\t\t<div class=\"elementor-widget-container\">\n\t\t\t<h2 class=\"elementor-heading-title elementor-size-default\">As camp\u00e1s da Igrexa de MONT\u00c1N<\/h2>\t\t<\/div>\n\t\t\t\t<\/div>\n\t\t\t\t<div class=\"elementor-element elementor-element-56f4acf elementor-widget elementor-widget-text-editor\" data-id=\"56f4acf\" data-element_type=\"widget\" data-widget_type=\"text-editor.default\">\n\t\t\t\t<div class=\"elementor-widget-container\">\n\t\t\t\t\t\t\t\t<div class=\"elementor-text-editor elementor-clearfix\">\n\t\t\t\t\t<h4 style=\"text-align: center;\"><strong>LAS CAMPANAS DE LA IGLESIA DE MONT\u00c1N \u00a0\u00a0\u00a0\u00a0\u00a0\u00a0\u00a0\u00a0\u00a0\u00a0\u00a0\u00a0\u00a0\u00a0\u00a0\u00a0\u00a0\u00a0\u00a0\u00a0\u00a0\u00a0\u00a0\u00a0\u00a0\u00a0\u00a0\u00a0\u00a0\u00a0\u00a0\u00a0 <em>MONT\u00c1N CHURCH BELLS<\/em><br \/><\/strong><\/h4>\t\t\t\t\t<\/div>\n\t\t\t\t\t\t<\/div>\n\t\t\t\t<\/div>\n\t\t\t\t\t\t<\/div>\n\t\t\t\t\t<\/div>\n\t\t<\/div>\n\t\t\t\t\t\t\t\t<\/div>\n\t\t\t\t\t<\/div>\n\t\t<\/section>\n\t\t\t\t<section class=\"elementor-section elementor-top-section elementor-element elementor-element-7f2a4ac7 elementor-section-stretched elementor-section-full_width elementor-section-height-default elementor-section-height-default\" data-id=\"7f2a4ac7\" data-element_type=\"section\" data-settings=\"{&quot;stretch_section&quot;:&quot;section-stretched&quot;}\">\n\t\t\t\t\t\t<div class=\"elementor-container elementor-column-gap-default\">\n\t\t\t\t\t\t\t<div class=\"elementor-row\">\n\t\t\t\t\t<div class=\"elementor-column elementor-col-50 elementor-top-column elementor-element elementor-element-24aada43\" data-id=\"24aada43\" data-element_type=\"column\" data-settings=\"{&quot;background_background&quot;:&quot;classic&quot;}\">\n\t\t\t<div class=\"elementor-column-wrap elementor-element-populated\">\n\t\t\t\t\t\t\t<div class=\"elementor-widget-wrap\">\n\t\t\t\t\t\t<div class=\"elementor-element elementor-element-d67ca8 elementor-widget elementor-widget-image\" data-id=\"d67ca8\" data-element_type=\"widget\" data-widget_type=\"image.default\">\n\t\t\t\t<div class=\"elementor-widget-container\">\n\t\t\t\t\t\t\t\t<div class=\"elementor-image\">\n\t\t\t\t\t\t\t\t\t\t\t\t\t<a href=\"https:\/\/badaladas.gal\/wp-content\/uploads\/2020\/10\/P1010212-Montan-g.jpg\" data-elementor-open-lightbox=\"yes\" data-elementor-lightbox-title=\"P1010212 Montan g\">\n\t\t\t\t\t\t\t<img loading=\"lazy\" decoding=\"async\" width=\"934\" height=\"701\" src=\"https:\/\/badaladas.gal\/wp-content\/uploads\/2020\/10\/P1010212-Montan-g.jpg\" class=\"attachment-full size-full\" alt=\"\" srcset=\"https:\/\/badaladas.gal\/wp-content\/uploads\/2020\/10\/P1010212-Montan-g.jpg 934w, https:\/\/badaladas.gal\/wp-content\/uploads\/2020\/10\/P1010212-Montan-g-300x225.jpg 300w, https:\/\/badaladas.gal\/wp-content\/uploads\/2020\/10\/P1010212-Montan-g-768x576.jpg 768w\" sizes=\"auto, 100vw\" \/>\t\t\t\t\t\t\t\t<\/a>\n\t\t\t\t\t\t\t\t\t\t\t\t\t\t<\/div>\n\t\t\t\t\t\t<\/div>\n\t\t\t\t<\/div>\n\t\t\t\t<div class=\"elementor-element elementor-element-b2bbee2 gallery-spacing-custom elementor-widget elementor-widget-image-gallery\" data-id=\"b2bbee2\" data-element_type=\"widget\" data-widget_type=\"image-gallery.default\">\n\t\t\t\t<div class=\"elementor-widget-container\">\n\t\t\t\t\t<div class=\"elementor-image-gallery\">\n\t\t\t<div id='gallery-1' class='gallery galleryid-6434 gallery-columns-2 gallery-size-full'><figure class='gallery-item'>\n\t\t\t<div class='gallery-icon landscape'>\n\t\t\t\t<a data-elementor-open-lightbox=\"yes\" data-elementor-lightbox-slideshow=\"b2bbee2\" data-elementor-lightbox-title=\"P1010215 Montan g\" href='https:\/\/badaladas.gal\/wp-content\/uploads\/2020\/10\/P1010215-Montan-g.jpg'><img loading=\"lazy\" decoding=\"async\" width=\"979\" height=\"734\" src=\"https:\/\/badaladas.gal\/wp-content\/uploads\/2020\/10\/P1010215-Montan-g.jpg\" class=\"attachment-full size-full\" alt=\"\" srcset=\"https:\/\/badaladas.gal\/wp-content\/uploads\/2020\/10\/P1010215-Montan-g.jpg 979w, https:\/\/badaladas.gal\/wp-content\/uploads\/2020\/10\/P1010215-Montan-g-300x225.jpg 300w, https:\/\/badaladas.gal\/wp-content\/uploads\/2020\/10\/P1010215-Montan-g-768x576.jpg 768w\" sizes=\"auto, 100vw\" \/><\/a>\n\t\t\t<\/div><\/figure><figure class='gallery-item'>\n\t\t\t<div class='gallery-icon landscape'>\n\t\t\t\t<a data-elementor-open-lightbox=\"yes\" data-elementor-lightbox-slideshow=\"b2bbee2\" data-elementor-lightbox-title=\"P1040550 Montan g\" href='https:\/\/badaladas.gal\/wp-content\/uploads\/2020\/10\/P1040550-Montan-g.jpg'><img loading=\"lazy\" decoding=\"async\" width=\"979\" height=\"734\" src=\"https:\/\/badaladas.gal\/wp-content\/uploads\/2020\/10\/P1040550-Montan-g.jpg\" class=\"attachment-full size-full\" alt=\"\" srcset=\"https:\/\/badaladas.gal\/wp-content\/uploads\/2020\/10\/P1040550-Montan-g.jpg 979w, https:\/\/badaladas.gal\/wp-content\/uploads\/2020\/10\/P1040550-Montan-g-300x225.jpg 300w, https:\/\/badaladas.gal\/wp-content\/uploads\/2020\/10\/P1040550-Montan-g-768x576.jpg 768w\" sizes=\"auto, 100vw\" \/><\/a>\n\t\t\t<\/div><\/figure><figure class='gallery-item'>\n\t\t\t<div class='gallery-icon landscape'>\n\t\t\t\t<a data-elementor-open-lightbox=\"yes\" data-elementor-lightbox-slideshow=\"b2bbee2\" data-elementor-lightbox-title=\"P1040544 igr Montan 3\" href='https:\/\/badaladas.gal\/wp-content\/uploads\/2020\/10\/P1040544-igr-Montan-3.jpg'><img loading=\"lazy\" decoding=\"async\" width=\"697\" height=\"523\" src=\"https:\/\/badaladas.gal\/wp-content\/uploads\/2020\/10\/P1040544-igr-Montan-3.jpg\" class=\"attachment-full size-full\" alt=\"\" srcset=\"https:\/\/badaladas.gal\/wp-content\/uploads\/2020\/10\/P1040544-igr-Montan-3.jpg 697w, https:\/\/badaladas.gal\/wp-content\/uploads\/2020\/10\/P1040544-igr-Montan-3-300x225.jpg 300w\" sizes=\"auto, 100vw\" \/><\/a>\n\t\t\t<\/div><\/figure>\n\t\t<\/div>\n\t\t<\/div>\n\t\t\t\t<\/div>\n\t\t\t\t<\/div>\n\t\t\t\t<div class=\"elementor-element elementor-element-378cfb8 elementor-invisible elementor-widget elementor-widget-wp-widget-text\" data-id=\"378cfb8\" data-element_type=\"widget\" data-settings=\"{&quot;_animation&quot;:&quot;fadeIn&quot;}\" data-widget_type=\"wp-widget-text.default\">\n\t\t\t\t<div class=\"elementor-widget-container\">\n\t\t\t\t\t\t<div class=\"textwidget\"><p>Fabricante\/Manufacturer:<\/p>\n<p>Ano de fabricaci\u00f3n\/Manufacturing year:\u00a0 <strong>1878<\/strong><\/p>\n<p>Altura\/Heigth:<\/p>\n<p>Di\u00e1metro\/Diameter:<\/p>\n<p>Nota musical\/Musical note:\u00a0<strong> \u00a0\u00a0 Lab\/Ab<\/strong><\/p>\n<p>Estado\/Condition:\u00a0<strong>\u00a0 En uso. Peligro de ca\u00edda, eixe dobrado\/In use. Danger of falling, bent shaft<br \/>\n<\/strong><\/p>\n<p>Inscrici\u00f3ns:<strong>\u00a0 SANTA MARYA DE MONTAN ORA PRONOBYS\u00a0 A\u00d1O DE 1878<br \/>\n<\/strong><\/p>\n<p><strong>HYCYERONME? &#8230; PARROCO D<em>N FRANCYSCO ABAD\u00a0\u00a0 POR &#8230;<\/em><\/strong><\/p>\n<p>Inscriptions:\u00a0\u00a0 SAINT MARY OF MONT\u00c1N PRAY FOR US<\/p>\n<p>YEAR 1878<\/p>\n<p>MADE ME? &#8230; PRIEST FRANCISCO ABAD<\/p>\n<p>BY &#8230;<\/p>\n<\/div>\n\t\t\t\t<\/div>\n\t\t\t\t<\/div>\n\t\t\t\t\t\t<\/div>\n\t\t\t\t\t<\/div>\n\t\t<\/div>\n\t\t\t\t<div class=\"elementor-column elementor-col-50 elementor-top-column elementor-element elementor-element-5bdd6467\" data-id=\"5bdd6467\" data-element_type=\"column\" data-settings=\"{&quot;background_background&quot;:&quot;classic&quot;}\">\n\t\t\t<div class=\"elementor-column-wrap elementor-element-populated\">\n\t\t\t\t\t\t\t<div class=\"elementor-widget-wrap\">\n\t\t\t\t\t\t<div class=\"elementor-element elementor-element-70863348 elementor-widget elementor-widget-image\" data-id=\"70863348\" data-element_type=\"widget\" data-widget_type=\"image.default\">\n\t\t\t\t<div class=\"elementor-widget-container\">\n\t\t\t\t\t\t\t\t<div class=\"elementor-image\">\n\t\t\t\t\t\t\t\t\t\t\t\t\t<a href=\"https:\/\/badaladas.gal\/wp-content\/uploads\/2020\/10\/P1010224-Montan-p.jpg\" data-elementor-open-lightbox=\"yes\" data-elementor-lightbox-title=\"P1010224 Montan p\">\n\t\t\t\t\t\t\t<img loading=\"lazy\" decoding=\"async\" width=\"881\" height=\"661\" src=\"https:\/\/badaladas.gal\/wp-content\/uploads\/2020\/10\/P1010224-Montan-p.jpg\" class=\"attachment-full size-full\" alt=\"\" srcset=\"https:\/\/badaladas.gal\/wp-content\/uploads\/2020\/10\/P1010224-Montan-p.jpg 881w, https:\/\/badaladas.gal\/wp-content\/uploads\/2020\/10\/P1010224-Montan-p-300x225.jpg 300w, https:\/\/badaladas.gal\/wp-content\/uploads\/2020\/10\/P1010224-Montan-p-768x576.jpg 768w\" sizes=\"auto, 100vw\" \/>\t\t\t\t\t\t\t\t<\/a>\n\t\t\t\t\t\t\t\t\t\t\t\t\t\t<\/div>\n\t\t\t\t\t\t<\/div>\n\t\t\t\t<\/div>\n\t\t\t\t<div class=\"elementor-element elementor-element-7616838a gallery-spacing-custom elementor-widget elementor-widget-image-gallery\" data-id=\"7616838a\" data-element_type=\"widget\" data-widget_type=\"image-gallery.default\">\n\t\t\t\t<div class=\"elementor-widget-container\">\n\t\t\t\t\t<div class=\"elementor-image-gallery\">\n\t\t\t<div id='gallery-2' class='gallery galleryid-6434 gallery-columns-2 gallery-size-full'><figure class='gallery-item'>\n\t\t\t<div class='gallery-icon landscape'>\n\t\t\t\t<a data-elementor-open-lightbox=\"yes\" data-elementor-lightbox-slideshow=\"7616838a\" data-elementor-lightbox-title=\"P1040556 Montan p\" href='https:\/\/badaladas.gal\/wp-content\/uploads\/2020\/10\/P1040556-Montan-p.jpg'><img loading=\"lazy\" decoding=\"async\" width=\"979\" height=\"734\" src=\"https:\/\/badaladas.gal\/wp-content\/uploads\/2020\/10\/P1040556-Montan-p.jpg\" class=\"attachment-full size-full\" alt=\"\" srcset=\"https:\/\/badaladas.gal\/wp-content\/uploads\/2020\/10\/P1040556-Montan-p.jpg 979w, https:\/\/badaladas.gal\/wp-content\/uploads\/2020\/10\/P1040556-Montan-p-300x225.jpg 300w, https:\/\/badaladas.gal\/wp-content\/uploads\/2020\/10\/P1040556-Montan-p-768x576.jpg 768w\" sizes=\"auto, 100vw\" \/><\/a>\n\t\t\t<\/div><\/figure><figure class='gallery-item'>\n\t\t\t<div class='gallery-icon landscape'>\n\t\t\t\t<a data-elementor-open-lightbox=\"yes\" data-elementor-lightbox-slideshow=\"7616838a\" data-elementor-lightbox-title=\"P1040561 Montan p\" href='https:\/\/badaladas.gal\/wp-content\/uploads\/2020\/10\/P1040561-Montan-p.jpg'><img loading=\"lazy\" decoding=\"async\" width=\"979\" height=\"734\" src=\"https:\/\/badaladas.gal\/wp-content\/uploads\/2020\/10\/P1040561-Montan-p.jpg\" class=\"attachment-full size-full\" alt=\"\" srcset=\"https:\/\/badaladas.gal\/wp-content\/uploads\/2020\/10\/P1040561-Montan-p.jpg 979w, https:\/\/badaladas.gal\/wp-content\/uploads\/2020\/10\/P1040561-Montan-p-300x225.jpg 300w, https:\/\/badaladas.gal\/wp-content\/uploads\/2020\/10\/P1040561-Montan-p-768x576.jpg 768w\" sizes=\"auto, 100vw\" \/><\/a>\n\t\t\t<\/div><\/figure>\n\t\t<\/div>\n\t\t<\/div>\n\t\t\t\t<\/div>\n\t\t\t\t<\/div>\n\t\t\t\t<div class=\"elementor-element elementor-element-5067674 elementor-invisible elementor-widget elementor-widget-wp-widget-text\" data-id=\"5067674\" data-element_type=\"widget\" data-settings=\"{&quot;_animation&quot;:&quot;fadeIn&quot;}\" data-widget_type=\"wp-widget-text.default\">\n\t\t\t\t<div class=\"elementor-widget-container\">\n\t\t\t\t\t\t<div class=\"textwidget\"><p>Fabricante\/Manufacturer:<\/p>\n<p>Ano de fabricaci\u00f3n\/Manufacturing year:\u00a0 <strong>1878<\/strong><\/p>\n<p>Altura\/Heigth:<\/p>\n<p>Di\u00e1metro\/Diameter:<\/p>\n<p>Nota musical\/Musical note:\u00a0<strong><br \/>\n<\/strong><\/p>\n<p>Estado\/Condition:\u00a0\u00a0 <strong>raxada\/cracked<\/strong><\/p>\n<p>Inscrici\u00f3ns:<strong> \u00a0 \u00a0\u00a0 JHS Y MARYA ORA PRONOBYS\u00a0 A\u00d1O DE 1878<br \/>\n<\/strong><\/p>\n<p>Inscriptions:\u00a0\u00a0 JHS AND MARY PRAY FOR US\u00a0 YEAR 1878<\/p>\n<\/div>\n\t\t\t\t<\/div>\n\t\t\t\t<\/div>\n\t\t\t\t\t\t<\/div>\n\t\t\t\t\t<\/div>\n\t\t<\/div>\n\t\t\t\t\t\t\t\t<\/div>\n\t\t\t\t\t<\/div>\n\t\t<\/section>\n\t\t\t\t<section class=\"elementor-section elementor-top-section elementor-element elementor-element-2745fde6 elementor-section-full_width elementor-section-height-default elementor-section-height-default\" data-id=\"2745fde6\" data-element_type=\"section\">\n\t\t\t\t\t\t<div class=\"elementor-container elementor-column-gap-default\">\n\t\t\t\t\t\t\t<div class=\"elementor-row\">\n\t\t\t\t\t\t\t\t\t<\/div>\n\t\t\t\t\t<\/div>\n\t\t<\/section>\n\t\t\t\t\t\t<\/div>\n\t\t\t\t\t\t<\/div>\n\t\t\t\t\t<\/div>\n\t\t","protected":false},"excerpt":{"rendered":"<p>A igrexa de Mont\u00e1n est\u00e1 no quil\u00f3metro 125 do Cami\u00f1o Franc\u00e9s Escoita a camp\u00e1 grande da igrexa de Mont\u00e1n La iglesia de Mont\u00e1n est\u00e1 en el kil\u00f3metro 125 del Camino Franc\u00e9s Escucha la campana grande de la iglesia de Mont\u00e1n Mont\u00e1n church is at kilometre 125 of the French Way Listen to the big bell &hellip; <\/p>\n<p class=\"link-more\"><a href=\"https:\/\/badaladas.gal\/index.php\/montan\/\" class=\"more-link\">Continuar leyendo<span class=\"screen-reader-text\"> &#8220;MONT\u00c1N&#8221;<\/span><\/a><\/p>\n","protected":false},"author":2,"featured_media":0,"parent":0,"menu_order":0,"comment_status":"closed","ping_status":"closed","template":"","meta":{"footnotes":""},"class_list":["post-6434","page","type-page","status-publish","hentry"],"_links":{"self":[{"href":"https:\/\/badaladas.gal\/index.php\/wp-json\/wp\/v2\/pages\/6434","targetHints":{"allow":["GET"]}}],"collection":[{"href":"https:\/\/badaladas.gal\/index.php\/wp-json\/wp\/v2\/pages"}],"about":[{"href":"https:\/\/badaladas.gal\/index.php\/wp-json\/wp\/v2\/types\/page"}],"author":[{"embeddable":true,"href":"https:\/\/badaladas.gal\/index.php\/wp-json\/wp\/v2\/users\/2"}],"replies":[{"embeddable":true,"href":"https:\/\/badaladas.gal\/index.php\/wp-json\/wp\/v2\/comments?post=6434"}],"version-history":[{"count":25,"href":"https:\/\/badaladas.gal\/index.php\/wp-json\/wp\/v2\/pages\/6434\/revisions"}],"predecessor-version":[{"id":6617,"href":"https:\/\/badaladas.gal\/index.php\/wp-json\/wp\/v2\/pages\/6434\/revisions\/6617"}],"wp:attachment":[{"href":"https:\/\/badaladas.gal\/index.php\/wp-json\/wp\/v2\/media?parent=6434"}],"curies":[{"name":"wp","href":"https:\/\/api.w.org\/{rel}","templated":true}]}}