{"id":6648,"date":"2020-10-25T11:09:55","date_gmt":"2020-10-25T11:09:55","guid":{"rendered":"https:\/\/badaladas.gal\/?page_id=6648"},"modified":"2020-11-02T14:00:10","modified_gmt":"2020-11-02T13:00:10","slug":"informacion-sobre-a-paxina","status":"publish","type":"page","link":"https:\/\/badaladas.gal\/index.php\/informacion-sobre-a-paxina\/","title":{"rendered":"INFORMACI\u00d3N SOBRE A P\u00c1XINA\/INFORMACI\u00d3N SOBRE LA P\u00c1GINA\/PAGE INFORMATION"},"content":{"rendered":"\t\t<div data-elementor-type=\"wp-page\" data-elementor-id=\"6648\" class=\"elementor elementor-6648\" data-elementor-settings=\"[]\">\n\t\t\t\t\t\t<div class=\"elementor-inner\">\n\t\t\t\t\t\t\t<div class=\"elementor-section-wrap\">\n\t\t\t\t\t\t\t<section class=\"elementor-section elementor-top-section elementor-element elementor-element-43037a25 elementor-section-stretched elementor-section-boxed elementor-section-height-default elementor-section-height-default\" data-id=\"43037a25\" data-element_type=\"section\" data-settings=\"{&quot;stretch_section&quot;:&quot;section-stretched&quot;}\">\n\t\t\t\t\t\t<div class=\"elementor-container elementor-column-gap-default\">\n\t\t\t\t\t\t\t<div class=\"elementor-row\">\n\t\t\t\t\t<div class=\"elementor-column elementor-col-100 elementor-top-column elementor-element elementor-element-303f8421\" data-id=\"303f8421\" data-element_type=\"column\">\n\t\t\t<div class=\"elementor-column-wrap elementor-element-populated\">\n\t\t\t\t\t\t\t<div class=\"elementor-widget-wrap\">\n\t\t\t\t\t\t<div class=\"elementor-element elementor-element-6d8e79e9 elementor-widget elementor-widget-text-editor\" data-id=\"6d8e79e9\" data-element_type=\"widget\" data-widget_type=\"text-editor.default\">\n\t\t\t\t<div class=\"elementor-widget-container\">\n\t\t\t\t\t\t\t\t<div class=\"elementor-text-editor elementor-clearfix\">\n\t\t\t\t\t<p><strong><span style=\"color: #003366;\">A p\u00e1xina badaladas.gal foi elaborada pola asociaci\u00f3n Camp\u00e1s e Cami\u00f1os. Os traballos de toma de datos no terreo foron realizados entre outubro de 2019 e outubro de 2020.<\/span><\/strong><\/p><p><strong><span style=\"color: #003366;\">\u00a0<\/span><\/strong><\/p>\t\t\t\t\t<\/div>\n\t\t\t\t\t\t<\/div>\n\t\t\t\t<\/div>\n\t\t\t\t<div class=\"elementor-element elementor-element-5dc26a6 elementor-widget elementor-widget-text-editor\" data-id=\"5dc26a6\" data-element_type=\"widget\" data-widget_type=\"text-editor.default\">\n\t\t\t\t<div class=\"elementor-widget-container\">\n\t\t\t\t\t\t\t\t<div class=\"elementor-text-editor elementor-clearfix\">\n\t\t\t\t\t<p><span style=\"color: #993300;\"><strong>La p\u00e1gina badaladas.gal fue elaborada por la asociaci\u00f3n Camp\u00e1s e Cami\u00f1os. Los trabajos de recopilaci\u00f3n de datos en el terreno fueron realizados entre octubre de 2019 y octubre de 2020.<\/strong><\/span><\/p>\t\t\t\t\t<\/div>\n\t\t\t\t\t\t<\/div>\n\t\t\t\t<\/div>\n\t\t\t\t<div class=\"elementor-element elementor-element-9110a01 elementor-widget elementor-widget-text-editor\" data-id=\"9110a01\" data-element_type=\"widget\" data-widget_type=\"text-editor.default\">\n\t\t\t\t<div class=\"elementor-widget-container\">\n\t\t\t\t\t\t\t\t<div class=\"elementor-text-editor elementor-clearfix\">\n\t\t\t\t\t<p><em><strong><span style=\"color: #000080;\">The webpage <a class=\"t_underline\" style=\"color: #000080;\" href=\"https:\/\/ssl.microsofttranslator.com\/bv.aspx?ref=TAns&amp;from=&amp;to=en&amp;a=badaladas.gal\" target=\"_blank\" rel=\"noopener\" data-bm=\"67\">badaladas.gal<\/a> was developed by the association Camp\u00e1s e Cami\u00f1os. Data collection work was carried out from October 2019 to October 2020.<\/span><\/strong><\/em><\/p>\t\t\t\t\t<\/div>\n\t\t\t\t\t\t<\/div>\n\t\t\t\t<\/div>\n\t\t\t\t\t\t<\/div>\n\t\t\t\t\t<\/div>\n\t\t<\/div>\n\t\t\t\t\t\t\t\t<\/div>\n\t\t\t\t\t<\/div>\n\t\t<\/section>\n\t\t\t\t<section class=\"elementor-section elementor-top-section elementor-element elementor-element-89083ff elementor-section-stretched elementor-section-full_width elementor-section-height-default elementor-section-height-default\" data-id=\"89083ff\" data-element_type=\"section\" data-settings=\"{&quot;stretch_section&quot;:&quot;section-stretched&quot;}\">\n\t\t\t\t\t\t<div class=\"elementor-container elementor-column-gap-default\">\n\t\t\t\t\t\t\t<div class=\"elementor-row\">\n\t\t\t\t\t<div class=\"elementor-column elementor-col-50 elementor-top-column elementor-element elementor-element-3f53bcc\" data-id=\"3f53bcc\" data-element_type=\"column\">\n\t\t\t<div class=\"elementor-column-wrap elementor-element-populated\">\n\t\t\t\t\t\t\t<div class=\"elementor-widget-wrap\">\n\t\t\t\t\t\t<div class=\"elementor-element elementor-element-88dde82 elementor-widget elementor-widget-image\" data-id=\"88dde82\" data-element_type=\"widget\" data-widget_type=\"image.default\">\n\t\t\t\t<div class=\"elementor-widget-container\">\n\t\t\t\t\t\t\t\t<div class=\"elementor-image\">\n\t\t\t\t\t\t\t\t\t\t\t\t\t<a href=\"https:\/\/badaladas.gal\/wp-content\/uploads\/2020\/10\/P1000663-Ceb-autor-traballando.jpg\" data-elementor-open-lightbox=\"yes\" data-elementor-lightbox-title=\"P1000663 Ceb autor traballando\">\n\t\t\t\t\t\t\t<img loading=\"lazy\" decoding=\"async\" width=\"979\" height=\"734\" src=\"https:\/\/badaladas.gal\/wp-content\/uploads\/2020\/10\/P1000663-Ceb-autor-traballando.jpg\" class=\"attachment-full size-full\" alt=\"\" srcset=\"https:\/\/badaladas.gal\/wp-content\/uploads\/2020\/10\/P1000663-Ceb-autor-traballando.jpg 979w, https:\/\/badaladas.gal\/wp-content\/uploads\/2020\/10\/P1000663-Ceb-autor-traballando-300x225.jpg 300w, https:\/\/badaladas.gal\/wp-content\/uploads\/2020\/10\/P1000663-Ceb-autor-traballando-768x576.jpg 768w\" sizes=\"auto, 100vw\" \/>\t\t\t\t\t\t\t\t<\/a>\n\t\t\t\t\t\t\t\t\t\t\t\t\t\t<\/div>\n\t\t\t\t\t\t<\/div>\n\t\t\t\t<\/div>\n\t\t\t\t\t\t<\/div>\n\t\t\t\t\t<\/div>\n\t\t<\/div>\n\t\t\t\t<div class=\"elementor-column elementor-col-50 elementor-top-column elementor-element elementor-element-999e353\" data-id=\"999e353\" data-element_type=\"column\">\n\t\t\t<div class=\"elementor-column-wrap elementor-element-populated\">\n\t\t\t\t\t\t\t<div class=\"elementor-widget-wrap\">\n\t\t\t\t\t\t<div class=\"elementor-element elementor-element-ce55490 elementor-widget elementor-widget-text-editor\" data-id=\"ce55490\" data-element_type=\"widget\" data-widget_type=\"text-editor.default\">\n\t\t\t\t<div class=\"elementor-widget-container\">\n\t\t\t\t\t\t\t\t<div class=\"elementor-text-editor elementor-clearfix\">\n\t\t\t\t\t<p><strong><span style=\"color: #003366;\">Xes\u00fas \u00c1lvarez Lozano, da asociaci\u00f3n Camp\u00e1s e Cami\u00f1os, realizou o traballo de campo. <br \/><\/span><\/strong><\/p><p><strong><span style=\"color: #003366;\">A asociaci\u00f3n Camp\u00e1s e Cami\u00f1os agradece ao Bispado de Lugo, Arcebispado de Santiago, sacerdotes, veci\u00f1os e Xunta de Galicia pola s\u00faa colaboraci\u00f3n para facer posible este traballo, inclu\u00eddo dentro da programaci\u00f3n cultural do Xacobeo 2021.<br \/><\/span><\/strong><\/p><p><strong><span style=\"color: #003366;\">\u00a0<\/span><\/strong><\/p>\t\t\t\t\t<\/div>\n\t\t\t\t\t\t<\/div>\n\t\t\t\t<\/div>\n\t\t\t\t<div class=\"elementor-element elementor-element-bc84504 elementor-widget elementor-widget-text-editor\" data-id=\"bc84504\" data-element_type=\"widget\" data-widget_type=\"text-editor.default\">\n\t\t\t\t<div class=\"elementor-widget-container\">\n\t\t\t\t\t\t\t\t<div class=\"elementor-text-editor elementor-clearfix\">\n\t\t\t\t\t<p><span style=\"color: #993300;\"><strong>Xes\u00fas \u00c1lvarez Lozano, de la asociaci\u00f3n Camp\u00e1s e Cami\u00f1os, realiz\u00f3 el trabajo de campo.<br \/><\/strong><\/span><\/p><p><span style=\"color: #993300;\"><strong>La asociaci\u00f3n Camp\u00e1s e Cami\u00f1os agradece al Obispado de Lugo, Arzobispado de Santiago, sacerdotes, vecinos y Xunta de Galicia su colaboraci\u00f3n para hacer posible este trabajo, incluido dentro de la programaci\u00f3n cultural de Xacobeo 2021.<br \/><\/strong><\/span><\/p>\t\t\t\t\t<\/div>\n\t\t\t\t\t\t<\/div>\n\t\t\t\t<\/div>\n\t\t\t\t<div class=\"elementor-element elementor-element-6f5569a elementor-widget elementor-widget-text-editor\" data-id=\"6f5569a\" data-element_type=\"widget\" data-widget_type=\"text-editor.default\">\n\t\t\t\t<div class=\"elementor-widget-container\">\n\t\t\t\t\t\t\t\t<div class=\"elementor-text-editor elementor-clearfix\">\n\t\t\t\t\t<p><em><strong><span style=\"color: #000080;\">Xes\u00fas \u00c1lvarez Lozano, member of the association Camp\u00e1s e Cami\u00f1os, carried out the fieldwork.<br \/><\/span><\/strong><\/em><\/p><p><em><strong><span style=\"color: #000080;\">The association Camp\u00e1s e Cami\u00f1os thanks to the Bishop of Lugo, Archbishop of Santiago, priests, neighbours and Xunta de Galicia for their collaboration to make this work possible.<\/span><\/strong><\/em><\/p>\t\t\t\t\t<\/div>\n\t\t\t\t\t\t<\/div>\n\t\t\t\t<\/div>\n\t\t\t\t\t\t<\/div>\n\t\t\t\t\t<\/div>\n\t\t<\/div>\n\t\t\t\t\t\t\t\t<\/div>\n\t\t\t\t\t<\/div>\n\t\t<\/section>\n\t\t\t\t<section class=\"elementor-section elementor-top-section elementor-element elementor-element-577676da elementor-section-boxed elementor-section-height-default elementor-section-height-default\" data-id=\"577676da\" data-element_type=\"section\">\n\t\t\t\t\t\t<div class=\"elementor-container elementor-column-gap-default\">\n\t\t\t\t\t\t\t<div class=\"elementor-row\">\n\t\t\t\t\t\t\t\t\t<\/div>\n\t\t\t\t\t<\/div>\n\t\t<\/section>\n\t\t\t\t\t\t<\/div>\n\t\t\t\t\t\t<\/div>\n\t\t\t\t\t<\/div>\n\t\t","protected":false},"excerpt":{"rendered":"<p>A p\u00e1xina badaladas.gal foi elaborada pola asociaci\u00f3n Camp\u00e1s e Cami\u00f1os. Os traballos de toma de datos no terreo foron realizados entre outubro de 2019 e outubro de 2020. \u00a0 La p\u00e1gina badaladas.gal fue elaborada por la asociaci\u00f3n Camp\u00e1s e Cami\u00f1os. Los trabajos de recopilaci\u00f3n de datos en el terreno fueron realizados entre octubre de 2019 &hellip; <\/p>\n<p class=\"link-more\"><a href=\"https:\/\/badaladas.gal\/index.php\/informacion-sobre-a-paxina\/\" class=\"more-link\">Continuar leyendo<span class=\"screen-reader-text\"> &#8220;INFORMACI\u00d3N SOBRE A P\u00c1XINA\/INFORMACI\u00d3N SOBRE LA P\u00c1GINA\/PAGE INFORMATION&#8221;<\/span><\/a><\/p>\n","protected":false},"author":2,"featured_media":0,"parent":0,"menu_order":0,"comment_status":"closed","ping_status":"closed","template":"","meta":{"footnotes":""},"class_list":["post-6648","page","type-page","status-publish","hentry"],"_links":{"self":[{"href":"https:\/\/badaladas.gal\/index.php\/wp-json\/wp\/v2\/pages\/6648","targetHints":{"allow":["GET"]}}],"collection":[{"href":"https:\/\/badaladas.gal\/index.php\/wp-json\/wp\/v2\/pages"}],"about":[{"href":"https:\/\/badaladas.gal\/index.php\/wp-json\/wp\/v2\/types\/page"}],"author":[{"embeddable":true,"href":"https:\/\/badaladas.gal\/index.php\/wp-json\/wp\/v2\/users\/2"}],"replies":[{"embeddable":true,"href":"https:\/\/badaladas.gal\/index.php\/wp-json\/wp\/v2\/comments?post=6648"}],"version-history":[{"count":25,"href":"https:\/\/badaladas.gal\/index.php\/wp-json\/wp\/v2\/pages\/6648\/revisions"}],"predecessor-version":[{"id":7039,"href":"https:\/\/badaladas.gal\/index.php\/wp-json\/wp\/v2\/pages\/6648\/revisions\/7039"}],"wp:attachment":[{"href":"https:\/\/badaladas.gal\/index.php\/wp-json\/wp\/v2\/media?parent=6648"}],"curies":[{"name":"wp","href":"https:\/\/api.w.org\/{rel}","templated":true}]}}