{"id":6652,"date":"2020-10-25T11:25:23","date_gmt":"2020-10-25T11:25:23","guid":{"rendered":"https:\/\/badaladas.gal\/?page_id=6652"},"modified":"2020-11-01T15:22:09","modified_gmt":"2020-11-01T15:22:09","slug":"conclusions","status":"publish","type":"page","link":"https:\/\/badaladas.gal\/index.php\/conclusions\/","title":{"rendered":"INSCRICI\u00d3NS\/INSCRIPCIONES\/INSCRIPTIONS"},"content":{"rendered":"\t\t<div data-elementor-type=\"wp-page\" data-elementor-id=\"6652\" class=\"elementor elementor-6652\" data-elementor-settings=\"[]\">\n\t\t\t\t\t\t<div class=\"elementor-inner\">\n\t\t\t\t\t\t\t<div class=\"elementor-section-wrap\">\n\t\t\t\t\t\t\t<section class=\"elementor-section elementor-top-section elementor-element elementor-element-72a31298 elementor-section-stretched elementor-section-full_width elementor-section-height-default elementor-section-height-default\" data-id=\"72a31298\" data-element_type=\"section\" data-settings=\"{&quot;stretch_section&quot;:&quot;section-stretched&quot;}\">\n\t\t\t\t\t\t<div class=\"elementor-container elementor-column-gap-default\">\n\t\t\t\t\t\t\t<div class=\"elementor-row\">\n\t\t\t\t\t<div class=\"elementor-column elementor-col-33 elementor-top-column elementor-element elementor-element-43d3dea4\" data-id=\"43d3dea4\" data-element_type=\"column\">\n\t\t\t<div class=\"elementor-column-wrap elementor-element-populated\">\n\t\t\t\t\t\t\t<div class=\"elementor-widget-wrap\">\n\t\t\t\t\t\t<div class=\"elementor-element elementor-element-12b8a9f6 elementor-widget elementor-widget-text-editor\" data-id=\"12b8a9f6\" data-element_type=\"widget\" data-widget_type=\"text-editor.default\">\n\t\t\t\t<div class=\"elementor-widget-container\">\n\t\t\t\t\t\t\t\t<div class=\"elementor-text-editor elementor-clearfix\">\n\t\t\t\t\t\t\t\t\t\t<\/div>\n\t\t\t\t\t\t<\/div>\n\t\t\t\t<\/div>\n\t\t\t\t<div class=\"elementor-element elementor-element-002213c elementor-widget elementor-widget-text-editor\" data-id=\"002213c\" data-element_type=\"widget\" data-widget_type=\"text-editor.default\">\n\t\t\t\t<div class=\"elementor-widget-container\">\n\t\t\t\t\t\t\t\t<div class=\"elementor-text-editor elementor-clearfix\">\n\t\t\t\t\t<p style=\"text-align: center;\"><strong><span style=\"color: #003366;\">PARTES DA CAMP\u00c1<\/span> <\/strong><\/p>\t\t\t\t\t<\/div>\n\t\t\t\t\t\t<\/div>\n\t\t\t\t<\/div>\n\t\t\t\t<div class=\"elementor-element elementor-element-e475bbb elementor-widget elementor-widget-text-editor\" data-id=\"e475bbb\" data-element_type=\"widget\" data-widget_type=\"text-editor.default\">\n\t\t\t\t<div class=\"elementor-widget-container\">\n\t\t\t\t\t\t\t\t<div class=\"elementor-text-editor elementor-clearfix\">\n\t\t\t\t\t<p style=\"text-align: center;\"><span style=\"color: #993300;\"><strong>PARTES DE LA CAMPANA <\/strong><\/span><\/p>\t\t\t\t\t<\/div>\n\t\t\t\t\t\t<\/div>\n\t\t\t\t<\/div>\n\t\t\t\t<div class=\"elementor-element elementor-element-df86620 elementor-widget elementor-widget-text-editor\" data-id=\"df86620\" data-element_type=\"widget\" data-widget_type=\"text-editor.default\">\n\t\t\t\t<div class=\"elementor-widget-container\">\n\t\t\t\t\t\t\t\t<div class=\"elementor-text-editor elementor-clearfix\">\n\t\t\t\t\t<p style=\"text-align: center;\"><em><span style=\"color: #000080;\"><strong>BELL COMPONENTS <\/strong><\/span><\/em><\/p>\t\t\t\t\t<\/div>\n\t\t\t\t\t\t<\/div>\n\t\t\t\t<\/div>\n\t\t\t\t<div class=\"elementor-element elementor-element-34d944b gallery-spacing-custom elementor-widget elementor-widget-image-gallery\" data-id=\"34d944b\" data-element_type=\"widget\" data-widget_type=\"image-gallery.default\">\n\t\t\t\t<div class=\"elementor-widget-container\">\n\t\t\t\t\t<div class=\"elementor-image-gallery\">\n\t\t\t<div id='gallery-1' class='gallery galleryid-6652 gallery-columns-1 gallery-size-full'><figure class='gallery-item'>\n\t\t\t<div class='gallery-icon portrait'>\n\t\t\t\t<a data-elementor-open-lightbox=\"yes\" data-elementor-lightbox-slideshow=\"34d944b\" data-elementor-lightbox-title=\"Partes da campa\" href='https:\/\/badaladas.gal\/wp-content\/uploads\/2020\/10\/Partes-da-campa.jpg'><img loading=\"lazy\" decoding=\"async\" width=\"204\" height=\"386\" src=\"https:\/\/badaladas.gal\/wp-content\/uploads\/2020\/10\/Partes-da-campa.jpg\" class=\"attachment-full size-full\" alt=\"\" srcset=\"https:\/\/badaladas.gal\/wp-content\/uploads\/2020\/10\/Partes-da-campa.jpg 204w, https:\/\/badaladas.gal\/wp-content\/uploads\/2020\/10\/Partes-da-campa-159x300.jpg 159w\" sizes=\"auto, 100vw\" \/><\/a>\n\t\t\t<\/div><\/figure>\n\t\t<\/div>\n\t\t<\/div>\n\t\t\t\t<\/div>\n\t\t\t\t<\/div>\n\t\t\t\t\t\t<\/div>\n\t\t\t\t\t<\/div>\n\t\t<\/div>\n\t\t\t\t<div class=\"elementor-column elementor-col-33 elementor-top-column elementor-element elementor-element-ecce801\" data-id=\"ecce801\" data-element_type=\"column\">\n\t\t\t<div class=\"elementor-column-wrap elementor-element-populated\">\n\t\t\t\t\t\t\t<div class=\"elementor-widget-wrap\">\n\t\t\t\t\t\t<div class=\"elementor-element elementor-element-d03508a elementor-widget elementor-widget-text-editor\" data-id=\"d03508a\" data-element_type=\"widget\" data-widget_type=\"text-editor.default\">\n\t\t\t\t<div class=\"elementor-widget-container\">\n\t\t\t\t\t\t\t\t<div class=\"elementor-text-editor elementor-clearfix\">\n\t\t\t\t\t<p><strong><span style=\"color: #003366;\"><span style=\"text-decoration: underline;\">INSCRICI\u00d3NS QUE SE ATOPAN NAS CAMP\u00c1S DESTE TRABALLO<\/span><\/span><\/strong><\/p><p><strong><span style=\"color: #003366;\">No tercio:\u00a0 En case todas aparece JHS ou tam\u00e9n IHS (monograma de Xesucristo), MAR\u00edA Y JOS\u00c9\u00a0 A\u00d1O DE &#8230;<\/span><\/strong><\/p><p><strong><span style=\"color: #003366;\">No medio figuran imaxes, de Santa B\u00e1rbara principalmente.<\/span><\/strong><\/p><p><strong><span style=\"color: #003366;\">No medio ou no p\u00e9 aparecen o fabricante, advocaci\u00f3ns ou datos hist\u00f3ricos.<\/span><\/strong><\/p>\t\t\t\t\t<\/div>\n\t\t\t\t\t\t<\/div>\n\t\t\t\t<\/div>\n\t\t\t\t<div class=\"elementor-element elementor-element-fa20d10 elementor-widget elementor-widget-text-editor\" data-id=\"fa20d10\" data-element_type=\"widget\" data-widget_type=\"text-editor.default\">\n\t\t\t\t<div class=\"elementor-widget-container\">\n\t\t\t\t\t\t\t\t<div class=\"elementor-text-editor elementor-clearfix\">\n\t\t\t\t\t<p><span style=\"text-decoration: underline;\"><span style=\"color: #993300;\"><strong>INSCRIPCIONES QUE SE ENCUENTRAN EN LAS CAMPANAS DE ESTE TRABAJO<\/strong><\/span><\/span><\/p><p><span style=\"color: #993300;\"><strong>En el tercio: en casi todas aparece JHS o IHS (monograma de Jesucristo), MAR\u00cdA Y JOS\u00c9\u00a0 A\u00d1O DE &#8230;<\/strong><\/span><\/p><p><span style=\"color: #993300;\"><strong>En el medio, figuran im\u00e1genes, de Santa B\u00e1rbara principalmente.<\/strong><\/span><\/p><p><span style=\"color: #993300;\"><strong>En el medio o en el pie, aparecen el fabricante, advocaciones y datos hist\u00f3ricos.<br \/><\/strong><\/span><\/p>\t\t\t\t\t<\/div>\n\t\t\t\t\t\t<\/div>\n\t\t\t\t<\/div>\n\t\t\t\t<div class=\"elementor-element elementor-element-06133b6 elementor-widget elementor-widget-text-editor\" data-id=\"06133b6\" data-element_type=\"widget\" data-widget_type=\"text-editor.default\">\n\t\t\t\t<div class=\"elementor-widget-container\">\n\t\t\t\t\t\t\t\t<div class=\"elementor-text-editor elementor-clearfix\">\n\t\t\t\t\t<p><span style=\"text-decoration: underline;\"><strong><span style=\"color: #003366;\"><em><span style=\"color: #000080; text-decoration: underline;\">THE MOST USUAL BELLS INSCRIPTIONS APPEARED ON THIS RESEARCH WORK<br \/><\/span><\/em><\/span><\/strong><\/span><\/p><p><strong><span style=\"color: #003366;\"><em><span style=\"color: #000080;\">Upwards: almost all the bells have the inscription JHS or IHS (Jesuchirst monogram), MARY AND JOSEPH YEAR&#8230;<\/span><\/em><\/span><\/strong><\/p><p><strong><span style=\"color: #003366;\"><em><span style=\"color: #000080;\">in the middle, there are usually images of Saint Barbra.<\/span><\/em><\/span><\/strong><\/p><p><strong><span style=\"color: #003366;\"><em><span style=\"color: #000080;\">Downwards or even in the middle, it can be seen the manufacturer name, religious advocations and historic data.<\/span><\/em><br \/><\/span><\/strong><\/p>\t\t\t\t\t<\/div>\n\t\t\t\t\t\t<\/div>\n\t\t\t\t<\/div>\n\t\t\t\t\t\t<\/div>\n\t\t\t\t\t<\/div>\n\t\t<\/div>\n\t\t\t\t<div class=\"elementor-column elementor-col-33 elementor-top-column elementor-element elementor-element-1f05557\" data-id=\"1f05557\" data-element_type=\"column\">\n\t\t\t<div class=\"elementor-column-wrap elementor-element-populated\">\n\t\t\t\t\t\t\t<div class=\"elementor-widget-wrap\">\n\t\t\t\t\t\t<div class=\"elementor-element elementor-element-fe93eb8 elementor-widget elementor-widget-text-editor\" data-id=\"fe93eb8\" data-element_type=\"widget\" data-widget_type=\"text-editor.default\">\n\t\t\t\t<div class=\"elementor-widget-container\">\n\t\t\t\t\t\t\t\t<div class=\"elementor-text-editor elementor-clearfix\">\n\t\t\t\t\t<p><strong><span style=\"color: #003366;\">O idioma no que est\u00e1n case todas as inscrici\u00f3ns das camp\u00e1s \u00e9 o castel\u00e1n. Algunhas usan o lat\u00edn. O galego s\u00f3 est\u00e1 presente nunha camp\u00e1 de xeito testemu\u00f1al (na camp\u00e1 pequena do Cebreiro).<\/span><\/strong><\/p><hr \/>\t\t\t\t\t<\/div>\n\t\t\t\t\t\t<\/div>\n\t\t\t\t<\/div>\n\t\t\t\t<div class=\"elementor-element elementor-element-2292ec6 elementor-widget elementor-widget-text-editor\" data-id=\"2292ec6\" data-element_type=\"widget\" data-widget_type=\"text-editor.default\">\n\t\t\t\t<div class=\"elementor-widget-container\">\n\t\t\t\t\t\t\t\t<div class=\"elementor-text-editor elementor-clearfix\">\n\t\t\t\t\t<p><span style=\"color: #993300;\"><strong>El idioma en el que est\u00e1n casi todas las inscripciones de las campanas es el castellano. Algunas usan el lat\u00edn.\u00a0 El gallego solamente est\u00e1 presente en una campana de forma testimonial (la campana peque\u00f1a de O Cebreiro).<\/strong><\/span><\/p>\t\t\t\t\t<\/div>\n\t\t\t\t\t\t<\/div>\n\t\t\t\t<\/div>\n\t\t\t\t<div class=\"elementor-element elementor-element-ea53ef9 elementor-widget elementor-widget-text-editor\" data-id=\"ea53ef9\" data-element_type=\"widget\" data-widget_type=\"text-editor.default\">\n\t\t\t\t<div class=\"elementor-widget-container\">\n\t\t\t\t\t\t\t\t<div class=\"elementor-text-editor elementor-clearfix\">\n\t\t\t\t\t<p><em><span style=\"color: #000080;\"><strong>Almost all the bells inscriptions are written in Spanish, but some of them are in Latin. Galician language is only used in a bell (the small one of O Cebreiro church).<br \/><\/strong><\/span><\/em><\/p>\t\t\t\t\t<\/div>\n\t\t\t\t\t\t<\/div>\n\t\t\t\t<\/div>\n\t\t\t\t<div class=\"elementor-element elementor-element-53e0e45 gallery-spacing-custom elementor-widget elementor-widget-image-gallery\" data-id=\"53e0e45\" data-element_type=\"widget\" data-widget_type=\"image-gallery.default\">\n\t\t\t\t<div class=\"elementor-widget-container\">\n\t\t\t\t\t<div class=\"elementor-image-gallery\">\n\t\t\t<div id='gallery-2' class='gallery galleryid-6652 gallery-columns-2 gallery-size-full'><figure class='gallery-item'>\n\t\t\t<div class='gallery-icon portrait'>\n\t\t\t\t<a data-elementor-open-lightbox=\"yes\" data-elementor-lightbox-slideshow=\"53e0e45\" data-elementor-lightbox-title=\"P1010049 Cebr p pic\" href='https:\/\/badaladas.gal\/wp-content\/uploads\/2020\/02\/P1010049-Cebr-p-pic.jpg'><img loading=\"lazy\" decoding=\"async\" width=\"777\" height=\"828\" src=\"https:\/\/badaladas.gal\/wp-content\/uploads\/2020\/02\/P1010049-Cebr-p-pic.jpg\" class=\"attachment-full size-full\" alt=\"\" srcset=\"https:\/\/badaladas.gal\/wp-content\/uploads\/2020\/02\/P1010049-Cebr-p-pic.jpg 777w, https:\/\/badaladas.gal\/wp-content\/uploads\/2020\/02\/P1010049-Cebr-p-pic-282x300.jpg 282w, https:\/\/badaladas.gal\/wp-content\/uploads\/2020\/02\/P1010049-Cebr-p-pic-768x818.jpg 768w\" sizes=\"auto, 100vw\" \/><\/a>\n\t\t\t<\/div><\/figure><figure class='gallery-item'>\n\t\t\t<div class='gallery-icon landscape'>\n\t\t\t\t<a data-elementor-open-lightbox=\"yes\" data-elementor-lightbox-slideshow=\"53e0e45\" data-elementor-lightbox-title=\"P1000656 Cebr p pic\" href='https:\/\/badaladas.gal\/wp-content\/uploads\/2020\/02\/P1000656-Cebr-p-pic.jpg'><img loading=\"lazy\" decoding=\"async\" width=\"914\" height=\"700\" src=\"https:\/\/badaladas.gal\/wp-content\/uploads\/2020\/02\/P1000656-Cebr-p-pic.jpg\" class=\"attachment-full size-full\" alt=\"\" srcset=\"https:\/\/badaladas.gal\/wp-content\/uploads\/2020\/02\/P1000656-Cebr-p-pic.jpg 914w, https:\/\/badaladas.gal\/wp-content\/uploads\/2020\/02\/P1000656-Cebr-p-pic-300x230.jpg 300w, https:\/\/badaladas.gal\/wp-content\/uploads\/2020\/02\/P1000656-Cebr-p-pic-768x588.jpg 768w\" sizes=\"auto, 100vw\" \/><\/a>\n\t\t\t<\/div><\/figure>\n\t\t<\/div>\n\t\t<\/div>\n\t\t\t\t<\/div>\n\t\t\t\t<\/div>\n\t\t\t\t\t\t<\/div>\n\t\t\t\t\t<\/div>\n\t\t<\/div>\n\t\t\t\t\t\t\t\t<\/div>\n\t\t\t\t\t<\/div>\n\t\t<\/section>\n\t\t\t\t\t\t<\/div>\n\t\t\t\t\t\t<\/div>\n\t\t\t\t\t<\/div>\n\t\t","protected":false},"excerpt":{"rendered":"<p>PARTES DA CAMP\u00c1 PARTES DE LA CAMPANA BELL COMPONENTS INSCRICI\u00d3NS QUE SE ATOPAN NAS CAMP\u00c1S DESTE TRABALLO No tercio:\u00a0 En case todas aparece JHS ou tam\u00e9n IHS (monograma de Xesucristo), MAR\u00edA Y JOS\u00c9\u00a0 A\u00d1O DE &#8230; No medio figuran imaxes, de Santa B\u00e1rbara principalmente. No medio ou no p\u00e9 aparecen o fabricante, advocaci\u00f3ns ou datos &hellip; <\/p>\n<p class=\"link-more\"><a href=\"https:\/\/badaladas.gal\/index.php\/conclusions\/\" class=\"more-link\">Continuar leyendo<span class=\"screen-reader-text\"> &#8220;INSCRICI\u00d3NS\/INSCRIPCIONES\/INSCRIPTIONS&#8221;<\/span><\/a><\/p>\n","protected":false},"author":2,"featured_media":0,"parent":0,"menu_order":0,"comment_status":"closed","ping_status":"closed","template":"","meta":{"footnotes":""},"class_list":["post-6652","page","type-page","status-publish","hentry"],"_links":{"self":[{"href":"https:\/\/badaladas.gal\/index.php\/wp-json\/wp\/v2\/pages\/6652","targetHints":{"allow":["GET"]}}],"collection":[{"href":"https:\/\/badaladas.gal\/index.php\/wp-json\/wp\/v2\/pages"}],"about":[{"href":"https:\/\/badaladas.gal\/index.php\/wp-json\/wp\/v2\/types\/page"}],"author":[{"embeddable":true,"href":"https:\/\/badaladas.gal\/index.php\/wp-json\/wp\/v2\/users\/2"}],"replies":[{"embeddable":true,"href":"https:\/\/badaladas.gal\/index.php\/wp-json\/wp\/v2\/comments?post=6652"}],"version-history":[{"count":29,"href":"https:\/\/badaladas.gal\/index.php\/wp-json\/wp\/v2\/pages\/6652\/revisions"}],"predecessor-version":[{"id":6991,"href":"https:\/\/badaladas.gal\/index.php\/wp-json\/wp\/v2\/pages\/6652\/revisions\/6991"}],"wp:attachment":[{"href":"https:\/\/badaladas.gal\/index.php\/wp-json\/wp\/v2\/media?parent=6652"}],"curies":[{"name":"wp","href":"https:\/\/api.w.org\/{rel}","templated":true}]}}