{"id":7154,"date":"2020-12-18T02:31:16","date_gmt":"2020-12-18T01:31:16","guid":{"rendered":"https:\/\/badaladas.gal\/?page_id=7154"},"modified":"2021-07-18T12:36:29","modified_gmt":"2021-07-18T11:36:29","slug":"santiago-san-pedro-apostol","status":"publish","type":"page","link":"https:\/\/badaladas.gal\/index.php\/santiago-san-pedro-apostol\/","title":{"rendered":"SAN PEDRO AP\u00d3STOL (SANTIAGO)"},"content":{"rendered":"\t\t<div data-elementor-type=\"wp-page\" data-elementor-id=\"7154\" class=\"elementor elementor-7154\" data-elementor-settings=\"[]\">\n\t\t\t\t\t\t<div class=\"elementor-inner\">\n\t\t\t\t\t\t\t<div class=\"elementor-section-wrap\">\n\t\t\t\t\t\t\t<section class=\"elementor-section elementor-top-section elementor-element elementor-element-1ade4e2c elementor-section-stretched elementor-section-boxed elementor-section-height-default elementor-section-height-default\" data-id=\"1ade4e2c\" data-element_type=\"section\" data-settings=\"{&quot;stretch_section&quot;:&quot;section-stretched&quot;}\">\n\t\t\t\t\t\t<div class=\"elementor-container elementor-column-gap-default\">\n\t\t\t\t\t\t\t<div class=\"elementor-row\">\n\t\t\t\t\t<div class=\"elementor-column elementor-col-50 elementor-top-column elementor-element elementor-element-7f100ad6\" data-id=\"7f100ad6\" data-element_type=\"column\">\n\t\t\t<div class=\"elementor-column-wrap elementor-element-populated\">\n\t\t\t\t\t\t\t<div class=\"elementor-widget-wrap\">\n\t\t\t\t\t\t<div class=\"elementor-element elementor-element-7767444b elementor-widget elementor-widget-image\" data-id=\"7767444b\" data-element_type=\"widget\" data-widget_type=\"image.default\">\n\t\t\t\t<div class=\"elementor-widget-container\">\n\t\t\t\t\t\t\t\t<div class=\"elementor-image\">\n\t\t\t\t\t\t\t\t\t\t\t\t<img loading=\"lazy\" decoding=\"async\" width=\"616\" height=\"566\" src=\"https:\/\/badaladas.gal\/wp-content\/uploads\/2020\/12\/P1030023-S-Pedro-Apost.jpg\" class=\"attachment-full size-full\" alt=\"\" srcset=\"https:\/\/badaladas.gal\/wp-content\/uploads\/2020\/12\/P1030023-S-Pedro-Apost.jpg 616w, https:\/\/badaladas.gal\/wp-content\/uploads\/2020\/12\/P1030023-S-Pedro-Apost-300x276.jpg 300w\" sizes=\"auto, 100vw\" \/>\t\t\t\t\t\t\t\t\t\t\t\t\t\t<\/div>\n\t\t\t\t\t\t<\/div>\n\t\t\t\t<\/div>\n\t\t\t\t\t\t<\/div>\n\t\t\t\t\t<\/div>\n\t\t<\/div>\n\t\t\t\t<div class=\"elementor-column elementor-col-50 elementor-top-column elementor-element elementor-element-468f74b1\" data-id=\"468f74b1\" data-element_type=\"column\">\n\t\t\t<div class=\"elementor-column-wrap elementor-element-populated\">\n\t\t\t\t\t\t\t<div class=\"elementor-widget-wrap\">\n\t\t\t\t\t\t<div class=\"elementor-element elementor-element-67b18b11 elementor-widget elementor-widget-text-editor\" data-id=\"67b18b11\" data-element_type=\"widget\" data-widget_type=\"text-editor.default\">\n\t\t\t\t<div class=\"elementor-widget-container\">\n\t\t\t\t\t\t\t\t<div class=\"elementor-text-editor elementor-clearfix\">\n\t\t\t\t\t<p><strong><span style=\"color: #003366;\">A igrexa de San Pedro Ap\u00f3stol est\u00e1 na cidade de Santiago de Compostela, no quil\u00f3metro 0,700 do Cami\u00f1o.<\/span><\/strong><\/p><p><span style=\"color: #003366;\"><strong>Escoita as badaladas das suas camp\u00e1s<\/strong><\/span><\/p>\t\t\t\t\t<\/div>\n\t\t\t\t\t\t<\/div>\n\t\t\t\t<\/div>\n\t\t\t\t<div class=\"elementor-element elementor-element-2046788 elementor-widget elementor-widget-text-editor\" data-id=\"2046788\" data-element_type=\"widget\" data-widget_type=\"text-editor.default\">\n\t\t\t\t<div class=\"elementor-widget-container\">\n\t\t\t\t\t\t\t\t<div class=\"elementor-text-editor elementor-clearfix\">\n\t\t\t\t\t<p><span style=\"color: #993300;\"><strong>La iglesia de San Pedro Ap\u00f3stol est\u00e1 en la ciudad de Santiago de Compostela, en el punto kilom\u00e9trico 0,700 del Camino.<\/strong><\/span><\/p><p><span style=\"color: #993300;\"><strong>Escucha sus campanas<\/strong><\/span><\/p>\t\t\t\t\t<\/div>\n\t\t\t\t\t\t<\/div>\n\t\t\t\t<\/div>\n\t\t\t\t<div class=\"elementor-element elementor-element-1e1a5b0 elementor-widget elementor-widget-text-editor\" data-id=\"1e1a5b0\" data-element_type=\"widget\" data-widget_type=\"text-editor.default\">\n\t\t\t\t<div class=\"elementor-widget-container\">\n\t\t\t\t\t\t\t\t<div class=\"elementor-text-editor elementor-clearfix\">\n\t\t\t\t\t<p><strong><em><span style=\"color: #000080;\">St. Peter&#8217;s Church Apostle is in the city of Santiago, at kilometer point 0.700 of the St. James Way<br \/><\/span><\/em><\/strong><\/p><p><strong><em><span style=\"color: #000080;\">Listen the bells<\/span><\/em><\/strong><\/p>\t\t\t\t\t<\/div>\n\t\t\t\t\t\t<\/div>\n\t\t\t\t<\/div>\n\t\t\t\t<div class=\"elementor-element elementor-element-55a8c792 elementor-widget elementor-widget-wp-widget-media_audio\" data-id=\"55a8c792\" data-element_type=\"widget\" data-widget_type=\"wp-widget-media_audio.default\">\n\t\t\t\t<div class=\"elementor-widget-container\">\n\t\t\t<audio class=\"wp-audio-shortcode\" id=\"audio-7154-1\" preload=\"none\" style=\"width: 100%;\" controls=\"controls\"><source type=\"audio\/mpeg\" src=\"https:\/\/badaladas.gal\/wp-content\/uploads\/2020\/12\/CateLU_0284-Badaladas-S-Pedro-Apostol.mp3?_=1\" \/><source type=\"audio\/mpeg\" src=\"https:\/\/badaladas.gal\/wp-content\/uploads\/2020\/12\/CateLU_0284-Badaladas-S-Pedro-Apostol.mp3?_=1\" \/><a href=\"https:\/\/badaladas.gal\/wp-content\/uploads\/2020\/12\/CateLU_0284-Badaladas-S-Pedro-Apostol.mp3\">https:\/\/badaladas.gal\/wp-content\/uploads\/2020\/12\/CateLU_0284-Badaladas-S-Pedro-Apostol.mp3<\/a><\/audio>\t\t<\/div>\n\t\t\t\t<\/div>\n\t\t\t\t<div class=\"elementor-element elementor-element-7aa70c55 elementor-widget elementor-widget-yandex-maps\" data-id=\"7aa70c55\" data-element_type=\"widget\" data-widget_type=\"yandex-maps.default\">\n\t\t\t\t<div class=\"elementor-widget-container\">\n\t\t\t\t\t<script>\n\t\t\tvar mihdan_elementor_yandex_map_7aa70c55 = {\n\t\t\t\t\"id\" : \"7aa70c55\",\n\t\t\t\t\"language\" : \"en\",\n\t\t\t\t\"region\" : \"US\",\n\t\t\t\t\"lat\" : \"42.881255\",\n\t\t\t\t\"lng\" : \"-8.537839\",\n\t\t\t\t\"zoom\" : \"15\",\n\t\t\t\t\"type\" : \"map\",\n\t\t\t\t\"rulerControl\" : \"no\",\n\t\t\t\t\"searchControl\" : \"no\",\n\t\t\t\t\"trafficControl\" : \"no\",\n\t\t\t\t\"typeSelector\" : \"yes\",\n\t\t\t\t\"zoomControl\" : \"yes\",\n\t\t\t\t\"geolocationControl\" : \"no\",\n\t\t\t\t\"routeEditor\" : \"no\",\n\t\t\t\t\"fullscreenControl\" : \"no\",\n\t\t\t\t\"routeButtonControl\" : \"no\",\n\t\t\t\t\"routePanelControl\" : \"no\",\n\t\t\t\t\"disableScrollZoom\" : \"no\",\n\t\t\t\t\"disableDblClickZoom\" : \"no\",\n\t\t\t\t\"disableDrag\" : \"no\",\n\t\t\t\t\"disableLeftMouseButtonMagnifier\" : \"no\",\n\t\t\t\t\"disableRightMouseButtonMagnifier\" : \"no\",\n\t\t\t\t\"disableMultiTouch\" : \"no\",\n\t\t\t\t\"disableRouteEditor\" : \"no\",\n\t\t\t\t\"disableRuler\" : \"no\",\n\t\t\t\t\"enableObjectManager\" : \"no\",\n\t\t\t\t\"infoWindowMaxWidth\" : \"300\",\n\t\t\t\t\"locations\" : {\n    \"type\": \"FeatureCollection\",\n    \"clusterPreset\": \"islands#blueClusterIcons\",\n    \"features\": [\n        {\n            \"type\": \"Feature\",\n            \"id\": \"id_0\",\n            \"geometry\": {\n                \"type\": \"Point\",\n                \"coordinates\": [\n                    \"42.881255\",\n                    \"-8.537839\"\n                ]\n            },\n            \"properties\": {\n                \"iconCaption\": \"\",\n                \"iconContent\": \"\",\n                \"hintContent\": \"\",\n                \"balloonContentHeader\": \"Igrexa S. Pedro Ap\u00f3stol\",\n                \"balloonContentFooter\": \"\",\n                \"balloonContentBody\": \"\"\n            },\n            \"options\": {\n                \"preset\": \"islands#blackDotIcon\",\n                \"balloonIsOpened\": \"no\",\n                \"iconImage\": \"\",\n                \"iconImageWidth\": \"\",\n                \"iconImageHeight\": \"\"\n            }\n        }\n    ]\n}\t\t\t};\n\t\t<\/script>\n\t\t<div id=\"mihdan_elementor_yandex_map_7aa70c55\" class=\"mihdan-elementor-yandex-maps\" style=\"height: 300px;\"><\/div>\n\t\t\t\t<\/div>\n\t\t\t\t<\/div>\n\t\t\t\t\t\t<\/div>\n\t\t\t\t\t<\/div>\n\t\t<\/div>\n\t\t\t\t\t\t\t\t<\/div>\n\t\t\t\t\t<\/div>\n\t\t<\/section>\n\t\t\t\t<section class=\"elementor-section elementor-top-section elementor-element elementor-element-1dbd676e elementor-section-stretched elementor-section-boxed elementor-section-height-default elementor-section-height-default\" data-id=\"1dbd676e\" data-element_type=\"section\" data-settings=\"{&quot;stretch_section&quot;:&quot;section-stretched&quot;}\">\n\t\t\t\t\t\t<div class=\"elementor-container elementor-column-gap-default\">\n\t\t\t\t\t\t\t<div class=\"elementor-row\">\n\t\t\t\t\t<div class=\"elementor-column elementor-col-100 elementor-top-column elementor-element elementor-element-244636eb\" data-id=\"244636eb\" data-element_type=\"column\">\n\t\t\t<div class=\"elementor-column-wrap elementor-element-populated\">\n\t\t\t\t\t\t\t<div class=\"elementor-widget-wrap\">\n\t\t\t\t\t\t<div class=\"elementor-element elementor-element-1274970b elementor-widget elementor-widget-heading\" data-id=\"1274970b\" data-element_type=\"widget\" data-widget_type=\"heading.default\">\n\t\t\t\t<div class=\"elementor-widget-container\">\n\t\t\t<h2 class=\"elementor-heading-title elementor-size-default\">As camp\u00e1s da Igrexa de SAN PEDRO<\/h2>\t\t<\/div>\n\t\t\t\t<\/div>\n\t\t\t\t<div class=\"elementor-element elementor-element-0e60e06 elementor-widget elementor-widget-text-editor\" data-id=\"0e60e06\" data-element_type=\"widget\" data-widget_type=\"text-editor.default\">\n\t\t\t\t<div class=\"elementor-widget-container\">\n\t\t\t\t\t\t\t\t<div class=\"elementor-text-editor elementor-clearfix\">\n\t\t\t\t\t<h4 style=\"text-align: center;\"><strong>LAS CAMPANAS DE LA IGLESIA DE SAN PEDRO \u00a0\u00a0\u00a0\u00a0\u00a0\u00a0\u00a0\u00a0\u00a0\u00a0\u00a0\u00a0\u00a0\u00a0\u00a0\u00a0\u00a0\u00a0\u00a0<em> SAINT PETER CHURCH BELLS<\/em><br \/><\/strong><\/h4>\t\t\t\t\t<\/div>\n\t\t\t\t\t\t<\/div>\n\t\t\t\t<\/div>\n\t\t\t\t\t\t<\/div>\n\t\t\t\t\t<\/div>\n\t\t<\/div>\n\t\t\t\t\t\t\t\t<\/div>\n\t\t\t\t\t<\/div>\n\t\t<\/section>\n\t\t\t\t<section class=\"elementor-section elementor-top-section elementor-element elementor-element-3d2876ad elementor-section-stretched elementor-section-full_width elementor-section-height-default elementor-section-height-default\" data-id=\"3d2876ad\" data-element_type=\"section\" data-settings=\"{&quot;stretch_section&quot;:&quot;section-stretched&quot;,&quot;background_background&quot;:&quot;classic&quot;}\">\n\t\t\t\t\t\t<div class=\"elementor-container elementor-column-gap-default\">\n\t\t\t\t\t\t\t<div class=\"elementor-row\">\n\t\t\t\t\t<div class=\"elementor-column elementor-col-50 elementor-top-column elementor-element elementor-element-f8ac923\" data-id=\"f8ac923\" data-element_type=\"column\">\n\t\t\t<div class=\"elementor-column-wrap elementor-element-populated\">\n\t\t\t\t\t\t\t<div class=\"elementor-widget-wrap\">\n\t\t\t\t\t\t<div class=\"elementor-element elementor-element-5dae01ed elementor-widget elementor-widget-image\" data-id=\"5dae01ed\" data-element_type=\"widget\" data-widget_type=\"image.default\">\n\t\t\t\t<div class=\"elementor-widget-container\">\n\t\t\t\t\t\t\t\t<div class=\"elementor-image\">\n\t\t\t\t\t\t\t\t\t\t\t\t\t<a href=\"https:\/\/badaladas.gal\/wp-content\/uploads\/2020\/12\/P1030026-S-Pedro-g.jpg\" data-elementor-open-lightbox=\"yes\" data-elementor-lightbox-title=\"P1030026 S Pedro g\">\n\t\t\t\t\t\t\t<img loading=\"lazy\" decoding=\"async\" width=\"1224\" height=\"918\" src=\"https:\/\/badaladas.gal\/wp-content\/uploads\/2020\/12\/P1030026-S-Pedro-g.jpg\" class=\"attachment-full size-full\" alt=\"\" srcset=\"https:\/\/badaladas.gal\/wp-content\/uploads\/2020\/12\/P1030026-S-Pedro-g.jpg 1224w, https:\/\/badaladas.gal\/wp-content\/uploads\/2020\/12\/P1030026-S-Pedro-g-300x225.jpg 300w, https:\/\/badaladas.gal\/wp-content\/uploads\/2020\/12\/P1030026-S-Pedro-g-1024x768.jpg 1024w, https:\/\/badaladas.gal\/wp-content\/uploads\/2020\/12\/P1030026-S-Pedro-g-768x576.jpg 768w\" sizes=\"auto, 100vw\" \/>\t\t\t\t\t\t\t\t<\/a>\n\t\t\t\t\t\t\t\t\t\t\t\t\t\t<\/div>\n\t\t\t\t\t\t<\/div>\n\t\t\t\t<\/div>\n\t\t\t\t<div class=\"elementor-element elementor-element-609deefc gallery-spacing-custom elementor-widget elementor-widget-image-gallery\" data-id=\"609deefc\" data-element_type=\"widget\" data-widget_type=\"image-gallery.default\">\n\t\t\t\t<div class=\"elementor-widget-container\">\n\t\t\t\t\t<div class=\"elementor-image-gallery\">\n\t\t\t<div id='gallery-1' class='gallery galleryid-7154 gallery-columns-2 gallery-size-full'><figure class='gallery-item'>\n\t\t\t<div class='gallery-icon landscape'>\n\t\t\t\t<a data-elementor-open-lightbox=\"yes\" data-elementor-lightbox-slideshow=\"609deefc\" data-elementor-lightbox-title=\"P1050113 S Pedro g\" href='https:\/\/badaladas.gal\/wp-content\/uploads\/2020\/12\/P1050113-S-Pedro-g.jpg'><img loading=\"lazy\" decoding=\"async\" width=\"1221\" height=\"916\" src=\"https:\/\/badaladas.gal\/wp-content\/uploads\/2020\/12\/P1050113-S-Pedro-g.jpg\" class=\"attachment-full size-full\" alt=\"\" srcset=\"https:\/\/badaladas.gal\/wp-content\/uploads\/2020\/12\/P1050113-S-Pedro-g.jpg 1221w, https:\/\/badaladas.gal\/wp-content\/uploads\/2020\/12\/P1050113-S-Pedro-g-300x225.jpg 300w, https:\/\/badaladas.gal\/wp-content\/uploads\/2020\/12\/P1050113-S-Pedro-g-1024x768.jpg 1024w, https:\/\/badaladas.gal\/wp-content\/uploads\/2020\/12\/P1050113-S-Pedro-g-768x576.jpg 768w\" sizes=\"auto, 100vw\" \/><\/a>\n\t\t\t<\/div><\/figure><figure class='gallery-item'>\n\t\t\t<div class='gallery-icon landscape'>\n\t\t\t\t<a data-elementor-open-lightbox=\"yes\" data-elementor-lightbox-slideshow=\"609deefc\" data-elementor-lightbox-title=\"P1050116 S Pedro g\" href='https:\/\/badaladas.gal\/wp-content\/uploads\/2020\/12\/P1050116-S-Pedro-g.jpg'><img loading=\"lazy\" decoding=\"async\" width=\"979\" height=\"734\" src=\"https:\/\/badaladas.gal\/wp-content\/uploads\/2020\/12\/P1050116-S-Pedro-g.jpg\" class=\"attachment-full size-full\" alt=\"\" srcset=\"https:\/\/badaladas.gal\/wp-content\/uploads\/2020\/12\/P1050116-S-Pedro-g.jpg 979w, https:\/\/badaladas.gal\/wp-content\/uploads\/2020\/12\/P1050116-S-Pedro-g-300x225.jpg 300w, https:\/\/badaladas.gal\/wp-content\/uploads\/2020\/12\/P1050116-S-Pedro-g-768x576.jpg 768w\" sizes=\"auto, 100vw\" \/><\/a>\n\t\t\t<\/div><\/figure><figure class='gallery-item'>\n\t\t\t<div class='gallery-icon landscape'>\n\t\t\t\t<a data-elementor-open-lightbox=\"yes\" data-elementor-lightbox-slideshow=\"609deefc\" data-elementor-lightbox-title=\"P1050117 S Pedro g\" href='https:\/\/badaladas.gal\/wp-content\/uploads\/2020\/12\/P1050117-S-Pedro-g.jpg'><img loading=\"lazy\" decoding=\"async\" width=\"979\" height=\"734\" src=\"https:\/\/badaladas.gal\/wp-content\/uploads\/2020\/12\/P1050117-S-Pedro-g.jpg\" class=\"attachment-full size-full\" alt=\"\" srcset=\"https:\/\/badaladas.gal\/wp-content\/uploads\/2020\/12\/P1050117-S-Pedro-g.jpg 979w, https:\/\/badaladas.gal\/wp-content\/uploads\/2020\/12\/P1050117-S-Pedro-g-300x225.jpg 300w, https:\/\/badaladas.gal\/wp-content\/uploads\/2020\/12\/P1050117-S-Pedro-g-768x576.jpg 768w\" sizes=\"auto, 100vw\" \/><\/a>\n\t\t\t<\/div><\/figure><figure class='gallery-item'>\n\t\t\t<div class='gallery-icon landscape'>\n\t\t\t\t<a data-elementor-open-lightbox=\"yes\" data-elementor-lightbox-slideshow=\"609deefc\" data-elementor-lightbox-title=\"P1050125 S Pedro gr\" href='https:\/\/badaladas.gal\/wp-content\/uploads\/2020\/12\/P1050125-S-Pedro-gr.jpg'><img loading=\"lazy\" decoding=\"async\" width=\"910\" height=\"674\" src=\"https:\/\/badaladas.gal\/wp-content\/uploads\/2020\/12\/P1050125-S-Pedro-gr.jpg\" class=\"attachment-full size-full\" alt=\"\" srcset=\"https:\/\/badaladas.gal\/wp-content\/uploads\/2020\/12\/P1050125-S-Pedro-gr.jpg 910w, https:\/\/badaladas.gal\/wp-content\/uploads\/2020\/12\/P1050125-S-Pedro-gr-300x222.jpg 300w, https:\/\/badaladas.gal\/wp-content\/uploads\/2020\/12\/P1050125-S-Pedro-gr-768x569.jpg 768w\" sizes=\"auto, 100vw\" \/><\/a>\n\t\t\t<\/div><\/figure>\n\t\t<\/div>\n\t\t<\/div>\n\t\t\t\t<\/div>\n\t\t\t\t<\/div>\n\t\t\t\t<div class=\"elementor-element elementor-element-d6706db elementor-invisible elementor-widget elementor-widget-wp-widget-text\" data-id=\"d6706db\" data-element_type=\"widget\" data-settings=\"{&quot;_animation&quot;:&quot;fadeIn&quot;}\" data-widget_type=\"wp-widget-text.default\">\n\t\t\t\t<div class=\"elementor-widget-container\">\n\t\t\t\t\t\t<div class=\"textwidget\"><p>Fabricante\/Manufacturer:<\/p>\n<p>Ano de fabricaci\u00f3n\/Manufacturing year: <strong>\u00a0 1804<br \/>\n<\/strong><\/p>\n<p>Altura\/Heigth: <strong>\u00a0 44 cm<br \/>\n<\/strong><\/p>\n<p>Di\u00e1metro\/Diameter:<strong> \u00a0 49 cm<\/strong><\/p>\n<p>Nota musical\/Musical note:\u00a0\u00a0 <strong>Sol#\/G#<\/strong><\/p>\n<p>Estado\/Condition:<strong> \u00a0 en uso\/in use<br \/>\n<\/strong><\/p>\n<p>Inscrici\u00f3ns: <strong>\u00a0 JHS MARIA SAN PEDRO ORATE PRONOBIS A\u00d1O DE 1804<br \/>\n<\/strong><\/p>\n<p>Inscriptions:\u00a0\u00a0\u00a0 JHS MARY SAINT PETER PRAY FOR US\u00a0 YEAR 1804<\/p>\n<\/div>\n\t\t\t\t<\/div>\n\t\t\t\t<\/div>\n\t\t\t\t\t\t<\/div>\n\t\t\t\t\t<\/div>\n\t\t<\/div>\n\t\t\t\t<div class=\"elementor-column elementor-col-50 elementor-top-column elementor-element elementor-element-234ed92f\" data-id=\"234ed92f\" data-element_type=\"column\">\n\t\t\t<div class=\"elementor-column-wrap elementor-element-populated\">\n\t\t\t\t\t\t\t<div class=\"elementor-widget-wrap\">\n\t\t\t\t\t\t<div class=\"elementor-element elementor-element-1f6dea6 elementor-widget elementor-widget-image\" data-id=\"1f6dea6\" data-element_type=\"widget\" data-widget_type=\"image.default\">\n\t\t\t\t<div class=\"elementor-widget-container\">\n\t\t\t\t\t\t\t\t<div class=\"elementor-image\">\n\t\t\t\t\t\t\t\t\t\t\t\t\t<a href=\"https:\/\/badaladas.gal\/wp-content\/uploads\/2020\/12\/P1030031-S-Pedro-p.jpg\" data-elementor-open-lightbox=\"yes\" data-elementor-lightbox-title=\"P1030031 S Pedro p\">\n\t\t\t\t\t\t\t<img loading=\"lazy\" decoding=\"async\" width=\"979\" height=\"734\" src=\"https:\/\/badaladas.gal\/wp-content\/uploads\/2020\/12\/P1030031-S-Pedro-p.jpg\" class=\"attachment-full size-full\" alt=\"\" srcset=\"https:\/\/badaladas.gal\/wp-content\/uploads\/2020\/12\/P1030031-S-Pedro-p.jpg 979w, https:\/\/badaladas.gal\/wp-content\/uploads\/2020\/12\/P1030031-S-Pedro-p-300x225.jpg 300w, https:\/\/badaladas.gal\/wp-content\/uploads\/2020\/12\/P1030031-S-Pedro-p-768x576.jpg 768w\" sizes=\"auto, 100vw\" \/>\t\t\t\t\t\t\t\t<\/a>\n\t\t\t\t\t\t\t\t\t\t\t\t\t\t<\/div>\n\t\t\t\t\t\t<\/div>\n\t\t\t\t<\/div>\n\t\t\t\t<div class=\"elementor-element elementor-element-47601dbd gallery-spacing-custom elementor-widget elementor-widget-image-gallery\" data-id=\"47601dbd\" data-element_type=\"widget\" data-widget_type=\"image-gallery.default\">\n\t\t\t\t<div class=\"elementor-widget-container\">\n\t\t\t\t\t<div class=\"elementor-image-gallery\">\n\t\t\t<div id='gallery-2' class='gallery galleryid-7154 gallery-columns-2 gallery-size-full'><figure class='gallery-item'>\n\t\t\t<div class='gallery-icon landscape'>\n\t\t\t\t<a data-elementor-open-lightbox=\"yes\" data-elementor-lightbox-slideshow=\"47601dbd\" data-elementor-lightbox-title=\"P1050127 S Pedro p\" href='https:\/\/badaladas.gal\/wp-content\/uploads\/2020\/12\/P1050127-S-Pedro-p.jpg'><img loading=\"lazy\" decoding=\"async\" width=\"863\" height=\"647\" src=\"https:\/\/badaladas.gal\/wp-content\/uploads\/2020\/12\/P1050127-S-Pedro-p.jpg\" class=\"attachment-full size-full\" alt=\"\" srcset=\"https:\/\/badaladas.gal\/wp-content\/uploads\/2020\/12\/P1050127-S-Pedro-p.jpg 863w, https:\/\/badaladas.gal\/wp-content\/uploads\/2020\/12\/P1050127-S-Pedro-p-300x225.jpg 300w, https:\/\/badaladas.gal\/wp-content\/uploads\/2020\/12\/P1050127-S-Pedro-p-768x576.jpg 768w\" sizes=\"auto, 100vw\" \/><\/a>\n\t\t\t<\/div><\/figure><figure class='gallery-item'>\n\t\t\t<div class='gallery-icon landscape'>\n\t\t\t\t<a data-elementor-open-lightbox=\"yes\" data-elementor-lightbox-slideshow=\"47601dbd\" data-elementor-lightbox-title=\"P1050132 S Pedro p\" href='https:\/\/badaladas.gal\/wp-content\/uploads\/2020\/12\/P1050132-S-Pedro-p.jpg'><img loading=\"lazy\" decoding=\"async\" width=\"1280\" height=\"960\" src=\"https:\/\/badaladas.gal\/wp-content\/uploads\/2020\/12\/P1050132-S-Pedro-p.jpg\" class=\"attachment-full size-full\" alt=\"\" srcset=\"https:\/\/badaladas.gal\/wp-content\/uploads\/2020\/12\/P1050132-S-Pedro-p.jpg 1280w, https:\/\/badaladas.gal\/wp-content\/uploads\/2020\/12\/P1050132-S-Pedro-p-300x225.jpg 300w, https:\/\/badaladas.gal\/wp-content\/uploads\/2020\/12\/P1050132-S-Pedro-p-1024x768.jpg 1024w, https:\/\/badaladas.gal\/wp-content\/uploads\/2020\/12\/P1050132-S-Pedro-p-768x576.jpg 768w\" sizes=\"auto, 100vw\" \/><\/a>\n\t\t\t<\/div><\/figure><figure class='gallery-item'>\n\t\t\t<div class='gallery-icon landscape'>\n\t\t\t\t<a data-elementor-open-lightbox=\"yes\" data-elementor-lightbox-slideshow=\"47601dbd\" data-elementor-lightbox-title=\"P1050135 S Pedro p\" href='https:\/\/badaladas.gal\/wp-content\/uploads\/2020\/12\/P1050135-S-Pedro-p.jpg'><img loading=\"lazy\" decoding=\"async\" width=\"1360\" height=\"1020\" src=\"https:\/\/badaladas.gal\/wp-content\/uploads\/2020\/12\/P1050135-S-Pedro-p.jpg\" class=\"attachment-full size-full\" alt=\"\" srcset=\"https:\/\/badaladas.gal\/wp-content\/uploads\/2020\/12\/P1050135-S-Pedro-p.jpg 1360w, https:\/\/badaladas.gal\/wp-content\/uploads\/2020\/12\/P1050135-S-Pedro-p-300x225.jpg 300w, https:\/\/badaladas.gal\/wp-content\/uploads\/2020\/12\/P1050135-S-Pedro-p-1024x768.jpg 1024w, https:\/\/badaladas.gal\/wp-content\/uploads\/2020\/12\/P1050135-S-Pedro-p-768x576.jpg 768w\" sizes=\"auto, 100vw\" \/><\/a>\n\t\t\t<\/div><\/figure><figure class='gallery-item'>\n\t\t\t<div class='gallery-icon landscape'>\n\t\t\t\t<a data-elementor-open-lightbox=\"yes\" data-elementor-lightbox-slideshow=\"47601dbd\" data-elementor-lightbox-title=\"P1050137 S Pedro p\" href='https:\/\/badaladas.gal\/wp-content\/uploads\/2020\/12\/P1050137-S-Pedro-p.jpg'><img loading=\"lazy\" decoding=\"async\" width=\"979\" height=\"734\" src=\"https:\/\/badaladas.gal\/wp-content\/uploads\/2020\/12\/P1050137-S-Pedro-p.jpg\" class=\"attachment-full size-full\" alt=\"\" srcset=\"https:\/\/badaladas.gal\/wp-content\/uploads\/2020\/12\/P1050137-S-Pedro-p.jpg 979w, https:\/\/badaladas.gal\/wp-content\/uploads\/2020\/12\/P1050137-S-Pedro-p-300x225.jpg 300w, https:\/\/badaladas.gal\/wp-content\/uploads\/2020\/12\/P1050137-S-Pedro-p-768x576.jpg 768w\" sizes=\"auto, 100vw\" \/><\/a>\n\t\t\t<\/div><\/figure>\n\t\t<\/div>\n\t\t<\/div>\n\t\t\t\t<\/div>\n\t\t\t\t<\/div>\n\t\t\t\t<div class=\"elementor-element elementor-element-1a6ea36 elementor-invisible elementor-widget elementor-widget-wp-widget-text\" data-id=\"1a6ea36\" data-element_type=\"widget\" data-settings=\"{&quot;_animation&quot;:&quot;fadeIn&quot;}\" data-widget_type=\"wp-widget-text.default\">\n\t\t\t\t<div class=\"elementor-widget-container\">\n\t\t\t\t\t\t<div class=\"textwidget\"><p>Fabricante\/Manufacturer:<\/p>\n<p>Ano de fabricaci\u00f3n\/Manufacturing year: <strong>\u00a0 1847<br \/>\n<\/strong><\/p>\n<p>Altura\/Heigth: <strong>\u00a0 41 cm<br \/>\n<\/strong><\/p>\n<p>Di\u00e1metro\/Diameter:<strong> \u00a0 43 cm<\/strong><\/p>\n<p>Nota musical\/Musical note:\u00a0\u00a0 <strong>Sol\/G<\/strong><\/p>\n<p>Estado\/Condition:<strong> \u00a0 en uso\/in use<br \/>\n<\/strong><\/p>\n<p>Inscrici\u00f3ns: <strong>\u00a0 IHS MARIA Y JOSE A\u00d1O DE 1847<br \/>\n<\/strong><\/p>\n<p>Inscriptions:\u00a0\u00a0\u00a0 JHS MARY AND JOSEPH\u00a0\u00a0 YEAR 1847<\/p>\n<\/div>\n\t\t\t\t<\/div>\n\t\t\t\t<\/div>\n\t\t\t\t\t\t<\/div>\n\t\t\t\t\t<\/div>\n\t\t<\/div>\n\t\t\t\t\t\t\t\t<\/div>\n\t\t\t\t\t<\/div>\n\t\t<\/section>\n\t\t\t\t<section class=\"elementor-section elementor-top-section elementor-element elementor-element-6ec725e7 elementor-section-boxed elementor-section-height-default elementor-section-height-default\" data-id=\"6ec725e7\" data-element_type=\"section\">\n\t\t\t\t\t\t<div class=\"elementor-container elementor-column-gap-default\">\n\t\t\t\t\t\t\t<div class=\"elementor-row\">\n\t\t\t\t\t\t\t\t\t<\/div>\n\t\t\t\t\t<\/div>\n\t\t<\/section>\n\t\t\t\t\t\t<\/div>\n\t\t\t\t\t\t<\/div>\n\t\t\t\t\t<\/div>\n\t\t","protected":false},"excerpt":{"rendered":"<p>A igrexa de San Pedro Ap\u00f3stol est\u00e1 na cidade de Santiago de Compostela, no quil\u00f3metro 0,700 do Cami\u00f1o. Escoita as badaladas das suas camp\u00e1s La iglesia de San Pedro Ap\u00f3stol est\u00e1 en la ciudad de Santiago de Compostela, en el punto kilom\u00e9trico 0,700 del Camino. Escucha sus campanas St. Peter&#8217;s Church Apostle is in the &hellip; <\/p>\n<p class=\"link-more\"><a href=\"https:\/\/badaladas.gal\/index.php\/santiago-san-pedro-apostol\/\" class=\"more-link\">Continuar leyendo<span class=\"screen-reader-text\"> &#8220;SAN PEDRO AP\u00d3STOL (SANTIAGO)&#8221;<\/span><\/a><\/p>\n","protected":false},"author":2,"featured_media":0,"parent":0,"menu_order":0,"comment_status":"closed","ping_status":"closed","template":"","meta":{"footnotes":""},"class_list":["post-7154","page","type-page","status-publish","hentry"],"_links":{"self":[{"href":"https:\/\/badaladas.gal\/index.php\/wp-json\/wp\/v2\/pages\/7154","targetHints":{"allow":["GET"]}}],"collection":[{"href":"https:\/\/badaladas.gal\/index.php\/wp-json\/wp\/v2\/pages"}],"about":[{"href":"https:\/\/badaladas.gal\/index.php\/wp-json\/wp\/v2\/types\/page"}],"author":[{"embeddable":true,"href":"https:\/\/badaladas.gal\/index.php\/wp-json\/wp\/v2\/users\/2"}],"replies":[{"embeddable":true,"href":"https:\/\/badaladas.gal\/index.php\/wp-json\/wp\/v2\/comments?post=7154"}],"version-history":[{"count":25,"href":"https:\/\/badaladas.gal\/index.php\/wp-json\/wp\/v2\/pages\/7154\/revisions"}],"predecessor-version":[{"id":8484,"href":"https:\/\/badaladas.gal\/index.php\/wp-json\/wp\/v2\/pages\/7154\/revisions\/8484"}],"wp:attachment":[{"href":"https:\/\/badaladas.gal\/index.php\/wp-json\/wp\/v2\/media?parent=7154"}],"curies":[{"name":"wp","href":"https:\/\/api.w.org\/{rel}","templated":true}]}}