{"id":987,"date":"2020-02-29T17:59:29","date_gmt":"2020-02-29T17:59:29","guid":{"rendered":"https:\/\/badaladas.gal\/?page_id=987"},"modified":"2025-01-23T18:28:28","modified_gmt":"2025-01-23T17:28:28","slug":"merlan","status":"publish","type":"page","link":"https:\/\/badaladas.gal\/index.php\/merlan\/","title":{"rendered":"MERL\u00c1N"},"content":{"rendered":"\t\t<div data-elementor-type=\"wp-page\" data-elementor-id=\"987\" class=\"elementor elementor-987\" data-elementor-settings=\"[]\">\n\t\t\t\t\t\t<div class=\"elementor-inner\">\n\t\t\t\t\t\t\t<div class=\"elementor-section-wrap\">\n\t\t\t\t\t\t\t<section class=\"elementor-section elementor-top-section elementor-element elementor-element-4e915325 elementor-section-stretched elementor-section-full_width elementor-section-height-default elementor-section-height-default\" data-id=\"4e915325\" data-element_type=\"section\" data-settings=\"{&quot;stretch_section&quot;:&quot;section-stretched&quot;}\">\n\t\t\t\t\t\t<div class=\"elementor-container elementor-column-gap-default\">\n\t\t\t\t\t\t\t<div class=\"elementor-row\">\n\t\t\t\t\t<div class=\"elementor-column elementor-col-50 elementor-top-column elementor-element elementor-element-a7c01e0\" data-id=\"a7c01e0\" data-element_type=\"column\">\n\t\t\t<div class=\"elementor-column-wrap elementor-element-populated\">\n\t\t\t\t\t\t\t<div class=\"elementor-widget-wrap\">\n\t\t\t\t\t\t<div class=\"elementor-element elementor-element-516bb3a7 elementor-widget elementor-widget-image\" data-id=\"516bb3a7\" data-element_type=\"widget\" data-widget_type=\"image.default\">\n\t\t\t\t<div class=\"elementor-widget-container\">\n\t\t\t\t\t\t\t\t<div class=\"elementor-image\">\n\t\t\t\t\t\t\t\t\t\t\t\t<img loading=\"lazy\" decoding=\"async\" width=\"784\" height=\"658\" src=\"https:\/\/badaladas.gal\/wp-content\/uploads\/2020\/03\/P1020728-igr-Merlan.jpg\" class=\"attachment-full size-full\" alt=\"\" srcset=\"https:\/\/badaladas.gal\/wp-content\/uploads\/2020\/03\/P1020728-igr-Merlan.jpg 784w, https:\/\/badaladas.gal\/wp-content\/uploads\/2020\/03\/P1020728-igr-Merlan-300x252.jpg 300w, https:\/\/badaladas.gal\/wp-content\/uploads\/2020\/03\/P1020728-igr-Merlan-768x645.jpg 768w\" sizes=\"auto, 100vw\" \/>\t\t\t\t\t\t\t\t\t\t\t\t\t\t<\/div>\n\t\t\t\t\t\t<\/div>\n\t\t\t\t<\/div>\n\t\t\t\t\t\t<\/div>\n\t\t\t\t\t<\/div>\n\t\t<\/div>\n\t\t\t\t<div class=\"elementor-column elementor-col-50 elementor-top-column elementor-element elementor-element-7e371a57\" data-id=\"7e371a57\" data-element_type=\"column\">\n\t\t\t<div class=\"elementor-column-wrap elementor-element-populated\">\n\t\t\t\t\t\t\t<div class=\"elementor-widget-wrap\">\n\t\t\t\t\t\t<div class=\"elementor-element elementor-element-ab25c2c elementor-widget elementor-widget-text-editor\" data-id=\"ab25c2c\" data-element_type=\"widget\" data-widget_type=\"text-editor.default\">\n\t\t\t\t<div class=\"elementor-widget-container\">\n\t\t\t\t\t\t\t\t<div class=\"elementor-text-editor elementor-clearfix\">\n\t\t\t\t\t<p><strong><span style=\"color: #003366;\">A igrexa de San Salvador de Merl\u00e1n est\u00e1 no Cami\u00f1o Primitivo.<\/span><\/strong><\/p><p><strong><span style=\"color: #003366;\">Escoita a s\u00faa camp\u00e1.<\/span><\/strong><\/p>\t\t\t\t\t<\/div>\n\t\t\t\t\t\t<\/div>\n\t\t\t\t<\/div>\n\t\t\t\t<div class=\"elementor-element elementor-element-50a2ff3 elementor-widget elementor-widget-text-editor\" data-id=\"50a2ff3\" data-element_type=\"widget\" data-widget_type=\"text-editor.default\">\n\t\t\t\t<div class=\"elementor-widget-container\">\n\t\t\t\t\t\t\t\t<div class=\"elementor-text-editor elementor-clearfix\">\n\t\t\t\t\t<p><span style=\"color: #993300;\"><strong>La iglesia de San Salvador de Merl\u00e1n est\u00e1 en el Camino Primitivo.<\/strong><\/span><\/p><p><span style=\"color: #993300;\"><strong>Escucha su campana.<\/strong><\/span><\/p>\t\t\t\t\t<\/div>\n\t\t\t\t\t\t<\/div>\n\t\t\t\t<\/div>\n\t\t\t\t<div class=\"elementor-element elementor-element-436b3bc elementor-widget elementor-widget-text-editor\" data-id=\"436b3bc\" data-element_type=\"widget\" data-widget_type=\"text-editor.default\">\n\t\t\t\t<div class=\"elementor-widget-container\">\n\t\t\t\t\t\t\t\t<div class=\"elementor-text-editor elementor-clearfix\">\n\t\t\t\t\t<p><em><strong><span style=\"color: #000080;\">San Salvador de Merl\u00e1n church is on the Primitive Way<\/span><\/strong><\/em><\/p><p><em><strong><span style=\"color: #000080;\">Listen to the bell<\/span><\/strong><\/em><\/p>\t\t\t\t\t<\/div>\n\t\t\t\t\t\t<\/div>\n\t\t\t\t<\/div>\n\t\t\t\t<div class=\"elementor-element elementor-element-497e892c elementor-widget elementor-widget-wp-widget-media_audio\" data-id=\"497e892c\" data-element_type=\"widget\" data-widget_type=\"wp-widget-media_audio.default\">\n\t\t\t\t<div class=\"elementor-widget-container\">\n\t\t\t<audio class=\"wp-audio-shortcode\" id=\"audio-987-1\" preload=\"none\" style=\"width: 100%;\" controls=\"controls\"><source type=\"audio\/mpeg\" src=\"https:\/\/badaladas.gal\/wp-content\/uploads\/2020\/02\/Badaladas-Merlan-CateLU_0199.mp3?_=1\" \/><source type=\"audio\/mpeg\" src=\"https:\/\/badaladas.gal\/wp-content\/uploads\/2020\/02\/Badaladas-Merlan-CateLU_0199.mp3?_=1\" \/><a href=\"https:\/\/badaladas.gal\/wp-content\/uploads\/2020\/02\/Badaladas-Merlan-CateLU_0199.mp3\">https:\/\/badaladas.gal\/wp-content\/uploads\/2020\/02\/Badaladas-Merlan-CateLU_0199.mp3<\/a><\/audio>\t\t<\/div>\n\t\t\t\t<\/div>\n\t\t\t\t<div class=\"elementor-element elementor-element-ba1988e elementor-widget elementor-widget-yandex-maps\" data-id=\"ba1988e\" data-element_type=\"widget\" data-widget_type=\"yandex-maps.default\">\n\t\t\t\t<div class=\"elementor-widget-container\">\n\t\t\t\t\t<script>\n\t\t\tvar mihdan_elementor_yandex_map_ba1988e = {\n\t\t\t\t\"id\" : \"ba1988e\",\n\t\t\t\t\"language\" : \"en\",\n\t\t\t\t\"region\" : \"US\",\n\t\t\t\t\"lat\" : \"42.942503\",\n\t\t\t\t\"lng\" : \"-7.872784\",\n\t\t\t\t\"zoom\" : \"10\",\n\t\t\t\t\"type\" : \"map\",\n\t\t\t\t\"rulerControl\" : \"no\",\n\t\t\t\t\"searchControl\" : \"no\",\n\t\t\t\t\"trafficControl\" : \"no\",\n\t\t\t\t\"typeSelector\" : \"yes\",\n\t\t\t\t\"zoomControl\" : \"yes\",\n\t\t\t\t\"geolocationControl\" : \"no\",\n\t\t\t\t\"routeEditor\" : \"no\",\n\t\t\t\t\"fullscreenControl\" : \"no\",\n\t\t\t\t\"routeButtonControl\" : \"no\",\n\t\t\t\t\"routePanelControl\" : \"no\",\n\t\t\t\t\"disableScrollZoom\" : \"no\",\n\t\t\t\t\"disableDblClickZoom\" : \"no\",\n\t\t\t\t\"disableDrag\" : \"no\",\n\t\t\t\t\"disableLeftMouseButtonMagnifier\" : \"no\",\n\t\t\t\t\"disableRightMouseButtonMagnifier\" : \"no\",\n\t\t\t\t\"disableMultiTouch\" : \"no\",\n\t\t\t\t\"disableRouteEditor\" : \"no\",\n\t\t\t\t\"disableRuler\" : \"no\",\n\t\t\t\t\"enableObjectManager\" : \"no\",\n\t\t\t\t\"infoWindowMaxWidth\" : \"300\",\n\t\t\t\t\"locations\" : {\n    \"type\": \"FeatureCollection\",\n    \"clusterPreset\": \"islands#blueClusterIcons\",\n    \"features\": [\n        {\n            \"type\": \"Feature\",\n            \"id\": \"id_0\",\n            \"geometry\": {\n                \"type\": \"Point\",\n                \"coordinates\": [\n                    \"42.942503\",\n                    \"-7.872784\"\n                ]\n            },\n            \"properties\": {\n                \"iconCaption\": \"\",\n                \"iconContent\": \"\",\n                \"hintContent\": \"\",\n                \"balloonContentHeader\": \"Igrexa de Merl\u00e1n\",\n                \"balloonContentFooter\": \"\",\n                \"balloonContentBody\": \"\"\n            },\n            \"options\": {\n                \"preset\": \"islands#violetDotIcon\",\n                \"balloonIsOpened\": \"no\",\n                \"iconImage\": \"\",\n                \"iconImageWidth\": \"\",\n                \"iconImageHeight\": \"\"\n            }\n        }\n    ]\n}\t\t\t};\n\t\t<\/script>\n\t\t<div id=\"mihdan_elementor_yandex_map_ba1988e\" class=\"mihdan-elementor-yandex-maps\" style=\"height: 300px;\"><\/div>\n\t\t\t\t<\/div>\n\t\t\t\t<\/div>\n\t\t\t\t\t\t<\/div>\n\t\t\t\t\t<\/div>\n\t\t<\/div>\n\t\t\t\t\t\t\t\t<\/div>\n\t\t\t\t\t<\/div>\n\t\t<\/section>\n\t\t\t\t<section class=\"elementor-section elementor-top-section elementor-element elementor-element-7dec013d elementor-section-stretched elementor-section-boxed elementor-section-height-default elementor-section-height-default\" data-id=\"7dec013d\" data-element_type=\"section\" data-settings=\"{&quot;stretch_section&quot;:&quot;section-stretched&quot;}\">\n\t\t\t\t\t\t<div class=\"elementor-container elementor-column-gap-default\">\n\t\t\t\t\t\t\t<div class=\"elementor-row\">\n\t\t\t\t\t<div class=\"elementor-column elementor-col-100 elementor-top-column elementor-element elementor-element-4b1fc69f\" data-id=\"4b1fc69f\" data-element_type=\"column\">\n\t\t\t<div class=\"elementor-column-wrap elementor-element-populated\">\n\t\t\t\t\t\t\t<div class=\"elementor-widget-wrap\">\n\t\t\t\t\t\t<div class=\"elementor-element elementor-element-2b293b9d elementor-widget elementor-widget-heading\" data-id=\"2b293b9d\" data-element_type=\"widget\" data-widget_type=\"heading.default\">\n\t\t\t\t<div class=\"elementor-widget-container\">\n\t\t\t<h2 class=\"elementor-heading-title elementor-size-default\">A camp\u00e1 da Igrexa de MERL\u00c1N<\/h2>\t\t<\/div>\n\t\t\t\t<\/div>\n\t\t\t\t<div class=\"elementor-element elementor-element-eafa11d elementor-widget elementor-widget-text-editor\" data-id=\"eafa11d\" data-element_type=\"widget\" data-widget_type=\"text-editor.default\">\n\t\t\t\t<div class=\"elementor-widget-container\">\n\t\t\t\t\t\t\t\t<div class=\"elementor-text-editor elementor-clearfix\">\n\t\t\t\t\t<h4 style=\"text-align: center;\"><strong>LA CAMPANA DE LA IGLESIA DE MERL\u00c1N \u00a0\u00a0\u00a0\u00a0\u00a0\u00a0\u00a0\u00a0\u00a0\u00a0\u00a0\u00a0\u00a0\u00a0\u00a0\u00a0\u00a0\u00a0\u00a0\u00a0\u00a0\u00a0\u00a0\u00a0\u00a0\u00a0\u00a0\u00a0\u00a0\u00a0\u00a0 <em>MERL\u00c1N CHURCH BELL<\/em><br \/><\/strong><\/h4>\t\t\t\t\t<\/div>\n\t\t\t\t\t\t<\/div>\n\t\t\t\t<\/div>\n\t\t\t\t\t\t<\/div>\n\t\t\t\t\t<\/div>\n\t\t<\/div>\n\t\t\t\t\t\t\t\t<\/div>\n\t\t\t\t\t<\/div>\n\t\t<\/section>\n\t\t\t\t<section class=\"elementor-section elementor-top-section elementor-element elementor-element-14320793 elementor-section-stretched elementor-section-full_width elementor-section-height-default elementor-section-height-default\" data-id=\"14320793\" data-element_type=\"section\" data-settings=\"{&quot;stretch_section&quot;:&quot;section-stretched&quot;,&quot;background_background&quot;:&quot;classic&quot;}\">\n\t\t\t\t\t\t<div class=\"elementor-container elementor-column-gap-default\">\n\t\t\t\t\t\t\t<div class=\"elementor-row\">\n\t\t\t\t\t<div class=\"elementor-column elementor-col-100 elementor-top-column elementor-element elementor-element-befff86\" data-id=\"befff86\" data-element_type=\"column\">\n\t\t\t<div class=\"elementor-column-wrap elementor-element-populated\">\n\t\t\t\t\t\t\t<div class=\"elementor-widget-wrap\">\n\t\t\t\t\t\t<div class=\"elementor-element elementor-element-477a9482 elementor-widget elementor-widget-image\" data-id=\"477a9482\" data-element_type=\"widget\" data-widget_type=\"image.default\">\n\t\t\t\t<div class=\"elementor-widget-container\">\n\t\t\t\t\t\t\t\t<div class=\"elementor-image\">\n\t\t\t\t\t\t\t\t\t\t\t\t\t<a href=\"https:\/\/badaladas.gal\/wp-content\/uploads\/2020\/02\/P1020732-Merlan.jpg\" data-elementor-open-lightbox=\"yes\" data-elementor-lightbox-title=\"P1020732 Merlan\">\n\t\t\t\t\t\t\t<img loading=\"lazy\" decoding=\"async\" width=\"1469\" height=\"1102\" src=\"https:\/\/badaladas.gal\/wp-content\/uploads\/2020\/02\/P1020732-Merlan.jpg\" class=\"attachment-full size-full\" alt=\"\" srcset=\"https:\/\/badaladas.gal\/wp-content\/uploads\/2020\/02\/P1020732-Merlan.jpg 1469w, https:\/\/badaladas.gal\/wp-content\/uploads\/2020\/02\/P1020732-Merlan-300x225.jpg 300w, https:\/\/badaladas.gal\/wp-content\/uploads\/2020\/02\/P1020732-Merlan-1024x768.jpg 1024w, https:\/\/badaladas.gal\/wp-content\/uploads\/2020\/02\/P1020732-Merlan-768x576.jpg 768w\" sizes=\"auto, 100vw\" \/>\t\t\t\t\t\t\t\t<\/a>\n\t\t\t\t\t\t\t\t\t\t\t\t\t\t<\/div>\n\t\t\t\t\t\t<\/div>\n\t\t\t\t<\/div>\n\t\t\t\t<div class=\"elementor-element elementor-element-7ae6e734 gallery-spacing-custom elementor-widget elementor-widget-image-gallery\" data-id=\"7ae6e734\" data-element_type=\"widget\" data-widget_type=\"image-gallery.default\">\n\t\t\t\t<div class=\"elementor-widget-container\">\n\t\t\t\t\t<div class=\"elementor-image-gallery\">\n\t\t\t<div id='gallery-1' class='gallery galleryid-987 gallery-columns-2 gallery-size-full'><figure class='gallery-item'>\n\t\t\t<div class='gallery-icon landscape'>\n\t\t\t\t<a data-elementor-open-lightbox=\"yes\" data-elementor-lightbox-slideshow=\"7ae6e734\" data-elementor-lightbox-title=\"P1020753 Merlan\" href='https:\/\/badaladas.gal\/wp-content\/uploads\/2020\/02\/P1020753-Merlan.jpg'><img loading=\"lazy\" decoding=\"async\" width=\"1224\" height=\"918\" src=\"https:\/\/badaladas.gal\/wp-content\/uploads\/2020\/02\/P1020753-Merlan.jpg\" class=\"attachment-full size-full\" alt=\"\" srcset=\"https:\/\/badaladas.gal\/wp-content\/uploads\/2020\/02\/P1020753-Merlan.jpg 1224w, https:\/\/badaladas.gal\/wp-content\/uploads\/2020\/02\/P1020753-Merlan-300x225.jpg 300w, https:\/\/badaladas.gal\/wp-content\/uploads\/2020\/02\/P1020753-Merlan-1024x768.jpg 1024w, https:\/\/badaladas.gal\/wp-content\/uploads\/2020\/02\/P1020753-Merlan-768x576.jpg 768w\" sizes=\"auto, 100vw\" \/><\/a>\n\t\t\t<\/div><\/figure><figure class='gallery-item'>\n\t\t\t<div class='gallery-icon landscape'>\n\t\t\t\t<a data-elementor-open-lightbox=\"yes\" data-elementor-lightbox-slideshow=\"7ae6e734\" data-elementor-lightbox-title=\"P1020749 Merlan\" href='https:\/\/badaladas.gal\/wp-content\/uploads\/2020\/02\/P1020749-Merlan.jpg'><img loading=\"lazy\" decoding=\"async\" width=\"1469\" height=\"1102\" src=\"https:\/\/badaladas.gal\/wp-content\/uploads\/2020\/02\/P1020749-Merlan.jpg\" class=\"attachment-full size-full\" alt=\"\" srcset=\"https:\/\/badaladas.gal\/wp-content\/uploads\/2020\/02\/P1020749-Merlan.jpg 1469w, https:\/\/badaladas.gal\/wp-content\/uploads\/2020\/02\/P1020749-Merlan-300x225.jpg 300w, https:\/\/badaladas.gal\/wp-content\/uploads\/2020\/02\/P1020749-Merlan-1024x768.jpg 1024w, https:\/\/badaladas.gal\/wp-content\/uploads\/2020\/02\/P1020749-Merlan-768x576.jpg 768w\" sizes=\"auto, 100vw\" \/><\/a>\n\t\t\t<\/div><\/figure><figure class='gallery-item'>\n\t\t\t<div class='gallery-icon landscape'>\n\t\t\t\t<a data-elementor-open-lightbox=\"yes\" data-elementor-lightbox-slideshow=\"7ae6e734\" data-elementor-lightbox-title=\"P1020754 Merlan\" href='https:\/\/badaladas.gal\/wp-content\/uploads\/2020\/02\/P1020754-Merlan.jpg'><img loading=\"lazy\" decoding=\"async\" width=\"1469\" height=\"1102\" src=\"https:\/\/badaladas.gal\/wp-content\/uploads\/2020\/02\/P1020754-Merlan.jpg\" class=\"attachment-full size-full\" alt=\"\" srcset=\"https:\/\/badaladas.gal\/wp-content\/uploads\/2020\/02\/P1020754-Merlan.jpg 1469w, https:\/\/badaladas.gal\/wp-content\/uploads\/2020\/02\/P1020754-Merlan-300x225.jpg 300w, https:\/\/badaladas.gal\/wp-content\/uploads\/2020\/02\/P1020754-Merlan-1024x768.jpg 1024w, https:\/\/badaladas.gal\/wp-content\/uploads\/2020\/02\/P1020754-Merlan-768x576.jpg 768w\" sizes=\"auto, 100vw\" \/><\/a>\n\t\t\t<\/div><\/figure><figure class='gallery-item'>\n\t\t\t<div class='gallery-icon landscape'>\n\t\t\t\t<a data-elementor-open-lightbox=\"yes\" data-elementor-lightbox-slideshow=\"7ae6e734\" data-elementor-lightbox-title=\"P1020759 Merlan\" href='https:\/\/badaladas.gal\/wp-content\/uploads\/2020\/02\/P1020759-Merlan.jpg'><img loading=\"lazy\" decoding=\"async\" width=\"1077\" height=\"808\" src=\"https:\/\/badaladas.gal\/wp-content\/uploads\/2020\/02\/P1020759-Merlan.jpg\" class=\"attachment-full size-full\" alt=\"\" srcset=\"https:\/\/badaladas.gal\/wp-content\/uploads\/2020\/02\/P1020759-Merlan.jpg 1077w, https:\/\/badaladas.gal\/wp-content\/uploads\/2020\/02\/P1020759-Merlan-300x225.jpg 300w, https:\/\/badaladas.gal\/wp-content\/uploads\/2020\/02\/P1020759-Merlan-1024x768.jpg 1024w, https:\/\/badaladas.gal\/wp-content\/uploads\/2020\/02\/P1020759-Merlan-768x576.jpg 768w\" sizes=\"auto, 100vw\" \/><\/a>\n\t\t\t<\/div><\/figure>\n\t\t<\/div>\n\t\t<\/div>\n\t\t\t\t<\/div>\n\t\t\t\t<\/div>\n\t\t\t\t<div class=\"elementor-element elementor-element-67ab1a47 elementor-invisible elementor-widget elementor-widget-wp-widget-text\" data-id=\"67ab1a47\" data-element_type=\"widget\" data-settings=\"{&quot;_animation&quot;:&quot;fadeIn&quot;}\" data-widget_type=\"wp-widget-text.default\">\n\t\t\t\t<div class=\"elementor-widget-container\">\n\t\t\t\t\t\t<div class=\"textwidget\"><p>Fabricante\/Manufacturer:<\/p>\n<p>Ano de fabricaci\u00f3n\/Manufacturing year:\u00a0\u00a0<strong> 1967<br \/>\n<\/strong><\/p>\n<p>Altura\/Heigth:<\/p>\n<p>Di\u00e1metro\/Diameter:<\/p>\n<p>Nota musical\/Musical note:\u00a0\u00a0 <strong>Si b\/B b<\/strong><\/p>\n<p>Estado\/Condition:\u00a0\u00a0 <strong>en uso\/in use<\/strong><\/p>\n<p>Inscrici\u00f3ns: <strong>\u00a0 JHS JOS\u00c9 Y MAR\u00edA<\/strong><\/p>\n<p><strong>ANO DE 1967<\/strong><\/p>\n<p><strong>ME HIZO TABOADA SIENDO CURA D<em>N<\/em> PEDRO TABOADA<br \/>\n<\/strong><\/p>\n<p>Inscriptions:\u00a0 JHS, MARY AND JOSEPH<\/p>\n<p>YEAR 1967<\/p>\n<p>TABOADA MADE ME BEING A PRIEST PEDRO TABOADA<\/p>\n<\/div>\n\t\t\t\t<\/div>\n\t\t\t\t<\/div>\n\t\t\t\t\t\t<\/div>\n\t\t\t\t\t<\/div>\n\t\t<\/div>\n\t\t\t\t\t\t\t\t<\/div>\n\t\t\t\t\t<\/div>\n\t\t<\/section>\n\t\t\t\t<section class=\"elementor-section elementor-top-section elementor-element elementor-element-16f8878f elementor-section-boxed elementor-section-height-default elementor-section-height-default\" data-id=\"16f8878f\" data-element_type=\"section\">\n\t\t\t\t\t\t<div class=\"elementor-container elementor-column-gap-default\">\n\t\t\t\t\t\t\t<div class=\"elementor-row\">\n\t\t\t\t\t\t\t\t\t<\/div>\n\t\t\t\t\t<\/div>\n\t\t<\/section>\n\t\t\t\t\t\t<\/div>\n\t\t\t\t\t\t<\/div>\n\t\t\t\t\t<\/div>\n\t\t","protected":false},"excerpt":{"rendered":"<p>A igrexa de San Salvador de Merl\u00e1n est\u00e1 no Cami\u00f1o Primitivo. Escoita a s\u00faa camp\u00e1. La iglesia de San Salvador de Merl\u00e1n est\u00e1 en el Camino Primitivo. Escucha su campana. San Salvador de Merl\u00e1n church is on the Primitive Way Listen to the bell A camp\u00e1 da Igrexa de MERL\u00c1N LA CAMPANA DE LA IGLESIA &hellip; <\/p>\n<p class=\"link-more\"><a href=\"https:\/\/badaladas.gal\/index.php\/merlan\/\" class=\"more-link\">Continuar leyendo<span class=\"screen-reader-text\"> &#8220;MERL\u00c1N&#8221;<\/span><\/a><\/p>\n","protected":false},"author":2,"featured_media":0,"parent":0,"menu_order":0,"comment_status":"closed","ping_status":"closed","template":"","meta":{"footnotes":""},"class_list":["post-987","page","type-page","status-publish","hentry"],"_links":{"self":[{"href":"https:\/\/badaladas.gal\/index.php\/wp-json\/wp\/v2\/pages\/987","targetHints":{"allow":["GET"]}}],"collection":[{"href":"https:\/\/badaladas.gal\/index.php\/wp-json\/wp\/v2\/pages"}],"about":[{"href":"https:\/\/badaladas.gal\/index.php\/wp-json\/wp\/v2\/types\/page"}],"author":[{"embeddable":true,"href":"https:\/\/badaladas.gal\/index.php\/wp-json\/wp\/v2\/users\/2"}],"replies":[{"embeddable":true,"href":"https:\/\/badaladas.gal\/index.php\/wp-json\/wp\/v2\/comments?post=987"}],"version-history":[{"count":33,"href":"https:\/\/badaladas.gal\/index.php\/wp-json\/wp\/v2\/pages\/987\/revisions"}],"predecessor-version":[{"id":9004,"href":"https:\/\/badaladas.gal\/index.php\/wp-json\/wp\/v2\/pages\/987\/revisions\/9004"}],"wp:attachment":[{"href":"https:\/\/badaladas.gal\/index.php\/wp-json\/wp\/v2\/media?parent=987"}],"curies":[{"name":"wp","href":"https:\/\/api.w.org\/{rel}","templated":true}]}}